{"id":12861,"date":"2020-02-17T09:33:43","date_gmt":"2020-02-17T09:33:43","guid":{"rendered":"https:\/\/technopolis-group.com\/sectors\/research-and-innovation\/"},"modified":"2025-09-30T11:34:12","modified_gmt":"2025-09-30T11:34:12","slug":"research-and-innovation","status":"publish","type":"page","link":"https:\/\/technopolis-group.com\/fr\/sectors\/research-and-innovation\/","title":{"rendered":"Recherche et innovation"},"content":{"rendered":"\n<figure class=\"wp-block-pullquote\"><blockquote><p><strong>Vers un avenir durable : repenser la croissance par la recherche et l&rsquo;innovation<\/strong>.<br><br><strong>Depuis le milieu du XXe si\u00e8cle, la croissance \u00e9conomique, longtemps port\u00e9e par la recherche et l&rsquo;innovation, est de plus en plus menac\u00e9e. Le d\u00e9clin de l\u2019optimisme et la m\u00e9fiance croissante \u00e0 l&rsquo;\u00e9gard des institutions poussent \u00e0 remettre en question le r\u00f4le de l&rsquo;innovation et de la croissance en tant que solutions aux probl\u00e8mes soci\u00e9taux. Le recentrage du financement de la recherche et de l&rsquo;innovation sur les \u00ab d\u00e9fis soci\u00e9taux \u00bb et les objectifs de d\u00e9veloppement durable des Nations unies constitue une r\u00e9ponse politique importante. Technopolis soutient cet effort de transformation visant \u00e0 remodeler les \u00ab syst\u00e8mes sociotechniques \u00bb complexes et \u00e0 favoriser un avenir durable gr\u00e2ce \u00e0 des initiatives d&rsquo;innovation strat\u00e9giques.<\/strong>&nbsp;<\/p><\/blockquote><\/figure>\n\n\n\n<p>La gouvernance de la recherche et de l&rsquo;innovation entre donc dans une nouvelle \u00e8re, avec des programmes complexes d&rsquo;innovation et de transition. Ces programmes sont souvent de grande envergure et de longue dur\u00e9e et n\u00e9cessitent la participation de nombreux services gouvernementaux et de diff\u00e9rentes parties prenantes, dont beaucoup n&rsquo;ont pas pour habitude de participer \u00e0 la politique de recherche et d&rsquo;innovation.&nbsp;&nbsp;<\/p>\n\n\n\n<p>Les nouveaux programmes entra\u00eenent de nouveaux besoins et de nouvelles exigences, tels que :&nbsp;<\/p>\n\n\n\n<ul class=\"wp-block-list\">\n<li>l&rsquo;engagement g\u00e9n\u00e9ralis\u00e9 des citoyens et des groupes de parties prenantes dans l&rsquo;\u00e9laboration et l&rsquo;\u00e9valuation des politiques<\/li>\n<\/ul>\n\n\n\n<ul class=\"wp-block-list\">\n<li>la prospective et la cartographie qui aident \u00e0 d\u00e9finir les meilleures trajectoires technologiques et guident les efforts d&rsquo;intervention<\/li>\n<\/ul>\n\n\n\n<ul class=\"wp-block-list\">\n<li>l&rsquo;int\u00e9gration d&rsquo;exp\u00e9riences et de bancs d&rsquo;essai dans la politique d&rsquo;innovation<\/li>\n<\/ul>\n\n\n\n<ul class=\"wp-block-list\">\n<li>la bo\u00eete \u00e0 outils pour une recherche et une innovation responsables (RRI)<\/li>\n<\/ul>\n\n\n\n<ul class=\"wp-block-list\">\n<li>l&rsquo;analyse des syst\u00e8mes sur de longues p\u00e9riodes, o\u00f9 il est difficile d\u2019\u00e9tablir d<s>l<\/s>es liens clairs entre les actions men\u00e9es<s> <\/s>et leurs effets<\/li>\n<\/ul>\n\n\n\n<p>Technopolis Group est au c\u0153ur des changements dans le domaine de l&rsquo;innovation depuis plus de 30 ans.\u202f Nous aidons les d\u00e9cideurs politiques et les organismes de recherche et d&rsquo;innovation \u00e0 relever les d\u00e9fis auxquels ils sont confront\u00e9s en leur fournissant des conseils et des \u00e9tudes strat\u00e9giques, de la prospective et des \u00e9valuations, notamment dans les domaines suivants :&nbsp;<\/p>\n\n\n\n<ul class=\"wp-block-list\">\n<li>les syst\u00e8mes de recherche et d&rsquo;innovation&nbsp;&nbsp;<\/li>\n<\/ul>\n\n\n\n<ul class=\"wp-block-list\">\n<li>la gouvernance de la politique scientifique et technologique&nbsp;&nbsp;<\/li>\n<\/ul>\n\n\n\n<ul class=\"wp-block-list\">\n<li>le financement de la recherche et de l&rsquo;innovation&nbsp;&nbsp;<\/li>\n<\/ul>\n\n\n\n<ul class=\"wp-block-list\">\n<li>les \u00e9valuations et examens de programmes et d&rsquo;agences&nbsp;&nbsp;<\/li>\n<\/ul>\n\n\n\n<ul class=\"wp-block-list\">\n<li>la coop\u00e9ration internationale en mati\u00e8re de science et d&rsquo;innovation&nbsp;&nbsp;<\/li>\n<\/ul>\n\n\n\n<ul class=\"wp-block-list\">\n<li>lascience ouverte&nbsp;&nbsp;<\/li>\n<\/ul>\n\n\n\n<ul class=\"wp-block-list\">\n<li>la recherche et l\u2019innovation responsables&nbsp;&nbsp;<\/li>\n<\/ul>\n\n\n\n<ul class=\"wp-block-list\">\n<li>le transfert de technologies et l\u2019\u00e9change de connaissances&nbsp;<\/li>\n<\/ul>\n\n\n\n<p>Nous avons une connaissance approfondie des technologies et des march\u00e9s dans les domaines suivants&nbsp; :&nbsp;<\/p>\n\n\n\n<ul class=\"wp-block-list\">\n<li>l&rsquo;agroalimentaire&nbsp;&nbsp;&nbsp;<\/li>\n<\/ul>\n\n\n\n<ul class=\"wp-block-list\">\n<li>les Technologies cl\u00e9s g\u00e9n\u00e9riques&nbsp;&nbsp;&nbsp;<\/li>\n<\/ul>\n\n\n\n<ul class=\"wp-block-list\">\n<li>les sciences de la vie&nbsp;&nbsp;&nbsp;<\/li>\n<\/ul>\n\n\n\n<ul class=\"wp-block-list\">\n<li>l\u2019Efficacit\u00e9 des ressources&nbsp;&nbsp;&nbsp;<\/li>\n<\/ul>\n\n\n\n<ul class=\"wp-block-list\">\n<li>l\u2019\u00c9nergie durable&nbsp;&nbsp;&nbsp;<\/li>\n<\/ul>\n\n\n\n<ul class=\"wp-block-list\">\n<li>l\u2019Espace&nbsp;&nbsp;&nbsp;<\/li>\n<\/ul>\n\n\n\n<ul class=\"wp-block-list\">\n<li>le Transport et la mobilit\u00e9&nbsp; &nbsp;<\/li>\n<\/ul>\n\n\n\n<p>Nous sommes pr\u00e9sents dans toute l&rsquo;Europe et au-del\u00e0, en particulier dans les pays \u00e0 revenu faible ou interm\u00e9diaire.&nbsp;<\/p>\n\n\n\n<p>Nous travaillons pour les minist\u00e8res de la recherche et\/ou de l&rsquo;innovation, les agences nationales de recherche et\/ou d&rsquo;innovation du monde entier, les institutions de l&rsquo;UE (Commission europ\u00e9enne, DG RTD, agences ex\u00e9cutives) et les organisations internationales (OCDE, banques multilat\u00e9rales de d\u00e9veloppement, donateurs multilat\u00e9raux et bilat\u00e9raux, les agences des Nations unies&#8230;). Nous sommes pr\u00e9sents dans toute l&rsquo;Europe et au-del\u00e0, y compris dans les pays \u00e0 faible revenu et \u00e0 revenu interm\u00e9diaire.&nbsp; &nbsp;<\/p>\n\n\n\n<p>Technopolis Group est chef de file et partenaire d&rsquo;une s\u00e9rie de contrats-cadres pour la Commission europ\u00e9enne, DG RTD, pour fournir des services de prospective (Lot 1), des \u00e9tudes strat\u00e9giques (Lot 2) et des services de conseil (Lot 3).&nbsp;<\/p>\n\n\n\n<hr class=\"wp-block-separator has-alpha-channel-opacity\"\/>\n\n\n\n<p>Pour plus d&rsquo;informations, veuillez nous contacter \u00e0 l&rsquo;adresse <a href=\"mailto:eu.researchinnovation@technopolis-group.com\">eu.researchinnovation@technopolis-group.com<\/a> ou contactez directement notre \u00e9quipe de direction : Jeanne Prades, Kleitia Zeqo, Orestas Strauka et Agis Evrigenis.<\/p>\n\n\n\n<h2 class=\"wp-block-heading\">Pour qui et avec qui nous travaillons<\/h2>\n","protected":false},"excerpt":{"rendered":"<p>Vers un avenir durable : repenser la croissance par la [&hellip;]<\/p>\n","protected":false},"author":1,"featured_media":0,"parent":12790,"menu_order":0,"comment_status":"closed","ping_status":"closed","template":"templates\/tpl-sectors.php","meta":{"_acf_changed":false,"footnotes":""},"solution":[],"sector":[122],"class_list":["post-12861","page","type-page","status-publish","hentry","sector-research-innovation-fr"],"acf":[],"yoast_head":"<!-- This site is optimized with the Yoast SEO plugin v27.1.1 - https:\/\/yoast.com\/product\/yoast-seo-wordpress\/ -->\n<title>Recherche et innovation - Technopolis Group<\/title>\n<meta name=\"robots\" content=\"index, follow, max-snippet:-1, max-image-preview:large, max-video-preview:-1\" \/>\n<link rel=\"canonical\" href=\"https:\/\/technopolis-group.com\/fr\/sectors\/research-and-innovation\/\" \/>\n<meta property=\"og:locale\" content=\"fr_FR\" \/>\n<meta property=\"og:type\" content=\"article\" \/>\n<meta property=\"og:title\" content=\"Recherche et innovation - Technopolis Group\" \/>\n<meta property=\"og:description\" content=\"Vers un avenir durable : repenser la croissance par la [&hellip;]\" \/>\n<meta property=\"og:url\" content=\"https:\/\/technopolis-group.com\/fr\/sectors\/research-and-innovation\/\" \/>\n<meta property=\"og:site_name\" content=\"Technopolis Group\" \/>\n<meta property=\"article:modified_time\" content=\"2025-09-30T11:34:12+00:00\" \/>\n<meta name=\"twitter:card\" content=\"summary_large_image\" \/>\n<meta name=\"twitter:label1\" content=\"Dur\u00e9e de lecture estim\u00e9e\" \/>\n\t<meta name=\"twitter:data1\" content=\"3 minutes\" \/>\n<script type=\"application\/ld+json\" class=\"yoast-schema-graph\">{\"@context\":\"https:\/\/schema.org\",\"@graph\":[{\"@type\":\"WebPage\",\"@id\":\"https:\/\/technopolis-group.com\/fr\/sectors\/research-and-innovation\/\",\"url\":\"https:\/\/technopolis-group.com\/fr\/sectors\/research-and-innovation\/\",\"name\":\"Recherche et innovation - Technopolis Group\",\"isPartOf\":{\"@id\":\"https:\/\/technopolis-group.com\/nl\/#website\"},\"datePublished\":\"2020-02-17T09:33:43+00:00\",\"dateModified\":\"2025-09-30T11:34:12+00:00\",\"breadcrumb\":{\"@id\":\"https:\/\/technopolis-group.com\/fr\/sectors\/research-and-innovation\/#breadcrumb\"},\"inLanguage\":\"fr-FR\",\"potentialAction\":[{\"@type\":\"ReadAction\",\"target\":[\"https:\/\/technopolis-group.com\/fr\/sectors\/research-and-innovation\/\"]}]},{\"@type\":\"BreadcrumbList\",\"@id\":\"https:\/\/technopolis-group.com\/fr\/sectors\/research-and-innovation\/#breadcrumb\",\"itemListElement\":[{\"@type\":\"ListItem\",\"position\":1,\"name\":\"Home\",\"item\":\"https:\/\/technopolis-group.com\/fr\/\"},{\"@type\":\"ListItem\",\"position\":2,\"name\":\"Secteurs\",\"item\":\"https:\/\/technopolis-group.com\/fr\/sectors\/\"},{\"@type\":\"ListItem\",\"position\":3,\"name\":\"Recherche et innovation\"}]},{\"@type\":\"WebSite\",\"@id\":\"https:\/\/technopolis-group.com\/nl\/#website\",\"url\":\"https:\/\/technopolis-group.com\/nl\/\",\"name\":\"Technopolis Group\",\"description\":\"Technopolis-group\",\"potentialAction\":[{\"@type\":\"SearchAction\",\"target\":{\"@type\":\"EntryPoint\",\"urlTemplate\":\"https:\/\/technopolis-group.com\/nl\/?s={search_term_string}\"},\"query-input\":{\"@type\":\"PropertyValueSpecification\",\"valueRequired\":true,\"valueName\":\"search_term_string\"}}],\"inLanguage\":\"fr-FR\"}]}<\/script>\n<!-- \/ Yoast SEO plugin. -->","yoast_head_json":{"title":"Recherche et innovation - Technopolis Group","robots":{"index":"index","follow":"follow","max-snippet":"max-snippet:-1","max-image-preview":"max-image-preview:large","max-video-preview":"max-video-preview:-1"},"canonical":"https:\/\/technopolis-group.com\/fr\/sectors\/research-and-innovation\/","og_locale":"fr_FR","og_type":"article","og_title":"Recherche et innovation - Technopolis Group","og_description":"Vers un avenir durable : repenser la croissance par la [&hellip;]","og_url":"https:\/\/technopolis-group.com\/fr\/sectors\/research-and-innovation\/","og_site_name":"Technopolis Group","article_modified_time":"2025-09-30T11:34:12+00:00","twitter_card":"summary_large_image","twitter_misc":{"Dur\u00e9e de lecture estim\u00e9e":"3 minutes"},"schema":{"@context":"https:\/\/schema.org","@graph":[{"@type":"WebPage","@id":"https:\/\/technopolis-group.com\/fr\/sectors\/research-and-innovation\/","url":"https:\/\/technopolis-group.com\/fr\/sectors\/research-and-innovation\/","name":"Recherche et innovation - Technopolis Group","isPartOf":{"@id":"https:\/\/technopolis-group.com\/nl\/#website"},"datePublished":"2020-02-17T09:33:43+00:00","dateModified":"2025-09-30T11:34:12+00:00","breadcrumb":{"@id":"https:\/\/technopolis-group.com\/fr\/sectors\/research-and-innovation\/#breadcrumb"},"inLanguage":"fr-FR","potentialAction":[{"@type":"ReadAction","target":["https:\/\/technopolis-group.com\/fr\/sectors\/research-and-innovation\/"]}]},{"@type":"BreadcrumbList","@id":"https:\/\/technopolis-group.com\/fr\/sectors\/research-and-innovation\/#breadcrumb","itemListElement":[{"@type":"ListItem","position":1,"name":"Home","item":"https:\/\/technopolis-group.com\/fr\/"},{"@type":"ListItem","position":2,"name":"Secteurs","item":"https:\/\/technopolis-group.com\/fr\/sectors\/"},{"@type":"ListItem","position":3,"name":"Recherche et innovation"}]},{"@type":"WebSite","@id":"https:\/\/technopolis-group.com\/nl\/#website","url":"https:\/\/technopolis-group.com\/nl\/","name":"Technopolis Group","description":"Technopolis-group","potentialAction":[{"@type":"SearchAction","target":{"@type":"EntryPoint","urlTemplate":"https:\/\/technopolis-group.com\/nl\/?s={search_term_string}"},"query-input":{"@type":"PropertyValueSpecification","valueRequired":true,"valueName":"search_term_string"}}],"inLanguage":"fr-FR"}]}},"publishpress_future_action":{"enabled":false,"date":"2026-04-24 04:08:40","action":"change-status","newStatus":"draft","terms":[],"taxonomy":"translation_priority","extraData":[]},"publishpress_future_workflow_manual_trigger":{"enabledWorkflows":[]},"_links":{"self":[{"href":"https:\/\/technopolis-group.com\/fr\/wp-json\/wp\/v2\/pages\/12861","targetHints":{"allow":["GET"]}}],"collection":[{"href":"https:\/\/technopolis-group.com\/fr\/wp-json\/wp\/v2\/pages"}],"about":[{"href":"https:\/\/technopolis-group.com\/fr\/wp-json\/wp\/v2\/types\/page"}],"author":[{"embeddable":true,"href":"https:\/\/technopolis-group.com\/fr\/wp-json\/wp\/v2\/users\/1"}],"replies":[{"embeddable":true,"href":"https:\/\/technopolis-group.com\/fr\/wp-json\/wp\/v2\/comments?post=12861"}],"version-history":[{"count":15,"href":"https:\/\/technopolis-group.com\/fr\/wp-json\/wp\/v2\/pages\/12861\/revisions"}],"predecessor-version":[{"id":62502,"href":"https:\/\/technopolis-group.com\/fr\/wp-json\/wp\/v2\/pages\/12861\/revisions\/62502"}],"up":[{"embeddable":true,"href":"https:\/\/technopolis-group.com\/fr\/wp-json\/wp\/v2\/pages\/12790"}],"wp:attachment":[{"href":"https:\/\/technopolis-group.com\/fr\/wp-json\/wp\/v2\/media?parent=12861"}],"wp:term":[{"taxonomy":"solution","embeddable":true,"href":"https:\/\/technopolis-group.com\/fr\/wp-json\/wp\/v2\/solution?post=12861"},{"taxonomy":"sector","embeddable":true,"href":"https:\/\/technopolis-group.com\/fr\/wp-json\/wp\/v2\/sector?post=12861"}],"curies":[{"name":"wp","href":"https:\/\/api.w.org\/{rel}","templated":true}]}}