{"id":12877,"date":"2019-11-27T15:11:40","date_gmt":"2019-11-27T15:11:40","guid":{"rendered":"https:\/\/technopolis-group.com\/solutions\/communication\/"},"modified":"2020-02-24T16:05:17","modified_gmt":"2020-02-24T16:05:17","slug":"communication","status":"publish","type":"page","link":"https:\/\/technopolis-group.com\/fr\/solutions\/communication\/","title":{"rendered":"Communication"},"content":{"rendered":"\n<figure class=\"wp-block-pullquote\"><blockquote><p>Les id\u00e9es d&rsquo;experts m\u00e9ritent une communication d&rsquo;experts. Le groupe Technopolis est tr\u00e8s actif dans plusieurs domaines sp\u00e9cialis\u00e9s (recherche et innovation, enseignement sup\u00e9rieur et le d\u00e9veloppement durable). Nos clients sont divers, mais ils ont au moins une chose en commun : ils ont traitent des donn\u00e9es et des informations complexes et d\u00e9taill\u00e9es. Notre bureau de communication, <a href=\"http:\/\/www.arctik.eu\"><span style=\"text-decoration: underline;\">Arctik<\/span><\/a>, peut vous aider \u00e0 traduire vos connaissances aupr\u00e8s de publics sp\u00e9cifiques, qu&rsquo;il s&rsquo;agisse de coll\u00e8gues experts ou de nouveaux venus dans votre domaine.<\/p><\/blockquote><\/figure>\n\n\n\n<p>Pour que votre communiquer produise de l\u2019impact, vous devez \u00eatre l\u00e0 o\u00f9 se trouve votre public cible. C&rsquo;est pourquoi nous vous aidons \u00e0 analyser vos audiences et les plateformes sur lesquelles elles sont actives. Nous avons d\u00e9velopp\u00e9 une expertise approfondie en travaillant sur tous les supports: nous vous aidons \u00e0 trouver la bonne combinaison entre un site Web, les m\u00e9dias sociaux, une application ou une plate-forme en ligne ainsi que des supports imprim\u00e9s traditionnels et des m\u00e9dias. Nous cultivons des dialogues significatifs et facilitons la cr\u00e9ation de r\u00e9seaux de promotion de projets et de diffusion de contenu. Nous organisons \u00e9galement fr\u00e9quemment des \u00e9v\u00e9nements qui offrent le cadre id\u00e9al pour communiquer et partager des connaissances.<\/p>\n\n\n\n<p>Nous cr\u00e9ons du contenu qui capte et retient l&rsquo;attention de votre public. Notre \u00e9quipe d&rsquo;experts en communication et r\u00e9dacteurs a de l&rsquo;exp\u00e9rience dans la r\u00e9daction de divers genres de texte: des brochures, des copies de sites Web et des rapports aux slogans accrocheurs et aux publications sociales qui se d\u00e9marquent. Nos cr\u00e9atifs proposent quant \u00e0 eux une large gamme de services en graphisme, motion design, photographie, infographie et vid\u00e9ographie commerciale et documentaire.  <\/p>\n\n\n\n<p>Mesurer, c&rsquo;est savoir. Avoir une vision claire des impacts de vos communications est crucial pour am\u00e9liorer vos strat\u00e9gies. C\u2019est pourquoi notre approche de la communication est toujours \u00e9tay\u00e9e par les donn\u00e9es et l\u2019\u00e9valuation. Nous ma\u00eetrisons l&rsquo;analyse de sites Web et des donn\u00e9es des m\u00e9dias sociaux et affinons constamment nos m\u00e9thodologies pour \u00e9valuer la communication.<\/p>\n\n\n\n<p>\u00a0<a rel=\"noreferrer noopener\" href=\"http:\/\/www.arctik.eu\/\" target=\"_blank\">www.arctik.eu<\/a><\/p>\n","protected":false},"excerpt":{"rendered":"<p>Les id\u00e9es d&rsquo;experts m\u00e9ritent une communication d&rsquo;experts. Le groupe Technopolis [&hellip;]<\/p>\n","protected":false},"author":1,"featured_media":0,"parent":12869,"menu_order":0,"comment_status":"closed","ping_status":"closed","template":"templates\/tpl-solutions.php","meta":{"_acf_changed":false,"footnotes":""},"solution":[183],"sector":[],"class_list":["post-12877","page","type-page","status-publish","hentry","solution-communication-fr"],"acf":[],"yoast_head":"<!-- This site is optimized with the Yoast SEO plugin v27.1.1 - https:\/\/yoast.com\/product\/yoast-seo-wordpress\/ -->\n<title>Communication - Technopolis Group<\/title>\n<meta name=\"robots\" content=\"index, follow, max-snippet:-1, max-image-preview:large, max-video-preview:-1\" \/>\n<link rel=\"canonical\" href=\"https:\/\/technopolis-group.com\/fr\/solutions\/communication\/\" \/>\n<meta property=\"og:locale\" content=\"fr_FR\" \/>\n<meta property=\"og:type\" content=\"article\" \/>\n<meta property=\"og:title\" content=\"Communication - Technopolis Group\" \/>\n<meta property=\"og:description\" content=\"Les id\u00e9es d&rsquo;experts m\u00e9ritent une communication d&rsquo;experts. Le groupe Technopolis [&hellip;]\" \/>\n<meta property=\"og:url\" content=\"https:\/\/technopolis-group.com\/fr\/solutions\/communication\/\" \/>\n<meta property=\"og:site_name\" content=\"Technopolis Group\" \/>\n<meta property=\"article:modified_time\" content=\"2020-02-24T16:05:17+00:00\" \/>\n<meta name=\"twitter:card\" content=\"summary_large_image\" \/>\n<meta name=\"twitter:label1\" content=\"Dur\u00e9e de lecture estim\u00e9e\" \/>\n\t<meta name=\"twitter:data1\" content=\"2 minutes\" \/>\n<script type=\"application\/ld+json\" class=\"yoast-schema-graph\">{\"@context\":\"https:\/\/schema.org\",\"@graph\":[{\"@type\":\"WebPage\",\"@id\":\"https:\/\/technopolis-group.com\/fr\/solutions\/communication\/\",\"url\":\"https:\/\/technopolis-group.com\/fr\/solutions\/communication\/\",\"name\":\"Communication - Technopolis Group\",\"isPartOf\":{\"@id\":\"https:\/\/technopolis-group.com\/nl\/#website\"},\"datePublished\":\"2019-11-27T15:11:40+00:00\",\"dateModified\":\"2020-02-24T16:05:17+00:00\",\"breadcrumb\":{\"@id\":\"https:\/\/technopolis-group.com\/fr\/solutions\/communication\/#breadcrumb\"},\"inLanguage\":\"fr-FR\",\"potentialAction\":[{\"@type\":\"ReadAction\",\"target\":[\"https:\/\/technopolis-group.com\/fr\/solutions\/communication\/\"]}]},{\"@type\":\"BreadcrumbList\",\"@id\":\"https:\/\/technopolis-group.com\/fr\/solutions\/communication\/#breadcrumb\",\"itemListElement\":[{\"@type\":\"ListItem\",\"position\":1,\"name\":\"Home\",\"item\":\"https:\/\/technopolis-group.com\/fr\/\"},{\"@type\":\"ListItem\",\"position\":2,\"name\":\"Solutions\",\"item\":\"https:\/\/technopolis-group.com\/fr\/solutions\/\"},{\"@type\":\"ListItem\",\"position\":3,\"name\":\"Communication\"}]},{\"@type\":\"WebSite\",\"@id\":\"https:\/\/technopolis-group.com\/nl\/#website\",\"url\":\"https:\/\/technopolis-group.com\/nl\/\",\"name\":\"Technopolis Group\",\"description\":\"Technopolis-group\",\"potentialAction\":[{\"@type\":\"SearchAction\",\"target\":{\"@type\":\"EntryPoint\",\"urlTemplate\":\"https:\/\/technopolis-group.com\/nl\/?s={search_term_string}\"},\"query-input\":{\"@type\":\"PropertyValueSpecification\",\"valueRequired\":true,\"valueName\":\"search_term_string\"}}],\"inLanguage\":\"fr-FR\"}]}<\/script>\n<!-- \/ Yoast SEO plugin. -->","yoast_head_json":{"title":"Communication - Technopolis Group","robots":{"index":"index","follow":"follow","max-snippet":"max-snippet:-1","max-image-preview":"max-image-preview:large","max-video-preview":"max-video-preview:-1"},"canonical":"https:\/\/technopolis-group.com\/fr\/solutions\/communication\/","og_locale":"fr_FR","og_type":"article","og_title":"Communication - Technopolis Group","og_description":"Les id\u00e9es d&rsquo;experts m\u00e9ritent une communication d&rsquo;experts. Le groupe Technopolis [&hellip;]","og_url":"https:\/\/technopolis-group.com\/fr\/solutions\/communication\/","og_site_name":"Technopolis Group","article_modified_time":"2020-02-24T16:05:17+00:00","twitter_card":"summary_large_image","twitter_misc":{"Dur\u00e9e de lecture estim\u00e9e":"2 minutes"},"schema":{"@context":"https:\/\/schema.org","@graph":[{"@type":"WebPage","@id":"https:\/\/technopolis-group.com\/fr\/solutions\/communication\/","url":"https:\/\/technopolis-group.com\/fr\/solutions\/communication\/","name":"Communication - Technopolis Group","isPartOf":{"@id":"https:\/\/technopolis-group.com\/nl\/#website"},"datePublished":"2019-11-27T15:11:40+00:00","dateModified":"2020-02-24T16:05:17+00:00","breadcrumb":{"@id":"https:\/\/technopolis-group.com\/fr\/solutions\/communication\/#breadcrumb"},"inLanguage":"fr-FR","potentialAction":[{"@type":"ReadAction","target":["https:\/\/technopolis-group.com\/fr\/solutions\/communication\/"]}]},{"@type":"BreadcrumbList","@id":"https:\/\/technopolis-group.com\/fr\/solutions\/communication\/#breadcrumb","itemListElement":[{"@type":"ListItem","position":1,"name":"Home","item":"https:\/\/technopolis-group.com\/fr\/"},{"@type":"ListItem","position":2,"name":"Solutions","item":"https:\/\/technopolis-group.com\/fr\/solutions\/"},{"@type":"ListItem","position":3,"name":"Communication"}]},{"@type":"WebSite","@id":"https:\/\/technopolis-group.com\/nl\/#website","url":"https:\/\/technopolis-group.com\/nl\/","name":"Technopolis Group","description":"Technopolis-group","potentialAction":[{"@type":"SearchAction","target":{"@type":"EntryPoint","urlTemplate":"https:\/\/technopolis-group.com\/nl\/?s={search_term_string}"},"query-input":{"@type":"PropertyValueSpecification","valueRequired":true,"valueName":"search_term_string"}}],"inLanguage":"fr-FR"}]}},"publishpress_future_action":{"enabled":false,"date":"2026-04-24 09:34:16","action":"change-status","newStatus":"draft","terms":[],"taxonomy":"translation_priority","extraData":[]},"publishpress_future_workflow_manual_trigger":{"enabledWorkflows":[]},"_links":{"self":[{"href":"https:\/\/technopolis-group.com\/fr\/wp-json\/wp\/v2\/pages\/12877","targetHints":{"allow":["GET"]}}],"collection":[{"href":"https:\/\/technopolis-group.com\/fr\/wp-json\/wp\/v2\/pages"}],"about":[{"href":"https:\/\/technopolis-group.com\/fr\/wp-json\/wp\/v2\/types\/page"}],"author":[{"embeddable":true,"href":"https:\/\/technopolis-group.com\/fr\/wp-json\/wp\/v2\/users\/1"}],"replies":[{"embeddable":true,"href":"https:\/\/technopolis-group.com\/fr\/wp-json\/wp\/v2\/comments?post=12877"}],"version-history":[{"count":0,"href":"https:\/\/technopolis-group.com\/fr\/wp-json\/wp\/v2\/pages\/12877\/revisions"}],"up":[{"embeddable":true,"href":"https:\/\/technopolis-group.com\/fr\/wp-json\/wp\/v2\/pages\/12869"}],"wp:attachment":[{"href":"https:\/\/technopolis-group.com\/fr\/wp-json\/wp\/v2\/media?parent=12877"}],"wp:term":[{"taxonomy":"solution","embeddable":true,"href":"https:\/\/technopolis-group.com\/fr\/wp-json\/wp\/v2\/solution?post=12877"},{"taxonomy":"sector","embeddable":true,"href":"https:\/\/technopolis-group.com\/fr\/wp-json\/wp\/v2\/sector?post=12877"}],"curies":[{"name":"wp","href":"https:\/\/api.w.org\/{rel}","templated":true}]}}