{"id":12885,"date":"2019-11-27T15:09:46","date_gmt":"2019-11-27T15:09:46","guid":{"rendered":"https:\/\/technopolis-group.com\/solutions\/complex-multi-stakeholder-project-management-support\/"},"modified":"2020-02-21T15:16:23","modified_gmt":"2020-02-21T15:16:23","slug":"complex-multi-stakeholder-project-management-support","status":"publish","type":"page","link":"https:\/\/technopolis-group.com\/fr\/solutions\/complex-multi-stakeholder-project-management-support\/","title":{"rendered":"Accompagnement \u00e0 la gestion de projets complexes"},"content":{"rendered":"\n<figure class=\"wp-block-pullquote\"><blockquote><p>Le d\u00e9veloppement et la mise en \u0153uvre de nouvelles politiques efficaces n\u00e9cessite de se rapporter aux retours d\u2019exp\u00e9riences pass\u00e9es. L\u2019efficacit\u00e9 implique \u00e9galement souvent un engagement actif de divers groupes de parties prenantes \u00e0 diff\u00e9rentes \u00e9tapes des processus d\u2019\u00e9laboration et dans des structures de coordination complexes. C\u2019est ici que nous intervenons. Nous aidons les d\u00e9cideurs et les organisations de recherche et d\u2019innovation dans la mise en \u0153uvre et le suivi des politiques et des strat\u00e9gies, facilitons l\u2019apprentissage des politiques et g\u00e9rons des projets complexes.<\/p><\/blockquote><\/figure>\n\n\n\n<p>Nous proposons une large gamme de services pour des projets nationaux et europ\u00e9ens de grande envergure et\/ou complexes:<\/p>\n\n\n\n<ul class=\"wp-block-list\"><li>Cartographie et suivi syst\u00e9matiques des politiques aux niveaux europ\u00e9en et national<\/li><li>Echanges sur des politiques publiques mises en \u0153uvre sur d\u2019autres territoires<\/li><li>Am\u00e9lioration de la conception des politiques bas\u00e9e sur les pratiques de toute l&rsquo;Europe<\/li><li>Coordination de la mise en \u0153uvre des politiques \u00e0 l&rsquo;\u00e9chelle europ\u00e9enne<\/li><li>Soutien \u00e0 l&rsquo;engagement des parties prenantes<\/li><\/ul>\n","protected":false},"excerpt":{"rendered":"<p>Le d\u00e9veloppement et la mise en \u0153uvre de nouvelles politiques [&hellip;]<\/p>\n","protected":false},"author":1,"featured_media":0,"parent":12869,"menu_order":0,"comment_status":"closed","ping_status":"closed","template":"templates\/tpl-solutions.php","meta":{"_acf_changed":false,"footnotes":""},"solution":[167],"sector":[],"class_list":["post-12885","page","type-page","status-publish","hentry","solution-complex-fr"],"acf":[],"yoast_head":"<!-- This site is optimized with the Yoast SEO plugin v27.1.1 - https:\/\/yoast.com\/product\/yoast-seo-wordpress\/ -->\n<title>Accompagnement \u00e0 la gestion de projets complexes - Technopolis Group<\/title>\n<meta name=\"robots\" content=\"index, follow, max-snippet:-1, max-image-preview:large, max-video-preview:-1\" \/>\n<link rel=\"canonical\" href=\"https:\/\/technopolis-group.com\/fr\/solutions\/complex-multi-stakeholder-project-management-support\/\" \/>\n<meta property=\"og:locale\" content=\"fr_FR\" \/>\n<meta property=\"og:type\" content=\"article\" \/>\n<meta property=\"og:title\" content=\"Accompagnement \u00e0 la gestion de projets complexes - Technopolis Group\" \/>\n<meta property=\"og:description\" content=\"Le d\u00e9veloppement et la mise en \u0153uvre de nouvelles politiques [&hellip;]\" \/>\n<meta property=\"og:url\" content=\"https:\/\/technopolis-group.com\/fr\/solutions\/complex-multi-stakeholder-project-management-support\/\" \/>\n<meta property=\"og:site_name\" content=\"Technopolis Group\" \/>\n<meta property=\"article:modified_time\" content=\"2020-02-21T15:16:23+00:00\" \/>\n<meta name=\"twitter:card\" content=\"summary_large_image\" \/>\n<meta name=\"twitter:label1\" content=\"Dur\u00e9e de lecture estim\u00e9e\" \/>\n\t<meta name=\"twitter:data1\" content=\"1 minute\" \/>\n<script type=\"application\/ld+json\" class=\"yoast-schema-graph\">{\"@context\":\"https:\/\/schema.org\",\"@graph\":[{\"@type\":\"WebPage\",\"@id\":\"https:\/\/technopolis-group.com\/fr\/solutions\/complex-multi-stakeholder-project-management-support\/\",\"url\":\"https:\/\/technopolis-group.com\/fr\/solutions\/complex-multi-stakeholder-project-management-support\/\",\"name\":\"Accompagnement \u00e0 la gestion de projets complexes - Technopolis Group\",\"isPartOf\":{\"@id\":\"https:\/\/technopolis-group.com\/nl\/#website\"},\"datePublished\":\"2019-11-27T15:09:46+00:00\",\"dateModified\":\"2020-02-21T15:16:23+00:00\",\"breadcrumb\":{\"@id\":\"https:\/\/technopolis-group.com\/fr\/solutions\/complex-multi-stakeholder-project-management-support\/#breadcrumb\"},\"inLanguage\":\"fr-FR\",\"potentialAction\":[{\"@type\":\"ReadAction\",\"target\":[\"https:\/\/technopolis-group.com\/fr\/solutions\/complex-multi-stakeholder-project-management-support\/\"]}]},{\"@type\":\"BreadcrumbList\",\"@id\":\"https:\/\/technopolis-group.com\/fr\/solutions\/complex-multi-stakeholder-project-management-support\/#breadcrumb\",\"itemListElement\":[{\"@type\":\"ListItem\",\"position\":1,\"name\":\"Home\",\"item\":\"https:\/\/technopolis-group.com\/fr\/\"},{\"@type\":\"ListItem\",\"position\":2,\"name\":\"Solutions\",\"item\":\"https:\/\/technopolis-group.com\/fr\/solutions\/\"},{\"@type\":\"ListItem\",\"position\":3,\"name\":\"Accompagnement \u00e0 la gestion de projets complexes\"}]},{\"@type\":\"WebSite\",\"@id\":\"https:\/\/technopolis-group.com\/nl\/#website\",\"url\":\"https:\/\/technopolis-group.com\/nl\/\",\"name\":\"Technopolis Group\",\"description\":\"Technopolis-group\",\"potentialAction\":[{\"@type\":\"SearchAction\",\"target\":{\"@type\":\"EntryPoint\",\"urlTemplate\":\"https:\/\/technopolis-group.com\/nl\/?s={search_term_string}\"},\"query-input\":{\"@type\":\"PropertyValueSpecification\",\"valueRequired\":true,\"valueName\":\"search_term_string\"}}],\"inLanguage\":\"fr-FR\"}]}<\/script>\n<!-- \/ Yoast SEO plugin. -->","yoast_head_json":{"title":"Accompagnement \u00e0 la gestion de projets complexes - Technopolis Group","robots":{"index":"index","follow":"follow","max-snippet":"max-snippet:-1","max-image-preview":"max-image-preview:large","max-video-preview":"max-video-preview:-1"},"canonical":"https:\/\/technopolis-group.com\/fr\/solutions\/complex-multi-stakeholder-project-management-support\/","og_locale":"fr_FR","og_type":"article","og_title":"Accompagnement \u00e0 la gestion de projets complexes - Technopolis Group","og_description":"Le d\u00e9veloppement et la mise en \u0153uvre de nouvelles politiques [&hellip;]","og_url":"https:\/\/technopolis-group.com\/fr\/solutions\/complex-multi-stakeholder-project-management-support\/","og_site_name":"Technopolis Group","article_modified_time":"2020-02-21T15:16:23+00:00","twitter_card":"summary_large_image","twitter_misc":{"Dur\u00e9e de lecture estim\u00e9e":"1 minute"},"schema":{"@context":"https:\/\/schema.org","@graph":[{"@type":"WebPage","@id":"https:\/\/technopolis-group.com\/fr\/solutions\/complex-multi-stakeholder-project-management-support\/","url":"https:\/\/technopolis-group.com\/fr\/solutions\/complex-multi-stakeholder-project-management-support\/","name":"Accompagnement \u00e0 la gestion de projets complexes - Technopolis Group","isPartOf":{"@id":"https:\/\/technopolis-group.com\/nl\/#website"},"datePublished":"2019-11-27T15:09:46+00:00","dateModified":"2020-02-21T15:16:23+00:00","breadcrumb":{"@id":"https:\/\/technopolis-group.com\/fr\/solutions\/complex-multi-stakeholder-project-management-support\/#breadcrumb"},"inLanguage":"fr-FR","potentialAction":[{"@type":"ReadAction","target":["https:\/\/technopolis-group.com\/fr\/solutions\/complex-multi-stakeholder-project-management-support\/"]}]},{"@type":"BreadcrumbList","@id":"https:\/\/technopolis-group.com\/fr\/solutions\/complex-multi-stakeholder-project-management-support\/#breadcrumb","itemListElement":[{"@type":"ListItem","position":1,"name":"Home","item":"https:\/\/technopolis-group.com\/fr\/"},{"@type":"ListItem","position":2,"name":"Solutions","item":"https:\/\/technopolis-group.com\/fr\/solutions\/"},{"@type":"ListItem","position":3,"name":"Accompagnement \u00e0 la gestion de projets complexes"}]},{"@type":"WebSite","@id":"https:\/\/technopolis-group.com\/nl\/#website","url":"https:\/\/technopolis-group.com\/nl\/","name":"Technopolis Group","description":"Technopolis-group","potentialAction":[{"@type":"SearchAction","target":{"@type":"EntryPoint","urlTemplate":"https:\/\/technopolis-group.com\/nl\/?s={search_term_string}"},"query-input":{"@type":"PropertyValueSpecification","valueRequired":true,"valueName":"search_term_string"}}],"inLanguage":"fr-FR"}]}},"publishpress_future_action":{"enabled":false,"date":"2026-05-04 15:15:39","action":"change-status","newStatus":"draft","terms":[],"taxonomy":"translation_priority","extraData":[]},"publishpress_future_workflow_manual_trigger":{"enabledWorkflows":[]},"_links":{"self":[{"href":"https:\/\/technopolis-group.com\/fr\/wp-json\/wp\/v2\/pages\/12885","targetHints":{"allow":["GET"]}}],"collection":[{"href":"https:\/\/technopolis-group.com\/fr\/wp-json\/wp\/v2\/pages"}],"about":[{"href":"https:\/\/technopolis-group.com\/fr\/wp-json\/wp\/v2\/types\/page"}],"author":[{"embeddable":true,"href":"https:\/\/technopolis-group.com\/fr\/wp-json\/wp\/v2\/users\/1"}],"replies":[{"embeddable":true,"href":"https:\/\/technopolis-group.com\/fr\/wp-json\/wp\/v2\/comments?post=12885"}],"version-history":[{"count":0,"href":"https:\/\/technopolis-group.com\/fr\/wp-json\/wp\/v2\/pages\/12885\/revisions"}],"up":[{"embeddable":true,"href":"https:\/\/technopolis-group.com\/fr\/wp-json\/wp\/v2\/pages\/12869"}],"wp:attachment":[{"href":"https:\/\/technopolis-group.com\/fr\/wp-json\/wp\/v2\/media?parent=12885"}],"wp:term":[{"taxonomy":"solution","embeddable":true,"href":"https:\/\/technopolis-group.com\/fr\/wp-json\/wp\/v2\/solution?post=12885"},{"taxonomy":"sector","embeddable":true,"href":"https:\/\/technopolis-group.com\/fr\/wp-json\/wp\/v2\/sector?post=12885"}],"curies":[{"name":"wp","href":"https:\/\/api.w.org\/{rel}","templated":true}]}}