{"id":12893,"date":"2019-11-27T15:11:13","date_gmt":"2019-11-27T15:11:13","guid":{"rendered":"https:\/\/technopolis-group.com\/solutions\/data-analytics\/"},"modified":"2025-03-17T16:08:49","modified_gmt":"2025-03-17T16:08:49","slug":"data-science","status":"publish","type":"page","link":"https:\/\/technopolis-group.com\/fr\/solutions\/data-science\/","title":{"rendered":"Science des donn\u00e9es"},"content":{"rendered":"\n<figure class=\"wp-block-pullquote\"><blockquote><p><strong><em>G\u00e9n\u00e9rer des connaissances fond\u00e9es sur les donn\u00e9es et la confiance dans le domaine des politiques publiques.<\/em><\/strong><br><strong><em><br>Les applications de la science des donn\u00e9es transforment notre monde et red\u00e9finissent radicalement nos modes de vie. Si le potentiel de ces outils est immense, les risques le sont tout autant, en particulier lorsqu&rsquo;ils sont appliqu\u00e9s sans pr\u00e9caution dans le contexte des politiques publiques.\u202fL&rsquo;int\u00e9gration de ces outils dans les politiques publiques d\u00e9pend d&rsquo;un \u00e9quilibre d\u00e9licat entre les perturbations et les consid\u00e9rations \u00e9thiques, ce qui n\u00e9cessite une combinaison unique de connaissances techniques, juridiques et politiques. Le groupe Technopolis s&rsquo;est engag\u00e9 \u00e0 mener cette aventure.<\/em><\/strong><\/p><\/blockquote><\/figure>\n\n\n\n<p>Les progr\u00e8s de la science des donn\u00e9es remod\u00e8lent tous les aspects de notre vie. Qu&rsquo;il s&rsquo;agisse de r\u00e9volutionner les diagnostics m\u00e9dicaux, de personnaliser l&rsquo;\u00e9ducation, de transformer les syst\u00e8mes de notation financi\u00e8re ou d&rsquo;\u00e9largir le champ d&rsquo;application des technologies de s\u00e9curit\u00e9 et de surveillance, ces innovations remod\u00e8lent le tissu m\u00eame de la soci\u00e9t\u00e9, modifiant notre fa\u00e7on de communiquer, de vivre et d&rsquo;instaurer la confiance dans un monde de plus en plus ax\u00e9 sur les donn\u00e9es. Si leur impact est profond et ind\u00e9niable, leurs r\u00e9sultats sociaux &#8211; b\u00e9n\u00e9fiques ou n\u00e9fastes &#8211; d\u00e9pendent de la mani\u00e8re dont nous les mettons en \u0153uvre. Les politiques publiques ne doivent pas se laisser distancer pour tirer parti de ces avanc\u00e9es tout en prenant les devants pour garantir leur utilisation responsable et \u00e9thique.<\/p>\n\n\n\n<p>\u00c0 Technopolis, notre unit\u00e9 Science des donn\u00e9es se consacre \u00e0 l&rsquo;exploitation de la puissance de la science des donn\u00e9es pour \u00e9clairer l&rsquo;\u00e9laboration de politiques fond\u00e9es sur des donn\u00e9es probantes. Notre \u00e9quipe est compos\u00e9e de profils divers, issus de l&rsquo;\u00e9conomie, de la psychologie, des sciences de gestion, de l&rsquo;astrophysique, de l&rsquo;ing\u00e9nierie et de l&rsquo;informatique, r\u00e9unis pour d\u00e9velopper des applications de la science des donn\u00e9es pour les politiques publiques. Pour notre unit\u00e9, le d\u00e9veloppement d&rsquo;outils (trop) sophistiqu\u00e9s pour l&rsquo;\u00e9laboration des politiques est moins important qu&rsquo;une approche explicable, solide et centr\u00e9e sur l&rsquo;humain. Nos priorit\u00e9s th\u00e9matiques et de recherche comprennent la ma\u00eetrise de l&rsquo;utilisation de l&rsquo;IA g\u00e9n\u00e9rative dans les politiques publiques, l&rsquo;intelligence artificielle causale et les indicateurs politiques en temps r\u00e9el par le d\u00e9veloppement d&rsquo;outils d&rsquo;analyse de l&rsquo;horizon et la mise en relation de donn\u00e9es \u00e0 grande \u00e9chelle. Cependant, nous travaillons dans tous les domaines traditionnels de la science des donn\u00e9es, y compris l&rsquo;apprentissage automatique, le web scraping, les tableaux de bord, les applications web et la gestion de bases de donn\u00e9es.<\/p>\n\n\n\n<h2 class=\"wp-block-heading\">Deux outils internes<\/h2>\n\n\n\n<p>L&rsquo;\u00e9quipe a d\u00e9velopp\u00e9 deux produits internes \u00e0 usage g\u00e9n\u00e9ral : le Technopolis AI Policy Concierge (AIPC) et le Science &amp; Technology (S&amp;T) Data Ocean.<\/p>\n\n\n\n<p>L&rsquo;AIPC est notre plateforme interne pour le d\u00e9ploiement \u00e0 grande \u00e9chelle d&rsquo;une IA g\u00e9n\u00e9rative responsable et adapt\u00e9e \u00e0 la compr\u00e9hension des politiques. Elle permet \u00e0 nos coll\u00e8gues et \u00e0 nos clients de s&rsquo;exprimer sur les donn\u00e9es des projets et d&rsquo;obtenir des informations sur les politiques \u00e0 une \u00e9chelle et \u00e0 une vitesse sans pr\u00e9c\u00e9dent. La plateforme prend en compte les exigences en mati\u00e8re de s\u00e9curit\u00e9 des donn\u00e9es, de protection de la vie priv\u00e9e et de juridiction territoriale des donn\u00e9es, encourage la production de r\u00e9sultats explicables et permet des processus de validation crois\u00e9e en boucle par l&rsquo;homme.<\/p>\n\n\n\n<p>L&rsquo;oc\u00e9an de donn\u00e9es S&amp;T est une architecture interne de donn\u00e9es li\u00e9es permettant \u00e0 nos consultants d&rsquo;\u00e9valuer l&rsquo;impact scientifique, \u00e9conomique et social de la science et de la technologie. Le syst\u00e8me relie plus de 10 grandes sources de donn\u00e9es enrichies par de multiples donn\u00e9es r\u00e9cup\u00e9r\u00e9es sur le web et un m\u00e9lange d&rsquo;indicateurs quantitatifs conventionnels et non conventionnels bas\u00e9s sur le texte et l&rsquo;IA g\u00e9n\u00e9rative.<\/p>\n\n\n\n<hr class=\"wp-block-separator has-alpha-channel-opacity\"\/>\n\n\n\n<p>Pour plus d&rsquo;informations, veuillez contacter\u00a0<a href=\"https:\/\/www.technopolis-group.com\/es\/expert\/diogo-machado\/\" target=\"_blank\" rel=\"noreferrer noopener\">Diogo Machado<\/a>, chef de l&rsquo;unit\u00e9 Science des donn\u00e9es.<\/p>\n\n\n\n<h2 class=\"wp-block-heading\">Pour qui et avec qui nous travaillons<\/h2>\n\n\n\n<p>Les principaux clients de la DSU sont la Commission europ\u00e9enne (DG RTD, DG Grow, DG Regio, DG Sante et DG CNECT), la Coop\u00e9ration europ\u00e9enne en science et technologie (COST), UK Research and Innovation (UKRI), le Conseil n\u00e9erlandais de la recherche (NWO) et le Conseil m\u00e9dical (Zonmw), le Fonds autrichien pour la science (FWF), le Conseil norv\u00e9gien de la recherche (RCN), la Fondation portugaise pour la science et la technologie (FCT), le minist\u00e8re f\u00e9d\u00e9ral allemand de l&rsquo;\u00e9ducation et de la recherche (BMBF), et le minist\u00e8re fran\u00e7ais de la culture (MCC).<\/p>\n","protected":false},"excerpt":{"rendered":"<p>G\u00e9n\u00e9rer des connaissances fond\u00e9es sur les donn\u00e9es et la confiance [&hellip;]<\/p>\n","protected":false},"author":1,"featured_media":0,"parent":12869,"menu_order":0,"comment_status":"closed","ping_status":"closed","template":"templates\/tpl-sectors.php","meta":{"_acf_changed":false,"footnotes":""},"solution":[151],"sector":[],"class_list":["post-12893","page","type-page","status-publish","hentry","solution-data-analytics-fr"],"acf":[],"yoast_head":"<!-- This site is optimized with the Yoast SEO plugin v27.1.1 - https:\/\/yoast.com\/product\/yoast-seo-wordpress\/ -->\n<title>Science des donn\u00e9es - Technopolis Group<\/title>\n<meta name=\"robots\" content=\"index, follow, max-snippet:-1, max-image-preview:large, max-video-preview:-1\" \/>\n<link rel=\"canonical\" href=\"https:\/\/technopolis-group.com\/fr\/solutions\/data-science\/\" \/>\n<meta property=\"og:locale\" content=\"fr_FR\" \/>\n<meta property=\"og:type\" content=\"article\" \/>\n<meta property=\"og:title\" content=\"Science des donn\u00e9es - Technopolis Group\" \/>\n<meta property=\"og:description\" content=\"G\u00e9n\u00e9rer des connaissances fond\u00e9es sur les donn\u00e9es et la confiance [&hellip;]\" \/>\n<meta property=\"og:url\" content=\"https:\/\/technopolis-group.com\/fr\/solutions\/data-science\/\" \/>\n<meta property=\"og:site_name\" content=\"Technopolis Group\" \/>\n<meta property=\"article:modified_time\" content=\"2025-03-17T16:08:49+00:00\" \/>\n<meta name=\"twitter:card\" content=\"summary_large_image\" \/>\n<meta name=\"twitter:label1\" content=\"Dur\u00e9e de lecture estim\u00e9e\" \/>\n\t<meta name=\"twitter:data1\" content=\"4 minutes\" \/>\n<script type=\"application\/ld+json\" class=\"yoast-schema-graph\">{\"@context\":\"https:\/\/schema.org\",\"@graph\":[{\"@type\":\"WebPage\",\"@id\":\"https:\/\/technopolis-group.com\/fr\/solutions\/data-science\/\",\"url\":\"https:\/\/technopolis-group.com\/fr\/solutions\/data-science\/\",\"name\":\"Science des donn\u00e9es - Technopolis Group\",\"isPartOf\":{\"@id\":\"https:\/\/technopolis-group.com\/nl\/#website\"},\"datePublished\":\"2019-11-27T15:11:13+00:00\",\"dateModified\":\"2025-03-17T16:08:49+00:00\",\"breadcrumb\":{\"@id\":\"https:\/\/technopolis-group.com\/fr\/solutions\/data-science\/#breadcrumb\"},\"inLanguage\":\"fr-FR\",\"potentialAction\":[{\"@type\":\"ReadAction\",\"target\":[\"https:\/\/technopolis-group.com\/fr\/solutions\/data-science\/\"]}]},{\"@type\":\"BreadcrumbList\",\"@id\":\"https:\/\/technopolis-group.com\/fr\/solutions\/data-science\/#breadcrumb\",\"itemListElement\":[{\"@type\":\"ListItem\",\"position\":1,\"name\":\"Home\",\"item\":\"https:\/\/technopolis-group.com\/fr\/\"},{\"@type\":\"ListItem\",\"position\":2,\"name\":\"Solutions\",\"item\":\"https:\/\/technopolis-group.com\/fr\/solutions\/\"},{\"@type\":\"ListItem\",\"position\":3,\"name\":\"Science des donn\u00e9es\"}]},{\"@type\":\"WebSite\",\"@id\":\"https:\/\/technopolis-group.com\/nl\/#website\",\"url\":\"https:\/\/technopolis-group.com\/nl\/\",\"name\":\"Technopolis Group\",\"description\":\"Technopolis-group\",\"potentialAction\":[{\"@type\":\"SearchAction\",\"target\":{\"@type\":\"EntryPoint\",\"urlTemplate\":\"https:\/\/technopolis-group.com\/nl\/?s={search_term_string}\"},\"query-input\":{\"@type\":\"PropertyValueSpecification\",\"valueRequired\":true,\"valueName\":\"search_term_string\"}}],\"inLanguage\":\"fr-FR\"}]}<\/script>\n<!-- \/ Yoast SEO plugin. -->","yoast_head_json":{"title":"Science des donn\u00e9es - Technopolis Group","robots":{"index":"index","follow":"follow","max-snippet":"max-snippet:-1","max-image-preview":"max-image-preview:large","max-video-preview":"max-video-preview:-1"},"canonical":"https:\/\/technopolis-group.com\/fr\/solutions\/data-science\/","og_locale":"fr_FR","og_type":"article","og_title":"Science des donn\u00e9es - Technopolis Group","og_description":"G\u00e9n\u00e9rer des connaissances fond\u00e9es sur les donn\u00e9es et la confiance [&hellip;]","og_url":"https:\/\/technopolis-group.com\/fr\/solutions\/data-science\/","og_site_name":"Technopolis Group","article_modified_time":"2025-03-17T16:08:49+00:00","twitter_card":"summary_large_image","twitter_misc":{"Dur\u00e9e de lecture estim\u00e9e":"4 minutes"},"schema":{"@context":"https:\/\/schema.org","@graph":[{"@type":"WebPage","@id":"https:\/\/technopolis-group.com\/fr\/solutions\/data-science\/","url":"https:\/\/technopolis-group.com\/fr\/solutions\/data-science\/","name":"Science des donn\u00e9es - Technopolis Group","isPartOf":{"@id":"https:\/\/technopolis-group.com\/nl\/#website"},"datePublished":"2019-11-27T15:11:13+00:00","dateModified":"2025-03-17T16:08:49+00:00","breadcrumb":{"@id":"https:\/\/technopolis-group.com\/fr\/solutions\/data-science\/#breadcrumb"},"inLanguage":"fr-FR","potentialAction":[{"@type":"ReadAction","target":["https:\/\/technopolis-group.com\/fr\/solutions\/data-science\/"]}]},{"@type":"BreadcrumbList","@id":"https:\/\/technopolis-group.com\/fr\/solutions\/data-science\/#breadcrumb","itemListElement":[{"@type":"ListItem","position":1,"name":"Home","item":"https:\/\/technopolis-group.com\/fr\/"},{"@type":"ListItem","position":2,"name":"Solutions","item":"https:\/\/technopolis-group.com\/fr\/solutions\/"},{"@type":"ListItem","position":3,"name":"Science des donn\u00e9es"}]},{"@type":"WebSite","@id":"https:\/\/technopolis-group.com\/nl\/#website","url":"https:\/\/technopolis-group.com\/nl\/","name":"Technopolis Group","description":"Technopolis-group","potentialAction":[{"@type":"SearchAction","target":{"@type":"EntryPoint","urlTemplate":"https:\/\/technopolis-group.com\/nl\/?s={search_term_string}"},"query-input":{"@type":"PropertyValueSpecification","valueRequired":true,"valueName":"search_term_string"}}],"inLanguage":"fr-FR"}]}},"publishpress_future_action":{"enabled":false,"date":"2026-04-24 19:36:45","action":"change-status","newStatus":"draft","terms":[],"taxonomy":"translation_priority","extraData":[]},"publishpress_future_workflow_manual_trigger":{"enabledWorkflows":[]},"_links":{"self":[{"href":"https:\/\/technopolis-group.com\/fr\/wp-json\/wp\/v2\/pages\/12893","targetHints":{"allow":["GET"]}}],"collection":[{"href":"https:\/\/technopolis-group.com\/fr\/wp-json\/wp\/v2\/pages"}],"about":[{"href":"https:\/\/technopolis-group.com\/fr\/wp-json\/wp\/v2\/types\/page"}],"author":[{"embeddable":true,"href":"https:\/\/technopolis-group.com\/fr\/wp-json\/wp\/v2\/users\/1"}],"replies":[{"embeddable":true,"href":"https:\/\/technopolis-group.com\/fr\/wp-json\/wp\/v2\/comments?post=12893"}],"version-history":[{"count":5,"href":"https:\/\/technopolis-group.com\/fr\/wp-json\/wp\/v2\/pages\/12893\/revisions"}],"predecessor-version":[{"id":59843,"href":"https:\/\/technopolis-group.com\/fr\/wp-json\/wp\/v2\/pages\/12893\/revisions\/59843"}],"up":[{"embeddable":true,"href":"https:\/\/technopolis-group.com\/fr\/wp-json\/wp\/v2\/pages\/12869"}],"wp:attachment":[{"href":"https:\/\/technopolis-group.com\/fr\/wp-json\/wp\/v2\/media?parent=12893"}],"wp:term":[{"taxonomy":"solution","embeddable":true,"href":"https:\/\/technopolis-group.com\/fr\/wp-json\/wp\/v2\/solution?post=12893"},{"taxonomy":"sector","embeddable":true,"href":"https:\/\/technopolis-group.com\/fr\/wp-json\/wp\/v2\/sector?post=12893"}],"curies":[{"name":"wp","href":"https:\/\/api.w.org\/{rel}","templated":true}]}}