{"id":12901,"date":"2019-11-27T15:08:27","date_gmt":"2019-11-27T15:08:27","guid":{"rendered":"https:\/\/technopolis-group.com\/solutions\/evaluation-impact-assessment\/"},"modified":"2025-03-05T10:57:44","modified_gmt":"2025-03-05T10:57:44","slug":"evaluation-impact-assessment","status":"publish","type":"page","link":"https:\/\/technopolis-group.com\/fr\/solutions\/evaluation-impact-assessment\/","title":{"rendered":"\u00c9valuation et \u00e9tude d&rsquo;impact"},"content":{"rendered":"\n<figure class=\"wp-block-pullquote\"><blockquote><p>Technopolis Group poss\u00e8de une exp\u00e9rience in\u00e9gal\u00e9e en mati\u00e8re d&rsquo;\u00e9valuation et d&rsquo;analyse d&rsquo;impacts. Nos clients, y compris les institutions europ\u00e9ennes, les d\u00e9cideurs politiques r\u00e9gionaux et nationaux, les institutions internationales et les bailleurs bilat\u00e9raux et multilat\u00e9raux, nous ont fait confiance au cours des 30 derni\u00e8res ann\u00e9es pour des \u00e9tudes d&rsquo;\u00e9valuation et d&rsquo;\u00e9valuation d&rsquo;impact de haute qualit\u00e9, en particulier dans le domaine des politiques de la science et de l&rsquo;innovation.&nbsp; <\/p><\/blockquote><\/figure>\n\n\n\n<p>Nous poss\u00e9dons une expertise dans un large \u00e9ventail d&rsquo;activit\u00e9s d&rsquo;\u00e9valuation tout au long du cycle des politiques publiques:&nbsp;<\/p>\n\n\n\n<ul class=\"wp-block-list\">\n<li>Programmes traditionnels et programmes complexes \u00e0 grande \u00e9chelle (internationale)<\/li>\n\n\n\n<li>Politiques et r\u00e9glementations<\/li>\n\n\n\n<li>Instruments financiers et autres types d&rsquo;interventions <\/li>\n\n\n\n<li>\u00c9valuation des organismes de financement de la recherche et de l&rsquo;innovation ainsi que acteurs de recherche tels que les universit\u00e9s et les instituts de recherche<\/li>\n\n\n\n<li>Examen des syst\u00e8mes nationaux et r\u00e9gionaux de recherche et d&rsquo;innovation<\/li>\n<\/ul>\n\n\n\n<p>Les recommandations que nous formulons sont bas\u00e9es sur les r\u00e9sultats des \u00e9valuations des programmes, des politiques et des organisations.<br> Nous aidons \u00e0 \u00e9laborer et \u00e0 mettre en place des cadres de suivi et d&rsquo;\u00e9valuation (M&amp;E) en d\u00e9finissant les indicateurs les plus pertinents. Nous partageons \u00e9galement notre exp\u00e9rience en offrant des formations en \u00e9valuation aux d\u00e9cideurs et aux praticiens.&nbsp;<\/p>\n\n\n\n<p>Toutes les interventions publiques sont mises en \u0153uvre dans des contextes sp\u00e9cifiques. Par cons\u00e9quent, nous ne croyons pas aux solutions toutes faites, et d\u00e9veloppons des approches sur mesure et des m\u00e9thodologies de pointe pour r\u00e9pondre aux besoins sp\u00e9cifiques des \u00e9valuations et de ceux qui les commandent. Nos recommandations doivent aider les d\u00e9cideurs \u00e0 prendre des d\u00e9cisions \u00e9clair\u00e9es sur des questions importantes. Les m\u00e9thodes que nous utilisons comprennent:<\/p>\n\n\n\n<ul class=\"wp-block-list\">\n<li>Approches \u00e9valuatives\n<ul class=\"wp-block-list\">\n<li>\u00c9valuation d&rsquo;impact et construction de sc\u00e9narios<\/li>\n\n\n\n<li>M\u00e9thodes d&rsquo;\u00e9valuation bas\u00e9es sur la th\u00e9orie et analyse de contribution<\/li>\n\n\n\n<li>Cartographie des cadres r\u00e9glementaires<\/li>\n\n\n\n<li>Strat\u00e9gies d&rsquo;\u00e9chantillonnage<\/li>\n\n\n\n<li>Conception et mise en \u0153uvre d&rsquo;enqu\u00eates<\/li>\n\n\n\n<li>Consultation des parties prenantes<\/li>\n\n\n\n<li>Groupes d&rsquo;experts, ateliers et groupes de discussion<\/li>\n\n\n\n<li>Analyses comparatives et benchmarking<\/li>\n\n\n\n<li>Bibliom\u00e9trie<\/li>\n\n\n\n<li>Analyse des brevets<\/li>\n<\/ul>\n<\/li>\n<\/ul>\n\n\n\n<ul class=\"wp-block-list\">\n<li>M\u00e9thodes d&rsquo;analyse \u00e9conomique\n<ul class=\"wp-block-list\">\n<li>Analyse \u00e9conom\u00e9trique<\/li>\n\n\n\n<li>M\u00e9thodes d&rsquo;\u00e9valuation contrefactuelle de l&rsquo;impact (exp\u00e9rimental et quasi-exp\u00e9rimental)<\/li>\n\n\n\n<li>L&rsquo;analyse co\u00fbts-avantages<\/li>\n<\/ul>\n<\/li>\n<\/ul>\n\n\n\n<ul class=\"wp-block-list\">\n<li><a href=\"https:\/\/technopolis-group.com\/fr\/solutions\/data-science\/\">M\u00e9thodes de la science des donn\u00e9es<\/a>\n<ul class=\"wp-block-list\">\n<li>M\u00e9thodes Big Data, y compris l&rsquo;exploration de donn\u00e9es et de texte<\/li>\n\n\n\n<li>Analyse s\u00e9mantique et techniques d&rsquo;analyse et d&rsquo;interpr\u00e9tation des donn\u00e9es qualitatives<\/li>\n\n\n\n<li>Altmetrics et analyse des r\u00e9seaux sociaux<\/li>\n<\/ul>\n<\/li>\n<\/ul>\n","protected":false},"excerpt":{"rendered":"<p>Technopolis Group poss\u00e8de une exp\u00e9rience in\u00e9gal\u00e9e en mati\u00e8re d&rsquo;\u00e9valuation et [&hellip;]<\/p>\n","protected":false},"author":1,"featured_media":0,"parent":12869,"menu_order":0,"comment_status":"closed","ping_status":"closed","template":"templates\/tpl-solutions.php","meta":{"_acf_changed":false,"footnotes":""},"solution":[137],"sector":[],"class_list":["post-12901","page","type-page","status-publish","hentry","solution-evaluation-fr"],"acf":[],"yoast_head":"<!-- This site is optimized with the Yoast SEO plugin v27.1.1 - https:\/\/yoast.com\/product\/yoast-seo-wordpress\/ -->\n<title>\u00c9valuation et \u00e9tude d&#039;impact - Technopolis Group<\/title>\n<meta name=\"robots\" content=\"index, follow, max-snippet:-1, max-image-preview:large, max-video-preview:-1\" \/>\n<link rel=\"canonical\" href=\"https:\/\/technopolis-group.com\/fr\/solutions\/evaluation-impact-assessment\/\" \/>\n<meta property=\"og:locale\" content=\"fr_FR\" \/>\n<meta property=\"og:type\" content=\"article\" \/>\n<meta property=\"og:title\" content=\"\u00c9valuation et \u00e9tude d&#039;impact - Technopolis Group\" \/>\n<meta property=\"og:description\" content=\"Technopolis Group poss\u00e8de une exp\u00e9rience in\u00e9gal\u00e9e en mati\u00e8re d&rsquo;\u00e9valuation et [&hellip;]\" \/>\n<meta property=\"og:url\" content=\"https:\/\/technopolis-group.com\/fr\/solutions\/evaluation-impact-assessment\/\" \/>\n<meta property=\"og:site_name\" content=\"Technopolis Group\" \/>\n<meta property=\"article:modified_time\" content=\"2025-03-05T10:57:44+00:00\" \/>\n<meta name=\"twitter:card\" content=\"summary_large_image\" \/>\n<meta name=\"twitter:label1\" content=\"Dur\u00e9e de lecture estim\u00e9e\" \/>\n\t<meta name=\"twitter:data1\" content=\"2 minutes\" \/>\n<script type=\"application\/ld+json\" class=\"yoast-schema-graph\">{\"@context\":\"https:\/\/schema.org\",\"@graph\":[{\"@type\":\"WebPage\",\"@id\":\"https:\/\/technopolis-group.com\/fr\/solutions\/evaluation-impact-assessment\/\",\"url\":\"https:\/\/technopolis-group.com\/fr\/solutions\/evaluation-impact-assessment\/\",\"name\":\"\u00c9valuation et \u00e9tude d'impact - Technopolis Group\",\"isPartOf\":{\"@id\":\"https:\/\/technopolis-group.com\/nl\/#website\"},\"datePublished\":\"2019-11-27T15:08:27+00:00\",\"dateModified\":\"2025-03-05T10:57:44+00:00\",\"breadcrumb\":{\"@id\":\"https:\/\/technopolis-group.com\/fr\/solutions\/evaluation-impact-assessment\/#breadcrumb\"},\"inLanguage\":\"fr-FR\",\"potentialAction\":[{\"@type\":\"ReadAction\",\"target\":[\"https:\/\/technopolis-group.com\/fr\/solutions\/evaluation-impact-assessment\/\"]}]},{\"@type\":\"BreadcrumbList\",\"@id\":\"https:\/\/technopolis-group.com\/fr\/solutions\/evaluation-impact-assessment\/#breadcrumb\",\"itemListElement\":[{\"@type\":\"ListItem\",\"position\":1,\"name\":\"Home\",\"item\":\"https:\/\/technopolis-group.com\/fr\/\"},{\"@type\":\"ListItem\",\"position\":2,\"name\":\"Solutions\",\"item\":\"https:\/\/technopolis-group.com\/fr\/solutions\/\"},{\"@type\":\"ListItem\",\"position\":3,\"name\":\"\u00c9valuation et \u00e9tude d&rsquo;impact\"}]},{\"@type\":\"WebSite\",\"@id\":\"https:\/\/technopolis-group.com\/nl\/#website\",\"url\":\"https:\/\/technopolis-group.com\/nl\/\",\"name\":\"Technopolis Group\",\"description\":\"Technopolis-group\",\"potentialAction\":[{\"@type\":\"SearchAction\",\"target\":{\"@type\":\"EntryPoint\",\"urlTemplate\":\"https:\/\/technopolis-group.com\/nl\/?s={search_term_string}\"},\"query-input\":{\"@type\":\"PropertyValueSpecification\",\"valueRequired\":true,\"valueName\":\"search_term_string\"}}],\"inLanguage\":\"fr-FR\"}]}<\/script>\n<!-- \/ Yoast SEO plugin. -->","yoast_head_json":{"title":"\u00c9valuation et \u00e9tude d'impact - Technopolis Group","robots":{"index":"index","follow":"follow","max-snippet":"max-snippet:-1","max-image-preview":"max-image-preview:large","max-video-preview":"max-video-preview:-1"},"canonical":"https:\/\/technopolis-group.com\/fr\/solutions\/evaluation-impact-assessment\/","og_locale":"fr_FR","og_type":"article","og_title":"\u00c9valuation et \u00e9tude d'impact - Technopolis Group","og_description":"Technopolis Group poss\u00e8de une exp\u00e9rience in\u00e9gal\u00e9e en mati\u00e8re d&rsquo;\u00e9valuation et [&hellip;]","og_url":"https:\/\/technopolis-group.com\/fr\/solutions\/evaluation-impact-assessment\/","og_site_name":"Technopolis Group","article_modified_time":"2025-03-05T10:57:44+00:00","twitter_card":"summary_large_image","twitter_misc":{"Dur\u00e9e de lecture estim\u00e9e":"2 minutes"},"schema":{"@context":"https:\/\/schema.org","@graph":[{"@type":"WebPage","@id":"https:\/\/technopolis-group.com\/fr\/solutions\/evaluation-impact-assessment\/","url":"https:\/\/technopolis-group.com\/fr\/solutions\/evaluation-impact-assessment\/","name":"\u00c9valuation et \u00e9tude d'impact - Technopolis Group","isPartOf":{"@id":"https:\/\/technopolis-group.com\/nl\/#website"},"datePublished":"2019-11-27T15:08:27+00:00","dateModified":"2025-03-05T10:57:44+00:00","breadcrumb":{"@id":"https:\/\/technopolis-group.com\/fr\/solutions\/evaluation-impact-assessment\/#breadcrumb"},"inLanguage":"fr-FR","potentialAction":[{"@type":"ReadAction","target":["https:\/\/technopolis-group.com\/fr\/solutions\/evaluation-impact-assessment\/"]}]},{"@type":"BreadcrumbList","@id":"https:\/\/technopolis-group.com\/fr\/solutions\/evaluation-impact-assessment\/#breadcrumb","itemListElement":[{"@type":"ListItem","position":1,"name":"Home","item":"https:\/\/technopolis-group.com\/fr\/"},{"@type":"ListItem","position":2,"name":"Solutions","item":"https:\/\/technopolis-group.com\/fr\/solutions\/"},{"@type":"ListItem","position":3,"name":"\u00c9valuation et \u00e9tude d&rsquo;impact"}]},{"@type":"WebSite","@id":"https:\/\/technopolis-group.com\/nl\/#website","url":"https:\/\/technopolis-group.com\/nl\/","name":"Technopolis Group","description":"Technopolis-group","potentialAction":[{"@type":"SearchAction","target":{"@type":"EntryPoint","urlTemplate":"https:\/\/technopolis-group.com\/nl\/?s={search_term_string}"},"query-input":{"@type":"PropertyValueSpecification","valueRequired":true,"valueName":"search_term_string"}}],"inLanguage":"fr-FR"}]}},"publishpress_future_action":{"enabled":false,"date":"2026-04-11 17:15:36","action":"change-status","newStatus":"draft","terms":[],"taxonomy":"translation_priority","extraData":[]},"publishpress_future_workflow_manual_trigger":{"enabledWorkflows":[]},"_links":{"self":[{"href":"https:\/\/technopolis-group.com\/fr\/wp-json\/wp\/v2\/pages\/12901","targetHints":{"allow":["GET"]}}],"collection":[{"href":"https:\/\/technopolis-group.com\/fr\/wp-json\/wp\/v2\/pages"}],"about":[{"href":"https:\/\/technopolis-group.com\/fr\/wp-json\/wp\/v2\/types\/page"}],"author":[{"embeddable":true,"href":"https:\/\/technopolis-group.com\/fr\/wp-json\/wp\/v2\/users\/1"}],"replies":[{"embeddable":true,"href":"https:\/\/technopolis-group.com\/fr\/wp-json\/wp\/v2\/comments?post=12901"}],"version-history":[{"count":2,"href":"https:\/\/technopolis-group.com\/fr\/wp-json\/wp\/v2\/pages\/12901\/revisions"}],"predecessor-version":[{"id":58833,"href":"https:\/\/technopolis-group.com\/fr\/wp-json\/wp\/v2\/pages\/12901\/revisions\/58833"}],"up":[{"embeddable":true,"href":"https:\/\/technopolis-group.com\/fr\/wp-json\/wp\/v2\/pages\/12869"}],"wp:attachment":[{"href":"https:\/\/technopolis-group.com\/fr\/wp-json\/wp\/v2\/media?parent=12901"}],"wp:term":[{"taxonomy":"solution","embeddable":true,"href":"https:\/\/technopolis-group.com\/fr\/wp-json\/wp\/v2\/solution?post=12901"},{"taxonomy":"sector","embeddable":true,"href":"https:\/\/technopolis-group.com\/fr\/wp-json\/wp\/v2\/sector?post=12901"}],"curies":[{"name":"wp","href":"https:\/\/api.w.org\/{rel}","templated":true}]}}