{"id":12909,"date":"2019-11-27T15:10:38","date_gmt":"2019-11-27T15:10:38","guid":{"rendered":"https:\/\/technopolis-group.com\/solutions\/network-management\/"},"modified":"2020-02-20T14:33:10","modified_gmt":"2020-02-20T14:33:10","slug":"network-management","status":"publish","type":"page","link":"https:\/\/technopolis-group.com\/fr\/solutions\/network-management\/","title":{"rendered":"Gestion de r\u00e9seaux"},"content":{"rendered":"\n<figure class=\"wp-block-pullquote\"><blockquote><p>L&rsquo;activation de groupes particuliers en lien avec les politiques scientifiques, technologiques et d&rsquo;innovation par le biais de r\u00e9seaux et de communaut\u00e9s formels ou informels est devenue de plus en plus importante pour les d\u00e9cideurs. C&rsquo;est pourquoi Technopolis Group apporte son soutien \u00e0 la cr\u00e9ation et \u00e0 la gestion de r\u00e9seaux et de communaut\u00e9s dans nos domaines th\u00e9matiques. Nous accompagnons nos clients dans la construction et la gestion de r\u00e9seaux et de communaut\u00e9s ainsi que dans le suivi et l&rsquo;\u00e9valuation de leur impact.&nbsp; <\/p><\/blockquote><\/figure>\n\n\n\n<p>Voici ce qui nous distingue des autres cabinets de conseil. Nous avons une compr\u00e9hension fine des probl\u00e8mes politiques sous-adjacentes et adoptons toujours une approche centr\u00e9e sur l&rsquo;impact pour cr\u00e9er et g\u00e9rer des r\u00e9seaux. Nous pensons qu&rsquo;il est crucial de concevoir des strat\u00e9gies qui ciblent les bonnes parties prenantes. Notre rayonnement paneurop\u00e9en et international nous permet \u00e9galement d&rsquo;engager des parties prenantes de diff\u00e9rents contextes th\u00e9matiques et g\u00e9ographiques. Nous voulons mettre les bon groupes cibles sur la voie de la r\u00e9alisation des objectifs par l&rsquo;interaction et la coop\u00e9ration. En fin de compte, cela aide \u00e0 promouvoir les bonnes pratiques, les normes et les standards.<\/p>\n\n\n\n<p>Nous proposons une large gamme de services pour accompagner nos clients dans:<\/p>\n\n\n\n<ul class=\"wp-block-list\"><li>le cadrage et identification des participants potentiels au r\u00e9seau<\/li><li>la conception de strat\u00e9gie de r\u00e9seau, y compris la d\u00e9finition des objectifs et de la structure<\/li><li>la cr\u00e9ation et gestion de r\u00e9seaux<\/li><li>une communication constante et coh\u00e9rente entre les membres du r\u00e9seau    via e-mails, plateformes en ligne ou t\u00e9l\u00e9phone<\/li><li>l\u2019organisation d&rsquo;ateliers et d&rsquo;\u00e9v\u00e9nements de haut-niveau ax\u00e9s sur l&rsquo;impact, en soutenant les partenaires de gestion d&rsquo;\u00e9v\u00e9nements dans la mise en \u0153uvre technique<\/li><li>la pr\u00e9sence \u00e0 des \u00e9v\u00e9nements et conf\u00e9rences pertinents<\/li><li>l\u2019\u00e9valuation de l&rsquo;impact des r\u00e9seaux<\/li><li>la fourniture de rapports de progr\u00e8s continu \u00e0 nos clients<\/li><li>l\u2019analyse des tendances et d\u00e9veloppements des politiques pertinentes pour les r\u00e9seaux<\/li><\/ul>\n\n\n\n<p><\/p>\n","protected":false},"excerpt":{"rendered":"<p>L&rsquo;activation de groupes particuliers en lien avec les politiques scientifiques, [&hellip;]<\/p>\n","protected":false},"author":1,"featured_media":0,"parent":12869,"menu_order":0,"comment_status":"closed","ping_status":"closed","template":"templates\/tpl-solutions.php","meta":{"_acf_changed":false,"footnotes":""},"solution":[159],"sector":[],"class_list":["post-12909","page","type-page","status-publish","hentry","solution-network-management-fr"],"acf":[],"yoast_head":"<!-- This site is optimized with the Yoast SEO plugin v27.1.1 - https:\/\/yoast.com\/product\/yoast-seo-wordpress\/ -->\n<title>Gestion de r\u00e9seaux - Technopolis Group<\/title>\n<meta name=\"robots\" content=\"index, follow, max-snippet:-1, max-image-preview:large, max-video-preview:-1\" \/>\n<link rel=\"canonical\" href=\"https:\/\/technopolis-group.com\/fr\/solutions\/network-management\/\" \/>\n<meta property=\"og:locale\" content=\"fr_FR\" \/>\n<meta property=\"og:type\" content=\"article\" \/>\n<meta property=\"og:title\" content=\"Gestion de r\u00e9seaux - Technopolis Group\" \/>\n<meta property=\"og:description\" content=\"L&rsquo;activation de groupes particuliers en lien avec les politiques scientifiques, [&hellip;]\" \/>\n<meta property=\"og:url\" content=\"https:\/\/technopolis-group.com\/fr\/solutions\/network-management\/\" \/>\n<meta property=\"og:site_name\" content=\"Technopolis Group\" \/>\n<meta property=\"article:modified_time\" content=\"2020-02-20T14:33:10+00:00\" \/>\n<meta name=\"twitter:card\" content=\"summary_large_image\" \/>\n<meta name=\"twitter:label1\" content=\"Dur\u00e9e de lecture estim\u00e9e\" \/>\n\t<meta name=\"twitter:data1\" content=\"2 minutes\" \/>\n<script type=\"application\/ld+json\" class=\"yoast-schema-graph\">{\"@context\":\"https:\/\/schema.org\",\"@graph\":[{\"@type\":\"WebPage\",\"@id\":\"https:\/\/technopolis-group.com\/fr\/solutions\/network-management\/\",\"url\":\"https:\/\/technopolis-group.com\/fr\/solutions\/network-management\/\",\"name\":\"Gestion de r\u00e9seaux - Technopolis Group\",\"isPartOf\":{\"@id\":\"https:\/\/technopolis-group.com\/nl\/#website\"},\"datePublished\":\"2019-11-27T15:10:38+00:00\",\"dateModified\":\"2020-02-20T14:33:10+00:00\",\"breadcrumb\":{\"@id\":\"https:\/\/technopolis-group.com\/fr\/solutions\/network-management\/#breadcrumb\"},\"inLanguage\":\"fr-FR\",\"potentialAction\":[{\"@type\":\"ReadAction\",\"target\":[\"https:\/\/technopolis-group.com\/fr\/solutions\/network-management\/\"]}]},{\"@type\":\"BreadcrumbList\",\"@id\":\"https:\/\/technopolis-group.com\/fr\/solutions\/network-management\/#breadcrumb\",\"itemListElement\":[{\"@type\":\"ListItem\",\"position\":1,\"name\":\"Home\",\"item\":\"https:\/\/technopolis-group.com\/fr\/\"},{\"@type\":\"ListItem\",\"position\":2,\"name\":\"Solutions\",\"item\":\"https:\/\/technopolis-group.com\/fr\/solutions\/\"},{\"@type\":\"ListItem\",\"position\":3,\"name\":\"Gestion de r\u00e9seaux\"}]},{\"@type\":\"WebSite\",\"@id\":\"https:\/\/technopolis-group.com\/nl\/#website\",\"url\":\"https:\/\/technopolis-group.com\/nl\/\",\"name\":\"Technopolis Group\",\"description\":\"Technopolis-group\",\"potentialAction\":[{\"@type\":\"SearchAction\",\"target\":{\"@type\":\"EntryPoint\",\"urlTemplate\":\"https:\/\/technopolis-group.com\/nl\/?s={search_term_string}\"},\"query-input\":{\"@type\":\"PropertyValueSpecification\",\"valueRequired\":true,\"valueName\":\"search_term_string\"}}],\"inLanguage\":\"fr-FR\"}]}<\/script>\n<!-- \/ Yoast SEO plugin. -->","yoast_head_json":{"title":"Gestion de r\u00e9seaux - Technopolis Group","robots":{"index":"index","follow":"follow","max-snippet":"max-snippet:-1","max-image-preview":"max-image-preview:large","max-video-preview":"max-video-preview:-1"},"canonical":"https:\/\/technopolis-group.com\/fr\/solutions\/network-management\/","og_locale":"fr_FR","og_type":"article","og_title":"Gestion de r\u00e9seaux - Technopolis Group","og_description":"L&rsquo;activation de groupes particuliers en lien avec les politiques scientifiques, [&hellip;]","og_url":"https:\/\/technopolis-group.com\/fr\/solutions\/network-management\/","og_site_name":"Technopolis Group","article_modified_time":"2020-02-20T14:33:10+00:00","twitter_card":"summary_large_image","twitter_misc":{"Dur\u00e9e de lecture estim\u00e9e":"2 minutes"},"schema":{"@context":"https:\/\/schema.org","@graph":[{"@type":"WebPage","@id":"https:\/\/technopolis-group.com\/fr\/solutions\/network-management\/","url":"https:\/\/technopolis-group.com\/fr\/solutions\/network-management\/","name":"Gestion de r\u00e9seaux - Technopolis Group","isPartOf":{"@id":"https:\/\/technopolis-group.com\/nl\/#website"},"datePublished":"2019-11-27T15:10:38+00:00","dateModified":"2020-02-20T14:33:10+00:00","breadcrumb":{"@id":"https:\/\/technopolis-group.com\/fr\/solutions\/network-management\/#breadcrumb"},"inLanguage":"fr-FR","potentialAction":[{"@type":"ReadAction","target":["https:\/\/technopolis-group.com\/fr\/solutions\/network-management\/"]}]},{"@type":"BreadcrumbList","@id":"https:\/\/technopolis-group.com\/fr\/solutions\/network-management\/#breadcrumb","itemListElement":[{"@type":"ListItem","position":1,"name":"Home","item":"https:\/\/technopolis-group.com\/fr\/"},{"@type":"ListItem","position":2,"name":"Solutions","item":"https:\/\/technopolis-group.com\/fr\/solutions\/"},{"@type":"ListItem","position":3,"name":"Gestion de r\u00e9seaux"}]},{"@type":"WebSite","@id":"https:\/\/technopolis-group.com\/nl\/#website","url":"https:\/\/technopolis-group.com\/nl\/","name":"Technopolis Group","description":"Technopolis-group","potentialAction":[{"@type":"SearchAction","target":{"@type":"EntryPoint","urlTemplate":"https:\/\/technopolis-group.com\/nl\/?s={search_term_string}"},"query-input":{"@type":"PropertyValueSpecification","valueRequired":true,"valueName":"search_term_string"}}],"inLanguage":"fr-FR"}]}},"publishpress_future_action":{"enabled":false,"date":"2026-04-21 20:40:43","action":"change-status","newStatus":"draft","terms":[],"taxonomy":"translation_priority","extraData":[]},"publishpress_future_workflow_manual_trigger":{"enabledWorkflows":[]},"_links":{"self":[{"href":"https:\/\/technopolis-group.com\/fr\/wp-json\/wp\/v2\/pages\/12909","targetHints":{"allow":["GET"]}}],"collection":[{"href":"https:\/\/technopolis-group.com\/fr\/wp-json\/wp\/v2\/pages"}],"about":[{"href":"https:\/\/technopolis-group.com\/fr\/wp-json\/wp\/v2\/types\/page"}],"author":[{"embeddable":true,"href":"https:\/\/technopolis-group.com\/fr\/wp-json\/wp\/v2\/users\/1"}],"replies":[{"embeddable":true,"href":"https:\/\/technopolis-group.com\/fr\/wp-json\/wp\/v2\/comments?post=12909"}],"version-history":[{"count":0,"href":"https:\/\/technopolis-group.com\/fr\/wp-json\/wp\/v2\/pages\/12909\/revisions"}],"up":[{"embeddable":true,"href":"https:\/\/technopolis-group.com\/fr\/wp-json\/wp\/v2\/pages\/12869"}],"wp:attachment":[{"href":"https:\/\/technopolis-group.com\/fr\/wp-json\/wp\/v2\/media?parent=12909"}],"wp:term":[{"taxonomy":"solution","embeddable":true,"href":"https:\/\/technopolis-group.com\/fr\/wp-json\/wp\/v2\/solution?post=12909"},{"taxonomy":"sector","embeddable":true,"href":"https:\/\/technopolis-group.com\/fr\/wp-json\/wp\/v2\/sector?post=12909"}],"curies":[{"name":"wp","href":"https:\/\/api.w.org\/{rel}","templated":true}]}}