{"id":12917,"date":"2019-11-27T15:09:19","date_gmt":"2019-11-27T15:09:19","guid":{"rendered":"https:\/\/technopolis-group.com\/solutions\/strategic-studies-foresight\/"},"modified":"2020-02-24T16:10:57","modified_gmt":"2020-02-24T16:10:57","slug":"strategic-studies-foresight","status":"publish","type":"page","link":"https:\/\/technopolis-group.com\/fr\/solutions\/strategic-studies-foresight\/","title":{"rendered":"Etudes strat\u00e9giques et prospectives"},"content":{"rendered":"\n<figure class=\"wp-block-pullquote\"><blockquote><p>Nos clients sont confront\u00e9s \u00e0 des d\u00e9fis complexes. Ils cherchent \u00e0 g\u00e9n\u00e9rer des impacts durables dans des contextes institutionnels, soci\u00e9taux, \u00e9conomiques et technologiques en mutation, qui impliquent souvent diff\u00e9rents minist\u00e8res, agences et diff\u00e9rentes parties-prenantes ext\u00e9rieures. Pour prendre des d\u00e9cisions \u00e9clair\u00e9es, ils ont besoin d\u2019un acc\u00e8s aux derni\u00e8res informations et connaissances disponibles, et d&rsquo;une compr\u00e9hension claire des d\u00e9fis actuels et futurs. C\u2019est ici que nous intervenons.&nbsp; <\/p><\/blockquote><\/figure>\n\n\n\n<p>Le groupe Technopolis combine les derni\u00e8res m\u00e9thodes disponibles en sciences sociales avec une expertise internationale dans des domaines cl\u00e9s. Nous menons des \u00e9tudes strat\u00e9giques et prospectives sur un large \u00e9ventail de sujets li\u00e9s \u00e0 la recherche et \u00e0 l&rsquo;innovation; entrepreneuriat, les PME et l&rsquo;industrie; la transformation digitale; le d\u00e9veloppement r\u00e9gional, l\u2019enseignement sup\u00e9rieur; l\u2019\u00e9conomie verte; la sant\u00e9 et sciences de la vie.<\/p>\n\n\n\n<p>Nous offrons des conseils objectifs soutenus par diverses m\u00e9thodes:<\/p>\n\n\n\n<ul class=\"wp-block-list\"><li>Prospective<\/li><li>\u00c9tudes de march\u00e9<\/li><li>Feuille de route technologique<\/li><li>Benchmark<\/li><li>Focus groups<\/li><li>Ateliers et s\u00e9minaires<\/li><li>Cartographies et analyses r\u00e9seau<\/li><li>Consultations et enqu\u00eates<\/li><li><a href=\"https:\/\/technopolis-group.com\/fr\/solutions\/data-science\/\">Analyse de donn\u00e9es<\/a><\/li><\/ul>\n\n\n\n<p><\/p>\n","protected":false},"excerpt":{"rendered":"<p>Nos clients sont confront\u00e9s \u00e0 des d\u00e9fis complexes. Ils cherchent [&hellip;]<\/p>\n","protected":false},"author":1,"featured_media":0,"parent":12869,"menu_order":0,"comment_status":"closed","ping_status":"closed","template":"templates\/tpl-solutions.php","meta":{"_acf_changed":false,"footnotes":""},"solution":[111],"sector":[],"class_list":["post-12917","page","type-page","status-publish","hentry","solution-strategic-studies-fr"],"acf":[],"yoast_head":"<!-- This site is optimized with the Yoast SEO plugin v27.1.1 - https:\/\/yoast.com\/product\/yoast-seo-wordpress\/ -->\n<title>Etudes strat\u00e9giques et prospectives - Technopolis Group<\/title>\n<meta name=\"robots\" content=\"index, follow, max-snippet:-1, max-image-preview:large, max-video-preview:-1\" \/>\n<link rel=\"canonical\" href=\"https:\/\/technopolis-group.com\/fr\/solutions\/strategic-studies-foresight\/\" \/>\n<meta property=\"og:locale\" content=\"fr_FR\" \/>\n<meta property=\"og:type\" content=\"article\" \/>\n<meta property=\"og:title\" content=\"Etudes strat\u00e9giques et prospectives - Technopolis Group\" \/>\n<meta property=\"og:description\" content=\"Nos clients sont confront\u00e9s \u00e0 des d\u00e9fis complexes. Ils cherchent [&hellip;]\" \/>\n<meta property=\"og:url\" content=\"https:\/\/technopolis-group.com\/fr\/solutions\/strategic-studies-foresight\/\" \/>\n<meta property=\"og:site_name\" content=\"Technopolis Group\" \/>\n<meta property=\"article:modified_time\" content=\"2020-02-24T16:10:57+00:00\" \/>\n<meta name=\"twitter:card\" content=\"summary_large_image\" \/>\n<meta name=\"twitter:label1\" content=\"Dur\u00e9e de lecture estim\u00e9e\" \/>\n\t<meta name=\"twitter:data1\" content=\"1 minute\" \/>\n<script type=\"application\/ld+json\" class=\"yoast-schema-graph\">{\"@context\":\"https:\/\/schema.org\",\"@graph\":[{\"@type\":\"WebPage\",\"@id\":\"https:\/\/technopolis-group.com\/fr\/solutions\/strategic-studies-foresight\/\",\"url\":\"https:\/\/technopolis-group.com\/fr\/solutions\/strategic-studies-foresight\/\",\"name\":\"Etudes strat\u00e9giques et prospectives - Technopolis Group\",\"isPartOf\":{\"@id\":\"https:\/\/technopolis-group.com\/nl\/#website\"},\"datePublished\":\"2019-11-27T15:09:19+00:00\",\"dateModified\":\"2020-02-24T16:10:57+00:00\",\"breadcrumb\":{\"@id\":\"https:\/\/technopolis-group.com\/fr\/solutions\/strategic-studies-foresight\/#breadcrumb\"},\"inLanguage\":\"fr-FR\",\"potentialAction\":[{\"@type\":\"ReadAction\",\"target\":[\"https:\/\/technopolis-group.com\/fr\/solutions\/strategic-studies-foresight\/\"]}]},{\"@type\":\"BreadcrumbList\",\"@id\":\"https:\/\/technopolis-group.com\/fr\/solutions\/strategic-studies-foresight\/#breadcrumb\",\"itemListElement\":[{\"@type\":\"ListItem\",\"position\":1,\"name\":\"Home\",\"item\":\"https:\/\/technopolis-group.com\/fr\/\"},{\"@type\":\"ListItem\",\"position\":2,\"name\":\"Solutions\",\"item\":\"https:\/\/technopolis-group.com\/fr\/solutions\/\"},{\"@type\":\"ListItem\",\"position\":3,\"name\":\"Etudes strat\u00e9giques et prospectives\"}]},{\"@type\":\"WebSite\",\"@id\":\"https:\/\/technopolis-group.com\/nl\/#website\",\"url\":\"https:\/\/technopolis-group.com\/nl\/\",\"name\":\"Technopolis Group\",\"description\":\"Technopolis-group\",\"potentialAction\":[{\"@type\":\"SearchAction\",\"target\":{\"@type\":\"EntryPoint\",\"urlTemplate\":\"https:\/\/technopolis-group.com\/nl\/?s={search_term_string}\"},\"query-input\":{\"@type\":\"PropertyValueSpecification\",\"valueRequired\":true,\"valueName\":\"search_term_string\"}}],\"inLanguage\":\"fr-FR\"}]}<\/script>\n<!-- \/ Yoast SEO plugin. -->","yoast_head_json":{"title":"Etudes strat\u00e9giques et prospectives - Technopolis Group","robots":{"index":"index","follow":"follow","max-snippet":"max-snippet:-1","max-image-preview":"max-image-preview:large","max-video-preview":"max-video-preview:-1"},"canonical":"https:\/\/technopolis-group.com\/fr\/solutions\/strategic-studies-foresight\/","og_locale":"fr_FR","og_type":"article","og_title":"Etudes strat\u00e9giques et prospectives - Technopolis Group","og_description":"Nos clients sont confront\u00e9s \u00e0 des d\u00e9fis complexes. Ils cherchent [&hellip;]","og_url":"https:\/\/technopolis-group.com\/fr\/solutions\/strategic-studies-foresight\/","og_site_name":"Technopolis Group","article_modified_time":"2020-02-24T16:10:57+00:00","twitter_card":"summary_large_image","twitter_misc":{"Dur\u00e9e de lecture estim\u00e9e":"1 minute"},"schema":{"@context":"https:\/\/schema.org","@graph":[{"@type":"WebPage","@id":"https:\/\/technopolis-group.com\/fr\/solutions\/strategic-studies-foresight\/","url":"https:\/\/technopolis-group.com\/fr\/solutions\/strategic-studies-foresight\/","name":"Etudes strat\u00e9giques et prospectives - Technopolis Group","isPartOf":{"@id":"https:\/\/technopolis-group.com\/nl\/#website"},"datePublished":"2019-11-27T15:09:19+00:00","dateModified":"2020-02-24T16:10:57+00:00","breadcrumb":{"@id":"https:\/\/technopolis-group.com\/fr\/solutions\/strategic-studies-foresight\/#breadcrumb"},"inLanguage":"fr-FR","potentialAction":[{"@type":"ReadAction","target":["https:\/\/technopolis-group.com\/fr\/solutions\/strategic-studies-foresight\/"]}]},{"@type":"BreadcrumbList","@id":"https:\/\/technopolis-group.com\/fr\/solutions\/strategic-studies-foresight\/#breadcrumb","itemListElement":[{"@type":"ListItem","position":1,"name":"Home","item":"https:\/\/technopolis-group.com\/fr\/"},{"@type":"ListItem","position":2,"name":"Solutions","item":"https:\/\/technopolis-group.com\/fr\/solutions\/"},{"@type":"ListItem","position":3,"name":"Etudes strat\u00e9giques et prospectives"}]},{"@type":"WebSite","@id":"https:\/\/technopolis-group.com\/nl\/#website","url":"https:\/\/technopolis-group.com\/nl\/","name":"Technopolis Group","description":"Technopolis-group","potentialAction":[{"@type":"SearchAction","target":{"@type":"EntryPoint","urlTemplate":"https:\/\/technopolis-group.com\/nl\/?s={search_term_string}"},"query-input":{"@type":"PropertyValueSpecification","valueRequired":true,"valueName":"search_term_string"}}],"inLanguage":"fr-FR"}]}},"publishpress_future_action":{"enabled":false,"date":"2026-05-23 06:04:34","action":"change-status","newStatus":"draft","terms":[],"taxonomy":"translation_priority","extraData":[]},"publishpress_future_workflow_manual_trigger":{"enabledWorkflows":[]},"_links":{"self":[{"href":"https:\/\/technopolis-group.com\/fr\/wp-json\/wp\/v2\/pages\/12917","targetHints":{"allow":["GET"]}}],"collection":[{"href":"https:\/\/technopolis-group.com\/fr\/wp-json\/wp\/v2\/pages"}],"about":[{"href":"https:\/\/technopolis-group.com\/fr\/wp-json\/wp\/v2\/types\/page"}],"author":[{"embeddable":true,"href":"https:\/\/technopolis-group.com\/fr\/wp-json\/wp\/v2\/users\/1"}],"replies":[{"embeddable":true,"href":"https:\/\/technopolis-group.com\/fr\/wp-json\/wp\/v2\/comments?post=12917"}],"version-history":[{"count":0,"href":"https:\/\/technopolis-group.com\/fr\/wp-json\/wp\/v2\/pages\/12917\/revisions"}],"up":[{"embeddable":true,"href":"https:\/\/technopolis-group.com\/fr\/wp-json\/wp\/v2\/pages\/12869"}],"wp:attachment":[{"href":"https:\/\/technopolis-group.com\/fr\/wp-json\/wp\/v2\/media?parent=12917"}],"wp:term":[{"taxonomy":"solution","embeddable":true,"href":"https:\/\/technopolis-group.com\/fr\/wp-json\/wp\/v2\/solution?post=12917"},{"taxonomy":"sector","embeddable":true,"href":"https:\/\/technopolis-group.com\/fr\/wp-json\/wp\/v2\/sector?post=12917"}],"curies":[{"name":"wp","href":"https:\/\/api.w.org\/{rel}","templated":true}]}}