{"id":12925,"date":"2019-11-27T15:06:59","date_gmt":"2019-11-27T15:06:59","guid":{"rendered":"https:\/\/technopolis-group.com\/solutions\/strategy-design\/"},"modified":"2020-02-20T14:36:35","modified_gmt":"2020-02-20T14:36:35","slug":"strategy-design","status":"publish","type":"page","link":"https:\/\/technopolis-group.com\/fr\/solutions\/strategy-design\/","title":{"rendered":"Strat\u00e9gie"},"content":{"rendered":"\n<figure class=\"wp-block-pullquote\"><blockquote><p>Les d\u00e9cideurs publics et les organisations op\u00e8rent dans des contextes institutionnels, soci\u00e9taux, \u00e9conomiques et technologiques en \u00e9volution sous une pression accrue de faire meilleur usage des ressources financi\u00e8res. Pour ce faire, ils doivent d\u00e9finir et ajuster constamment leurs priorit\u00e9s et leur programme.&nbsp; <\/p><\/blockquote><\/figure>\n\n\n\n<p>Pendant trois d\u00e9cennies, nous avons aid\u00e9 les d\u00e9cideurs publics et les organisations \u00e0 diff\u00e9rents niveaux \u00e0 \u00e9laborer des politiques et des programmes intelligents. Notre expertise aide \u00e0 prioriser les interventions et investissements et permet de r\u00e9diger des agendas politiques, des documents de strat\u00e9gie, des plans d&rsquo;action et des programmes qui r\u00e9pondent aux besoins des citoyens et entreprises. Dans le cadre de notre soutien strat\u00e9gique, nous prodiguons \u00e9galement des conseils sur le syst\u00e8me de gouvernance et les changements organisationnels, nous r\u00e9alisons des \u00e9tudes de faisabilit\u00e9 d&rsquo;instruments politiques et d&rsquo;organisations.<\/p>\n\n\n\n<p>Nous sommes particuli\u00e8rement actifs dans les domaines de la recherche et de l&rsquo;innovation, de entrepreneuriat, des PME et de l&rsquo;industrie, de l&rsquo;\u00e9conomie verte et du d\u00e9veloppement et de la coh\u00e9sion r\u00e9gionale. Nous offrons des conseils objectifs qui s&rsquo;appuient sur diverses m\u00e9thodes:<\/p>\n\n\n\n<ul class=\"wp-block-list\"><li>Analyse SWOT<\/li><li>D\u00e9veloppement de cadres logiques d\u2019intervention et impact<\/li><li>Construction de sc\u00e9narios<\/li><li>Analyse co\u00fbts b\u00e9n\u00e9fice<\/li><li>Feuille de route<\/li><li>Business model &amp; Business plan<\/li><li>Prospective et benchmark<\/li><li>Focus group<\/li><li>Consultations et enqu\u00eates<\/li><li>Revue des organisations<\/li><li>Analyse de donn\u00e9es<\/li><\/ul>\n\n\n\n<p><\/p>\n","protected":false},"excerpt":{"rendered":"<p>Les d\u00e9cideurs publics et les organisations op\u00e8rent dans des contextes [&hellip;]<\/p>\n","protected":false},"author":1,"featured_media":0,"parent":12869,"menu_order":0,"comment_status":"closed","ping_status":"closed","template":"templates\/tpl-solutions.php","meta":{"_acf_changed":false,"footnotes":""},"solution":[121],"sector":[],"class_list":["post-12925","page","type-page","status-publish","hentry","solution-strategy-fr"],"acf":[],"yoast_head":"<!-- This site is optimized with the Yoast SEO plugin v27.1.1 - https:\/\/yoast.com\/product\/yoast-seo-wordpress\/ -->\n<title>Strat\u00e9gie - Technopolis Group<\/title>\n<meta name=\"robots\" content=\"index, follow, max-snippet:-1, max-image-preview:large, max-video-preview:-1\" \/>\n<link rel=\"canonical\" href=\"https:\/\/technopolis-group.com\/fr\/solutions\/strategy-design\/\" \/>\n<meta property=\"og:locale\" content=\"fr_FR\" \/>\n<meta property=\"og:type\" content=\"article\" \/>\n<meta property=\"og:title\" content=\"Strat\u00e9gie - Technopolis Group\" \/>\n<meta property=\"og:description\" content=\"Les d\u00e9cideurs publics et les organisations op\u00e8rent dans des contextes [&hellip;]\" \/>\n<meta property=\"og:url\" content=\"https:\/\/technopolis-group.com\/fr\/solutions\/strategy-design\/\" \/>\n<meta property=\"og:site_name\" content=\"Technopolis Group\" \/>\n<meta property=\"article:modified_time\" content=\"2020-02-20T14:36:35+00:00\" \/>\n<meta name=\"twitter:card\" content=\"summary_large_image\" \/>\n<meta name=\"twitter:label1\" content=\"Dur\u00e9e de lecture estim\u00e9e\" \/>\n\t<meta name=\"twitter:data1\" content=\"1 minute\" \/>\n<script type=\"application\/ld+json\" class=\"yoast-schema-graph\">{\"@context\":\"https:\/\/schema.org\",\"@graph\":[{\"@type\":\"WebPage\",\"@id\":\"https:\/\/technopolis-group.com\/fr\/solutions\/strategy-design\/\",\"url\":\"https:\/\/technopolis-group.com\/fr\/solutions\/strategy-design\/\",\"name\":\"Strat\u00e9gie - Technopolis Group\",\"isPartOf\":{\"@id\":\"https:\/\/technopolis-group.com\/nl\/#website\"},\"datePublished\":\"2019-11-27T15:06:59+00:00\",\"dateModified\":\"2020-02-20T14:36:35+00:00\",\"breadcrumb\":{\"@id\":\"https:\/\/technopolis-group.com\/fr\/solutions\/strategy-design\/#breadcrumb\"},\"inLanguage\":\"fr-FR\",\"potentialAction\":[{\"@type\":\"ReadAction\",\"target\":[\"https:\/\/technopolis-group.com\/fr\/solutions\/strategy-design\/\"]}]},{\"@type\":\"BreadcrumbList\",\"@id\":\"https:\/\/technopolis-group.com\/fr\/solutions\/strategy-design\/#breadcrumb\",\"itemListElement\":[{\"@type\":\"ListItem\",\"position\":1,\"name\":\"Home\",\"item\":\"https:\/\/technopolis-group.com\/fr\/\"},{\"@type\":\"ListItem\",\"position\":2,\"name\":\"Solutions\",\"item\":\"https:\/\/technopolis-group.com\/fr\/solutions\/\"},{\"@type\":\"ListItem\",\"position\":3,\"name\":\"Strat\u00e9gie\"}]},{\"@type\":\"WebSite\",\"@id\":\"https:\/\/technopolis-group.com\/nl\/#website\",\"url\":\"https:\/\/technopolis-group.com\/nl\/\",\"name\":\"Technopolis Group\",\"description\":\"Technopolis-group\",\"potentialAction\":[{\"@type\":\"SearchAction\",\"target\":{\"@type\":\"EntryPoint\",\"urlTemplate\":\"https:\/\/technopolis-group.com\/nl\/?s={search_term_string}\"},\"query-input\":{\"@type\":\"PropertyValueSpecification\",\"valueRequired\":true,\"valueName\":\"search_term_string\"}}],\"inLanguage\":\"fr-FR\"}]}<\/script>\n<!-- \/ Yoast SEO plugin. -->","yoast_head_json":{"title":"Strat\u00e9gie - Technopolis Group","robots":{"index":"index","follow":"follow","max-snippet":"max-snippet:-1","max-image-preview":"max-image-preview:large","max-video-preview":"max-video-preview:-1"},"canonical":"https:\/\/technopolis-group.com\/fr\/solutions\/strategy-design\/","og_locale":"fr_FR","og_type":"article","og_title":"Strat\u00e9gie - Technopolis Group","og_description":"Les d\u00e9cideurs publics et les organisations op\u00e8rent dans des contextes [&hellip;]","og_url":"https:\/\/technopolis-group.com\/fr\/solutions\/strategy-design\/","og_site_name":"Technopolis Group","article_modified_time":"2020-02-20T14:36:35+00:00","twitter_card":"summary_large_image","twitter_misc":{"Dur\u00e9e de lecture estim\u00e9e":"1 minute"},"schema":{"@context":"https:\/\/schema.org","@graph":[{"@type":"WebPage","@id":"https:\/\/technopolis-group.com\/fr\/solutions\/strategy-design\/","url":"https:\/\/technopolis-group.com\/fr\/solutions\/strategy-design\/","name":"Strat\u00e9gie - Technopolis Group","isPartOf":{"@id":"https:\/\/technopolis-group.com\/nl\/#website"},"datePublished":"2019-11-27T15:06:59+00:00","dateModified":"2020-02-20T14:36:35+00:00","breadcrumb":{"@id":"https:\/\/technopolis-group.com\/fr\/solutions\/strategy-design\/#breadcrumb"},"inLanguage":"fr-FR","potentialAction":[{"@type":"ReadAction","target":["https:\/\/technopolis-group.com\/fr\/solutions\/strategy-design\/"]}]},{"@type":"BreadcrumbList","@id":"https:\/\/technopolis-group.com\/fr\/solutions\/strategy-design\/#breadcrumb","itemListElement":[{"@type":"ListItem","position":1,"name":"Home","item":"https:\/\/technopolis-group.com\/fr\/"},{"@type":"ListItem","position":2,"name":"Solutions","item":"https:\/\/technopolis-group.com\/fr\/solutions\/"},{"@type":"ListItem","position":3,"name":"Strat\u00e9gie"}]},{"@type":"WebSite","@id":"https:\/\/technopolis-group.com\/nl\/#website","url":"https:\/\/technopolis-group.com\/nl\/","name":"Technopolis Group","description":"Technopolis-group","potentialAction":[{"@type":"SearchAction","target":{"@type":"EntryPoint","urlTemplate":"https:\/\/technopolis-group.com\/nl\/?s={search_term_string}"},"query-input":{"@type":"PropertyValueSpecification","valueRequired":true,"valueName":"search_term_string"}}],"inLanguage":"fr-FR"}]}},"publishpress_future_action":{"enabled":false,"date":"2026-05-05 14:55:55","action":"change-status","newStatus":"draft","terms":[],"taxonomy":"translation_priority","extraData":[]},"publishpress_future_workflow_manual_trigger":{"enabledWorkflows":[]},"_links":{"self":[{"href":"https:\/\/technopolis-group.com\/fr\/wp-json\/wp\/v2\/pages\/12925","targetHints":{"allow":["GET"]}}],"collection":[{"href":"https:\/\/technopolis-group.com\/fr\/wp-json\/wp\/v2\/pages"}],"about":[{"href":"https:\/\/technopolis-group.com\/fr\/wp-json\/wp\/v2\/types\/page"}],"author":[{"embeddable":true,"href":"https:\/\/technopolis-group.com\/fr\/wp-json\/wp\/v2\/users\/1"}],"replies":[{"embeddable":true,"href":"https:\/\/technopolis-group.com\/fr\/wp-json\/wp\/v2\/comments?post=12925"}],"version-history":[{"count":0,"href":"https:\/\/technopolis-group.com\/fr\/wp-json\/wp\/v2\/pages\/12925\/revisions"}],"up":[{"embeddable":true,"href":"https:\/\/technopolis-group.com\/fr\/wp-json\/wp\/v2\/pages\/12869"}],"wp:attachment":[{"href":"https:\/\/technopolis-group.com\/fr\/wp-json\/wp\/v2\/media?parent=12925"}],"wp:term":[{"taxonomy":"solution","embeddable":true,"href":"https:\/\/technopolis-group.com\/fr\/wp-json\/wp\/v2\/solution?post=12925"},{"taxonomy":"sector","embeddable":true,"href":"https:\/\/technopolis-group.com\/fr\/wp-json\/wp\/v2\/sector?post=12925"}],"curies":[{"name":"wp","href":"https:\/\/api.w.org\/{rel}","templated":true}]}}