{"id":12950,"date":"2019-12-10T19:37:16","date_gmt":"2019-12-10T19:37:16","guid":{"rendered":"https:\/\/technopolis-group.com\/job-application\/"},"modified":"2025-12-12T09:54:42","modified_gmt":"2025-12-12T09:54:42","slug":"job-application","status":"publish","type":"page","link":"https:\/\/technopolis-group.com\/fr\/job-application\/","title":{"rendered":"Travailler \u00e0 Technopolis Group"},"content":{"rendered":"\n<figure class=\"wp-block-pullquote\"><blockquote><p>\u00catre \u00ab technopolitain \u00bb, une passion pour les politiques publiques<\/p><\/blockquote><\/figure>\n\n\n\n<p><strong>Approche centr\u00e9e clients<br><\/strong>Nos missions font la diff\u00e9rence. Nous choisissons des missions qui permettent de r\u00e9pondre aux d\u00e9fis soci\u00e9taux, environnementaux et \u00e9conomiques de notre temps. Nous nous soucions de nos clients. Nous parlons le m\u00eame langage, nous partageons leurs pr\u00e9occupations, et nous sommes toujours pr\u00eats \u00e0 r\u00e9pondre \u00e0 leurs attentes. <\/p>\n\n\n\n<p><strong>Apprentissage, intrapreneuriat, innovation<\/strong><br>Nos collaborateurs sont passionn\u00e9es, nous leur donnons l&rsquo;opportunit\u00e9 d&rsquo;apprendre, de d\u00e9velopper leurs expertises, et d&rsquo;\u00e9voluer, via des formations, des s\u00e9minaires, et communaut\u00e9s de pratiques. Nous leur donnons les moyens et la libert\u00e9 n\u00e9cessaires pour exp\u00e9rimenter, entreprendre, et innover.<\/p>\n\n\n\n<p><strong>Communaut\u00e9, autonomie, diversit\u00e9<br><\/strong>Notre travail exige un degr\u00e9 \u00e9lev\u00e9 d&rsquo;autonomie et d&rsquo;ind\u00e9pendance, mais nous faisons partie d&rsquo;une communaut\u00e9 et savons valoriser les opinions et les contributions de tous nos collaborateurs. Cela fait la diff\u00e9rence. <\/p>\n\n\n\n<p><\/p>\n\n\n\n<figure class=\"wp-block-embed is-type-video is-provider-vimeo wp-block-embed-vimeo wp-embed-aspect-16-9 wp-has-aspect-ratio\"><div class=\"wp-block-embed__wrapper\">\n<iframe loading=\"lazy\" title=\"Technopolis Group in 5 words\" src=\"https:\/\/player.vimeo.com\/video\/1121564537?dnt=1&amp;app_id=122963\" width=\"500\" height=\"281\" frameborder=\"0\" allow=\"autoplay; fullscreen; picture-in-picture; clipboard-write; encrypted-media; web-share\" referrerpolicy=\"strict-origin-when-cross-origin\"><\/iframe>\n<\/div><\/figure>\n\n\n\n\n\n<h2 class=\"wp-block-heading\">Plus d&rsquo;Info<\/h2>\n\n\n\n<ul class=\"wp-block-list\">\n<li><a href=\"https:\/\/technopolis-group.jobs.personio.com\/\" target=\"_blank\" rel=\"noreferrer noopener\">Postes vacants<\/a><\/li>\n\n\n\n<li><a href=\"https:\/\/technopolis-group.com\/fr\/spontaneous-application\/\">D\u00e9poser votre CV<\/a><\/li>\n\n\n\n<li><a href=\"https:\/\/technopolis-group.com\/fr\/internships\/\">Faire un stage \u00e0 Technopolis Group<\/a><\/li>\n\n\n\n<li><a href=\"https:\/\/technopolis-group.com\/fr\/partner-with-us\/\">Devenir partenaire<\/a><\/li>\n\n\n\n<li><a href=\"https:\/\/technopolis-group.com\/fr\/our-mission\/\">En savoir plus sur Technopolis Group<\/a><\/li>\n<\/ul>\n","protected":false},"excerpt":{"rendered":"<p>\u00catre \u00ab technopolitain \u00bb, une passion pour les politiques publiques [&hellip;]<\/p>\n","protected":false},"author":1,"featured_media":0,"parent":0,"menu_order":0,"comment_status":"closed","ping_status":"closed","template":"","meta":{"_acf_changed":false,"footnotes":""},"solution":[],"sector":[],"class_list":["post-12950","page","type-page","status-publish","hentry"],"acf":[],"yoast_head":"<!-- This site is optimized with the Yoast SEO plugin v27.1.1 - https:\/\/yoast.com\/product\/yoast-seo-wordpress\/ -->\n<title>Travailler \u00e0 Technopolis Group - Technopolis Group<\/title>\n<meta name=\"robots\" content=\"index, follow, max-snippet:-1, max-image-preview:large, max-video-preview:-1\" \/>\n<link rel=\"canonical\" href=\"https:\/\/technopolis-group.com\/fr\/job-application\/\" \/>\n<meta property=\"og:locale\" content=\"fr_FR\" \/>\n<meta property=\"og:type\" content=\"article\" \/>\n<meta property=\"og:title\" content=\"Travailler \u00e0 Technopolis Group - Technopolis Group\" \/>\n<meta property=\"og:description\" content=\"\u00catre \u00ab technopolitain \u00bb, une passion pour les politiques publiques [&hellip;]\" \/>\n<meta property=\"og:url\" content=\"https:\/\/technopolis-group.com\/fr\/job-application\/\" \/>\n<meta property=\"og:site_name\" content=\"Technopolis Group\" \/>\n<meta property=\"article:modified_time\" content=\"2025-12-12T09:54:42+00:00\" \/>\n<meta name=\"twitter:card\" content=\"summary_large_image\" \/>\n<meta name=\"twitter:label1\" content=\"Dur\u00e9e de lecture estim\u00e9e\" \/>\n\t<meta name=\"twitter:data1\" content=\"1 minute\" \/>\n<script type=\"application\/ld+json\" class=\"yoast-schema-graph\">{\"@context\":\"https:\/\/schema.org\",\"@graph\":[{\"@type\":\"WebPage\",\"@id\":\"https:\/\/technopolis-group.com\/fr\/job-application\/\",\"url\":\"https:\/\/technopolis-group.com\/fr\/job-application\/\",\"name\":\"Travailler \u00e0 Technopolis Group - Technopolis Group\",\"isPartOf\":{\"@id\":\"https:\/\/technopolis-group.com\/nl\/#website\"},\"datePublished\":\"2019-12-10T19:37:16+00:00\",\"dateModified\":\"2025-12-12T09:54:42+00:00\",\"breadcrumb\":{\"@id\":\"https:\/\/technopolis-group.com\/fr\/job-application\/#breadcrumb\"},\"inLanguage\":\"fr-FR\",\"potentialAction\":[{\"@type\":\"ReadAction\",\"target\":[\"https:\/\/technopolis-group.com\/fr\/job-application\/\"]}]},{\"@type\":\"BreadcrumbList\",\"@id\":\"https:\/\/technopolis-group.com\/fr\/job-application\/#breadcrumb\",\"itemListElement\":[{\"@type\":\"ListItem\",\"position\":1,\"name\":\"Home\",\"item\":\"https:\/\/technopolis-group.com\/fr\/\"},{\"@type\":\"ListItem\",\"position\":2,\"name\":\"Travailler \u00e0 Technopolis Group\"}]},{\"@type\":\"WebSite\",\"@id\":\"https:\/\/technopolis-group.com\/nl\/#website\",\"url\":\"https:\/\/technopolis-group.com\/nl\/\",\"name\":\"Technopolis Group\",\"description\":\"Technopolis-group\",\"potentialAction\":[{\"@type\":\"SearchAction\",\"target\":{\"@type\":\"EntryPoint\",\"urlTemplate\":\"https:\/\/technopolis-group.com\/nl\/?s={search_term_string}\"},\"query-input\":{\"@type\":\"PropertyValueSpecification\",\"valueRequired\":true,\"valueName\":\"search_term_string\"}}],\"inLanguage\":\"fr-FR\"}]}<\/script>\n<!-- \/ Yoast SEO plugin. -->","yoast_head_json":{"title":"Travailler \u00e0 Technopolis Group - Technopolis Group","robots":{"index":"index","follow":"follow","max-snippet":"max-snippet:-1","max-image-preview":"max-image-preview:large","max-video-preview":"max-video-preview:-1"},"canonical":"https:\/\/technopolis-group.com\/fr\/job-application\/","og_locale":"fr_FR","og_type":"article","og_title":"Travailler \u00e0 Technopolis Group - Technopolis Group","og_description":"\u00catre \u00ab technopolitain \u00bb, une passion pour les politiques publiques [&hellip;]","og_url":"https:\/\/technopolis-group.com\/fr\/job-application\/","og_site_name":"Technopolis Group","article_modified_time":"2025-12-12T09:54:42+00:00","twitter_card":"summary_large_image","twitter_misc":{"Dur\u00e9e de lecture estim\u00e9e":"1 minute"},"schema":{"@context":"https:\/\/schema.org","@graph":[{"@type":"WebPage","@id":"https:\/\/technopolis-group.com\/fr\/job-application\/","url":"https:\/\/technopolis-group.com\/fr\/job-application\/","name":"Travailler \u00e0 Technopolis Group - Technopolis Group","isPartOf":{"@id":"https:\/\/technopolis-group.com\/nl\/#website"},"datePublished":"2019-12-10T19:37:16+00:00","dateModified":"2025-12-12T09:54:42+00:00","breadcrumb":{"@id":"https:\/\/technopolis-group.com\/fr\/job-application\/#breadcrumb"},"inLanguage":"fr-FR","potentialAction":[{"@type":"ReadAction","target":["https:\/\/technopolis-group.com\/fr\/job-application\/"]}]},{"@type":"BreadcrumbList","@id":"https:\/\/technopolis-group.com\/fr\/job-application\/#breadcrumb","itemListElement":[{"@type":"ListItem","position":1,"name":"Home","item":"https:\/\/technopolis-group.com\/fr\/"},{"@type":"ListItem","position":2,"name":"Travailler \u00e0 Technopolis Group"}]},{"@type":"WebSite","@id":"https:\/\/technopolis-group.com\/nl\/#website","url":"https:\/\/technopolis-group.com\/nl\/","name":"Technopolis Group","description":"Technopolis-group","potentialAction":[{"@type":"SearchAction","target":{"@type":"EntryPoint","urlTemplate":"https:\/\/technopolis-group.com\/nl\/?s={search_term_string}"},"query-input":{"@type":"PropertyValueSpecification","valueRequired":true,"valueName":"search_term_string"}}],"inLanguage":"fr-FR"}]}},"publishpress_future_action":{"enabled":false,"date":"2026-04-13 09:32:18","action":"change-status","newStatus":"draft","terms":[],"taxonomy":"translation_priority","extraData":[]},"publishpress_future_workflow_manual_trigger":{"enabledWorkflows":[]},"_links":{"self":[{"href":"https:\/\/technopolis-group.com\/fr\/wp-json\/wp\/v2\/pages\/12950","targetHints":{"allow":["GET"]}}],"collection":[{"href":"https:\/\/technopolis-group.com\/fr\/wp-json\/wp\/v2\/pages"}],"about":[{"href":"https:\/\/technopolis-group.com\/fr\/wp-json\/wp\/v2\/types\/page"}],"author":[{"embeddable":true,"href":"https:\/\/technopolis-group.com\/fr\/wp-json\/wp\/v2\/users\/1"}],"replies":[{"embeddable":true,"href":"https:\/\/technopolis-group.com\/fr\/wp-json\/wp\/v2\/comments?post=12950"}],"version-history":[{"count":18,"href":"https:\/\/technopolis-group.com\/fr\/wp-json\/wp\/v2\/pages\/12950\/revisions"}],"predecessor-version":[{"id":63556,"href":"https:\/\/technopolis-group.com\/fr\/wp-json\/wp\/v2\/pages\/12950\/revisions\/63556"}],"wp:attachment":[{"href":"https:\/\/technopolis-group.com\/fr\/wp-json\/wp\/v2\/media?parent=12950"}],"wp:term":[{"taxonomy":"solution","embeddable":true,"href":"https:\/\/technopolis-group.com\/fr\/wp-json\/wp\/v2\/solution?post=12950"},{"taxonomy":"sector","embeddable":true,"href":"https:\/\/technopolis-group.com\/fr\/wp-json\/wp\/v2\/sector?post=12950"}],"curies":[{"name":"wp","href":"https:\/\/api.w.org\/{rel}","templated":true}]}}