{"id":12796,"date":"2019-12-10T08:17:46","date_gmt":"2019-12-10T08:17:46","guid":{"rendered":"https:\/\/technopolis-group.com\/sectors\/digital-transformations\/"},"modified":"2025-03-05T14:47:27","modified_gmt":"2025-03-05T14:47:27","slug":"digital-transformations","status":"publish","type":"page","link":"https:\/\/technopolis-group.com\/nl\/sectors\/digital-transformations\/","title":{"rendered":"Digitale Transformatie"},"content":{"rendered":"\n<figure class=\"wp-block-pullquote\"><blockquote><p>Digitalisering heeft een ingrijpende impact op het leven van burgers, de werking van bedrijven en de levering van overheidsdiensten.&nbsp;<br><br>Digitale technologie\u00ebn bieden nieuwe mogelijkheden voor maatschappelijk welzijn, economische groei en hervorming van de publieke sector. Maar het brengt ook een breed scala aan uitdagingen met zich mee, bijvoorbeeld met betrekking tot digitale kloven, AI-gedreven vooroordelen, de vraag naar middelen van datacentra en complexe regelgeving. Daarnaast is er een noodzaak om bedrijfsmodellen en openbare dienstverlening te herzien.&nbsp;&nbsp;&nbsp;<br><br>In het algemeen brengt de snelle technologische vooruitgang de behoefte met zich mee om toekomstige en opkomende technologie\u00ebn te identificeren en hun impact te voorzien.&nbsp;<\/p><\/blockquote><\/figure>\n\n\n\n<p>Technopolis Group wil begeleiding bieden in de voorhoede van de digitale transitie. Onze consultants ondersteunen beleidsmakers tijdens de beleidscyclus om maatschappelijke, publieke, economische en industri\u00eble uitdagingen als gevolg van digitalisering aan te gaan en om kansen te grijpen die digitale technologie\u00ebn mogelijk maken, zoals kunstmatige intelligentie, cloud en edge computing, cyberbeveiliging, IoT en kwantumtechnologie\u00ebn. Onze dienstverlening is gebaseerd op een menselijke, ethische en inclusieve benadering van digitalisering.&nbsp;&nbsp;<\/p>\n\n\n\n<p>We stemmen onze aanpak voortdurend af om beleidsmakers te helpen bij het ontwerpen van slim beleid en slimme programma&#8217;s ter ondersteuning van:&nbsp;<\/p>\n\n\n\n<ul class=\"wp-block-list\">\n<li>de maatschappelijke impact van de digitale transitie\u00a0<\/li>\n<\/ul>\n\n\n\n<ul class=\"wp-block-list\">\n<li>digitalisering van de industrie, het bedrijfsleven en midden- en kleinbedrijven (MKB), inclusief de invoering van digitale vaardigheden en de financiering van startende technologiebedrijven\u00a0\u00a0<\/li>\n<\/ul>\n\n\n\n<ul class=\"wp-block-list\">\n<li>digitalisering van overheidsdiensten en de overheid<\/li>\n<\/ul>\n\n\n\n<p>Als betrouwbare onderzoeks- en evaluatiepartner op het gebied van digitaal beleid en digitale programma&#8217;s leveren we belangrijke inzichten, bewijzen en meetgegevens, evenals strategisch advies om beleidsmakers en industrie\u00ebn te ondersteunen. We helpen bij het opzetten van nieuwe digitale initiatieven, betrekken en raadplegen belanghebbenden, ondersteunen de implementatie van initiatieven en evalueren de wetenschappelijke, economische en maatschappelijke effecten ervan.&nbsp;&nbsp;<\/p>\n\n\n\n<p>We helpen onze klanten om:&nbsp;<\/p>\n\n\n\n<ul class=\"wp-block-list\">\n<li>\u00a0strategie, markt- en beleidsinterventies te ontwerpen die de digitale transitie ondersteunen\u00a0\u00a0<\/li>\n<\/ul>\n\n\n\n<ul class=\"wp-block-list\">\n<li>de impact van digitaal beleid en financieringsprogramma&#8217;s te evalueren en te beoordelen\u00a0<\/li>\n<\/ul>\n\n\n\n<ul class=\"wp-block-list\">\n<li>trends, kansen en uitdagingen met betrekking tot digitalisering te begrijpen<\/li>\n<\/ul>\n\n\n\n<ul class=\"wp-block-list\">\n<li>de digitale transitie te monitoren door middel van indicator- en monitoringkaders\u00a0<\/li>\n<\/ul>\n\n\n\n<ul class=\"wp-block-list\">\n<li>programma&#8217;s ter ondersteuning van de digitale transitie implementeren en beheren\u00a0<\/li>\n<\/ul>\n\n\n\n<ul class=\"wp-block-list\">\n<li>communiceren over de digitale transitie<\/li>\n<\/ul>\n\n\n\n<p>Om deze doelen te bereiken, passen wij diverse methodologie\u00ebn toe, waaronder toekomstverkenningen en scenariostudies, technologische routekaarten, kwantitatieve en kwalitatieve onderzoeksmethoden (zoals interviews, enqu\u00eates en workshops), data science en AI-modellen, en evaluaties en effectbeoordelingen. Onze aanpak is wetenschappelijk onderbouwd en gebaseerd op nieuwe en traditionele gegevensbronnen.&nbsp;&nbsp;&nbsp;<\/p>\n\n\n\n<p>Onze klanten zijn de Europese Commissie (DG CNECT, DG REFORM, DG RTD, DG EAC, DG JRC en DG GROW), het Europees Parlement, ESPON, OESO, multilaterale ontwikkelingsbanken en nationale en regionale overheden en agentschappen, clusters, bedrijfsverenigingen en publiek-private partnerschappen in Europa en daarbuiten. Enkele van onze klanten zijn:&nbsp;&nbsp;&nbsp;&nbsp;<\/p>\n","protected":false},"excerpt":{"rendered":"<p>Digitalisering heeft een ingrijpende impact op het leven van burgers, [&hellip;]<\/p>\n","protected":false},"author":1,"featured_media":0,"parent":12788,"menu_order":0,"comment_status":"closed","ping_status":"closed","template":"templates\/tpl-sectors.php","meta":{"_acf_changed":false,"footnotes":""},"solution":[],"sector":[85],"class_list":["post-12796","page","type-page","status-publish","hentry","sector-digitalisation-nl"],"acf":[],"yoast_head":"<!-- This site is optimized with the Yoast SEO plugin v27.1.1 - https:\/\/yoast.com\/product\/yoast-seo-wordpress\/ -->\n<title>Digitale Transformatie - Technopolis Group<\/title>\n<meta name=\"robots\" content=\"index, follow, max-snippet:-1, max-image-preview:large, max-video-preview:-1\" \/>\n<link rel=\"canonical\" href=\"https:\/\/technopolis-group.com\/nl\/sectors\/digital-transformations\/\" \/>\n<meta property=\"og:locale\" content=\"nl_NL\" \/>\n<meta property=\"og:type\" content=\"article\" \/>\n<meta property=\"og:title\" content=\"Digitale Transformatie - Technopolis Group\" \/>\n<meta property=\"og:description\" content=\"Digitalisering heeft een ingrijpende impact op het leven van burgers, [&hellip;]\" \/>\n<meta property=\"og:url\" content=\"https:\/\/technopolis-group.com\/nl\/sectors\/digital-transformations\/\" \/>\n<meta property=\"og:site_name\" content=\"Technopolis Group\" \/>\n<meta property=\"article:modified_time\" content=\"2025-03-05T14:47:27+00:00\" \/>\n<meta name=\"twitter:card\" content=\"summary_large_image\" \/>\n<meta name=\"twitter:label1\" content=\"Geschatte leestijd\" \/>\n\t<meta name=\"twitter:data1\" content=\"2 minuten\" \/>\n<script type=\"application\/ld+json\" class=\"yoast-schema-graph\">{\"@context\":\"https:\/\/schema.org\",\"@graph\":[{\"@type\":\"WebPage\",\"@id\":\"https:\/\/technopolis-group.com\/nl\/sectors\/digital-transformations\/\",\"url\":\"https:\/\/technopolis-group.com\/nl\/sectors\/digital-transformations\/\",\"name\":\"Digitale Transformatie - Technopolis Group\",\"isPartOf\":{\"@id\":\"https:\/\/technopolis-group.com\/nl\/#website\"},\"datePublished\":\"2019-12-10T08:17:46+00:00\",\"dateModified\":\"2025-03-05T14:47:27+00:00\",\"breadcrumb\":{\"@id\":\"https:\/\/technopolis-group.com\/nl\/sectors\/digital-transformations\/#breadcrumb\"},\"inLanguage\":\"nl-NL\",\"potentialAction\":[{\"@type\":\"ReadAction\",\"target\":[\"https:\/\/technopolis-group.com\/nl\/sectors\/digital-transformations\/\"]}]},{\"@type\":\"BreadcrumbList\",\"@id\":\"https:\/\/technopolis-group.com\/nl\/sectors\/digital-transformations\/#breadcrumb\",\"itemListElement\":[{\"@type\":\"ListItem\",\"position\":1,\"name\":\"Home\",\"item\":\"https:\/\/technopolis-group.com\/nl\/\"},{\"@type\":\"ListItem\",\"position\":2,\"name\":\"Sectoren\",\"item\":\"https:\/\/technopolis-group.com\/nl\/sectors\/\"},{\"@type\":\"ListItem\",\"position\":3,\"name\":\"Digitale Transformatie\"}]},{\"@type\":\"WebSite\",\"@id\":\"https:\/\/technopolis-group.com\/nl\/#website\",\"url\":\"https:\/\/technopolis-group.com\/nl\/\",\"name\":\"Technopolis Group\",\"description\":\"Technopolis-group\",\"potentialAction\":[{\"@type\":\"SearchAction\",\"target\":{\"@type\":\"EntryPoint\",\"urlTemplate\":\"https:\/\/technopolis-group.com\/nl\/?s={search_term_string}\"},\"query-input\":{\"@type\":\"PropertyValueSpecification\",\"valueRequired\":true,\"valueName\":\"search_term_string\"}}],\"inLanguage\":\"nl-NL\"}]}<\/script>\n<!-- \/ Yoast SEO plugin. -->","yoast_head_json":{"title":"Digitale Transformatie - Technopolis Group","robots":{"index":"index","follow":"follow","max-snippet":"max-snippet:-1","max-image-preview":"max-image-preview:large","max-video-preview":"max-video-preview:-1"},"canonical":"https:\/\/technopolis-group.com\/nl\/sectors\/digital-transformations\/","og_locale":"nl_NL","og_type":"article","og_title":"Digitale Transformatie - Technopolis Group","og_description":"Digitalisering heeft een ingrijpende impact op het leven van burgers, [&hellip;]","og_url":"https:\/\/technopolis-group.com\/nl\/sectors\/digital-transformations\/","og_site_name":"Technopolis Group","article_modified_time":"2025-03-05T14:47:27+00:00","twitter_card":"summary_large_image","twitter_misc":{"Geschatte leestijd":"2 minuten"},"schema":{"@context":"https:\/\/schema.org","@graph":[{"@type":"WebPage","@id":"https:\/\/technopolis-group.com\/nl\/sectors\/digital-transformations\/","url":"https:\/\/technopolis-group.com\/nl\/sectors\/digital-transformations\/","name":"Digitale Transformatie - Technopolis Group","isPartOf":{"@id":"https:\/\/technopolis-group.com\/nl\/#website"},"datePublished":"2019-12-10T08:17:46+00:00","dateModified":"2025-03-05T14:47:27+00:00","breadcrumb":{"@id":"https:\/\/technopolis-group.com\/nl\/sectors\/digital-transformations\/#breadcrumb"},"inLanguage":"nl-NL","potentialAction":[{"@type":"ReadAction","target":["https:\/\/technopolis-group.com\/nl\/sectors\/digital-transformations\/"]}]},{"@type":"BreadcrumbList","@id":"https:\/\/technopolis-group.com\/nl\/sectors\/digital-transformations\/#breadcrumb","itemListElement":[{"@type":"ListItem","position":1,"name":"Home","item":"https:\/\/technopolis-group.com\/nl\/"},{"@type":"ListItem","position":2,"name":"Sectoren","item":"https:\/\/technopolis-group.com\/nl\/sectors\/"},{"@type":"ListItem","position":3,"name":"Digitale Transformatie"}]},{"@type":"WebSite","@id":"https:\/\/technopolis-group.com\/nl\/#website","url":"https:\/\/technopolis-group.com\/nl\/","name":"Technopolis Group","description":"Technopolis-group","potentialAction":[{"@type":"SearchAction","target":{"@type":"EntryPoint","urlTemplate":"https:\/\/technopolis-group.com\/nl\/?s={search_term_string}"},"query-input":{"@type":"PropertyValueSpecification","valueRequired":true,"valueName":"search_term_string"}}],"inLanguage":"nl-NL"}]}},"publishpress_future_action":{"enabled":false,"date":"2026-04-11 22:57:05","action":"change-status","newStatus":"draft","terms":[],"taxonomy":"translation_priority","extraData":[]},"publishpress_future_workflow_manual_trigger":{"enabledWorkflows":[]},"_links":{"self":[{"href":"https:\/\/technopolis-group.com\/nl\/wp-json\/wp\/v2\/pages\/12796","targetHints":{"allow":["GET"]}}],"collection":[{"href":"https:\/\/technopolis-group.com\/nl\/wp-json\/wp\/v2\/pages"}],"about":[{"href":"https:\/\/technopolis-group.com\/nl\/wp-json\/wp\/v2\/types\/page"}],"author":[{"embeddable":true,"href":"https:\/\/technopolis-group.com\/nl\/wp-json\/wp\/v2\/users\/1"}],"replies":[{"embeddable":true,"href":"https:\/\/technopolis-group.com\/nl\/wp-json\/wp\/v2\/comments?post=12796"}],"version-history":[{"count":9,"href":"https:\/\/technopolis-group.com\/nl\/wp-json\/wp\/v2\/pages\/12796\/revisions"}],"predecessor-version":[{"id":58967,"href":"https:\/\/technopolis-group.com\/nl\/wp-json\/wp\/v2\/pages\/12796\/revisions\/58967"}],"up":[{"embeddable":true,"href":"https:\/\/technopolis-group.com\/nl\/wp-json\/wp\/v2\/pages\/12788"}],"wp:attachment":[{"href":"https:\/\/technopolis-group.com\/nl\/wp-json\/wp\/v2\/media?parent=12796"}],"wp:term":[{"taxonomy":"solution","embeddable":true,"href":"https:\/\/technopolis-group.com\/nl\/wp-json\/wp\/v2\/solution?post=12796"},{"taxonomy":"sector","embeddable":true,"href":"https:\/\/technopolis-group.com\/nl\/wp-json\/wp\/v2\/sector?post=12796"}],"curies":[{"name":"wp","href":"https:\/\/api.w.org\/{rel}","templated":true}]}}