{"id":54748,"date":"2019-12-10T08:21:35","date_gmt":"2019-12-10T08:21:35","guid":{"rendered":"https:\/\/technopolis-group.com\/international-cooperation\/"},"modified":"2025-03-17T15:05:11","modified_gmt":"2025-03-17T15:05:11","slug":"international-cooperation","status":"publish","type":"page","link":"https:\/\/technopolis-group.com\/pt-pt\/sectors\/international-cooperation\/","title":{"rendered":"Coopera\u00e7\u00e3o internacional"},"content":{"rendered":"<figure class=\"wp-block-pullquote\"><blockquote><p>Os desafios globais exigem solu\u00e7\u00f5es colaborativas.<br><br>Num mundo interligado, os acontecimentos em qualquer pa\u00eds t\u00eam repercuss\u00f5es globais, evidenciando a import\u00e2ncia da coopera\u00e7\u00e3o internacional na investiga\u00e7\u00e3o e inova\u00e7\u00e3o, na educa\u00e7\u00e3o e no desenvolvimento socioecon\u00f3mico. Para enfrentar desafios como as altera\u00e7\u00f5es clim\u00e1ticas ou a ascens\u00e3o da Intelig\u00eancia Artificial, promovemos abordagens, pol\u00edticas e esquemas de financiamento bem estruturados, capazes de criar pontes e fortalecer a colabora\u00e7\u00e3o a n\u00edvel global.&nbsp;<br><\/p><\/blockquote><\/figure> <p>Trabalhamos h\u00e1 mais de vinte anos para fortalecer a coopera\u00e7\u00e3o internacional, guiados pela convic\u00e7\u00e3o de que uma vis\u00e3o clara, aliada a uma abordagem baseada em evid\u00eancias, \u00e9 essencial para enfrentar desafios globais.&nbsp;<\/p> <p>Por isso, aperfei\u00e7oamos continuamente as nossas metodologias para contribuir para uma agenda que promova o desenvolvimento sustent\u00e1vel. A nossa experi\u00eancia abrange diversas \u00e1reas, incluindo:&nbsp;<\/p> <ul class=\"wp-block-list\"> <li>ci\u00eancia, tecnologia e inova\u00e7\u00e3o&nbsp;&nbsp;<\/li> <\/ul> <ul class=\"wp-block-list\"> <li>desenvolvimento do sector privado&nbsp;&nbsp;<\/li> <\/ul> <ul class=\"wp-block-list\"> <li>transforma\u00e7\u00e3o digital&nbsp;&nbsp;<\/li> <\/ul> <ul class=\"wp-block-list\"> <li>clima e ambiente&nbsp;&nbsp;<\/li> <\/ul> <ul class=\"wp-block-list\"> <li>educa\u00e7\u00e3o e compet\u00eancias&nbsp;&nbsp;<\/li> <\/ul> <ul class=\"wp-block-list\"> <li>respostas a emerg\u00eancias humanit\u00e1rias e a situa\u00e7\u00f5es de crise&nbsp;<\/li> <\/ul> <ul class=\"wp-block-list\"> <li>sa\u00fade mundial&nbsp;&nbsp;<\/li> <\/ul> <ul class=\"wp-block-list\"> <li>migra\u00e7\u00e3o&nbsp;<\/li> <\/ul> <p>Nestes setores, oferecemos uma ampla gama de servi\u00e7os:&nbsp;<\/p> <ul class=\"wp-block-list\"> <li>monitoriza\u00e7\u00e3o, avalia\u00e7\u00e3o e aprendizagem&nbsp;<\/li> <\/ul> <ul class=\"wp-block-list\"> <li>estudos estrat\u00e9gicos e de viabilidade&nbsp;<\/li> <\/ul> <ul class=\"wp-block-list\"> <li>apoio \u00e0 gest\u00e3o de projetos e assist\u00eancia t\u00e9cnica&nbsp;<\/li> <\/ul> <ul class=\"wp-block-list\"> <li>secretariado e gest\u00e3o de redes&nbsp;<\/li> <\/ul> <p>Gra\u00e7as aos nossos dois escrit\u00f3rios fora da Europa, em Bogot\u00e1 (Col\u00f4mbia) e Abidjan (Costa do Marfim), juntamente com uma vasta rede de consultores, parceiros e peritos associados em todos os continentes, estamos presentes e trabalhamos extensivamente em \u00c1frica, na Am\u00e9rica Latina, no M\u00e9dio Oriente, e no Sul e Sudeste Asi\u00e1tico.&nbsp;<\/p> <div class=\"wp-block-image\"> <figure class=\"aligncenter size-large is-resized\"><img loading=\"lazy\" decoding=\"async\" width=\"477\" height=\"369\" src=\"https:\/\/technopolis-group.com\/wp-content\/uploads\/2025\/02\/International-Cooperation-infographic-3-477x369.png\" alt=\"\" class=\"wp-image-57424\" style=\"width:840px;height:auto\" srcset=\"https:\/\/technopolis-group.com\/wp-content\/uploads\/2025\/02\/International-Cooperation-infographic-3-477x369.png 477w, https:\/\/technopolis-group.com\/wp-content\/uploads\/2025\/02\/International-Cooperation-infographic-3-300x232.png 300w, https:\/\/technopolis-group.com\/wp-content\/uploads\/2025\/02\/International-Cooperation-infographic-3.png 750w\" sizes=\"auto, (max-width: 477px) 100vw, 477px\" \/><\/figure> <\/div> <h3 class=\"wp-block-heading\"><\/h3> <br> <h2 class=\"wp-block-heading\">Mais informa\u00e7\u00f5es<\/h2> <div class=\"wp-block-image\"> <figure class=\"aligncenter size-full\"><img loading=\"lazy\" decoding=\"async\" width=\"852\" height=\"1206\" src=\"https:\/\/technopolis-group.com\/wp-content\/uploads\/2025\/01\/International-Cooperation-cover.png\" alt=\"\" class=\"wp-image-56453\" srcset=\"https:\/\/technopolis-group.com\/wp-content\/uploads\/2025\/01\/International-Cooperation-cover.png 852w, https:\/\/technopolis-group.com\/wp-content\/uploads\/2025\/01\/International-Cooperation-cover-212x300.png 212w, https:\/\/technopolis-group.com\/wp-content\/uploads\/2025\/01\/International-Cooperation-cover-261x369.png 261w, https:\/\/technopolis-group.com\/wp-content\/uploads\/2025\/01\/International-Cooperation-cover-768x1087.png 768w\" sizes=\"auto, (max-width: 852px) 100vw, 852px\" \/><figcaption class=\"wp-element-caption\">Clique <a href=\"https:\/\/technopolis-group.com\/wp-content\/uploads\/2024\/04\/International_Cooperation.pdf\" data-type=\"link\" data-id=\"https:\/\/technopolis-group.com\/wp-content\/uploads\/2024\/04\/International_Cooperation.pdf\">aqui<\/a> para obter mais informa\u00e7\u00f5es sobre o nosso trabalho e alguns destaques de projectos!<\/figcaption><\/figure> <\/div> <h2 class=\"wp-block-heading\">Partner with us<\/h2> <p>Technopolis Group assinou um contrato-quadro com a DG INTPA da Comiss\u00e3o Europeia. Se desejar ser nosso parceiro como perito externo neste contexto, por favor clique&nbsp;<a href=\"https:\/\/technopolis-group.jobs.personio.com\/job\/1440398?language=en&amp;display=en\">aqui<\/a>.<\/p> <hr class=\"wp-block-separator has-alpha-channel-opacity\"\/> <p><a href=\"https:\/\/technopolis-group.com\/expert\/stephan-kreutzer\/\">Stephan Kreuzer<\/a>, Partner &#8211; International Cooperation, com <a href=\"https:\/\/technopolis-group.com\/es\/expert\/francie-sadeski\/\">Francie Sadeski<\/a>, Managing Partner &#8211; Technopolis Africa; <a href=\"https:\/\/technopolis-group.com\/es\/expert\/monica-salazar\/\">Monica Salazar<\/a> &#8211; Technopolis Colombia e <a href=\"https:\/\/technopolis-group.com\/es\/expert\/camille-hennion\/\">Camille Hennion<\/a>, Partner &#8211; Crisis and Humanitarian Responses.<\/p> <p>Para mais informa\u00e7\u00f5es, contactar <a href=\"https:\/\/www.technopolis-group.com\/expert\/stephan-kreutzer\/\" target=\"_blank\" rel=\"noreferrer noopener\">Stephan Kreutzer<\/a>, Partner.<\/p> <h2 class=\"wp-block-heading\">Para quem e com quem trabalhamos&nbsp;<\/h2> <p>Trabalhamos com bancos multilaterais de desenvolvimento, institui\u00e7\u00f5es financeiras internacionais, ag\u00eancias das Na\u00e7\u00f5es Unidas, institui\u00e7\u00f5es europeias, ag\u00eancias de doadores bilaterais, governos, institui\u00e7\u00f5es filantr\u00f3picas e organiza\u00e7\u00f5es da sociedade civil.&nbsp;<\/p> <p>Temos v\u00e1rios contratos-quadro para a presta\u00e7\u00e3o de servi\u00e7os de avalia\u00e7\u00e3o e consultoria, incluindo com a DG INTPA (avalia\u00e7\u00e3o a n\u00edvel de interven\u00e7\u00e3o e estrat\u00e9gico) e a DG RTD (servi\u00e7o de apoio \u00e0 abordagem global da investiga\u00e7\u00e3o e inova\u00e7\u00e3o) da Comiss\u00e3o Europeia, UNESCO, Ag\u00eancia Francesa de Desenvolvimento e Minist\u00e9rio dos Neg\u00f3cios Estrangeiros dos Pa\u00edses Baixos<\/p>","protected":false},"excerpt":{"rendered":"<p>Os desafios globais exigem solu\u00e7\u00f5es colaborativas. Num mundo interligado, os [&hellip;]<\/p>\n","protected":false},"author":1,"featured_media":0,"parent":55204,"menu_order":0,"comment_status":"closed","ping_status":"closed","template":"templates\/tpl-sectors.php","meta":{"_acf_changed":false,"footnotes":""},"solution":[],"sector":[268],"class_list":["post-54748","page","type-page","status-publish","hentry","sector-international-coop-pt-pt"],"acf":[],"yoast_head":"<!-- This site is optimized with the Yoast SEO plugin v27.1.1 - https:\/\/yoast.com\/product\/yoast-seo-wordpress\/ -->\n<title>Coopera\u00e7\u00e3o internacional - Technopolis Group<\/title>\n<meta name=\"robots\" content=\"index, follow, max-snippet:-1, max-image-preview:large, max-video-preview:-1\" \/>\n<link rel=\"canonical\" href=\"https:\/\/technopolis-group.com\/pt-pt\/sectors\/international-cooperation\/\" \/>\n<meta property=\"og:locale\" content=\"pt_PT\" \/>\n<meta property=\"og:type\" content=\"article\" \/>\n<meta property=\"og:title\" content=\"Coopera\u00e7\u00e3o internacional - Technopolis Group\" \/>\n<meta property=\"og:description\" content=\"Os desafios globais exigem solu\u00e7\u00f5es colaborativas. Num mundo interligado, os [&hellip;]\" \/>\n<meta property=\"og:url\" content=\"https:\/\/technopolis-group.com\/pt-pt\/sectors\/international-cooperation\/\" \/>\n<meta property=\"og:site_name\" content=\"Technopolis Group\" \/>\n<meta property=\"article:modified_time\" content=\"2025-03-17T15:05:11+00:00\" \/>\n<meta property=\"og:image\" content=\"https:\/\/technopolis-group.com\/wp-content\/uploads\/2025\/02\/International-Cooperation-infographic-3.png\" \/>\n\t<meta property=\"og:image:width\" content=\"750\" \/>\n\t<meta property=\"og:image:height\" content=\"580\" \/>\n\t<meta property=\"og:image:type\" content=\"image\/png\" \/>\n<meta name=\"twitter:card\" content=\"summary_large_image\" \/>\n<meta name=\"twitter:label1\" content=\"Tempo estimado de leitura\" \/>\n\t<meta name=\"twitter:data1\" content=\"2 minutos\" \/>\n<script type=\"application\/ld+json\" class=\"yoast-schema-graph\">{\"@context\":\"https:\/\/schema.org\",\"@graph\":[{\"@type\":\"WebPage\",\"@id\":\"https:\/\/technopolis-group.com\/pt-pt\/sectors\/international-cooperation\/\",\"url\":\"https:\/\/technopolis-group.com\/pt-pt\/sectors\/international-cooperation\/\",\"name\":\"Coopera\u00e7\u00e3o internacional - Technopolis Group\",\"isPartOf\":{\"@id\":\"https:\/\/technopolis-group.com\/nl\/#website\"},\"primaryImageOfPage\":{\"@id\":\"https:\/\/technopolis-group.com\/pt-pt\/sectors\/international-cooperation\/#primaryimage\"},\"image\":{\"@id\":\"https:\/\/technopolis-group.com\/pt-pt\/sectors\/international-cooperation\/#primaryimage\"},\"thumbnailUrl\":\"https:\/\/technopolis-group.com\/wp-content\/uploads\/2025\/02\/International-Cooperation-infographic-3-477x369.png\",\"datePublished\":\"2019-12-10T08:21:35+00:00\",\"dateModified\":\"2025-03-17T15:05:11+00:00\",\"breadcrumb\":{\"@id\":\"https:\/\/technopolis-group.com\/pt-pt\/sectors\/international-cooperation\/#breadcrumb\"},\"inLanguage\":\"pt-PT\",\"potentialAction\":[{\"@type\":\"ReadAction\",\"target\":[\"https:\/\/technopolis-group.com\/pt-pt\/sectors\/international-cooperation\/\"]}]},{\"@type\":\"ImageObject\",\"inLanguage\":\"pt-PT\",\"@id\":\"https:\/\/technopolis-group.com\/pt-pt\/sectors\/international-cooperation\/#primaryimage\",\"url\":\"https:\/\/technopolis-group.com\/wp-content\/uploads\/2025\/02\/International-Cooperation-infographic-3-477x369.png\",\"contentUrl\":\"https:\/\/technopolis-group.com\/wp-content\/uploads\/2025\/02\/International-Cooperation-infographic-3-477x369.png\"},{\"@type\":\"BreadcrumbList\",\"@id\":\"https:\/\/technopolis-group.com\/pt-pt\/sectors\/international-cooperation\/#breadcrumb\",\"itemListElement\":[{\"@type\":\"ListItem\",\"position\":1,\"name\":\"Home\",\"item\":\"https:\/\/technopolis-group.com\/pt-pt\/\"},{\"@type\":\"ListItem\",\"position\":2,\"name\":\"Sectors\",\"item\":\"https:\/\/technopolis-group.com\/pt-pt\/sectors\/\"},{\"@type\":\"ListItem\",\"position\":3,\"name\":\"Coopera\u00e7\u00e3o internacional\"}]},{\"@type\":\"WebSite\",\"@id\":\"https:\/\/technopolis-group.com\/nl\/#website\",\"url\":\"https:\/\/technopolis-group.com\/nl\/\",\"name\":\"Technopolis Group\",\"description\":\"Technopolis-group\",\"potentialAction\":[{\"@type\":\"SearchAction\",\"target\":{\"@type\":\"EntryPoint\",\"urlTemplate\":\"https:\/\/technopolis-group.com\/nl\/?s={search_term_string}\"},\"query-input\":{\"@type\":\"PropertyValueSpecification\",\"valueRequired\":true,\"valueName\":\"search_term_string\"}}],\"inLanguage\":\"pt-PT\"}]}<\/script>\n<!-- \/ Yoast SEO plugin. -->","yoast_head_json":{"title":"Coopera\u00e7\u00e3o internacional - Technopolis Group","robots":{"index":"index","follow":"follow","max-snippet":"max-snippet:-1","max-image-preview":"max-image-preview:large","max-video-preview":"max-video-preview:-1"},"canonical":"https:\/\/technopolis-group.com\/pt-pt\/sectors\/international-cooperation\/","og_locale":"pt_PT","og_type":"article","og_title":"Coopera\u00e7\u00e3o internacional - Technopolis Group","og_description":"Os desafios globais exigem solu\u00e7\u00f5es colaborativas. Num mundo interligado, os [&hellip;]","og_url":"https:\/\/technopolis-group.com\/pt-pt\/sectors\/international-cooperation\/","og_site_name":"Technopolis Group","article_modified_time":"2025-03-17T15:05:11+00:00","og_image":[{"width":750,"height":580,"url":"https:\/\/technopolis-group.com\/wp-content\/uploads\/2025\/02\/International-Cooperation-infographic-3.png","type":"image\/png"}],"twitter_card":"summary_large_image","twitter_misc":{"Tempo estimado de leitura":"2 minutos"},"schema":{"@context":"https:\/\/schema.org","@graph":[{"@type":"WebPage","@id":"https:\/\/technopolis-group.com\/pt-pt\/sectors\/international-cooperation\/","url":"https:\/\/technopolis-group.com\/pt-pt\/sectors\/international-cooperation\/","name":"Coopera\u00e7\u00e3o internacional - Technopolis Group","isPartOf":{"@id":"https:\/\/technopolis-group.com\/nl\/#website"},"primaryImageOfPage":{"@id":"https:\/\/technopolis-group.com\/pt-pt\/sectors\/international-cooperation\/#primaryimage"},"image":{"@id":"https:\/\/technopolis-group.com\/pt-pt\/sectors\/international-cooperation\/#primaryimage"},"thumbnailUrl":"https:\/\/technopolis-group.com\/wp-content\/uploads\/2025\/02\/International-Cooperation-infographic-3-477x369.png","datePublished":"2019-12-10T08:21:35+00:00","dateModified":"2025-03-17T15:05:11+00:00","breadcrumb":{"@id":"https:\/\/technopolis-group.com\/pt-pt\/sectors\/international-cooperation\/#breadcrumb"},"inLanguage":"pt-PT","potentialAction":[{"@type":"ReadAction","target":["https:\/\/technopolis-group.com\/pt-pt\/sectors\/international-cooperation\/"]}]},{"@type":"ImageObject","inLanguage":"pt-PT","@id":"https:\/\/technopolis-group.com\/pt-pt\/sectors\/international-cooperation\/#primaryimage","url":"https:\/\/technopolis-group.com\/wp-content\/uploads\/2025\/02\/International-Cooperation-infographic-3-477x369.png","contentUrl":"https:\/\/technopolis-group.com\/wp-content\/uploads\/2025\/02\/International-Cooperation-infographic-3-477x369.png"},{"@type":"BreadcrumbList","@id":"https:\/\/technopolis-group.com\/pt-pt\/sectors\/international-cooperation\/#breadcrumb","itemListElement":[{"@type":"ListItem","position":1,"name":"Home","item":"https:\/\/technopolis-group.com\/pt-pt\/"},{"@type":"ListItem","position":2,"name":"Sectors","item":"https:\/\/technopolis-group.com\/pt-pt\/sectors\/"},{"@type":"ListItem","position":3,"name":"Coopera\u00e7\u00e3o internacional"}]},{"@type":"WebSite","@id":"https:\/\/technopolis-group.com\/nl\/#website","url":"https:\/\/technopolis-group.com\/nl\/","name":"Technopolis Group","description":"Technopolis-group","potentialAction":[{"@type":"SearchAction","target":{"@type":"EntryPoint","urlTemplate":"https:\/\/technopolis-group.com\/nl\/?s={search_term_string}"},"query-input":{"@type":"PropertyValueSpecification","valueRequired":true,"valueName":"search_term_string"}}],"inLanguage":"pt-PT"}]}},"publishpress_future_action":{"enabled":false,"date":"2026-04-20 16:57:26","action":"change-status","newStatus":"draft","terms":[],"taxonomy":"translation_priority","extraData":[]},"publishpress_future_workflow_manual_trigger":{"enabledWorkflows":[]},"_links":{"self":[{"href":"https:\/\/technopolis-group.com\/pt-pt\/wp-json\/wp\/v2\/pages\/54748","targetHints":{"allow":["GET"]}}],"collection":[{"href":"https:\/\/technopolis-group.com\/pt-pt\/wp-json\/wp\/v2\/pages"}],"about":[{"href":"https:\/\/technopolis-group.com\/pt-pt\/wp-json\/wp\/v2\/types\/page"}],"author":[{"embeddable":true,"href":"https:\/\/technopolis-group.com\/pt-pt\/wp-json\/wp\/v2\/users\/1"}],"replies":[{"embeddable":true,"href":"https:\/\/technopolis-group.com\/pt-pt\/wp-json\/wp\/v2\/comments?post=54748"}],"version-history":[{"count":76,"href":"https:\/\/technopolis-group.com\/pt-pt\/wp-json\/wp\/v2\/pages\/54748\/revisions"}],"predecessor-version":[{"id":59822,"href":"https:\/\/technopolis-group.com\/pt-pt\/wp-json\/wp\/v2\/pages\/54748\/revisions\/59822"}],"up":[{"embeddable":true,"href":"https:\/\/technopolis-group.com\/pt-pt\/wp-json\/wp\/v2\/pages\/55204"}],"wp:attachment":[{"href":"https:\/\/technopolis-group.com\/pt-pt\/wp-json\/wp\/v2\/media?parent=54748"}],"wp:term":[{"taxonomy":"solution","embeddable":true,"href":"https:\/\/technopolis-group.com\/pt-pt\/wp-json\/wp\/v2\/solution?post=54748"},{"taxonomy":"sector","embeddable":true,"href":"https:\/\/technopolis-group.com\/pt-pt\/wp-json\/wp\/v2\/sector?post=54748"}],"curies":[{"name":"wp","href":"https:\/\/api.w.org\/{rel}","templated":true}]}}