{"id":55202,"date":"2019-12-10T08:17:46","date_gmt":"2019-12-10T08:17:46","guid":{"rendered":"https:\/\/technopolis-group.com\/digital-transition\/"},"modified":"2025-03-05T14:46:37","modified_gmt":"2025-03-05T14:46:37","slug":"digital-transition","status":"publish","type":"page","link":"https:\/\/technopolis-group.com\/pt-pt\/sectors\/digital-transition\/","title":{"rendered":"Transi\u00e7\u00e3o Digital"},"content":{"rendered":"\n<figure class=\"wp-block-pullquote\"><blockquote><p>A digitaliza\u00e7\u00e3o tem um impacto transformador, redefinindo a vida dos cidad\u00e3os, o funcionamento das empresas e a presta\u00e7\u00e3o de servi\u00e7os p\u00fablicos.&nbsp;<br><br>As tecnologias digitais oferecem novas oportunidades para o bem-estar social, o crescimento econ\u00f3mico e a moderniza\u00e7\u00e3o do sector p\u00fablico. No entanto, tamb\u00e9m trazem desafios significativos, como as clivagens digitais, os preconceitos algor\u00edtmicos da IA, o elevado consumo de recursos pelos centros de dados, as complexidades regulamentares e a necessidade de reinventar modelos de neg\u00f3cio e servi\u00e7os p\u00fablicos.&nbsp;<br><br>De um modo geral, o r\u00e1pido avan\u00e7o tecnol\u00f3gico exige a identifica\u00e7\u00e3o de tecnologias futuras e emergentes, bem como a antecipa\u00e7\u00e3o dos seus impactos.&nbsp;<\/p><\/blockquote><\/figure>\n\n\n\n<p>O Grupo Technopolis tem como objetivo oferecer orienta\u00e7\u00f5es de ponta para impulsionar a transi\u00e7\u00e3o digital. Os nossos consultores apoiam os decisores pol\u00edticos ao longo de todo o ciclo pol\u00edtico, ajudando-os a enfrentar os desafios societais, econ\u00f3micos, industriais e do sector p\u00fablico decorrentes da digitaliza\u00e7\u00e3o, bem como a capitalizar as oportunidades criadas por tecnologias emergentes, como a intelig\u00eancia artificial, computa\u00e7\u00e3o em nuvem e perif\u00e9rica, ciberseguran\u00e7a, Internet das Coisas (IdC) e tecnologias qu\u00e2nticas. A nossa abordagem \u00e0 digitaliza\u00e7\u00e3o \u00e9 centrada no ser humano, promovendo princ\u00edpios de \u00e9tica e inclus\u00e3o.&nbsp;<\/p>\n\n\n\n<p>Aperfei\u00e7oamos continuamente as nossas abordagens para apoiar os decisores pol\u00edticos na conce\u00e7\u00e3o de pol\u00edticas e programas eficazes, abordando:&nbsp;<\/p>\n\n\n\n<ul class=\"wp-block-list\">\n<li>o impacto social da transi\u00e7\u00e3o digital<\/li>\n<\/ul>\n\n\n\n<ul class=\"wp-block-list\">\n<li>a digitaliza\u00e7\u00e3o da ind\u00fastria, das empresas e das PME, incluindo a ado\u00e7\u00e3o de compet\u00eancias digitais e o financiamento de start-ups tecnol\u00f3gicas<\/li>\n<\/ul>\n\n\n\n<ul class=\"wp-block-list\">\n<li>a digitaliza\u00e7\u00e3o dos servi\u00e7os p\u00fablicos e da administra\u00e7\u00e3o p\u00fablica<\/li>\n<\/ul>\n\n\n\n<p>Como parceiro de confian\u00e7a na investiga\u00e7\u00e3o e avalia\u00e7\u00e3o de pol\u00edticas e programas digitais, fornecemos informa\u00e7\u00f5es, dados e m\u00e9tricas essenciais, al\u00e9m de aconselhamento estrat\u00e9gico para apoiar decisores pol\u00edticos e ind\u00fastrias. Contribu\u00edmos para o desenvolvimento de novas iniciativas digitais, facilitamos o envolvimento e a consulta das partes interessadas, apoiamos a implementa\u00e7\u00e3o das pol\u00edticas e avaliamos os seus impactos cient\u00edficos, econ\u00f3micos e sociais.&nbsp;<\/p>\n\n\n\n<p>Apoiamos os nossos clientes na:&nbsp;<\/p>\n\n\n\n<ul class=\"wp-block-list\">\n<li>conce\u00e7\u00e3o de estrat\u00e9gias e interven\u00e7\u00f5es pol\u00edticas e de mercado para impulsionar a transi\u00e7\u00e3o digital<\/li>\n<\/ul>\n\n\n\n<ul class=\"wp-block-list\">\n<li>avalia\u00e7\u00e3o e an\u00e1lise do impacto das pol\u00edticas digitais e dos programas de financiamento<\/li>\n<\/ul>\n\n\n\n<ul class=\"wp-block-list\">\n<li>compreens\u00e3o das tend\u00eancias, oportunidades e desafios da digitaliza\u00e7\u00e3o<\/li>\n<\/ul>\n\n\n\n<ul class=\"wp-block-list\">\n<li>monitoriza\u00e7\u00e3o da transi\u00e7\u00e3o digital atrav\u00e9s de quadros de indicadores e sistemas de acompanhamento<\/li>\n<\/ul>\n\n\n\n<ul class=\"wp-block-list\">\n<li>implementa\u00e7\u00e3o e gest\u00e3o de programas de apoio \u00e0 transi\u00e7\u00e3o digital<\/li>\n<\/ul>\n\n\n\n<ul class=\"wp-block-list\">\n<li>comunica\u00e7\u00e3o eficaz sobre a transi\u00e7\u00e3o digital<\/li>\n<\/ul>\n\n\n\n<p>Para isso, mobilizamos um conjunto diversificado de metodologias, incluindo estudos prospectivos e de cen\u00e1rios, roteiros tecnol\u00f3gicos, investiga\u00e7\u00e3o quantitativa e qualitativa (como entrevistas, inqu\u00e9ritos e workshops), modelos de ci\u00eancia de dados e IA, al\u00e9m de avalia\u00e7\u00f5es e an\u00e1lises de impacto. A nossa abordagem \u00e9 baseada em dados s\u00f3lidos, combinando fontes tradicionais e emergentes.&nbsp;<\/p>\n\n\n\n<p>Os nossos clientes s\u00e3o a Comiss\u00e3o Europeia (DG CNECT, DG REFORM, DG RTD, DG EAC, DG JRC e DG GROW), o Parlamento Europeu, ESPON, OCDE, bancos multilaterais de desenvolvimento, bem como governos e ag\u00eancias nacionais e regionais, clusters, associa\u00e7\u00f5es empresariais e parcerias p\u00fablico-privadas na Europa e n\u00e3o s\u00f3. Alguns dos nossos clientes incluem:&nbsp;<\/p>\n","protected":false},"excerpt":{"rendered":"<p>A digitaliza\u00e7\u00e3o tem um impacto transformador, redefinindo a vida dos [&hellip;]<\/p>\n","protected":false},"author":1,"featured_media":0,"parent":55204,"menu_order":0,"comment_status":"closed","ping_status":"closed","template":"templates\/tpl-sectors.php","meta":{"_acf_changed":false,"footnotes":""},"solution":[],"sector":[251],"class_list":["post-55202","page","type-page","status-publish","hentry","sector-digitalisation-pt-pt"],"acf":[],"yoast_head":"<!-- This site is optimized with the Yoast SEO plugin v27.1.1 - https:\/\/yoast.com\/product\/yoast-seo-wordpress\/ -->\n<title>Transi\u00e7\u00e3o Digital - Technopolis Group<\/title>\n<meta name=\"robots\" content=\"index, follow, max-snippet:-1, max-image-preview:large, max-video-preview:-1\" \/>\n<link rel=\"canonical\" href=\"https:\/\/technopolis-group.com\/pt-pt\/sectors\/digital-transition\/\" \/>\n<meta property=\"og:locale\" content=\"pt_PT\" \/>\n<meta property=\"og:type\" content=\"article\" \/>\n<meta property=\"og:title\" content=\"Transi\u00e7\u00e3o Digital - Technopolis Group\" \/>\n<meta property=\"og:description\" content=\"A digitaliza\u00e7\u00e3o tem um impacto transformador, redefinindo a vida dos [&hellip;]\" \/>\n<meta property=\"og:url\" content=\"https:\/\/technopolis-group.com\/pt-pt\/sectors\/digital-transition\/\" \/>\n<meta property=\"og:site_name\" content=\"Technopolis Group\" \/>\n<meta property=\"article:modified_time\" content=\"2025-03-05T14:46:37+00:00\" \/>\n<meta name=\"twitter:card\" content=\"summary_large_image\" \/>\n<meta name=\"twitter:label1\" content=\"Tempo estimado de leitura\" \/>\n\t<meta name=\"twitter:data1\" content=\"3 minutos\" \/>\n<script type=\"application\/ld+json\" class=\"yoast-schema-graph\">{\"@context\":\"https:\/\/schema.org\",\"@graph\":[{\"@type\":\"WebPage\",\"@id\":\"https:\/\/technopolis-group.com\/pt-pt\/sectors\/digital-transition\/\",\"url\":\"https:\/\/technopolis-group.com\/pt-pt\/sectors\/digital-transition\/\",\"name\":\"Transi\u00e7\u00e3o Digital - Technopolis Group\",\"isPartOf\":{\"@id\":\"https:\/\/technopolis-group.com\/nl\/#website\"},\"datePublished\":\"2019-12-10T08:17:46+00:00\",\"dateModified\":\"2025-03-05T14:46:37+00:00\",\"breadcrumb\":{\"@id\":\"https:\/\/technopolis-group.com\/pt-pt\/sectors\/digital-transition\/#breadcrumb\"},\"inLanguage\":\"pt-PT\",\"potentialAction\":[{\"@type\":\"ReadAction\",\"target\":[\"https:\/\/technopolis-group.com\/pt-pt\/sectors\/digital-transition\/\"]}]},{\"@type\":\"BreadcrumbList\",\"@id\":\"https:\/\/technopolis-group.com\/pt-pt\/sectors\/digital-transition\/#breadcrumb\",\"itemListElement\":[{\"@type\":\"ListItem\",\"position\":1,\"name\":\"Home\",\"item\":\"https:\/\/technopolis-group.com\/pt-pt\/\"},{\"@type\":\"ListItem\",\"position\":2,\"name\":\"Sectors\",\"item\":\"https:\/\/technopolis-group.com\/pt-pt\/sectors\/\"},{\"@type\":\"ListItem\",\"position\":3,\"name\":\"Transi\u00e7\u00e3o Digital\"}]},{\"@type\":\"WebSite\",\"@id\":\"https:\/\/technopolis-group.com\/nl\/#website\",\"url\":\"https:\/\/technopolis-group.com\/nl\/\",\"name\":\"Technopolis Group\",\"description\":\"Technopolis-group\",\"potentialAction\":[{\"@type\":\"SearchAction\",\"target\":{\"@type\":\"EntryPoint\",\"urlTemplate\":\"https:\/\/technopolis-group.com\/nl\/?s={search_term_string}\"},\"query-input\":{\"@type\":\"PropertyValueSpecification\",\"valueRequired\":true,\"valueName\":\"search_term_string\"}}],\"inLanguage\":\"pt-PT\"}]}<\/script>\n<!-- \/ Yoast SEO plugin. -->","yoast_head_json":{"title":"Transi\u00e7\u00e3o Digital - Technopolis Group","robots":{"index":"index","follow":"follow","max-snippet":"max-snippet:-1","max-image-preview":"max-image-preview:large","max-video-preview":"max-video-preview:-1"},"canonical":"https:\/\/technopolis-group.com\/pt-pt\/sectors\/digital-transition\/","og_locale":"pt_PT","og_type":"article","og_title":"Transi\u00e7\u00e3o Digital - Technopolis Group","og_description":"A digitaliza\u00e7\u00e3o tem um impacto transformador, redefinindo a vida dos [&hellip;]","og_url":"https:\/\/technopolis-group.com\/pt-pt\/sectors\/digital-transition\/","og_site_name":"Technopolis Group","article_modified_time":"2025-03-05T14:46:37+00:00","twitter_card":"summary_large_image","twitter_misc":{"Tempo estimado de leitura":"3 minutos"},"schema":{"@context":"https:\/\/schema.org","@graph":[{"@type":"WebPage","@id":"https:\/\/technopolis-group.com\/pt-pt\/sectors\/digital-transition\/","url":"https:\/\/technopolis-group.com\/pt-pt\/sectors\/digital-transition\/","name":"Transi\u00e7\u00e3o Digital - Technopolis Group","isPartOf":{"@id":"https:\/\/technopolis-group.com\/nl\/#website"},"datePublished":"2019-12-10T08:17:46+00:00","dateModified":"2025-03-05T14:46:37+00:00","breadcrumb":{"@id":"https:\/\/technopolis-group.com\/pt-pt\/sectors\/digital-transition\/#breadcrumb"},"inLanguage":"pt-PT","potentialAction":[{"@type":"ReadAction","target":["https:\/\/technopolis-group.com\/pt-pt\/sectors\/digital-transition\/"]}]},{"@type":"BreadcrumbList","@id":"https:\/\/technopolis-group.com\/pt-pt\/sectors\/digital-transition\/#breadcrumb","itemListElement":[{"@type":"ListItem","position":1,"name":"Home","item":"https:\/\/technopolis-group.com\/pt-pt\/"},{"@type":"ListItem","position":2,"name":"Sectors","item":"https:\/\/technopolis-group.com\/pt-pt\/sectors\/"},{"@type":"ListItem","position":3,"name":"Transi\u00e7\u00e3o Digital"}]},{"@type":"WebSite","@id":"https:\/\/technopolis-group.com\/nl\/#website","url":"https:\/\/technopolis-group.com\/nl\/","name":"Technopolis Group","description":"Technopolis-group","potentialAction":[{"@type":"SearchAction","target":{"@type":"EntryPoint","urlTemplate":"https:\/\/technopolis-group.com\/nl\/?s={search_term_string}"},"query-input":{"@type":"PropertyValueSpecification","valueRequired":true,"valueName":"search_term_string"}}],"inLanguage":"pt-PT"}]}},"publishpress_future_action":{"enabled":false,"date":"2026-05-05 16:08:06","action":"change-status","newStatus":"draft","terms":[],"taxonomy":"translation_priority","extraData":[]},"publishpress_future_workflow_manual_trigger":{"enabledWorkflows":[]},"_links":{"self":[{"href":"https:\/\/technopolis-group.com\/pt-pt\/wp-json\/wp\/v2\/pages\/55202","targetHints":{"allow":["GET"]}}],"collection":[{"href":"https:\/\/technopolis-group.com\/pt-pt\/wp-json\/wp\/v2\/pages"}],"about":[{"href":"https:\/\/technopolis-group.com\/pt-pt\/wp-json\/wp\/v2\/types\/page"}],"author":[{"embeddable":true,"href":"https:\/\/technopolis-group.com\/pt-pt\/wp-json\/wp\/v2\/users\/1"}],"replies":[{"embeddable":true,"href":"https:\/\/technopolis-group.com\/pt-pt\/wp-json\/wp\/v2\/comments?post=55202"}],"version-history":[{"count":14,"href":"https:\/\/technopolis-group.com\/pt-pt\/wp-json\/wp\/v2\/pages\/55202\/revisions"}],"predecessor-version":[{"id":58964,"href":"https:\/\/technopolis-group.com\/pt-pt\/wp-json\/wp\/v2\/pages\/55202\/revisions\/58964"}],"up":[{"embeddable":true,"href":"https:\/\/technopolis-group.com\/pt-pt\/wp-json\/wp\/v2\/pages\/55204"}],"wp:attachment":[{"href":"https:\/\/technopolis-group.com\/pt-pt\/wp-json\/wp\/v2\/media?parent=55202"}],"wp:term":[{"taxonomy":"solution","embeddable":true,"href":"https:\/\/technopolis-group.com\/pt-pt\/wp-json\/wp\/v2\/solution?post=55202"},{"taxonomy":"sector","embeddable":true,"href":"https:\/\/technopolis-group.com\/pt-pt\/wp-json\/wp\/v2\/sector?post=55202"}],"curies":[{"name":"wp","href":"https:\/\/api.w.org\/{rel}","templated":true}]}}