{"id":55218,"date":"2019-12-10T19:43:35","date_gmt":"2019-12-10T19:43:35","guid":{"rendered":"https:\/\/technopolis-group.com\/our-story\/"},"modified":"2025-07-09T14:18:09","modified_gmt":"2025-07-09T14:18:09","slug":"our-mission","status":"publish","type":"page","link":"https:\/\/technopolis-group.com\/pt-pt\/our-mission\/","title":{"rendered":"A nossa miss\u00e3o"},"content":{"rendered":"\n<p><strong>Global.<\/strong> Fundada em 1989 como um <em>spin-off<\/em> acad\u00e9mico da Universidade de Sussex (Reino Unido), a Technopolis Group \u00e9 uma organiza\u00e7\u00e3o internacional de investiga\u00e7\u00e3o e consultoria, especializada no apoio ao setor p\u00fablico. Inici\u00e1mos a nossa trajet\u00f3ria como pioneiros nas pol\u00edticas de ci\u00eancia, tecnologia e inova\u00e7\u00e3o e, ao longo dos anos, crescemos e diversific\u00e1mos o nosso expertise. Hoje, desenvolvemos solu\u00e7\u00f5es em \u00e1reas como altera\u00e7\u00f5es clim\u00e1ticas e ambiente, transforma\u00e7\u00e3o digital, educa\u00e7\u00e3o e compet\u00eancias, ci\u00eancias da vida e sa\u00fade, e coopera\u00e7\u00e3o internacional. Expandimos a nossa atua\u00e7\u00e3o para al\u00e9m da Europa, levando os nossos servi\u00e7os para \u00c1frica, Am\u00e9rica Latina, \u00c1sia e Pac\u00edfico.&nbsp;<\/p>\n\n\n\n<p><strong>Insights para impulsionar a mudan\u00e7a<\/strong>. Acreditamos que enfrentar os desafios pol\u00edticos urgentes da sociedade atual exige conhecimento \u00e1gil, fundamentado nos mais recentes dados, experi\u00eancias e ideias. A nossa miss\u00e3o \u00e9 ajudar os decisores a compreender transi\u00e7\u00f5es complexas e mudan\u00e7as sist\u00e9micas, fornecendo-lhes as ferramentas necess\u00e1rias para tomar decis\u00f5es estrat\u00e9gicas que promovam uma sociedade mais sustent\u00e1vel. Trabalhamos para melhorar a efic\u00e1cia das pol\u00edticas p\u00fablicas e refor\u00e7ar a sua comunica\u00e7\u00e3o, garantindo um impacto real e uma maior liga\u00e7\u00e3o com a sociedade.&nbsp;<\/p>\n\n\n\n<p><strong>Solu\u00e7\u00f5es ao longo do ciclo das pol\u00edticas.<\/strong> Apoiamos os nossos clientes em todas as etapas do ciclo das pol\u00edticas p\u00fablicas, desde a avalia\u00e7\u00e3o e formula\u00e7\u00e3o de estrat\u00e9gias at\u00e9 \u00e0 implementa\u00e7\u00e3o, monitoriza\u00e7\u00e3o e comunica\u00e7\u00e3o. O nosso trabalho abrange a conce\u00e7\u00e3o de pol\u00edticas, apoio operacional, estudos de avalia\u00e7\u00e3o e an\u00e1lise de impacto. Colaboramos com autoridades locais e regionais, governos e ag\u00eancias nacionais, institui\u00e7\u00f5es europeias, organiza\u00e7\u00f5es internacionais (incluindo ag\u00eancias das Na\u00e7\u00f5es Unidas e institui\u00e7\u00f5es financeiras multilaterais), bem como ONGs, organiza\u00e7\u00f5es de investiga\u00e7\u00e3o e inova\u00e7\u00e3o e parcerias p\u00fablico-privadas.&nbsp;<\/p>\n\n\n\n<p><strong>Diversidade.<\/strong> Somos uma equipa multidisciplinar de consultores em pol\u00edticas e em comunica\u00e7\u00e3o, reunindo uma ampla diversidade de experi\u00eancias profissionais, forma\u00e7\u00f5es acad\u00e9micas e nacionalidades. Esta variedade de perfis, aliada ao nosso esp\u00edrito inovador, permite-nos oferecer solu\u00e7\u00f5es personalizadas e impactantes, colocando sempre os nossos clientes no centro da nossa atividade.&nbsp;<\/p>\n\n\n\n<p><strong>Responsabilidade<\/strong>. Orgulhamo-nos de conduzir o crescimento da nossa empresa com base em valores partilhados e num forte compromisso com a sustentabilidade. Assumimos a nossa responsabilidade para com a sociedade, procurando gerar um impacto positivo e duradouro. Para al\u00e9m da nossa experi\u00eancia setorial, trabalhamos com base em evid\u00eancias, aplica\u00e7\u00f5es pr\u00e1ticas e uma abordagem orientada para resultados.&nbsp;<\/p>\n\n\n\n<p><strong>Propriedade dos trabalhadores<\/strong>. Ao longo dos anos, mantivemos a nossa identidade como uma empresa detida pelos pr\u00f3prios trabalhadores. Todos os nossos acionistas fazem parte ativa da equipa, garantindo uma estrutura de propriedade independente de interesses externos. Este modelo tem sido a base s\u00f3lida para o nosso crescimento e para a expans\u00e3o dos nossos servi\u00e7os de apoio aos decisores pol\u00edticos em todo o mundo.&nbsp;&nbsp;<\/p>\n\n\n\n<p><\/p>\n\n\n\n<p><\/p>\n\n\n\n<p class=\"has-large-font-size\"><strong>Os nossos valores<\/strong><\/p>\n\n\n\n<figure class=\"wp-block-embed is-type-video is-provider-vimeo wp-block-embed-vimeo wp-embed-aspect-16-9 wp-has-aspect-ratio\"><div class=\"wp-block-embed__wrapper\">\n<iframe loading=\"lazy\" title=\"Technopolis Group Mission\" src=\"https:\/\/player.vimeo.com\/video\/905933641?dnt=1&amp;app_id=122963\" width=\"500\" height=\"281\" frameborder=\"0\" allow=\"autoplay; fullscreen; picture-in-picture; clipboard-write; encrypted-media\"><\/iframe>\n<\/div><\/figure>\n\n\n\n<p><\/p>\n\n\n\n<h3 class=\"wp-block-heading\"><strong>O que \u00e9 que significa ser um(a) &#8216;Technopolitan&#8217;? \u202f\u202f<\/strong><\/h3>\n\n\n\n<p><strong>Somos apaixonados pelo que fazemos <\/strong>e procuramos projetos com impacto social, que protejam o planeta e promovam a prosperidade.&nbsp;<\/p>\n\n\n\n<p><strong>Somos<\/strong> <strong>independentes e imparciais<\/strong>, livres de interesses pol\u00edticos ou pessoais. Baseamos o nosso trabalho em evid\u00eancias, com uma vis\u00e3o objetiva e equilibrada. Somos <strong>otimistas e pragm\u00e1ticos<\/strong>, reconhecendo o papel das pol\u00edticas na constru\u00e7\u00e3o de um mundo melhor, mas com uma compreens\u00e3o realista, sustentada pela experi\u00eancia, sobre o seu desempenho e como podem ser melhoradas.&nbsp;<\/p>\n\n\n\n<p><strong>Valorizamos o<\/strong> <strong>rigor metodol\u00f3gico e a profundidade da an\u00e1lise<\/strong>. Os nossos consultores s\u00e3o mais <em>geeks<\/em> do que vistosos. Sabemos que as nossas recomenda\u00e7\u00f5es podem ter impacto significativo, por isso garantimos que s\u00e3o fi\u00e1veis e consistentes.&nbsp;<\/p>\n\n\n\n<p><strong>Somos<\/strong> <strong>curiosos e inovadores<\/strong>, exploramos novas solu\u00e7\u00f5es e metodologias sempre que poss\u00edvel e aplicamos abordagens pragm\u00e1ticas sempre que necess\u00e1rio.&nbsp;<\/p>\n\n\n\n<p><strong>Trabalhamos<\/strong> <strong>de forma colaborativa<\/strong>, atuando como uma \u00fanica empresa para oferecer as melhores equipas e conhecimentos aos nossos clientes. Priorizamos o trabalho com equipas internas, profundamente familiarizadas com os contextos nacionais e regionais.&nbsp;<\/p>\n\n\n\n<p><strong>Comprometemo-nos com o desenvolvimento profissional<\/strong>, apoiamo-nos mutuamente e partilhamos compet\u00eancias entre os diferentes grupos geogr\u00e1ficos e tem\u00e1ticos. Acreditamos que as equipas mais bem-sucedidas s\u00e3o diversificadas em termos de origens, experi\u00eancias e especializa\u00e7\u00f5es. Mantemos e promovemos uma <strong>cultura inclusiva e respeitadora<\/strong>, que valoriza diferentes percursos profissionais e garanta as nossas responsabilidades para com os outros, os nossos clientes e a sociedade.&nbsp;<\/p>\n\n\n\n<figure class=\"wp-block-embed is-type-video is-provider-vimeo wp-block-embed-vimeo wp-embed-aspect-16-9 wp-has-aspect-ratio\"><div class=\"wp-block-embed__wrapper\">\n<iframe loading=\"lazy\" title=\"Technodays 2025 Strasbourg\" src=\"https:\/\/player.vimeo.com\/video\/1094747683?dnt=1&amp;app_id=122963\" width=\"500\" height=\"281\" frameborder=\"0\" allow=\"autoplay; fullscreen; picture-in-picture; clipboard-write; encrypted-media; web-share\"><\/iframe>\n<\/div><\/figure>\n","protected":false},"excerpt":{"rendered":"<p>Global. Fundada em 1989 como um spin-off acad\u00e9mico da Universidade [&hellip;]<\/p>\n","protected":false},"author":1,"featured_media":0,"parent":0,"menu_order":0,"comment_status":"closed","ping_status":"closed","template":"","meta":{"_acf_changed":false,"footnotes":""},"solution":[],"sector":[],"class_list":["post-55218","page","type-page","status-publish","hentry"],"acf":[],"yoast_head":"<!-- This site is optimized with the Yoast SEO plugin v27.1.1 - https:\/\/yoast.com\/product\/yoast-seo-wordpress\/ -->\n<title>A nossa miss\u00e3o - Technopolis Group<\/title>\n<meta name=\"robots\" content=\"index, follow, max-snippet:-1, max-image-preview:large, max-video-preview:-1\" \/>\n<link rel=\"canonical\" href=\"https:\/\/technopolis-group.com\/pt-pt\/our-mission\/\" \/>\n<meta property=\"og:locale\" content=\"pt_PT\" \/>\n<meta property=\"og:type\" content=\"article\" \/>\n<meta property=\"og:title\" content=\"A nossa miss\u00e3o - Technopolis Group\" \/>\n<meta property=\"og:description\" content=\"Global. Fundada em 1989 como um spin-off acad\u00e9mico da Universidade [&hellip;]\" \/>\n<meta property=\"og:url\" content=\"https:\/\/technopolis-group.com\/pt-pt\/our-mission\/\" \/>\n<meta property=\"og:site_name\" content=\"Technopolis Group\" \/>\n<meta property=\"article:modified_time\" content=\"2025-07-09T14:18:09+00:00\" \/>\n<meta name=\"twitter:card\" content=\"summary_large_image\" \/>\n<meta name=\"twitter:label1\" content=\"Tempo estimado de leitura\" \/>\n\t<meta name=\"twitter:data1\" content=\"4 minutos\" \/>\n<script type=\"application\/ld+json\" class=\"yoast-schema-graph\">{\"@context\":\"https:\/\/schema.org\",\"@graph\":[{\"@type\":\"WebPage\",\"@id\":\"https:\/\/technopolis-group.com\/pt-pt\/our-mission\/\",\"url\":\"https:\/\/technopolis-group.com\/pt-pt\/our-mission\/\",\"name\":\"A nossa miss\u00e3o - Technopolis Group\",\"isPartOf\":{\"@id\":\"https:\/\/technopolis-group.com\/nl\/#website\"},\"datePublished\":\"2019-12-10T19:43:35+00:00\",\"dateModified\":\"2025-07-09T14:18:09+00:00\",\"breadcrumb\":{\"@id\":\"https:\/\/technopolis-group.com\/pt-pt\/our-mission\/#breadcrumb\"},\"inLanguage\":\"pt-PT\",\"potentialAction\":[{\"@type\":\"ReadAction\",\"target\":[\"https:\/\/technopolis-group.com\/pt-pt\/our-mission\/\"]}]},{\"@type\":\"BreadcrumbList\",\"@id\":\"https:\/\/technopolis-group.com\/pt-pt\/our-mission\/#breadcrumb\",\"itemListElement\":[{\"@type\":\"ListItem\",\"position\":1,\"name\":\"Home\",\"item\":\"https:\/\/technopolis-group.com\/pt-pt\/\"},{\"@type\":\"ListItem\",\"position\":2,\"name\":\"A nossa miss\u00e3o\"}]},{\"@type\":\"WebSite\",\"@id\":\"https:\/\/technopolis-group.com\/nl\/#website\",\"url\":\"https:\/\/technopolis-group.com\/nl\/\",\"name\":\"Technopolis Group\",\"description\":\"Technopolis-group\",\"potentialAction\":[{\"@type\":\"SearchAction\",\"target\":{\"@type\":\"EntryPoint\",\"urlTemplate\":\"https:\/\/technopolis-group.com\/nl\/?s={search_term_string}\"},\"query-input\":{\"@type\":\"PropertyValueSpecification\",\"valueRequired\":true,\"valueName\":\"search_term_string\"}}],\"inLanguage\":\"pt-PT\"}]}<\/script>\n<!-- \/ Yoast SEO plugin. -->","yoast_head_json":{"title":"A nossa miss\u00e3o - Technopolis Group","robots":{"index":"index","follow":"follow","max-snippet":"max-snippet:-1","max-image-preview":"max-image-preview:large","max-video-preview":"max-video-preview:-1"},"canonical":"https:\/\/technopolis-group.com\/pt-pt\/our-mission\/","og_locale":"pt_PT","og_type":"article","og_title":"A nossa miss\u00e3o - Technopolis Group","og_description":"Global. Fundada em 1989 como um spin-off acad\u00e9mico da Universidade [&hellip;]","og_url":"https:\/\/technopolis-group.com\/pt-pt\/our-mission\/","og_site_name":"Technopolis Group","article_modified_time":"2025-07-09T14:18:09+00:00","twitter_card":"summary_large_image","twitter_misc":{"Tempo estimado de leitura":"4 minutos"},"schema":{"@context":"https:\/\/schema.org","@graph":[{"@type":"WebPage","@id":"https:\/\/technopolis-group.com\/pt-pt\/our-mission\/","url":"https:\/\/technopolis-group.com\/pt-pt\/our-mission\/","name":"A nossa miss\u00e3o - Technopolis Group","isPartOf":{"@id":"https:\/\/technopolis-group.com\/nl\/#website"},"datePublished":"2019-12-10T19:43:35+00:00","dateModified":"2025-07-09T14:18:09+00:00","breadcrumb":{"@id":"https:\/\/technopolis-group.com\/pt-pt\/our-mission\/#breadcrumb"},"inLanguage":"pt-PT","potentialAction":[{"@type":"ReadAction","target":["https:\/\/technopolis-group.com\/pt-pt\/our-mission\/"]}]},{"@type":"BreadcrumbList","@id":"https:\/\/technopolis-group.com\/pt-pt\/our-mission\/#breadcrumb","itemListElement":[{"@type":"ListItem","position":1,"name":"Home","item":"https:\/\/technopolis-group.com\/pt-pt\/"},{"@type":"ListItem","position":2,"name":"A nossa miss\u00e3o"}]},{"@type":"WebSite","@id":"https:\/\/technopolis-group.com\/nl\/#website","url":"https:\/\/technopolis-group.com\/nl\/","name":"Technopolis Group","description":"Technopolis-group","potentialAction":[{"@type":"SearchAction","target":{"@type":"EntryPoint","urlTemplate":"https:\/\/technopolis-group.com\/nl\/?s={search_term_string}"},"query-input":{"@type":"PropertyValueSpecification","valueRequired":true,"valueName":"search_term_string"}}],"inLanguage":"pt-PT"}]}},"publishpress_future_action":{"enabled":false,"date":"2026-04-19 20:30:00","action":"change-status","newStatus":"draft","terms":[],"taxonomy":"translation_priority","extraData":[]},"publishpress_future_workflow_manual_trigger":{"enabledWorkflows":[]},"_links":{"self":[{"href":"https:\/\/technopolis-group.com\/pt-pt\/wp-json\/wp\/v2\/pages\/55218","targetHints":{"allow":["GET"]}}],"collection":[{"href":"https:\/\/technopolis-group.com\/pt-pt\/wp-json\/wp\/v2\/pages"}],"about":[{"href":"https:\/\/technopolis-group.com\/pt-pt\/wp-json\/wp\/v2\/types\/page"}],"author":[{"embeddable":true,"href":"https:\/\/technopolis-group.com\/pt-pt\/wp-json\/wp\/v2\/users\/1"}],"replies":[{"embeddable":true,"href":"https:\/\/technopolis-group.com\/pt-pt\/wp-json\/wp\/v2\/comments?post=55218"}],"version-history":[{"count":4,"href":"https:\/\/technopolis-group.com\/pt-pt\/wp-json\/wp\/v2\/pages\/55218\/revisions"}],"predecessor-version":[{"id":61771,"href":"https:\/\/technopolis-group.com\/pt-pt\/wp-json\/wp\/v2\/pages\/55218\/revisions\/61771"}],"wp:attachment":[{"href":"https:\/\/technopolis-group.com\/pt-pt\/wp-json\/wp\/v2\/media?parent=55218"}],"wp:term":[{"taxonomy":"solution","embeddable":true,"href":"https:\/\/technopolis-group.com\/pt-pt\/wp-json\/wp\/v2\/solution?post=55218"},{"taxonomy":"sector","embeddable":true,"href":"https:\/\/technopolis-group.com\/pt-pt\/wp-json\/wp\/v2\/sector?post=55218"}],"curies":[{"name":"wp","href":"https:\/\/api.w.org\/{rel}","templated":true}]}}