{"id":55271,"date":"2019-11-27T15:11:13","date_gmt":"2019-11-27T15:11:13","guid":{"rendered":"https:\/\/technopolis-group.com\/data-analytics\/"},"modified":"2025-03-17T16:07:44","modified_gmt":"2025-03-17T16:07:44","slug":"data-science","status":"publish","type":"page","link":"https:\/\/technopolis-group.com\/pt-pt\/solutions\/data-science\/","title":{"rendered":"Ci\u00eancia dos dados"},"content":{"rendered":"\n<figure class=\"wp-block-pullquote\"><blockquote><p><strong><em>Gerar conhecimentos baseados em dados e confian\u00e7a no dom\u00ednio das pol\u00edticas p\u00fablicas.<\/em><\/strong><br><strong><em><br>As aplica\u00e7\u00f5es da ci\u00eancia dos dados est\u00e3o a transformar o nosso mundo e a redefinir drasticamente os nossos modos de vida. Embora o potencial destas ferramentas seja imenso, tamb\u00e9m o s\u00e3o os seus riscos, especialmente quando aplicadas de forma descuidada em contextos de pol\u00edtica p\u00fablica.\u202fA sua integra\u00e7\u00e3o nas pol\u00edticas p\u00fablicas depende de um equil\u00edbrio delicado entre a disrup\u00e7\u00e3o e as considera\u00e7\u00f5es \u00e9ticas, exigindo uma combina\u00e7\u00e3o \u00fanica de conhecimentos t\u00e9cnicos, jur\u00eddicos e pol\u00edticos. No Technopolis Group, estamos empenhados em liderar esta jornada.<\/em><\/strong><\/p><\/blockquote><\/figure>\n\n\n\n<p>Os avan\u00e7os na ci\u00eancia dos dados est\u00e3o a remodelar todos os aspectos das nossas vidas. Desde a revolu\u00e7\u00e3o dos diagn\u00f3sticos nos cuidados de sa\u00fade e a personaliza\u00e7\u00e3o da educa\u00e7\u00e3o at\u00e9 \u00e0 transforma\u00e7\u00e3o dos sistemas de pontua\u00e7\u00e3o de cr\u00e9dito financeiro e ao alargamento do \u00e2mbito das tecnologias de seguran\u00e7a e vigil\u00e2ncia, estas inova\u00e7\u00f5es est\u00e3o a remodelar o pr\u00f3prio tecido da sociedade, alterando a forma como comunicamos, vivemos e criamos confian\u00e7a num mundo cada vez mais orientado pelos dados. Embora o seu impacto seja profundo e ineg\u00e1vel, os seus resultados sociais &#8211; ben\u00e9ficos ou prejudiciais &#8211; dependem da forma como as implementamos. As pol\u00edticas p\u00fablicas n\u00e3o devem ficar para tr\u00e1s no aproveitamento destes avan\u00e7os, assumindo simultaneamente a lideran\u00e7a na garantia da sua utiliza\u00e7\u00e3o respons\u00e1vel e \u00e9tica.<\/p>\n\n\n\n<p>No Technopolis, a nossa Unidade de Ci\u00eancia de Dados dedica-se a aproveitar o poder da ci\u00eancia de dados para informar a elabora\u00e7\u00e3o de pol\u00edticas baseadas em provas.A nossa equipa inclui perfis diversos com forma\u00e7\u00f5es que v\u00e3o desde a Economia, Psicologia e Ci\u00eancias de Gest\u00e3o at\u00e9 \u00e0 Astrof\u00edsica, Engenharia e Ci\u00eancias Inform\u00e1ticas &#8211; reunidos para desenvolver aplica\u00e7\u00f5es de ci\u00eancia de dados para pol\u00edticas p\u00fablicas.Para a nossa unidade, o desenvolvimento de ferramentas (sobre)sofisticadas para a elabora\u00e7\u00e3o de pol\u00edticas \u00e9 menos importante do que uma abordagem explic\u00e1vel, s\u00f3lida e centrada no ser humano.As nossas prioridades tem\u00e1ticas e de investiga\u00e7\u00e3o incluem o controlo da utiliza\u00e7\u00e3o da IA generativa nas pol\u00edticas p\u00fablicas, a intelig\u00eancia artificial causal e os indicadores pol\u00edticos em tempo real atrav\u00e9s do desenvolvimento de ferramentas de an\u00e1lise do horizonte e da liga\u00e7\u00e3o de dados em grande escala. No entanto, trabalhamos em todas as \u00e1reas tradicionais da ci\u00eancia dos dados, incluindo a aprendizagem autom\u00e1tica, a recolha de dados da Web, os pain\u00e9is de controlo, as aplica\u00e7\u00f5es Web e a gest\u00e3o de bases de dados.<\/p>\n\n\n\n<h2 class=\"wp-block-heading\">Duas ferramentas internas<\/h2>\n\n\n\n<p>A equipa desenvolveu dois produtos internos de uso geral: o Technopolis AI Policy Concierge (AIPC) e o Science &amp; Technology (S&amp;T) Data Ocean.<\/p>\n\n\n\n<p>O AIPC \u00e9 a nossa plataforma interna para a implementa\u00e7\u00e3o de IA geradora respons\u00e1vel em grande escala e ajustada para a compreens\u00e3o das pol\u00edticas.Permite que os nossos colegas e clientes falem com os dados do projeto e conduzam a conhecimentos sobre pol\u00edticas a uma escala e velocidade sem precedentes.A plataforma tem em conta os requisitos de seguran\u00e7a dos dados, privacidade e jurisdi\u00e7\u00e3o territorial dos dados, promove a gera\u00e7\u00e3o de resultados explic\u00e1veis e permite processos de valida\u00e7\u00e3o cruzada com recurso a humanos.<\/p>\n\n\n\n<p>O Oceano de Dados C&amp;T \u00e9 uma arquitetura interna de dados interligados que permite aos nossos consultores avaliar o impacto cient\u00edfico, econ\u00f3mico e social da ci\u00eancia e da tecnologia. O sistema liga mais de 10 grandes fontes de dados enriquecidas por m\u00faltiplos dados extra\u00eddos da Web e uma combina\u00e7\u00e3o de indicadores quantitativos convencionais e n\u00e3o convencionais baseados em texto e IA generativa.<\/p>\n\n\n\n<hr class=\"wp-block-separator has-alpha-channel-opacity\"\/>\n\n\n\n<p>Para mais informa\u00e7\u00f5es, contactar\u00a0<a href=\"https:\/\/www.technopolis-group.com\/es\/expert\/diogo-machado\/\" target=\"_blank\" rel=\"noreferrer noopener\">Diogo Machado<\/a>, Chefe da Unidade de Ci\u00eancia de Dados.<\/p>\n\n\n\n<h2 class=\"wp-block-heading\">Para quem e com quem trabalhamos<\/h2>\n\n\n\n<p>Os principais clientes da DSU incluem a Comiss\u00e3o Europeia (por exemplo, DG RTD, DG Grow, DG Regio, DG Sante e DG CNECT), a Coopera\u00e7\u00e3o Europeia em Ci\u00eancia e Tecnologia (COST), a Investiga\u00e7\u00e3o e Inova\u00e7\u00e3o do Reino Unido (UKRI), o Conselho de Investiga\u00e7\u00e3o Neerland\u00eas (NWO) e o Conselho M\u00e9dico (Zonmw), o Fundo Austr\u00edaco para a Ci\u00eancia (FWF), o Conselho de Investiga\u00e7\u00e3o da Noruega (RCN), a Funda\u00e7\u00e3o para a Ci\u00eancia e a Tecnologia (FCT), o Minist\u00e9rio Federal Alem\u00e3o da Educa\u00e7\u00e3o e Investiga\u00e7\u00e3o (BMBF) e o Minist\u00e9rio da Cultura Franc\u00eas (Minist\u00e8re de la culture).<\/p>\n\n\n\n<p><\/p>\n","protected":false},"excerpt":{"rendered":"<p>Gerar conhecimentos baseados em dados e confian\u00e7a no dom\u00ednio das [&hellip;]<\/p>\n","protected":false},"author":1,"featured_media":0,"parent":55279,"menu_order":0,"comment_status":"closed","ping_status":"closed","template":"templates\/tpl-sectors.php","meta":{"_acf_changed":false,"footnotes":""},"solution":[249],"sector":[],"class_list":["post-55271","page","type-page","status-publish","hentry","solution-data-analytics-pt-pt"],"acf":[],"yoast_head":"<!-- This site is optimized with the Yoast SEO plugin v27.1.1 - https:\/\/yoast.com\/product\/yoast-seo-wordpress\/ -->\n<title>Ci\u00eancia dos dados - Technopolis Group<\/title>\n<meta name=\"robots\" content=\"index, follow, max-snippet:-1, max-image-preview:large, max-video-preview:-1\" \/>\n<link rel=\"canonical\" href=\"https:\/\/technopolis-group.com\/pt-pt\/solutions\/data-science\/\" \/>\n<meta property=\"og:locale\" content=\"pt_PT\" \/>\n<meta property=\"og:type\" content=\"article\" \/>\n<meta property=\"og:title\" content=\"Ci\u00eancia dos dados - Technopolis Group\" \/>\n<meta property=\"og:description\" content=\"Gerar conhecimentos baseados em dados e confian\u00e7a no dom\u00ednio das [&hellip;]\" \/>\n<meta property=\"og:url\" content=\"https:\/\/technopolis-group.com\/pt-pt\/solutions\/data-science\/\" \/>\n<meta property=\"og:site_name\" content=\"Technopolis Group\" \/>\n<meta property=\"article:modified_time\" content=\"2025-03-17T16:07:44+00:00\" \/>\n<meta name=\"twitter:card\" content=\"summary_large_image\" \/>\n<meta name=\"twitter:label1\" content=\"Tempo estimado de leitura\" \/>\n\t<meta name=\"twitter:data1\" content=\"4 minutos\" \/>\n<script type=\"application\/ld+json\" class=\"yoast-schema-graph\">{\"@context\":\"https:\/\/schema.org\",\"@graph\":[{\"@type\":\"WebPage\",\"@id\":\"https:\/\/technopolis-group.com\/pt-pt\/solutions\/data-science\/\",\"url\":\"https:\/\/technopolis-group.com\/pt-pt\/solutions\/data-science\/\",\"name\":\"Ci\u00eancia dos dados - Technopolis Group\",\"isPartOf\":{\"@id\":\"https:\/\/technopolis-group.com\/nl\/#website\"},\"datePublished\":\"2019-11-27T15:11:13+00:00\",\"dateModified\":\"2025-03-17T16:07:44+00:00\",\"breadcrumb\":{\"@id\":\"https:\/\/technopolis-group.com\/pt-pt\/solutions\/data-science\/#breadcrumb\"},\"inLanguage\":\"pt-PT\",\"potentialAction\":[{\"@type\":\"ReadAction\",\"target\":[\"https:\/\/technopolis-group.com\/pt-pt\/solutions\/data-science\/\"]}]},{\"@type\":\"BreadcrumbList\",\"@id\":\"https:\/\/technopolis-group.com\/pt-pt\/solutions\/data-science\/#breadcrumb\",\"itemListElement\":[{\"@type\":\"ListItem\",\"position\":1,\"name\":\"Home\",\"item\":\"https:\/\/technopolis-group.com\/pt-pt\/\"},{\"@type\":\"ListItem\",\"position\":2,\"name\":\"Solutions\",\"item\":\"https:\/\/technopolis-group.com\/pt-pt\/solutions\/\"},{\"@type\":\"ListItem\",\"position\":3,\"name\":\"Ci\u00eancia dos dados\"}]},{\"@type\":\"WebSite\",\"@id\":\"https:\/\/technopolis-group.com\/nl\/#website\",\"url\":\"https:\/\/technopolis-group.com\/nl\/\",\"name\":\"Technopolis Group\",\"description\":\"Technopolis-group\",\"potentialAction\":[{\"@type\":\"SearchAction\",\"target\":{\"@type\":\"EntryPoint\",\"urlTemplate\":\"https:\/\/technopolis-group.com\/nl\/?s={search_term_string}\"},\"query-input\":{\"@type\":\"PropertyValueSpecification\",\"valueRequired\":true,\"valueName\":\"search_term_string\"}}],\"inLanguage\":\"pt-PT\"}]}<\/script>\n<!-- \/ Yoast SEO plugin. -->","yoast_head_json":{"title":"Ci\u00eancia dos dados - Technopolis Group","robots":{"index":"index","follow":"follow","max-snippet":"max-snippet:-1","max-image-preview":"max-image-preview:large","max-video-preview":"max-video-preview:-1"},"canonical":"https:\/\/technopolis-group.com\/pt-pt\/solutions\/data-science\/","og_locale":"pt_PT","og_type":"article","og_title":"Ci\u00eancia dos dados - Technopolis Group","og_description":"Gerar conhecimentos baseados em dados e confian\u00e7a no dom\u00ednio das [&hellip;]","og_url":"https:\/\/technopolis-group.com\/pt-pt\/solutions\/data-science\/","og_site_name":"Technopolis Group","article_modified_time":"2025-03-17T16:07:44+00:00","twitter_card":"summary_large_image","twitter_misc":{"Tempo estimado de leitura":"4 minutos"},"schema":{"@context":"https:\/\/schema.org","@graph":[{"@type":"WebPage","@id":"https:\/\/technopolis-group.com\/pt-pt\/solutions\/data-science\/","url":"https:\/\/technopolis-group.com\/pt-pt\/solutions\/data-science\/","name":"Ci\u00eancia dos dados - Technopolis Group","isPartOf":{"@id":"https:\/\/technopolis-group.com\/nl\/#website"},"datePublished":"2019-11-27T15:11:13+00:00","dateModified":"2025-03-17T16:07:44+00:00","breadcrumb":{"@id":"https:\/\/technopolis-group.com\/pt-pt\/solutions\/data-science\/#breadcrumb"},"inLanguage":"pt-PT","potentialAction":[{"@type":"ReadAction","target":["https:\/\/technopolis-group.com\/pt-pt\/solutions\/data-science\/"]}]},{"@type":"BreadcrumbList","@id":"https:\/\/technopolis-group.com\/pt-pt\/solutions\/data-science\/#breadcrumb","itemListElement":[{"@type":"ListItem","position":1,"name":"Home","item":"https:\/\/technopolis-group.com\/pt-pt\/"},{"@type":"ListItem","position":2,"name":"Solutions","item":"https:\/\/technopolis-group.com\/pt-pt\/solutions\/"},{"@type":"ListItem","position":3,"name":"Ci\u00eancia dos dados"}]},{"@type":"WebSite","@id":"https:\/\/technopolis-group.com\/nl\/#website","url":"https:\/\/technopolis-group.com\/nl\/","name":"Technopolis Group","description":"Technopolis-group","potentialAction":[{"@type":"SearchAction","target":{"@type":"EntryPoint","urlTemplate":"https:\/\/technopolis-group.com\/nl\/?s={search_term_string}"},"query-input":{"@type":"PropertyValueSpecification","valueRequired":true,"valueName":"search_term_string"}}],"inLanguage":"pt-PT"}]}},"publishpress_future_action":{"enabled":false,"date":"2026-04-12 20:06:18","action":"change-status","newStatus":"draft","terms":[],"taxonomy":"translation_priority","extraData":[]},"publishpress_future_workflow_manual_trigger":{"enabledWorkflows":[]},"_links":{"self":[{"href":"https:\/\/technopolis-group.com\/pt-pt\/wp-json\/wp\/v2\/pages\/55271","targetHints":{"allow":["GET"]}}],"collection":[{"href":"https:\/\/technopolis-group.com\/pt-pt\/wp-json\/wp\/v2\/pages"}],"about":[{"href":"https:\/\/technopolis-group.com\/pt-pt\/wp-json\/wp\/v2\/types\/page"}],"author":[{"embeddable":true,"href":"https:\/\/technopolis-group.com\/pt-pt\/wp-json\/wp\/v2\/users\/1"}],"replies":[{"embeddable":true,"href":"https:\/\/technopolis-group.com\/pt-pt\/wp-json\/wp\/v2\/comments?post=55271"}],"version-history":[{"count":8,"href":"https:\/\/technopolis-group.com\/pt-pt\/wp-json\/wp\/v2\/pages\/55271\/revisions"}],"predecessor-version":[{"id":59840,"href":"https:\/\/technopolis-group.com\/pt-pt\/wp-json\/wp\/v2\/pages\/55271\/revisions\/59840"}],"up":[{"embeddable":true,"href":"https:\/\/technopolis-group.com\/pt-pt\/wp-json\/wp\/v2\/pages\/55279"}],"wp:attachment":[{"href":"https:\/\/technopolis-group.com\/pt-pt\/wp-json\/wp\/v2\/media?parent=55271"}],"wp:term":[{"taxonomy":"solution","embeddable":true,"href":"https:\/\/technopolis-group.com\/pt-pt\/wp-json\/wp\/v2\/solution?post=55271"},{"taxonomy":"sector","embeddable":true,"href":"https:\/\/technopolis-group.com\/pt-pt\/wp-json\/wp\/v2\/sector?post=55271"}],"curies":[{"name":"wp","href":"https:\/\/api.w.org\/{rel}","templated":true}]}}