{"id":55283,"date":"2020-02-17T09:33:43","date_gmt":"2020-02-17T09:33:43","guid":{"rendered":"https:\/\/technopolis-group.com\/sectors\/research-and-innovation\/"},"modified":"2025-09-30T11:35:55","modified_gmt":"2025-09-30T11:35:55","slug":"research-and-innovation","status":"publish","type":"page","link":"https:\/\/technopolis-group.com\/pt-pt\/sectors\/research-and-innovation\/","title":{"rendered":"Investiga\u00e7\u00e3o e inova\u00e7\u00e3o"},"content":{"rendered":"\n<figure class=\"wp-block-pullquote\"><blockquote><p><strong>Navegar num futuro sustent\u00e1vel: repensar o crescimento atrav\u00e9s da investiga\u00e7\u00e3o e da inova\u00e7\u00e3o<\/strong>.<br><br><strong>Desde meados do s\u00e9culo XX, o crescimento econ\u00f3mico impulsionado pela investiga\u00e7\u00e3o e inova\u00e7\u00e3o tem sido colocado em causa, \u00e0 medida que o otimismo e a desconfian\u00e7a em rela\u00e7\u00e3o \u00e0s institui\u00e7\u00f5es levam a uma reavalia\u00e7\u00e3o cr\u00edtica do papel da inova\u00e7\u00e3o e do crescimento na resolu\u00e7\u00e3o dos desafios sociais. Em resposta, a reorienta\u00e7\u00e3o do financiamento da investiga\u00e7\u00e3o e inova\u00e7\u00e3o para enfrentar os \u201cdesafios societais\u201d e alcan\u00e7ar os Objetivos de Desenvolvimento Sustent\u00e1vel da ONU tornou-se uma prioridade pol\u00edtica. A Technopolis apoia esta transforma\u00e7\u00e3o, ajudando a redefinir os complexos \u201csistemas sociot\u00e9cnicos\u201d e promovendo um futuro sustent\u00e1vel atrav\u00e9s de iniciativas estrat\u00e9gicas de inova\u00e7\u00e3o.<\/strong>&nbsp;<\/p><\/blockquote><\/figure>\n\n\n\n<p>Consequentemente, a governa\u00e7\u00e3o da investiga\u00e7\u00e3o e inova\u00e7\u00e3o est\u00e1 a entrar numa nova era, caracterizada por programas complexos de inova\u00e7\u00e3o e transi\u00e7\u00e3o. Estes programas tendem a ser de grande escala e longa dura\u00e7\u00e3o, exigindo a colabora\u00e7\u00e3o de diversas \u00e1reas do governo e de um leque alargado de partes interessadas \u2013 incluindo atores que, tradicionalmente, n\u00e3o estavam envolvidos na formula\u00e7\u00e3o de pol\u00edticas de investiga\u00e7\u00e3o e inova\u00e7\u00e3o.&nbsp;<\/p>\n\n\n\n<p>Os novos programas geram novas necessidades e exig\u00eancias, tais como:&nbsp;<\/p>\n\n\n\n<ul class=\"wp-block-list\">\n<li>Envolvimento alargado dos cidad\u00e3os e das partes interessadas na conce\u00e7\u00e3o e avalia\u00e7\u00e3o das pol\u00edticas;&nbsp;<\/li>\n<\/ul>\n\n\n\n<ul class=\"wp-block-list\">\n<li>Prospetiva e defini\u00e7\u00e3o de roteiros para identificar as melhores trajet\u00f3rias tecnol\u00f3gicas e orientar os esfor\u00e7os de interven\u00e7\u00e3o;&nbsp;<\/li>\n<\/ul>\n\n\n\n<ul class=\"wp-block-list\">\n<li>Integra\u00e7\u00e3o de abordagens experimentais e bancos de ensaio de pol\u00edticas de inova\u00e7\u00e3o;&nbsp;<\/li>\n<\/ul>\n\n\n\n<ul class=\"wp-block-list\">\n<li>Desenvolvimento de ferramentas para promover a Investiga\u00e7\u00e3o e Inova\u00e7\u00e3o Respons\u00e1veis;&nbsp;<\/li>\n<\/ul>\n\n\n\n<ul class=\"wp-block-list\">\n<li>An\u00e1lise sist\u00e9mica de longo prazo, considerando a complexidade das rela\u00e7\u00f5es entre interven\u00e7\u00f5es e impactos, muitas vezes dif\u00edceis de atribuir diretamente.&nbsp;<\/li>\n<\/ul>\n\n\n\n<p>O Grupo Technopolis tem estado no centro das transforma\u00e7\u00f5es no dom\u00ednio da inova\u00e7\u00e3o h\u00e1 mais de 30 anos. Apoiamos decisores pol\u00edticos e organiza\u00e7\u00f5es de investiga\u00e7\u00e3o e inova\u00e7\u00e3o na resposta aos desafios que enfrentam, atrav\u00e9s de aconselhamento estrat\u00e9gico, estudos especializados, prospetiva e avalia\u00e7\u00f5es. Em particular, prestamos apoio em \u00e1reas como:&nbsp;<\/p>\n\n\n\n<ul class=\"wp-block-list\">\n<li>Sistemas de investiga\u00e7\u00e3o e inova\u00e7\u00e3o&nbsp;&nbsp;<\/li>\n<\/ul>\n\n\n\n<ul class=\"wp-block-list\">\n<li>Governa\u00e7\u00e3o da pol\u00edtica cient\u00edfica e tecnol\u00f3gica&nbsp;&nbsp;<\/li>\n<\/ul>\n\n\n\n<ul class=\"wp-block-list\">\n<li>Financiamento da investiga\u00e7\u00e3o e inova\u00e7\u00e3o&nbsp;&nbsp;<\/li>\n<\/ul>\n\n\n\n<ul class=\"wp-block-list\">\n<li>Avalia\u00e7\u00e3o e revis\u00e3o de programas e ag\u00eancias&nbsp;&nbsp;<\/li>\n<\/ul>\n\n\n\n<ul class=\"wp-block-list\">\n<li>Coopera\u00e7\u00e3o internacional no dom\u00ednio da ci\u00eancia e da inova\u00e7\u00e3o&nbsp;&nbsp;<\/li>\n<\/ul>\n\n\n\n<ul class=\"wp-block-list\">\n<li>Ci\u00eancia aberta&nbsp;&nbsp;<\/li>\n<\/ul>\n\n\n\n<ul class=\"wp-block-list\">\n<li>Investiga\u00e7\u00e3o e inova\u00e7\u00e3o respons\u00e1veis&nbsp;&nbsp;<\/li>\n<\/ul>\n\n\n\n<ul class=\"wp-block-list\">\n<li>Transfer\u00eancia de tecnologia&nbsp;&nbsp;<\/li>\n<\/ul>\n\n\n\n<p>Temos um conhecimento profundo das tecnologias e dos mercados nos seguintes dom\u00ednios:&nbsp;<\/p>\n\n\n\n<ul class=\"wp-block-list\">\n<li>Agroalimentar&nbsp;&nbsp;&nbsp;<\/li>\n<\/ul>\n\n\n\n<ul class=\"wp-block-list\">\n<li>Digital&nbsp;&nbsp;&nbsp;<\/li>\n<\/ul>\n\n\n\n<ul class=\"wp-block-list\">\n<li>Tecnologias facilitadoras essenciais&nbsp;&nbsp;&nbsp;<\/li>\n<\/ul>\n\n\n\n<ul class=\"wp-block-list\">\n<li>Ci\u00eancias da vida&nbsp;&nbsp;&nbsp;<\/li>\n<\/ul>\n\n\n\n<ul class=\"wp-block-list\">\n<li>Efici\u00eancia de recursos&nbsp;&nbsp;&nbsp;<\/li>\n<\/ul>\n\n\n\n<ul class=\"wp-block-list\">\n<li>Energia sustent\u00e1vel&nbsp;&nbsp;&nbsp;<\/li>\n<\/ul>\n\n\n\n<ul class=\"wp-block-list\">\n<li>Espa\u00e7o&nbsp;&nbsp;&nbsp;<\/li>\n<\/ul>\n\n\n\n<ul class=\"wp-block-list\">\n<li>Transportes e mobilidade&nbsp;<\/li>\n<\/ul>\n\n\n\n<p>Atuamos em toda a Europa e a n\u00edvel global, com especial foco em pa\u00edses de baixo e m\u00e9dio rendimento.<\/p>\n\n\n\n<hr class=\"wp-block-separator has-alpha-channel-opacity\"\/>\n\n\n\n<p>Para mais informa\u00e7\u00f5es, contacte-nos atrav\u00e9s do e-mail <a href=\"mailto:eu.researchinnovation@technopolis-group.com\">eu.researchinnovation@technopolis-group.com<\/a> ou entre em contacto diretamente com a nossa equipa de lideran\u00e7a : Orestas Strauka, Jeanne Prades, Kleitia Zeqo e Agis Evrigenis.<\/p>\n\n\n\n<h3 class=\"wp-block-heading\">Para quem e com quem trabalhamos&nbsp;<\/h3>\n\n\n\n<p>Trabalhamos com minist\u00e9rios respons\u00e1veis pela investiga\u00e7\u00e3o e inova\u00e7\u00e3o, ag\u00eancias nacionais de I&amp;I em todo o mundo, institui\u00e7\u00f5es da UE (incluindo a Comiss\u00e3o Europeia, a DG RTD e as suas ag\u00eancias executivas) e organiza\u00e7\u00f5es internacionais, como a OCDE, bancos multilaterais de desenvolvimento, doadores multilaterais e bilaterais e diversas ag\u00eancias da ONU. Atuamos na Europa e a n\u00edvel global, incluindo em pa\u00edses de baixo e m\u00e9dio rendimento.&nbsp;<\/p>\n\n\n\n<p>O Grupo Technopolis \u00e9 l\u00edder e parceiro em v\u00e1rios contratos-quadro da Comiss\u00e3o Europeia, nomeadamente com a DG RTD, para a presta\u00e7\u00e3o de servi\u00e7os de Prospetiva (Lote 1) e Estudos Estrat\u00e9gicos (Lote 3).&nbsp;<\/p>\n","protected":false},"excerpt":{"rendered":"<p>Navegar num futuro sustent\u00e1vel: repensar o crescimento atrav\u00e9s da investiga\u00e7\u00e3o [&hellip;]<\/p>\n","protected":false},"author":1,"featured_media":0,"parent":55204,"menu_order":0,"comment_status":"closed","ping_status":"closed","template":"templates\/tpl-sectors.php","meta":{"_acf_changed":false,"footnotes":""},"solution":[],"sector":[255],"class_list":["post-55283","page","type-page","status-publish","hentry","sector-research-innovation-pt-pt"],"acf":[],"yoast_head":"<!-- This site is optimized with the Yoast SEO plugin v27.1.1 - https:\/\/yoast.com\/product\/yoast-seo-wordpress\/ -->\n<title>Investiga\u00e7\u00e3o e inova\u00e7\u00e3o - Technopolis Group<\/title>\n<meta name=\"robots\" content=\"index, follow, max-snippet:-1, max-image-preview:large, max-video-preview:-1\" \/>\n<link rel=\"canonical\" href=\"https:\/\/technopolis-group.com\/pt-pt\/sectors\/research-and-innovation\/\" \/>\n<meta property=\"og:locale\" content=\"pt_PT\" \/>\n<meta property=\"og:type\" content=\"article\" \/>\n<meta property=\"og:title\" content=\"Investiga\u00e7\u00e3o e inova\u00e7\u00e3o - Technopolis Group\" \/>\n<meta property=\"og:description\" content=\"Navegar num futuro sustent\u00e1vel: repensar o crescimento atrav\u00e9s da investiga\u00e7\u00e3o [&hellip;]\" \/>\n<meta property=\"og:url\" content=\"https:\/\/technopolis-group.com\/pt-pt\/sectors\/research-and-innovation\/\" \/>\n<meta property=\"og:site_name\" content=\"Technopolis Group\" \/>\n<meta property=\"article:modified_time\" content=\"2025-09-30T11:35:55+00:00\" \/>\n<meta name=\"twitter:card\" content=\"summary_large_image\" \/>\n<meta name=\"twitter:label1\" content=\"Tempo estimado de leitura\" \/>\n\t<meta name=\"twitter:data1\" content=\"3 minutos\" \/>\n<script type=\"application\/ld+json\" class=\"yoast-schema-graph\">{\"@context\":\"https:\/\/schema.org\",\"@graph\":[{\"@type\":\"WebPage\",\"@id\":\"https:\/\/technopolis-group.com\/pt-pt\/sectors\/research-and-innovation\/\",\"url\":\"https:\/\/technopolis-group.com\/pt-pt\/sectors\/research-and-innovation\/\",\"name\":\"Investiga\u00e7\u00e3o e inova\u00e7\u00e3o - Technopolis Group\",\"isPartOf\":{\"@id\":\"https:\/\/technopolis-group.com\/nl\/#website\"},\"datePublished\":\"2020-02-17T09:33:43+00:00\",\"dateModified\":\"2025-09-30T11:35:55+00:00\",\"breadcrumb\":{\"@id\":\"https:\/\/technopolis-group.com\/pt-pt\/sectors\/research-and-innovation\/#breadcrumb\"},\"inLanguage\":\"pt-PT\",\"potentialAction\":[{\"@type\":\"ReadAction\",\"target\":[\"https:\/\/technopolis-group.com\/pt-pt\/sectors\/research-and-innovation\/\"]}]},{\"@type\":\"BreadcrumbList\",\"@id\":\"https:\/\/technopolis-group.com\/pt-pt\/sectors\/research-and-innovation\/#breadcrumb\",\"itemListElement\":[{\"@type\":\"ListItem\",\"position\":1,\"name\":\"Home\",\"item\":\"https:\/\/technopolis-group.com\/pt-pt\/\"},{\"@type\":\"ListItem\",\"position\":2,\"name\":\"Sectors\",\"item\":\"https:\/\/technopolis-group.com\/pt-pt\/sectors\/\"},{\"@type\":\"ListItem\",\"position\":3,\"name\":\"Investiga\u00e7\u00e3o e inova\u00e7\u00e3o\"}]},{\"@type\":\"WebSite\",\"@id\":\"https:\/\/technopolis-group.com\/nl\/#website\",\"url\":\"https:\/\/technopolis-group.com\/nl\/\",\"name\":\"Technopolis Group\",\"description\":\"Technopolis-group\",\"potentialAction\":[{\"@type\":\"SearchAction\",\"target\":{\"@type\":\"EntryPoint\",\"urlTemplate\":\"https:\/\/technopolis-group.com\/nl\/?s={search_term_string}\"},\"query-input\":{\"@type\":\"PropertyValueSpecification\",\"valueRequired\":true,\"valueName\":\"search_term_string\"}}],\"inLanguage\":\"pt-PT\"}]}<\/script>\n<!-- \/ Yoast SEO plugin. -->","yoast_head_json":{"title":"Investiga\u00e7\u00e3o e inova\u00e7\u00e3o - Technopolis Group","robots":{"index":"index","follow":"follow","max-snippet":"max-snippet:-1","max-image-preview":"max-image-preview:large","max-video-preview":"max-video-preview:-1"},"canonical":"https:\/\/technopolis-group.com\/pt-pt\/sectors\/research-and-innovation\/","og_locale":"pt_PT","og_type":"article","og_title":"Investiga\u00e7\u00e3o e inova\u00e7\u00e3o - Technopolis Group","og_description":"Navegar num futuro sustent\u00e1vel: repensar o crescimento atrav\u00e9s da investiga\u00e7\u00e3o [&hellip;]","og_url":"https:\/\/technopolis-group.com\/pt-pt\/sectors\/research-and-innovation\/","og_site_name":"Technopolis Group","article_modified_time":"2025-09-30T11:35:55+00:00","twitter_card":"summary_large_image","twitter_misc":{"Tempo estimado de leitura":"3 minutos"},"schema":{"@context":"https:\/\/schema.org","@graph":[{"@type":"WebPage","@id":"https:\/\/technopolis-group.com\/pt-pt\/sectors\/research-and-innovation\/","url":"https:\/\/technopolis-group.com\/pt-pt\/sectors\/research-and-innovation\/","name":"Investiga\u00e7\u00e3o e inova\u00e7\u00e3o - Technopolis Group","isPartOf":{"@id":"https:\/\/technopolis-group.com\/nl\/#website"},"datePublished":"2020-02-17T09:33:43+00:00","dateModified":"2025-09-30T11:35:55+00:00","breadcrumb":{"@id":"https:\/\/technopolis-group.com\/pt-pt\/sectors\/research-and-innovation\/#breadcrumb"},"inLanguage":"pt-PT","potentialAction":[{"@type":"ReadAction","target":["https:\/\/technopolis-group.com\/pt-pt\/sectors\/research-and-innovation\/"]}]},{"@type":"BreadcrumbList","@id":"https:\/\/technopolis-group.com\/pt-pt\/sectors\/research-and-innovation\/#breadcrumb","itemListElement":[{"@type":"ListItem","position":1,"name":"Home","item":"https:\/\/technopolis-group.com\/pt-pt\/"},{"@type":"ListItem","position":2,"name":"Sectors","item":"https:\/\/technopolis-group.com\/pt-pt\/sectors\/"},{"@type":"ListItem","position":3,"name":"Investiga\u00e7\u00e3o e inova\u00e7\u00e3o"}]},{"@type":"WebSite","@id":"https:\/\/technopolis-group.com\/nl\/#website","url":"https:\/\/technopolis-group.com\/nl\/","name":"Technopolis Group","description":"Technopolis-group","potentialAction":[{"@type":"SearchAction","target":{"@type":"EntryPoint","urlTemplate":"https:\/\/technopolis-group.com\/nl\/?s={search_term_string}"},"query-input":{"@type":"PropertyValueSpecification","valueRequired":true,"valueName":"search_term_string"}}],"inLanguage":"pt-PT"}]}},"publishpress_future_action":{"enabled":false,"date":"2026-04-19 14:23:15","action":"change-status","newStatus":"draft","terms":[],"taxonomy":"translation_priority","extraData":[]},"publishpress_future_workflow_manual_trigger":{"enabledWorkflows":[]},"_links":{"self":[{"href":"https:\/\/technopolis-group.com\/pt-pt\/wp-json\/wp\/v2\/pages\/55283","targetHints":{"allow":["GET"]}}],"collection":[{"href":"https:\/\/technopolis-group.com\/pt-pt\/wp-json\/wp\/v2\/pages"}],"about":[{"href":"https:\/\/technopolis-group.com\/pt-pt\/wp-json\/wp\/v2\/types\/page"}],"author":[{"embeddable":true,"href":"https:\/\/technopolis-group.com\/pt-pt\/wp-json\/wp\/v2\/users\/1"}],"replies":[{"embeddable":true,"href":"https:\/\/technopolis-group.com\/pt-pt\/wp-json\/wp\/v2\/comments?post=55283"}],"version-history":[{"count":33,"href":"https:\/\/technopolis-group.com\/pt-pt\/wp-json\/wp\/v2\/pages\/55283\/revisions"}],"predecessor-version":[{"id":62504,"href":"https:\/\/technopolis-group.com\/pt-pt\/wp-json\/wp\/v2\/pages\/55283\/revisions\/62504"}],"up":[{"embeddable":true,"href":"https:\/\/technopolis-group.com\/pt-pt\/wp-json\/wp\/v2\/pages\/55204"}],"wp:attachment":[{"href":"https:\/\/technopolis-group.com\/pt-pt\/wp-json\/wp\/v2\/media?parent=55283"}],"wp:term":[{"taxonomy":"solution","embeddable":true,"href":"https:\/\/technopolis-group.com\/pt-pt\/wp-json\/wp\/v2\/solution?post=55283"},{"taxonomy":"sector","embeddable":true,"href":"https:\/\/technopolis-group.com\/pt-pt\/wp-json\/wp\/v2\/sector?post=55283"}],"curies":[{"name":"wp","href":"https:\/\/api.w.org\/{rel}","templated":true}]}}