{"id":55285,"date":"2019-12-10T08:18:26","date_gmt":"2019-12-10T08:18:26","guid":{"rendered":"https:\/\/technopolis-group.com\/sectors\/regional-development-cohesion\/"},"modified":"2025-03-17T14:45:18","modified_gmt":"2025-03-17T14:45:18","slug":"regional-development-cohesion","status":"publish","type":"page","link":"https:\/\/technopolis-group.com\/pt-pt\/sectors\/regional-development-cohesion\/","title":{"rendered":"Desenvolvimento regional e coes\u00e3o"},"content":{"rendered":"\n<figure class=\"wp-block-pullquote\"><blockquote><p>Catalisar o desenvolvimento regional: construir uma economia local mais inteligente, mais ecol\u00f3gica e mais respons\u00e1vel.&nbsp;&nbsp;<br><br>Os \u00f3rg\u00e3os de poder local e regional desempenham um papel fundamental na constru\u00e7\u00e3o de uma economia mais inteligente, ecol\u00f3gica e respons\u00e1vel. As regi\u00f5es e munic\u00edpios est\u00e3o particularmente bem posicionados para impulsionar ecossistemas de inova\u00e7\u00e3o e servir como bancos de ensaio para abordagens inovadoras. Ao integrar crescimento sustent\u00e1vel e inteligente, esses territ\u00f3rios promovem o desenvolvimento socioecon\u00f3mico, gerando emprego e fomentando a coes\u00e3o social.&nbsp;<\/p><\/blockquote><\/figure>\n\n\n\n<p>Technopolis Group tem mais de 30 anos de experi\u00eancia a trabalhar com regi\u00f5es e cidades. O nosso trabalho apoia-as a enfrentar o complexo desafio da inova\u00e7\u00e3o, exigindo uma abordagem hol\u00edstica e uma perspetiva de longo prazo ao longo de todo o ciclo das pol\u00edticas p\u00fablicas:&nbsp;&nbsp;<\/p>\n\n\n\n<ul class=\"wp-block-list\">\n<li><strong>Pol\u00edtica de inova\u00e7\u00e3o regional:<\/strong> colaboramos com autoridades locais e regionais, bem como com as partes interessadas no ecossistema de inova\u00e7\u00e3o local, para moldar o tecido econ\u00f3mico e criar ecossistemas de inova\u00e7\u00e3o din\u00e2micos e sustent\u00e1veis.&nbsp;<\/li>\n<\/ul>\n\n\n\n<ul class=\"wp-block-list\">\n<li><strong>Cidades e regi\u00f5es neutras em carbono, resilientes e digitais:<\/strong> apoiamos os ecossistemas locais na cria\u00e7\u00e3o de pol\u00edticas e instrumentos que facilitem a transi\u00e7\u00e3o para a neutralidade carb\u00f3nica, implementem solu\u00e7\u00f5es de adapta\u00e7\u00e3o \u00e0s altera\u00e7\u00f5es clim\u00e1ticas e promovam a ado\u00e7\u00e3o de tecnologias digitais no tecido econ\u00f3mico regional e na administra\u00e7\u00e3o p\u00fablica local.&nbsp;<\/li>\n<\/ul>\n\n\n\n<ul class=\"wp-block-list\">\n<li><strong>Pol\u00edtica de coes\u00e3o da UE:<\/strong> fornecemos aconselhamento a autoridades nacionais e regionais, bem como a institui\u00e7\u00f5es europeias, para o desenvolvimento, implementa\u00e7\u00e3o, monitoriza\u00e7\u00e3o e avalia\u00e7\u00e3o da pol\u00edtica de coes\u00e3o nas regi\u00f5es europeias e nas regi\u00f5es ultraperif\u00e9ricas.&nbsp;<\/li>\n<\/ul>\n\n\n\n<p>Nestes sectores, oferecemos uma vasta gama de servi\u00e7os:&nbsp;&nbsp;<\/p>\n\n\n\n<ul class=\"wp-block-list\">\n<li>conce\u00e7\u00e3o de pol\u00edticas e estudos estrat\u00e9gicos&nbsp;&nbsp;&nbsp;<\/li>\n<\/ul>\n\n\n\n<ul class=\"wp-block-list\">\n<li>estudos de mercado e de investiga\u00e7\u00e3o sobre sectores industriais e tecnologias&nbsp;&nbsp;<\/li>\n<\/ul>\n\n\n\n<ul class=\"wp-block-list\">\n<li>assist\u00eancia t\u00e9cnica \u00e0s autoridades locais e regionais e \u00e0s partes interessadas (associa\u00e7\u00f5es empresariais, clusters, etc.)&nbsp;&nbsp;<\/li>\n<\/ul>\n\n\n\n<ul class=\"wp-block-list\">\n<li>gest\u00e3o de redes e comunidades de pr\u00e1tica&nbsp;&nbsp;<\/li>\n<\/ul>\n\n\n\n<ul class=\"wp-block-list\">\n<li>gest\u00e3o de programas e apoio a pol\u00edticas&nbsp;&nbsp;&nbsp;<\/li>\n<\/ul>\n\n\n\n<ul class=\"wp-block-list\">\n<li>avalia\u00e7\u00e3o&nbsp;&nbsp;&nbsp;<\/li>\n<\/ul>\n\n\n\n<ul class=\"wp-block-list\">\n<li>avalia\u00e7\u00e3o do impacto socioecon\u00f3mico&nbsp;<\/li>\n<\/ul>\n\n\n\n<h2 class=\"wp-block-heading\">Para quem e com quem trabalhamos<\/h2>\n\n\n\n<p>Trabalhamos com a Comiss\u00e3o Europeia (DG REGIO), ESPON, BEI, governos, ag\u00eancias estatais, bancos nacionais de promo\u00e7\u00e3o, autoridades locais e regionais, c\u00e2mara de com\u00e9rcio, clusters e organiza\u00e7\u00f5es de incuba\u00e7\u00e3o de empresas.&nbsp;&nbsp;<\/p>\n\n\n\n<p>O Technopolis Group est\u00e1 a gerir a Comunidade de Pr\u00e1ticas de Especializa\u00e7\u00e3o Inteligente (DG REGIO), a Plataforma Inter-regional de Investimentos em Inova\u00e7\u00e3o (EISMEA) e o secretariado dos Desafios das Cidades Inteligentes (EISMEA), bem como o PVD+ Financiamento de Infra-estruturas Verdes para Pequenas Cidades em Fran\u00e7a (Banque des Territoires).&nbsp;<\/p>\n\n\n\n<p>O Grupo Technopolis est\u00e1 a gerir a Comunidade de Pr\u00e1ticas de Especializa\u00e7\u00e3o Inteligente (DG REGIO), a Plataforma Inter-regional de Investimentos em Inova\u00e7\u00e3o (EISMEA) e o secretariado dos Desafios das Cidades Inteligentes (EISMEA), al\u00e9m do PVD+ Financiamento de Infraestruturas Verdes para Pequenas Cidades em Fran\u00e7a (Banque des Territoires).&nbsp;<\/p>\n","protected":false},"excerpt":{"rendered":"<p>Catalisar o desenvolvimento regional: construir uma economia local mais inteligente, [&hellip;]<\/p>\n","protected":false},"author":1,"featured_media":0,"parent":55204,"menu_order":0,"comment_status":"closed","ping_status":"closed","template":"templates\/tpl-sectors.php","meta":{"_acf_changed":false,"footnotes":""},"solution":[],"sector":[264],"class_list":["post-55285","page","type-page","status-publish","hentry","sector-regional-dev-pt-pt"],"acf":[],"yoast_head":"<!-- This site is optimized with the Yoast SEO plugin v27.1.1 - https:\/\/yoast.com\/product\/yoast-seo-wordpress\/ -->\n<title>Desenvolvimento regional e coes\u00e3o - Technopolis Group<\/title>\n<meta name=\"robots\" content=\"index, follow, max-snippet:-1, max-image-preview:large, max-video-preview:-1\" \/>\n<link rel=\"canonical\" href=\"https:\/\/technopolis-group.com\/pt-pt\/sectors\/regional-development-cohesion\/\" \/>\n<meta property=\"og:locale\" content=\"pt_PT\" \/>\n<meta property=\"og:type\" content=\"article\" \/>\n<meta property=\"og:title\" content=\"Desenvolvimento regional e coes\u00e3o - Technopolis Group\" \/>\n<meta property=\"og:description\" content=\"Catalisar o desenvolvimento regional: construir uma economia local mais inteligente, [&hellip;]\" \/>\n<meta property=\"og:url\" content=\"https:\/\/technopolis-group.com\/pt-pt\/sectors\/regional-development-cohesion\/\" \/>\n<meta property=\"og:site_name\" content=\"Technopolis Group\" \/>\n<meta property=\"article:modified_time\" content=\"2025-03-17T14:45:18+00:00\" \/>\n<meta name=\"twitter:card\" content=\"summary_large_image\" \/>\n<meta name=\"twitter:label1\" content=\"Tempo estimado de leitura\" \/>\n\t<meta name=\"twitter:data1\" content=\"3 minutos\" \/>\n<script type=\"application\/ld+json\" class=\"yoast-schema-graph\">{\"@context\":\"https:\/\/schema.org\",\"@graph\":[{\"@type\":\"WebPage\",\"@id\":\"https:\/\/technopolis-group.com\/pt-pt\/sectors\/regional-development-cohesion\/\",\"url\":\"https:\/\/technopolis-group.com\/pt-pt\/sectors\/regional-development-cohesion\/\",\"name\":\"Desenvolvimento regional e coes\u00e3o - Technopolis Group\",\"isPartOf\":{\"@id\":\"https:\/\/technopolis-group.com\/nl\/#website\"},\"datePublished\":\"2019-12-10T08:18:26+00:00\",\"dateModified\":\"2025-03-17T14:45:18+00:00\",\"breadcrumb\":{\"@id\":\"https:\/\/technopolis-group.com\/pt-pt\/sectors\/regional-development-cohesion\/#breadcrumb\"},\"inLanguage\":\"pt-PT\",\"potentialAction\":[{\"@type\":\"ReadAction\",\"target\":[\"https:\/\/technopolis-group.com\/pt-pt\/sectors\/regional-development-cohesion\/\"]}]},{\"@type\":\"BreadcrumbList\",\"@id\":\"https:\/\/technopolis-group.com\/pt-pt\/sectors\/regional-development-cohesion\/#breadcrumb\",\"itemListElement\":[{\"@type\":\"ListItem\",\"position\":1,\"name\":\"Home\",\"item\":\"https:\/\/technopolis-group.com\/pt-pt\/\"},{\"@type\":\"ListItem\",\"position\":2,\"name\":\"Sectors\",\"item\":\"https:\/\/technopolis-group.com\/pt-pt\/sectors\/\"},{\"@type\":\"ListItem\",\"position\":3,\"name\":\"Desenvolvimento regional e coes\u00e3o\"}]},{\"@type\":\"WebSite\",\"@id\":\"https:\/\/technopolis-group.com\/nl\/#website\",\"url\":\"https:\/\/technopolis-group.com\/nl\/\",\"name\":\"Technopolis Group\",\"description\":\"Technopolis-group\",\"potentialAction\":[{\"@type\":\"SearchAction\",\"target\":{\"@type\":\"EntryPoint\",\"urlTemplate\":\"https:\/\/technopolis-group.com\/nl\/?s={search_term_string}\"},\"query-input\":{\"@type\":\"PropertyValueSpecification\",\"valueRequired\":true,\"valueName\":\"search_term_string\"}}],\"inLanguage\":\"pt-PT\"}]}<\/script>\n<!-- \/ Yoast SEO plugin. -->","yoast_head_json":{"title":"Desenvolvimento regional e coes\u00e3o - Technopolis Group","robots":{"index":"index","follow":"follow","max-snippet":"max-snippet:-1","max-image-preview":"max-image-preview:large","max-video-preview":"max-video-preview:-1"},"canonical":"https:\/\/technopolis-group.com\/pt-pt\/sectors\/regional-development-cohesion\/","og_locale":"pt_PT","og_type":"article","og_title":"Desenvolvimento regional e coes\u00e3o - Technopolis Group","og_description":"Catalisar o desenvolvimento regional: construir uma economia local mais inteligente, [&hellip;]","og_url":"https:\/\/technopolis-group.com\/pt-pt\/sectors\/regional-development-cohesion\/","og_site_name":"Technopolis Group","article_modified_time":"2025-03-17T14:45:18+00:00","twitter_card":"summary_large_image","twitter_misc":{"Tempo estimado de leitura":"3 minutos"},"schema":{"@context":"https:\/\/schema.org","@graph":[{"@type":"WebPage","@id":"https:\/\/technopolis-group.com\/pt-pt\/sectors\/regional-development-cohesion\/","url":"https:\/\/technopolis-group.com\/pt-pt\/sectors\/regional-development-cohesion\/","name":"Desenvolvimento regional e coes\u00e3o - Technopolis Group","isPartOf":{"@id":"https:\/\/technopolis-group.com\/nl\/#website"},"datePublished":"2019-12-10T08:18:26+00:00","dateModified":"2025-03-17T14:45:18+00:00","breadcrumb":{"@id":"https:\/\/technopolis-group.com\/pt-pt\/sectors\/regional-development-cohesion\/#breadcrumb"},"inLanguage":"pt-PT","potentialAction":[{"@type":"ReadAction","target":["https:\/\/technopolis-group.com\/pt-pt\/sectors\/regional-development-cohesion\/"]}]},{"@type":"BreadcrumbList","@id":"https:\/\/technopolis-group.com\/pt-pt\/sectors\/regional-development-cohesion\/#breadcrumb","itemListElement":[{"@type":"ListItem","position":1,"name":"Home","item":"https:\/\/technopolis-group.com\/pt-pt\/"},{"@type":"ListItem","position":2,"name":"Sectors","item":"https:\/\/technopolis-group.com\/pt-pt\/sectors\/"},{"@type":"ListItem","position":3,"name":"Desenvolvimento regional e coes\u00e3o"}]},{"@type":"WebSite","@id":"https:\/\/technopolis-group.com\/nl\/#website","url":"https:\/\/technopolis-group.com\/nl\/","name":"Technopolis Group","description":"Technopolis-group","potentialAction":[{"@type":"SearchAction","target":{"@type":"EntryPoint","urlTemplate":"https:\/\/technopolis-group.com\/nl\/?s={search_term_string}"},"query-input":{"@type":"PropertyValueSpecification","valueRequired":true,"valueName":"search_term_string"}}],"inLanguage":"pt-PT"}]}},"publishpress_future_action":{"enabled":false,"date":"2026-04-14 01:58:40","action":"change-status","newStatus":"draft","terms":[],"taxonomy":"translation_priority","extraData":[]},"publishpress_future_workflow_manual_trigger":{"enabledWorkflows":[]},"_links":{"self":[{"href":"https:\/\/technopolis-group.com\/pt-pt\/wp-json\/wp\/v2\/pages\/55285","targetHints":{"allow":["GET"]}}],"collection":[{"href":"https:\/\/technopolis-group.com\/pt-pt\/wp-json\/wp\/v2\/pages"}],"about":[{"href":"https:\/\/technopolis-group.com\/pt-pt\/wp-json\/wp\/v2\/types\/page"}],"author":[{"embeddable":true,"href":"https:\/\/technopolis-group.com\/pt-pt\/wp-json\/wp\/v2\/users\/1"}],"replies":[{"embeddable":true,"href":"https:\/\/technopolis-group.com\/pt-pt\/wp-json\/wp\/v2\/comments?post=55285"}],"version-history":[{"count":12,"href":"https:\/\/technopolis-group.com\/pt-pt\/wp-json\/wp\/v2\/pages\/55285\/revisions"}],"predecessor-version":[{"id":59798,"href":"https:\/\/technopolis-group.com\/pt-pt\/wp-json\/wp\/v2\/pages\/55285\/revisions\/59798"}],"up":[{"embeddable":true,"href":"https:\/\/technopolis-group.com\/pt-pt\/wp-json\/wp\/v2\/pages\/55204"}],"wp:attachment":[{"href":"https:\/\/technopolis-group.com\/pt-pt\/wp-json\/wp\/v2\/media?parent=55285"}],"wp:term":[{"taxonomy":"solution","embeddable":true,"href":"https:\/\/technopolis-group.com\/pt-pt\/wp-json\/wp\/v2\/solution?post=55285"},{"taxonomy":"sector","embeddable":true,"href":"https:\/\/technopolis-group.com\/pt-pt\/wp-json\/wp\/v2\/sector?post=55285"}],"curies":[{"name":"wp","href":"https:\/\/api.w.org\/{rel}","templated":true}]}}