{"id":55290,"date":"2019-12-10T08:20:50","date_gmt":"2019-12-10T08:20:50","guid":{"rendered":"https:\/\/technopolis-group.com\/sectors\/health-life-sciences\/"},"modified":"2025-03-17T15:04:04","modified_gmt":"2025-03-17T15:04:04","slug":"health-life-sciences","status":"publish","type":"page","link":"https:\/\/technopolis-group.com\/pt-pt\/sectors\/health-life-sciences\/","title":{"rendered":"Sa\u00fade e ci\u00eancias da vida\u00a0"},"content":{"rendered":"\n<figure class=\"wp-block-pullquote\"><blockquote><p>A sa\u00fade \u00e9 essencial para o bem-estar da sociedade e o desenvolvimento econ\u00f3mico. A investiga\u00e7\u00e3o e a inova\u00e7\u00e3o nas ci\u00eancias da vida e nas tecnologias da sa\u00fade est\u00e3o a criar novas oportunidades para melhorar a qualidade de vida das pessoas, independentemente da idade ou localiza\u00e7\u00e3o. No entanto, os pa\u00edses enfrentam desafios crescentes com o aumento dos custos dos cuidados de sa\u00fade e os seus sistemas de sa\u00fade procuram formas eficazes de aproveitar o potencial destas inova\u00e7\u00f5es.&nbsp;<\/p><\/blockquote><\/figure>\n\n\n\n<p>Fornecemos evid\u00eancias robustas para apoiar os decisores ao longo do ciclo de formula\u00e7\u00e3o, implementa\u00e7\u00e3o e avalia\u00e7\u00e3o das pol\u00edticas, bem como os diversos intervenientes no ecossistema da sa\u00fade. Aliamos metodologias de investiga\u00e7\u00e3o inovadoras a um profundo conhecimento em investiga\u00e7\u00e3o translacional, dados e tecnologias de sa\u00fade, pol\u00edticas e pr\u00e1ticas. Apoiamos o desenvolvimento de novas iniciativas, monitorizamos as suas atividades e avaliamos os impactos cient\u00edficos, econ\u00f3micos e sociais que delas decorrem. Al\u00e9m disso, realizamos an\u00e1lises comparativas de sistemas, pol\u00edticas e estrat\u00e9gias de investiga\u00e7\u00e3o e inova\u00e7\u00e3o em sa\u00fade, tanto a n\u00edvel nacional como entre diferentes organiza\u00e7\u00f5es.&nbsp;<\/p>\n\n\n\n<ul class=\"wp-block-list\">\n<li>Investiga\u00e7\u00e3o e inova\u00e7\u00e3o biom\u00e9dica&nbsp;&nbsp;<\/li>\n<\/ul>\n\n\n\n<p>Analisamos os desafios e necessidades dos sistemas de investiga\u00e7\u00e3o, apoiando a conce\u00e7\u00e3o de programas alinhados com os seus objetivos. Al\u00e9m disso, conduzimos avalia\u00e7\u00f5es te\u00f3ricas sobre os impactos socioecon\u00f3micos da investiga\u00e7\u00e3o, fornecendo insights para a tomada de decis\u00f5es informadas.&nbsp;<\/p>\n\n\n\n<ul class=\"wp-block-list\">\n<li>Envelhecimento saud\u00e1vel e tecnologias da sa\u00fade&nbsp;&nbsp;<\/li>\n<\/ul>\n\n\n\n<p>Technopolis Group tem liderado estudos pioneiros sobre como os Estados-Membros da UE podem aproveitar a sua base de investiga\u00e7\u00e3o e inova\u00e7\u00e3o para desenvolver solu\u00e7\u00f5es integradas que promovam um envelhecimento saud\u00e1vel e \u201cinteligente\u201d. Estes estudos analisam a aplica\u00e7\u00e3o de tecnologias emergentes e inova\u00e7\u00f5es sociais para desenvolver solu\u00e7\u00f5es eficazes e integradas, melhorando a qualidade de vida da popula\u00e7\u00e3o mais idosa.&nbsp;<\/p>\n\n\n\n<ul class=\"wp-block-list\">\n<li>Investiga\u00e7\u00e3o em sa\u00fade a n\u00edvel mundial&nbsp;&nbsp;<\/li>\n<\/ul>\n\n\n\n<p>Os financiadores da investiga\u00e7\u00e3o e as ag\u00eancias internacionais de desenvolvimento promovem cada vez mais a inclus\u00e3o e a cria\u00e7\u00e3o de parcerias entre investigadores de pa\u00edses desenvolvidos e de pa\u00edses em desenvolvimento, com o objetivo de refor\u00e7ar capacidades a longo prazo e garantir benef\u00edcios partilhados. Trabalhamos principalmente em iniciativas que financiam I&amp;D para doen\u00e7as negligenciadas e relacionadas com a pobreza, bem como em parcerias para o desenvolvimento de produtos, fornecendo avalia\u00e7\u00f5es e apoio t\u00e9cnico. Al\u00e9m disso, realizamos estudos sobre inova\u00e7\u00f5es nos sistemas de sa\u00fade em contextos de recursos limitados.&nbsp;&nbsp;<\/p>\n\n\n\n<ul class=\"wp-block-list\">\n<li>Inova\u00e7\u00e3o farmac\u00eautica e acesso a medicamentos<\/li>\n<\/ul>\n\n\n\n<p>O setor farmac\u00eautico est\u00e1 a evoluir de um modelo baseado em medicamentos de grande sucesso para abordagens mais personalizadas. No entanto, os modelos de pre\u00e7os e reembolso criam desafios para a acessibilidade econ\u00f3mica de novos tratamentos eficazes. Avaliamos o impacto econ\u00f3mico e os resultados da legisla\u00e7\u00e3o e das pol\u00edticas de inova\u00e7\u00e3o da UE. Entre os nossos estudos, analis\u00e1mos as inova\u00e7\u00f5es no fabrico de medicamentos nos Estados-Membros da UE e os efeitos da aplica\u00e7\u00e3o do Index de Acesso aos Medicamentos nas empresas farmac\u00eauticas.&nbsp;<\/p>\n\n\n\n<hr class=\"wp-block-separator has-alpha-channel-opacity\"\/>\n\n\n\n<p>Para mais informa\u00e7\u00f5es, contactar <a href=\"https:\/\/www.technopolis-group.com\/es\/expert\/peter-varnai\/\" target=\"_blank\" rel=\"noreferrer noopener\">Peter Varnai<\/a>, Partner.<\/p>\n\n\n\n<h2 class=\"wp-block-heading\">Para quem e com quem trabalhamos<\/h2>\n","protected":false},"excerpt":{"rendered":"<p>A sa\u00fade \u00e9 essencial para o bem-estar da sociedade e [&hellip;]<\/p>\n","protected":false},"author":1,"featured_media":0,"parent":55204,"menu_order":0,"comment_status":"closed","ping_status":"closed","template":"templates\/tpl-sectors.php","meta":{"_acf_changed":false,"footnotes":""},"solution":[],"sector":[270],"class_list":["post-55290","page","type-page","status-publish","hentry","sector-health-life-sciences-pt-pt"],"acf":[],"yoast_head":"<!-- This site is optimized with the Yoast SEO plugin v27.1.1 - https:\/\/yoast.com\/product\/yoast-seo-wordpress\/ -->\n<title>Sa\u00fade e ci\u00eancias da vida\u00a0 - Technopolis Group<\/title>\n<meta name=\"robots\" content=\"index, follow, max-snippet:-1, max-image-preview:large, max-video-preview:-1\" \/>\n<link rel=\"canonical\" href=\"https:\/\/technopolis-group.com\/pt-pt\/sectors\/health-life-sciences\/\" \/>\n<meta property=\"og:locale\" content=\"pt_PT\" \/>\n<meta property=\"og:type\" content=\"article\" \/>\n<meta property=\"og:title\" content=\"Sa\u00fade e ci\u00eancias da vida\u00a0 - Technopolis Group\" \/>\n<meta property=\"og:description\" content=\"A sa\u00fade \u00e9 essencial para o bem-estar da sociedade e [&hellip;]\" \/>\n<meta property=\"og:url\" content=\"https:\/\/technopolis-group.com\/pt-pt\/sectors\/health-life-sciences\/\" \/>\n<meta property=\"og:site_name\" content=\"Technopolis Group\" \/>\n<meta property=\"article:modified_time\" content=\"2025-03-17T15:04:04+00:00\" \/>\n<meta name=\"twitter:card\" content=\"summary_large_image\" \/>\n<meta name=\"twitter:label1\" content=\"Tempo estimado de leitura\" \/>\n\t<meta name=\"twitter:data1\" content=\"3 minutos\" \/>\n<script type=\"application\/ld+json\" class=\"yoast-schema-graph\">{\"@context\":\"https:\/\/schema.org\",\"@graph\":[{\"@type\":\"WebPage\",\"@id\":\"https:\/\/technopolis-group.com\/pt-pt\/sectors\/health-life-sciences\/\",\"url\":\"https:\/\/technopolis-group.com\/pt-pt\/sectors\/health-life-sciences\/\",\"name\":\"Sa\u00fade e ci\u00eancias da vida\u00a0 - Technopolis Group\",\"isPartOf\":{\"@id\":\"https:\/\/technopolis-group.com\/nl\/#website\"},\"datePublished\":\"2019-12-10T08:20:50+00:00\",\"dateModified\":\"2025-03-17T15:04:04+00:00\",\"breadcrumb\":{\"@id\":\"https:\/\/technopolis-group.com\/pt-pt\/sectors\/health-life-sciences\/#breadcrumb\"},\"inLanguage\":\"pt-PT\",\"potentialAction\":[{\"@type\":\"ReadAction\",\"target\":[\"https:\/\/technopolis-group.com\/pt-pt\/sectors\/health-life-sciences\/\"]}]},{\"@type\":\"BreadcrumbList\",\"@id\":\"https:\/\/technopolis-group.com\/pt-pt\/sectors\/health-life-sciences\/#breadcrumb\",\"itemListElement\":[{\"@type\":\"ListItem\",\"position\":1,\"name\":\"Home\",\"item\":\"https:\/\/technopolis-group.com\/pt-pt\/\"},{\"@type\":\"ListItem\",\"position\":2,\"name\":\"Sectors\",\"item\":\"https:\/\/technopolis-group.com\/pt-pt\/sectors\/\"},{\"@type\":\"ListItem\",\"position\":3,\"name\":\"Sa\u00fade e ci\u00eancias da vida\u00a0\"}]},{\"@type\":\"WebSite\",\"@id\":\"https:\/\/technopolis-group.com\/nl\/#website\",\"url\":\"https:\/\/technopolis-group.com\/nl\/\",\"name\":\"Technopolis Group\",\"description\":\"Technopolis-group\",\"potentialAction\":[{\"@type\":\"SearchAction\",\"target\":{\"@type\":\"EntryPoint\",\"urlTemplate\":\"https:\/\/technopolis-group.com\/nl\/?s={search_term_string}\"},\"query-input\":{\"@type\":\"PropertyValueSpecification\",\"valueRequired\":true,\"valueName\":\"search_term_string\"}}],\"inLanguage\":\"pt-PT\"}]}<\/script>\n<!-- \/ Yoast SEO plugin. -->","yoast_head_json":{"title":"Sa\u00fade e ci\u00eancias da vida\u00a0 - Technopolis Group","robots":{"index":"index","follow":"follow","max-snippet":"max-snippet:-1","max-image-preview":"max-image-preview:large","max-video-preview":"max-video-preview:-1"},"canonical":"https:\/\/technopolis-group.com\/pt-pt\/sectors\/health-life-sciences\/","og_locale":"pt_PT","og_type":"article","og_title":"Sa\u00fade e ci\u00eancias da vida\u00a0 - Technopolis Group","og_description":"A sa\u00fade \u00e9 essencial para o bem-estar da sociedade e [&hellip;]","og_url":"https:\/\/technopolis-group.com\/pt-pt\/sectors\/health-life-sciences\/","og_site_name":"Technopolis Group","article_modified_time":"2025-03-17T15:04:04+00:00","twitter_card":"summary_large_image","twitter_misc":{"Tempo estimado de leitura":"3 minutos"},"schema":{"@context":"https:\/\/schema.org","@graph":[{"@type":"WebPage","@id":"https:\/\/technopolis-group.com\/pt-pt\/sectors\/health-life-sciences\/","url":"https:\/\/technopolis-group.com\/pt-pt\/sectors\/health-life-sciences\/","name":"Sa\u00fade e ci\u00eancias da vida\u00a0 - Technopolis Group","isPartOf":{"@id":"https:\/\/technopolis-group.com\/nl\/#website"},"datePublished":"2019-12-10T08:20:50+00:00","dateModified":"2025-03-17T15:04:04+00:00","breadcrumb":{"@id":"https:\/\/technopolis-group.com\/pt-pt\/sectors\/health-life-sciences\/#breadcrumb"},"inLanguage":"pt-PT","potentialAction":[{"@type":"ReadAction","target":["https:\/\/technopolis-group.com\/pt-pt\/sectors\/health-life-sciences\/"]}]},{"@type":"BreadcrumbList","@id":"https:\/\/technopolis-group.com\/pt-pt\/sectors\/health-life-sciences\/#breadcrumb","itemListElement":[{"@type":"ListItem","position":1,"name":"Home","item":"https:\/\/technopolis-group.com\/pt-pt\/"},{"@type":"ListItem","position":2,"name":"Sectors","item":"https:\/\/technopolis-group.com\/pt-pt\/sectors\/"},{"@type":"ListItem","position":3,"name":"Sa\u00fade e ci\u00eancias da vida\u00a0"}]},{"@type":"WebSite","@id":"https:\/\/technopolis-group.com\/nl\/#website","url":"https:\/\/technopolis-group.com\/nl\/","name":"Technopolis Group","description":"Technopolis-group","potentialAction":[{"@type":"SearchAction","target":{"@type":"EntryPoint","urlTemplate":"https:\/\/technopolis-group.com\/nl\/?s={search_term_string}"},"query-input":{"@type":"PropertyValueSpecification","valueRequired":true,"valueName":"search_term_string"}}],"inLanguage":"pt-PT"}]}},"publishpress_future_action":{"enabled":false,"date":"2026-05-04 15:21:37","action":"change-status","newStatus":"draft","terms":[],"taxonomy":"translation_priority","extraData":[]},"publishpress_future_workflow_manual_trigger":{"enabledWorkflows":[]},"_links":{"self":[{"href":"https:\/\/technopolis-group.com\/pt-pt\/wp-json\/wp\/v2\/pages\/55290","targetHints":{"allow":["GET"]}}],"collection":[{"href":"https:\/\/technopolis-group.com\/pt-pt\/wp-json\/wp\/v2\/pages"}],"about":[{"href":"https:\/\/technopolis-group.com\/pt-pt\/wp-json\/wp\/v2\/types\/page"}],"author":[{"embeddable":true,"href":"https:\/\/technopolis-group.com\/pt-pt\/wp-json\/wp\/v2\/users\/1"}],"replies":[{"embeddable":true,"href":"https:\/\/technopolis-group.com\/pt-pt\/wp-json\/wp\/v2\/comments?post=55290"}],"version-history":[{"count":9,"href":"https:\/\/technopolis-group.com\/pt-pt\/wp-json\/wp\/v2\/pages\/55290\/revisions"}],"predecessor-version":[{"id":59820,"href":"https:\/\/technopolis-group.com\/pt-pt\/wp-json\/wp\/v2\/pages\/55290\/revisions\/59820"}],"up":[{"embeddable":true,"href":"https:\/\/technopolis-group.com\/pt-pt\/wp-json\/wp\/v2\/pages\/55204"}],"wp:attachment":[{"href":"https:\/\/technopolis-group.com\/pt-pt\/wp-json\/wp\/v2\/media?parent=55290"}],"wp:term":[{"taxonomy":"solution","embeddable":true,"href":"https:\/\/technopolis-group.com\/pt-pt\/wp-json\/wp\/v2\/solution?post=55290"},{"taxonomy":"sector","embeddable":true,"href":"https:\/\/technopolis-group.com\/pt-pt\/wp-json\/wp\/v2\/sector?post=55290"}],"curies":[{"name":"wp","href":"https:\/\/api.w.org\/{rel}","templated":true}]}}