{"id":55294,"date":"2019-12-10T08:19:33","date_gmt":"2019-12-10T08:19:33","guid":{"rendered":"https:\/\/technopolis-group.com\/sectors\/green-transition\/"},"modified":"2025-03-17T15:03:32","modified_gmt":"2025-03-17T15:03:32","slug":"climate-environment","status":"publish","type":"page","link":"https:\/\/technopolis-group.com\/pt-pt\/sectors\/climate-environment\/","title":{"rendered":"Clima e ambiente"},"content":{"rendered":"\n<figure class=\"wp-block-pullquote\"><blockquote><p><strong><em>Impulsionar a transi\u00e7\u00e3o verde: enfrentar os desafios societais atrav\u00e9s de solu\u00e7\u00f5es sustent\u00e1veis.<\/em><\/strong><br><strong><em>&nbsp;<\/em><\/strong>&nbsp;<br><strong><em>A transi\u00e7\u00e3o ecol\u00f3gica nas atividades humanas \u00e9 crucial para combater as altera\u00e7\u00f5es clim\u00e1ticas, adaptar-se aos seus efeitos, preservar a biodiversidade, reduzir a press\u00e3o ambiental e enfrentar outros desafios cr\u00edticos. A integra\u00e7\u00e3o de pol\u00edticas ecol\u00f3gicas surge como uma prioridade estrat\u00e9gica global, visando melhorar o bem-estar, promover a igualdade social e combater a escassez de recursos.<\/em><\/strong>&nbsp;<\/p><\/blockquote><\/figure>\n\n\n\n<p>Com mais de 20 anos de experi\u00eancia, colaboramos com os decisores na promo\u00e7\u00e3o de uma transi\u00e7\u00e3o ecol\u00f3gica inclusiva. As nossas abordagens din\u00e2micas s\u00e3o direcionadas a governos, empresas em fase de arranque, PME e ind\u00fastrias, com foco nas quest\u00f5es fundamentais:&nbsp;<\/p>\n\n\n\n<ul class=\"wp-block-list\">\n<li><strong>Altera\u00e7\u00f5es clim\u00e1ticas:<\/strong> abordagem das perspetivas de mitiga\u00e7\u00e3o e adapta\u00e7\u00e3o&nbsp;&nbsp;&nbsp;<\/li>\n<\/ul>\n\n\n\n<ul class=\"wp-block-list\">\n<li><strong>Transi\u00e7\u00e3o energ\u00e9tica limpa e justa:<\/strong> facilitar a mudan\u00e7a para a energia sustent\u00e1vel&nbsp;&nbsp;&nbsp;<\/li>\n<\/ul>\n\n\n\n<ul class=\"wp-block-list\">\n<li><strong>A\u00e7\u00e3o ambiental: <\/strong>incluindo a conserva\u00e7\u00e3o da biodiversidade&nbsp;<\/li>\n<\/ul>\n\n\n\n<ul class=\"wp-block-list\">\n<li><strong>Economia circular:<\/strong> promover a utiliza\u00e7\u00e3o sustent\u00e1vel dos recursos&nbsp;&nbsp;&nbsp;<\/li>\n<\/ul>\n\n\n\n<ul class=\"wp-block-list\">\n<li><strong>Investiga\u00e7\u00e3o e inova\u00e7\u00e3o:<\/strong> promover avan\u00e7os que apoiem a transi\u00e7\u00e3o ecol\u00f3gica&nbsp;&nbsp;&nbsp;<\/li>\n<\/ul>\n\n\n\n<ul class=\"wp-block-list\">\n<li><strong>Economia azul:<\/strong> fomentar pr\u00e1ticas sustent\u00e1veis nos dom\u00ednios marinho e aqu\u00e1tico&nbsp;&nbsp;&nbsp;<\/li>\n<\/ul>\n\n\n\n<ul class=\"wp-block-list\">\n<li><strong>Mobilidade sustent\u00e1vel:<\/strong> transformar os transportes para um futuro mais ecol\u00f3gico&nbsp;&nbsp;&nbsp;<\/li>\n<\/ul>\n\n\n\n<ul class=\"wp-block-list\">\n<li><strong>Finan\u00e7as ecol\u00f3gicas:<\/strong> alinhamento de recursos para alcan\u00e7ar objetivos ecol\u00f3gicos&nbsp;&nbsp;<\/li>\n<\/ul>\n\n\n\n<ul class=\"wp-block-list\">\n<li><strong>Territ\u00f3rios resilientes:<\/strong> construir comunidades adapt\u00e1veis e sustent\u00e1veis&nbsp;&nbsp;&nbsp;<\/li>\n<\/ul>\n\n\n\n<p>Os principais servi\u00e7os incluem:&nbsp;<\/p>\n\n\n\n<ul class=\"wp-block-list\">\n<li><strong>Conce\u00e7\u00e3o e implementa\u00e7\u00e3o de pol\u00edticas: <\/strong>elabora\u00e7\u00e3o de mecanismos de apoio \u00e0 transi\u00e7\u00e3o da atividade econ\u00f3mica, promo\u00e7\u00e3o da colabora\u00e7\u00e3o p\u00fablico-privada e acompanhamento dos progressos<\/li>\n<\/ul>\n\n\n\n<ul class=\"wp-block-list\">\n<li><strong>Avalia\u00e7\u00e3o de pol\u00edticas:<\/strong> garantir a conformidade com os princ\u00edpios de uma melhor regulamenta\u00e7\u00e3o, aprender com as experi\u00eancias internacionais e aperfei\u00e7oar as pr\u00e1ticas comuns<\/li>\n<\/ul>\n\n\n\n<ul class=\"wp-block-list\">\n<li><strong>Estudos de viabilidade e de regulamenta\u00e7\u00e3o: <\/strong>identificar oportunidades de evolu\u00e7\u00e3o, especialmente na interse\u00e7\u00e3o entre a pol\u00edtica regional da UE e os esfor\u00e7os globais para impulsionar a transi\u00e7\u00e3o ecol\u00f3gica<\/li>\n<\/ul>\n\n\n\n<ul class=\"wp-block-list\">\n<li><strong>Estudos estrat\u00e9gicos:<\/strong> ampliar o conhecimento e apoiar a implementa\u00e7\u00e3o de pol\u00edticas eficazes<\/li>\n<\/ul>\n\n\n\n<ul class=\"wp-block-list\">\n<li><strong>Apoio \u00e0 gest\u00e3o de projetos:<\/strong> assist\u00eancia na cria\u00e7\u00e3o de estruturas de apoio, defini\u00e7\u00e3o de roteiros, conce\u00e7\u00e3o de modelos empresariais inteligentes e promo\u00e7\u00e3o da colabora\u00e7\u00e3o internacional<\/li>\n<\/ul>\n\n\n\n<hr class=\"wp-block-separator has-alpha-channel-opacity\"\/>\n\n\n\n<p>Para mais informa\u00e7\u00f5es, contactar <a href=\"https:\/\/www.technopolis-group.com\/es\/expert\/gaetan-coatanroch\/\" target=\"_blank\" rel=\"noreferrer noopener\">Ga\u00ebtan Coatanroch<\/a>, Partner.<\/p>\n\n\n\n<h2 class=\"wp-block-heading\"><strong>Para quem e com quem trabalhamos&nbsp;<\/strong>&nbsp;<\/h2>\n\n\n\n<p>Os nossos servi\u00e7os abrangentes englobam clientes locais, nacionais e internacionais em diversos dom\u00ednios, incluindo investiga\u00e7\u00e3o, inova\u00e7\u00e3o, regulamentos da UE e regimes de apoio.&nbsp;&nbsp;&nbsp;<\/p>\n\n\n\n<p>Somos parceiros de confian\u00e7a de entidades conceituadas, como a Comiss\u00e3o Europeia (DG CLIMA, DG Ambiente, DG GROW, DG Investiga\u00e7\u00e3o e Inova\u00e7\u00e3o, DG Energia, DG Justi\u00e7a, DG REFORM, EISMEA, CINEA), Parlamento Europeu, ESPON, UNIDO, bancos multilaterais de desenvolvimento (BAD, BID), juntamente com v\u00e1rios governos nacionais e regionais, ag\u00eancias, clusters e associa\u00e7\u00f5es empresariais na Europa e n\u00e3o s\u00f3.&nbsp;<\/p>\n","protected":false},"excerpt":{"rendered":"<p>Impulsionar a transi\u00e7\u00e3o verde: enfrentar os desafios societais atrav\u00e9s de [&hellip;]<\/p>\n","protected":false},"author":1,"featured_media":0,"parent":55204,"menu_order":0,"comment_status":"closed","ping_status":"closed","template":"templates\/tpl-sectors.php","meta":{"_acf_changed":false,"footnotes":""},"solution":[],"sector":[252],"class_list":["post-55294","page","type-page","status-publish","hentry","sector-green-economy-pt-pt"],"acf":[],"yoast_head":"<!-- This site is optimized with the Yoast SEO plugin v27.1.1 - https:\/\/yoast.com\/product\/yoast-seo-wordpress\/ -->\n<title>Clima e ambiente - Technopolis Group<\/title>\n<meta name=\"robots\" content=\"index, follow, max-snippet:-1, max-image-preview:large, max-video-preview:-1\" \/>\n<link rel=\"canonical\" href=\"https:\/\/technopolis-group.com\/pt-pt\/sectors\/climate-environment\/\" \/>\n<meta property=\"og:locale\" content=\"pt_PT\" \/>\n<meta property=\"og:type\" content=\"article\" \/>\n<meta property=\"og:title\" content=\"Clima e ambiente - Technopolis Group\" \/>\n<meta property=\"og:description\" content=\"Impulsionar a transi\u00e7\u00e3o verde: enfrentar os desafios societais atrav\u00e9s de [&hellip;]\" \/>\n<meta property=\"og:url\" content=\"https:\/\/technopolis-group.com\/pt-pt\/sectors\/climate-environment\/\" \/>\n<meta property=\"og:site_name\" content=\"Technopolis Group\" \/>\n<meta property=\"article:modified_time\" content=\"2025-03-17T15:03:32+00:00\" \/>\n<meta name=\"twitter:card\" content=\"summary_large_image\" \/>\n<meta name=\"twitter:label1\" content=\"Tempo estimado de leitura\" \/>\n\t<meta name=\"twitter:data1\" content=\"3 minutos\" \/>\n<script type=\"application\/ld+json\" class=\"yoast-schema-graph\">{\"@context\":\"https:\/\/schema.org\",\"@graph\":[{\"@type\":\"WebPage\",\"@id\":\"https:\/\/technopolis-group.com\/pt-pt\/sectors\/climate-environment\/\",\"url\":\"https:\/\/technopolis-group.com\/pt-pt\/sectors\/climate-environment\/\",\"name\":\"Clima e ambiente - Technopolis Group\",\"isPartOf\":{\"@id\":\"https:\/\/technopolis-group.com\/nl\/#website\"},\"datePublished\":\"2019-12-10T08:19:33+00:00\",\"dateModified\":\"2025-03-17T15:03:32+00:00\",\"breadcrumb\":{\"@id\":\"https:\/\/technopolis-group.com\/pt-pt\/sectors\/climate-environment\/#breadcrumb\"},\"inLanguage\":\"pt-PT\",\"potentialAction\":[{\"@type\":\"ReadAction\",\"target\":[\"https:\/\/technopolis-group.com\/pt-pt\/sectors\/climate-environment\/\"]}]},{\"@type\":\"BreadcrumbList\",\"@id\":\"https:\/\/technopolis-group.com\/pt-pt\/sectors\/climate-environment\/#breadcrumb\",\"itemListElement\":[{\"@type\":\"ListItem\",\"position\":1,\"name\":\"Home\",\"item\":\"https:\/\/technopolis-group.com\/pt-pt\/\"},{\"@type\":\"ListItem\",\"position\":2,\"name\":\"Sectors\",\"item\":\"https:\/\/technopolis-group.com\/pt-pt\/sectors\/\"},{\"@type\":\"ListItem\",\"position\":3,\"name\":\"Clima e ambiente\"}]},{\"@type\":\"WebSite\",\"@id\":\"https:\/\/technopolis-group.com\/nl\/#website\",\"url\":\"https:\/\/technopolis-group.com\/nl\/\",\"name\":\"Technopolis Group\",\"description\":\"Technopolis-group\",\"potentialAction\":[{\"@type\":\"SearchAction\",\"target\":{\"@type\":\"EntryPoint\",\"urlTemplate\":\"https:\/\/technopolis-group.com\/nl\/?s={search_term_string}\"},\"query-input\":{\"@type\":\"PropertyValueSpecification\",\"valueRequired\":true,\"valueName\":\"search_term_string\"}}],\"inLanguage\":\"pt-PT\"}]}<\/script>\n<!-- \/ Yoast SEO plugin. -->","yoast_head_json":{"title":"Clima e ambiente - Technopolis Group","robots":{"index":"index","follow":"follow","max-snippet":"max-snippet:-1","max-image-preview":"max-image-preview:large","max-video-preview":"max-video-preview:-1"},"canonical":"https:\/\/technopolis-group.com\/pt-pt\/sectors\/climate-environment\/","og_locale":"pt_PT","og_type":"article","og_title":"Clima e ambiente - Technopolis Group","og_description":"Impulsionar a transi\u00e7\u00e3o verde: enfrentar os desafios societais atrav\u00e9s de [&hellip;]","og_url":"https:\/\/technopolis-group.com\/pt-pt\/sectors\/climate-environment\/","og_site_name":"Technopolis Group","article_modified_time":"2025-03-17T15:03:32+00:00","twitter_card":"summary_large_image","twitter_misc":{"Tempo estimado de leitura":"3 minutos"},"schema":{"@context":"https:\/\/schema.org","@graph":[{"@type":"WebPage","@id":"https:\/\/technopolis-group.com\/pt-pt\/sectors\/climate-environment\/","url":"https:\/\/technopolis-group.com\/pt-pt\/sectors\/climate-environment\/","name":"Clima e ambiente - Technopolis Group","isPartOf":{"@id":"https:\/\/technopolis-group.com\/nl\/#website"},"datePublished":"2019-12-10T08:19:33+00:00","dateModified":"2025-03-17T15:03:32+00:00","breadcrumb":{"@id":"https:\/\/technopolis-group.com\/pt-pt\/sectors\/climate-environment\/#breadcrumb"},"inLanguage":"pt-PT","potentialAction":[{"@type":"ReadAction","target":["https:\/\/technopolis-group.com\/pt-pt\/sectors\/climate-environment\/"]}]},{"@type":"BreadcrumbList","@id":"https:\/\/technopolis-group.com\/pt-pt\/sectors\/climate-environment\/#breadcrumb","itemListElement":[{"@type":"ListItem","position":1,"name":"Home","item":"https:\/\/technopolis-group.com\/pt-pt\/"},{"@type":"ListItem","position":2,"name":"Sectors","item":"https:\/\/technopolis-group.com\/pt-pt\/sectors\/"},{"@type":"ListItem","position":3,"name":"Clima e ambiente"}]},{"@type":"WebSite","@id":"https:\/\/technopolis-group.com\/nl\/#website","url":"https:\/\/technopolis-group.com\/nl\/","name":"Technopolis Group","description":"Technopolis-group","potentialAction":[{"@type":"SearchAction","target":{"@type":"EntryPoint","urlTemplate":"https:\/\/technopolis-group.com\/nl\/?s={search_term_string}"},"query-input":{"@type":"PropertyValueSpecification","valueRequired":true,"valueName":"search_term_string"}}],"inLanguage":"pt-PT"}]}},"publishpress_future_action":{"enabled":false,"date":"2026-04-20 03:36:25","action":"change-status","newStatus":"draft","terms":[],"taxonomy":"translation_priority","extraData":[]},"publishpress_future_workflow_manual_trigger":{"enabledWorkflows":[]},"_links":{"self":[{"href":"https:\/\/technopolis-group.com\/pt-pt\/wp-json\/wp\/v2\/pages\/55294","targetHints":{"allow":["GET"]}}],"collection":[{"href":"https:\/\/technopolis-group.com\/pt-pt\/wp-json\/wp\/v2\/pages"}],"about":[{"href":"https:\/\/technopolis-group.com\/pt-pt\/wp-json\/wp\/v2\/types\/page"}],"author":[{"embeddable":true,"href":"https:\/\/technopolis-group.com\/pt-pt\/wp-json\/wp\/v2\/users\/1"}],"replies":[{"embeddable":true,"href":"https:\/\/technopolis-group.com\/pt-pt\/wp-json\/wp\/v2\/comments?post=55294"}],"version-history":[{"count":16,"href":"https:\/\/technopolis-group.com\/pt-pt\/wp-json\/wp\/v2\/pages\/55294\/revisions"}],"predecessor-version":[{"id":59819,"href":"https:\/\/technopolis-group.com\/pt-pt\/wp-json\/wp\/v2\/pages\/55294\/revisions\/59819"}],"up":[{"embeddable":true,"href":"https:\/\/technopolis-group.com\/pt-pt\/wp-json\/wp\/v2\/pages\/55204"}],"wp:attachment":[{"href":"https:\/\/technopolis-group.com\/pt-pt\/wp-json\/wp\/v2\/media?parent=55294"}],"wp:term":[{"taxonomy":"solution","embeddable":true,"href":"https:\/\/technopolis-group.com\/pt-pt\/wp-json\/wp\/v2\/solution?post=55294"},{"taxonomy":"sector","embeddable":true,"href":"https:\/\/technopolis-group.com\/pt-pt\/wp-json\/wp\/v2\/sector?post=55294"}],"curies":[{"name":"wp","href":"https:\/\/api.w.org\/{rel}","templated":true}]}}