{"id":55296,"date":"2019-12-10T08:17:02","date_gmt":"2019-12-10T08:17:02","guid":{"rendered":"https:\/\/technopolis-group.com\/sectors\/entrepreneurship-smes-and-industry\/"},"modified":"2025-03-17T14:41:39","modified_gmt":"2025-03-17T14:41:39","slug":"entrepreneurship-smes-and-industry","status":"publish","type":"page","link":"https:\/\/technopolis-group.com\/pt-pt\/sectors\/entrepreneurship-smes-and-industry\/","title":{"rendered":"Empreendedorismo, PME e ind\u00fastria\u00a0"},"content":{"rendered":"\n<figure class=\"wp-block-pullquote\"><blockquote><p><strong><em>Potenciar o crescimento e a competitividade: libertar o potencial de crescimento das empresas em fase de arranque, das PME e do sector empresarial.<\/em><\/strong>&nbsp;<br>&nbsp;<br><strong><em>Sabemos que as empresas em fase de arranque, as PME e as ind\u00fastrias t\u00eam um grande potencial para contribuir para a sociedade. Impulsionam o crescimento econ\u00f3mico e podem ajudar a enfrentar desafios sociais e ambientais globais. Contudo, para alcan\u00e7ar este impacto, precisam de se adaptar \u00e0 r\u00e1pida evolu\u00e7\u00e3o dos ambientes empresariais.<\/em><\/strong>&nbsp;<\/p><\/blockquote><\/figure>\n\n\n\n<p>Durante mais de tr\u00eas d\u00e9cadas, Technopolis Group tem apoiado os decisores na conce\u00e7\u00e3o de pol\u00edticas que promovem a inova\u00e7\u00e3o e o crescimento das empresas em fase de arranque, das PME e das ind\u00fastrias.&nbsp;<\/p>\n\n\n\n<p>A nossa experi\u00eancia foca-se especialmente em regulamentos, pol\u00edticas e programas de apoio nas seguintes \u00e1reas:&nbsp;<\/p>\n\n\n\n<ul class=\"wp-block-list\">\n<li><strong>Financiamento da inova\u00e7\u00e3o e das PME:<\/strong> garantir o acesso cont\u00ednuo ao financiamento para a expans\u00e3o e crescimento das empresas.&nbsp;<\/li>\n<\/ul>\n\n\n\n<ul class=\"wp-block-list\">\n<li><strong>Clusters, ecossistemas e hubs:<\/strong> criar ambientes que favore\u00e7am a cria\u00e7\u00e3o, o desenvolvimento e a colabora\u00e7\u00e3o entre empres\u00e1rios.&nbsp;<\/li>\n<\/ul>\n\n\n\n<ul class=\"wp-block-list\">\n<li><strong>Empreendedorismo, empresas em fase de arranque e empresas em expans\u00e3o:<\/strong> apoiar diretamente empresas em fase de arranque, em fase de expans\u00e3o e PME existentes, incluindo na ado\u00e7\u00e3o de tecnologias, reorganiza\u00e7\u00e3o e implementa\u00e7\u00e3o de novos modelos empresariais.&nbsp;<\/li>\n<\/ul>\n\n\n\n<ul class=\"wp-block-list\">\n<li><strong>Mercado interno e regulamenta\u00e7\u00e3o:<\/strong> regular a atividade empresarial, reduzir obst\u00e1culos ao com\u00e9rcio e promover a realiza\u00e7\u00e3o do mercado \u00fanico da UE.&nbsp;<\/li>\n<\/ul>\n\n\n\n<ul class=\"wp-block-list\">\n<li><strong>Internacionaliza\u00e7\u00e3o e com\u00e9rcio:<\/strong> estabelecer condi\u00e7\u00f5es quadro para facilitar o com\u00e9rcio e a internacionaliza\u00e7\u00e3o das empresas.&nbsp;<\/li>\n<\/ul>\n\n\n\n<ul class=\"wp-block-list\">\n<li><strong>Competitividade industrial e soberania:<\/strong> apoiar a transi\u00e7\u00e3o para a transforma\u00e7\u00e3o digital e clim\u00e1tica das ind\u00fastrias, promovendo a autonomia industrial da UE.&nbsp;<\/li>\n<\/ul>\n\n\n\n<p>Nestes sectores, oferecemos uma ampla gama de servi\u00e7os:&nbsp;<\/p>\n\n\n\n<ul class=\"wp-block-list\">\n<li>Conce\u00e7\u00e3o de pol\u00edticas e estudos estrat\u00e9gicos;&nbsp;<\/li>\n<\/ul>\n\n\n\n<ul class=\"wp-block-list\">\n<li>Gest\u00e3o de programas e apoio a pol\u00edticas;&nbsp;<\/li>\n<\/ul>\n\n\n\n<ul class=\"wp-block-list\">\n<li>Estudos de mercado e investiga\u00e7\u00e3o sobre sectores industriais e tecnologias;&nbsp;<\/li>\n<\/ul>\n\n\n\n<ul class=\"wp-block-list\">\n<li>An\u00e1lise regulamentar;&nbsp;<\/li>\n<\/ul>\n\n\n\n<ul class=\"wp-block-list\">\n<li>Estudos de viabilidade de programas e servi\u00e7os de incuba\u00e7\u00e3o de empresas;&nbsp;<\/li>\n<\/ul>\n\n\n\n<ul class=\"wp-block-list\">\n<li>Consultoria para a cria\u00e7\u00e3o de instrumentos financeiros;&nbsp;<\/li>\n<\/ul>\n\n\n\n<ul class=\"wp-block-list\">\n<li>Avalia\u00e7\u00e3o.<\/li>\n<\/ul>\n\n\n\n<p>Contamos com uma equipa interna de economistas e consultores em pol\u00edticas que utilizam abordagens qualitativas, quase experimentais (como a econometria), e t\u00e9cnicas de ci\u00eancias de dados (como a IA generativa). Temos acesso a bases de dados de empresas no mercado e possu\u00edmos acredita\u00e7\u00e3o das autoridades nacionais de estat\u00edstica para processar dados estat\u00edsticos nacionais sujeitos ao segredo estat\u00edstico.&nbsp;<\/p>\n\n\n\n<h2 class=\"wp-block-heading\"><strong>Para quem e com quem trabalhamos\u00a0<\/strong>\u00a0<\/h2>\n\n\n\n<p>Trabalhamos com as institui\u00e7\u00f5es da UE, governos, ag\u00eancias empresariais e bancos nacionais de promo\u00e7\u00e3o, institui\u00e7\u00f5es financeiras de desenvolvimento e bancos multilaterais de desenvolvimento, autoridades locais e regionais, c\u00e2maras de com\u00e9rcio, clusters e organiza\u00e7\u00f5es de incuba\u00e7\u00e3o de empresas.&nbsp;&nbsp;<\/p>\n\n\n\n<p>Somos gestores ou parceiros de v\u00e1rios contratos-quadro para a presta\u00e7\u00e3o de servi\u00e7os de avalia\u00e7\u00e3o ou servi\u00e7os de consultoria &#8211; nomeadamente com a DG GROW, DG RTD, BEI e EUROFOUND.&nbsp;<\/p>\n","protected":false},"excerpt":{"rendered":"<p>Potenciar o crescimento e a competitividade: libertar o potencial de [&hellip;]<\/p>\n","protected":false},"author":1,"featured_media":0,"parent":55204,"menu_order":0,"comment_status":"closed","ping_status":"closed","template":"templates\/tpl-sectors.php","meta":{"_acf_changed":false,"footnotes":""},"solution":[],"sector":[253],"class_list":["post-55296","page","type-page","status-publish","hentry","sector-entrepreneurship-pt-pt"],"acf":[],"yoast_head":"<!-- This site is optimized with the Yoast SEO plugin v27.1.1 - https:\/\/yoast.com\/product\/yoast-seo-wordpress\/ -->\n<title>Empreendedorismo, PME e ind\u00fastria\u00a0 - Technopolis Group<\/title>\n<meta name=\"robots\" content=\"index, follow, max-snippet:-1, max-image-preview:large, max-video-preview:-1\" \/>\n<link rel=\"canonical\" href=\"https:\/\/technopolis-group.com\/pt-pt\/sectors\/entrepreneurship-smes-and-industry\/\" \/>\n<meta property=\"og:locale\" content=\"pt_PT\" \/>\n<meta property=\"og:type\" content=\"article\" \/>\n<meta property=\"og:title\" content=\"Empreendedorismo, PME e ind\u00fastria\u00a0 - Technopolis Group\" \/>\n<meta property=\"og:description\" content=\"Potenciar o crescimento e a competitividade: libertar o potencial de [&hellip;]\" \/>\n<meta property=\"og:url\" content=\"https:\/\/technopolis-group.com\/pt-pt\/sectors\/entrepreneurship-smes-and-industry\/\" \/>\n<meta property=\"og:site_name\" content=\"Technopolis Group\" \/>\n<meta property=\"article:modified_time\" content=\"2025-03-17T14:41:39+00:00\" \/>\n<meta name=\"twitter:card\" content=\"summary_large_image\" \/>\n<meta name=\"twitter:label1\" content=\"Tempo estimado de leitura\" \/>\n\t<meta name=\"twitter:data1\" content=\"3 minutos\" \/>\n<script type=\"application\/ld+json\" class=\"yoast-schema-graph\">{\"@context\":\"https:\/\/schema.org\",\"@graph\":[{\"@type\":\"WebPage\",\"@id\":\"https:\/\/technopolis-group.com\/pt-pt\/sectors\/entrepreneurship-smes-and-industry\/\",\"url\":\"https:\/\/technopolis-group.com\/pt-pt\/sectors\/entrepreneurship-smes-and-industry\/\",\"name\":\"Empreendedorismo, PME e ind\u00fastria\u00a0 - Technopolis Group\",\"isPartOf\":{\"@id\":\"https:\/\/technopolis-group.com\/nl\/#website\"},\"datePublished\":\"2019-12-10T08:17:02+00:00\",\"dateModified\":\"2025-03-17T14:41:39+00:00\",\"breadcrumb\":{\"@id\":\"https:\/\/technopolis-group.com\/pt-pt\/sectors\/entrepreneurship-smes-and-industry\/#breadcrumb\"},\"inLanguage\":\"pt-PT\",\"potentialAction\":[{\"@type\":\"ReadAction\",\"target\":[\"https:\/\/technopolis-group.com\/pt-pt\/sectors\/entrepreneurship-smes-and-industry\/\"]}]},{\"@type\":\"BreadcrumbList\",\"@id\":\"https:\/\/technopolis-group.com\/pt-pt\/sectors\/entrepreneurship-smes-and-industry\/#breadcrumb\",\"itemListElement\":[{\"@type\":\"ListItem\",\"position\":1,\"name\":\"Home\",\"item\":\"https:\/\/technopolis-group.com\/pt-pt\/\"},{\"@type\":\"ListItem\",\"position\":2,\"name\":\"Sectors\",\"item\":\"https:\/\/technopolis-group.com\/pt-pt\/sectors\/\"},{\"@type\":\"ListItem\",\"position\":3,\"name\":\"Empreendedorismo, PME e ind\u00fastria\u00a0\"}]},{\"@type\":\"WebSite\",\"@id\":\"https:\/\/technopolis-group.com\/nl\/#website\",\"url\":\"https:\/\/technopolis-group.com\/nl\/\",\"name\":\"Technopolis Group\",\"description\":\"Technopolis-group\",\"potentialAction\":[{\"@type\":\"SearchAction\",\"target\":{\"@type\":\"EntryPoint\",\"urlTemplate\":\"https:\/\/technopolis-group.com\/nl\/?s={search_term_string}\"},\"query-input\":{\"@type\":\"PropertyValueSpecification\",\"valueRequired\":true,\"valueName\":\"search_term_string\"}}],\"inLanguage\":\"pt-PT\"}]}<\/script>\n<!-- \/ Yoast SEO plugin. -->","yoast_head_json":{"title":"Empreendedorismo, PME e ind\u00fastria\u00a0 - Technopolis Group","robots":{"index":"index","follow":"follow","max-snippet":"max-snippet:-1","max-image-preview":"max-image-preview:large","max-video-preview":"max-video-preview:-1"},"canonical":"https:\/\/technopolis-group.com\/pt-pt\/sectors\/entrepreneurship-smes-and-industry\/","og_locale":"pt_PT","og_type":"article","og_title":"Empreendedorismo, PME e ind\u00fastria\u00a0 - Technopolis Group","og_description":"Potenciar o crescimento e a competitividade: libertar o potencial de [&hellip;]","og_url":"https:\/\/technopolis-group.com\/pt-pt\/sectors\/entrepreneurship-smes-and-industry\/","og_site_name":"Technopolis Group","article_modified_time":"2025-03-17T14:41:39+00:00","twitter_card":"summary_large_image","twitter_misc":{"Tempo estimado de leitura":"3 minutos"},"schema":{"@context":"https:\/\/schema.org","@graph":[{"@type":"WebPage","@id":"https:\/\/technopolis-group.com\/pt-pt\/sectors\/entrepreneurship-smes-and-industry\/","url":"https:\/\/technopolis-group.com\/pt-pt\/sectors\/entrepreneurship-smes-and-industry\/","name":"Empreendedorismo, PME e ind\u00fastria\u00a0 - Technopolis Group","isPartOf":{"@id":"https:\/\/technopolis-group.com\/nl\/#website"},"datePublished":"2019-12-10T08:17:02+00:00","dateModified":"2025-03-17T14:41:39+00:00","breadcrumb":{"@id":"https:\/\/technopolis-group.com\/pt-pt\/sectors\/entrepreneurship-smes-and-industry\/#breadcrumb"},"inLanguage":"pt-PT","potentialAction":[{"@type":"ReadAction","target":["https:\/\/technopolis-group.com\/pt-pt\/sectors\/entrepreneurship-smes-and-industry\/"]}]},{"@type":"BreadcrumbList","@id":"https:\/\/technopolis-group.com\/pt-pt\/sectors\/entrepreneurship-smes-and-industry\/#breadcrumb","itemListElement":[{"@type":"ListItem","position":1,"name":"Home","item":"https:\/\/technopolis-group.com\/pt-pt\/"},{"@type":"ListItem","position":2,"name":"Sectors","item":"https:\/\/technopolis-group.com\/pt-pt\/sectors\/"},{"@type":"ListItem","position":3,"name":"Empreendedorismo, PME e ind\u00fastria\u00a0"}]},{"@type":"WebSite","@id":"https:\/\/technopolis-group.com\/nl\/#website","url":"https:\/\/technopolis-group.com\/nl\/","name":"Technopolis Group","description":"Technopolis-group","potentialAction":[{"@type":"SearchAction","target":{"@type":"EntryPoint","urlTemplate":"https:\/\/technopolis-group.com\/nl\/?s={search_term_string}"},"query-input":{"@type":"PropertyValueSpecification","valueRequired":true,"valueName":"search_term_string"}}],"inLanguage":"pt-PT"}]}},"publishpress_future_action":{"enabled":false,"date":"2026-04-12 12:18:52","action":"change-status","newStatus":"draft","terms":[],"taxonomy":"translation_priority","extraData":[]},"publishpress_future_workflow_manual_trigger":{"enabledWorkflows":[]},"_links":{"self":[{"href":"https:\/\/technopolis-group.com\/pt-pt\/wp-json\/wp\/v2\/pages\/55296","targetHints":{"allow":["GET"]}}],"collection":[{"href":"https:\/\/technopolis-group.com\/pt-pt\/wp-json\/wp\/v2\/pages"}],"about":[{"href":"https:\/\/technopolis-group.com\/pt-pt\/wp-json\/wp\/v2\/types\/page"}],"author":[{"embeddable":true,"href":"https:\/\/technopolis-group.com\/pt-pt\/wp-json\/wp\/v2\/users\/1"}],"replies":[{"embeddable":true,"href":"https:\/\/technopolis-group.com\/pt-pt\/wp-json\/wp\/v2\/comments?post=55296"}],"version-history":[{"count":12,"href":"https:\/\/technopolis-group.com\/pt-pt\/wp-json\/wp\/v2\/pages\/55296\/revisions"}],"predecessor-version":[{"id":59788,"href":"https:\/\/technopolis-group.com\/pt-pt\/wp-json\/wp\/v2\/pages\/55296\/revisions\/59788"}],"up":[{"embeddable":true,"href":"https:\/\/technopolis-group.com\/pt-pt\/wp-json\/wp\/v2\/pages\/55204"}],"wp:attachment":[{"href":"https:\/\/technopolis-group.com\/pt-pt\/wp-json\/wp\/v2\/media?parent=55296"}],"wp:term":[{"taxonomy":"solution","embeddable":true,"href":"https:\/\/technopolis-group.com\/pt-pt\/wp-json\/wp\/v2\/solution?post=55296"},{"taxonomy":"sector","embeddable":true,"href":"https:\/\/technopolis-group.com\/pt-pt\/wp-json\/wp\/v2\/sector?post=55296"}],"curies":[{"name":"wp","href":"https:\/\/api.w.org\/{rel}","templated":true}]}}