{"id":55298,"date":"2020-02-17T09:47:11","date_gmt":"2020-02-17T09:47:11","guid":{"rendered":"https:\/\/technopolis-group.com\/sectors\/education-skills\/"},"modified":"2025-11-05T10:07:33","modified_gmt":"2025-11-05T10:07:33","slug":"education-skills","status":"publish","type":"page","link":"https:\/\/technopolis-group.com\/pt-pt\/sectors\/education-skills\/","title":{"rendered":"Educa\u00e7\u00e3o &amp; Compet\u00eancias\u00a0"},"content":{"rendered":"\n<figure class=\"wp-block-pullquote\"><blockquote><p><strong><em>O ensino superior desempenha um papel crucial na investiga\u00e7\u00e3o, inova\u00e7\u00e3o, empregabilidade e empreendedorismo. Para cumprir essa miss\u00e3o de forma eficaz, deve acompanhar o ritmo acelerado da mudan\u00e7a na economia global, a evolu\u00e7\u00e3o das abordagens aos desafios societais e as tend\u00eancias tecnol\u00f3gicas. Nunca antes o ensino superior enfrentou tanta press\u00e3o para se reinventar e transformar.<\/em><\/strong>&nbsp;<\/p><\/blockquote><\/figure>\n\n\n\n<p>Em resposta, o ensino superior est\u00e1 a passar por profundas transforma\u00e7\u00f5es. O setor tem vindo a expandir-se significativamente, com um n\u00famero crescente de institui\u00e7\u00f5es p\u00fablicas e privadas a acolher mais estudantes. Simultaneamente, o acesso ao ensino superior e a diversidade dos cursos est\u00e3o a aumentar. Al\u00e9m disso, o ensino superior tornou-se um mercado globalizado e est\u00e1 a atravessar uma revolu\u00e7\u00e3o digital. Por fim, h\u00e1 um foco crescente na empregabilidade e no desenvolvimento de compet\u00eancias empresariais, impulsionado por novos modelos de ensino e aprendizagem.&nbsp;<\/p>\n\n\n\n<p>A Technopolis tem mais de quinze anos de experi\u00eancia na \u00e1rea do ensino superior. Contamos com uma equipa especializada, que re\u00fane compet\u00eancias nacionais e internacionais de todos os nossos escrit\u00f3rios. Ao longo desse tempo, estud\u00e1mos as mudan\u00e7as no sistema de ensino superior, investig\u00e1mos como as empresas podem colaborar de forma mais eficaz com as institui\u00e7\u00f5es de ensino e avali\u00e1mos programas e projetos destinados a melhorar as aptid\u00f5es e compet\u00eancias individuais.&nbsp;<\/p>\n\n\n\n<p>Oferecemos servi\u00e7os especializados nas seguintes \u00e1reas:&nbsp;<\/p>\n\n\n\n<ul class=\"wp-block-list\">\n<li>pol\u00edtica de ensino superior, an\u00e1lise de programas e institui\u00e7\u00f5es;&nbsp;<\/li>\n<\/ul>\n\n\n\n<ul class=\"wp-block-list\">\n<li>universidades empreendedoras e mudan\u00e7as organizacionais;&nbsp;<\/li>\n<\/ul>\n\n\n\n<ul class=\"wp-block-list\">\n<li>coopera\u00e7\u00e3o universidade-empresa e transfer\u00eancia de conhecimentos;&nbsp;<\/li>\n<\/ul>\n\n\n\n<ul class=\"wp-block-list\">\n<li>internacionaliza\u00e7\u00e3o das institui\u00e7\u00f5es de ensino superior;&nbsp;<\/li>\n<\/ul>\n\n\n\n<ul class=\"wp-block-list\">\n<li>efici\u00eancia educativa;&nbsp;<\/li>\n<\/ul>\n\n\n\n<ul class=\"wp-block-list\">\n<li>compet\u00eancias, aprendizagem ao longo da vida e empregabilidade.&nbsp;<\/li>\n<\/ul>\n\n\n\n<p>Temos tamb\u00e9m vasta experi\u00eancia em quest\u00f5es relacionadas com o ensino superior. Muitos dos nossos consultores s\u00e3o especialistas em pol\u00edtica de investiga\u00e7\u00e3o e inova\u00e7\u00e3o, lideran\u00e7a na investiga\u00e7\u00e3o, forma\u00e7\u00e3o de doutorados, sistemas de financiamento e quest\u00f5es ligadas \u00e0 carreira acad\u00e9mica. Compreendemos a inova\u00e7\u00e3o tanto do ponto de vista universit\u00e1rio e de investiga\u00e7\u00e3o, como do ponto de vista empresarial e externo.&nbsp;<\/p>\n\n\n\n<p>A Technopolis colabora com clientes em todo o mundo, realizando estudos e avalia\u00e7\u00f5es cruciais para apoiar o processo de mudan\u00e7a. Os nossos clientes incluem organiza\u00e7\u00f5es nacionais e internacionais, como a Comiss\u00e3o Europeia, ag\u00eancias de ajuda internacional, a OCDE, governos nacionais, universidades e outras entidades.&nbsp;<\/p>\n\n\n\n<hr class=\"wp-block-separator has-alpha-channel-opacity\"\/>\n\n\n\n<p>Para mais informa\u00e7\u00f5es, contactar <a href=\"https:\/\/www.technopolis-group.com\/es\/expert\/zsuzsa-javorka\/\" target=\"_blank\" rel=\"noreferrer noopener\">Zsuzsa J\u00e1vorka<\/a>, Partner, e <a href=\"https:\/\/www.technopolis-group.com\/es\/expert\/lisa-nieth\/\" target=\"_blank\" rel=\"noreferrer noopener\">Lisa Nieth<\/a>, Partner.<\/p>\n\n\n\n<h2 class=\"wp-block-heading\">Para quem e com quem trabalhamos<\/h2>\n","protected":false},"excerpt":{"rendered":"<p>O ensino superior desempenha um papel crucial na investiga\u00e7\u00e3o, inova\u00e7\u00e3o, [&hellip;]<\/p>\n","protected":false},"author":1,"featured_media":0,"parent":55204,"menu_order":0,"comment_status":"closed","ping_status":"closed","template":"templates\/tpl-sectors.php","meta":{"_acf_changed":false,"footnotes":""},"solution":[],"sector":[254],"class_list":["post-55298","page","type-page","status-publish","hentry","sector-higher-education-pt-pt"],"acf":[],"yoast_head":"<!-- This site is optimized with the Yoast SEO plugin v27.1.1 - https:\/\/yoast.com\/product\/yoast-seo-wordpress\/ -->\n<title>Educa\u00e7\u00e3o &amp; Compet\u00eancias\u00a0 - Technopolis Group<\/title>\n<meta name=\"robots\" content=\"index, follow, max-snippet:-1, max-image-preview:large, max-video-preview:-1\" \/>\n<link rel=\"canonical\" href=\"https:\/\/technopolis-group.com\/pt-pt\/sectors\/education-skills\/\" \/>\n<meta property=\"og:locale\" content=\"pt_PT\" \/>\n<meta property=\"og:type\" content=\"article\" \/>\n<meta property=\"og:title\" content=\"Educa\u00e7\u00e3o &amp; Compet\u00eancias\u00a0 - Technopolis Group\" \/>\n<meta property=\"og:description\" content=\"O ensino superior desempenha um papel crucial na investiga\u00e7\u00e3o, inova\u00e7\u00e3o, [&hellip;]\" \/>\n<meta property=\"og:url\" content=\"https:\/\/technopolis-group.com\/pt-pt\/sectors\/education-skills\/\" \/>\n<meta property=\"og:site_name\" content=\"Technopolis Group\" \/>\n<meta property=\"article:modified_time\" content=\"2025-11-05T10:07:33+00:00\" \/>\n<meta name=\"twitter:card\" content=\"summary_large_image\" \/>\n<meta name=\"twitter:label1\" content=\"Tempo estimado de leitura\" \/>\n\t<meta name=\"twitter:data1\" content=\"2 minutos\" \/>\n<script type=\"application\/ld+json\" class=\"yoast-schema-graph\">{\"@context\":\"https:\/\/schema.org\",\"@graph\":[{\"@type\":\"WebPage\",\"@id\":\"https:\/\/technopolis-group.com\/pt-pt\/sectors\/education-skills\/\",\"url\":\"https:\/\/technopolis-group.com\/pt-pt\/sectors\/education-skills\/\",\"name\":\"Educa\u00e7\u00e3o &amp; Compet\u00eancias\u00a0 - Technopolis Group\",\"isPartOf\":{\"@id\":\"https:\/\/technopolis-group.com\/nl\/#website\"},\"datePublished\":\"2020-02-17T09:47:11+00:00\",\"dateModified\":\"2025-11-05T10:07:33+00:00\",\"breadcrumb\":{\"@id\":\"https:\/\/technopolis-group.com\/pt-pt\/sectors\/education-skills\/#breadcrumb\"},\"inLanguage\":\"pt-PT\",\"potentialAction\":[{\"@type\":\"ReadAction\",\"target\":[\"https:\/\/technopolis-group.com\/pt-pt\/sectors\/education-skills\/\"]}]},{\"@type\":\"BreadcrumbList\",\"@id\":\"https:\/\/technopolis-group.com\/pt-pt\/sectors\/education-skills\/#breadcrumb\",\"itemListElement\":[{\"@type\":\"ListItem\",\"position\":1,\"name\":\"Home\",\"item\":\"https:\/\/technopolis-group.com\/pt-pt\/\"},{\"@type\":\"ListItem\",\"position\":2,\"name\":\"Sectors\",\"item\":\"https:\/\/technopolis-group.com\/pt-pt\/sectors\/\"},{\"@type\":\"ListItem\",\"position\":3,\"name\":\"Educa\u00e7\u00e3o &amp; Compet\u00eancias\u00a0\"}]},{\"@type\":\"WebSite\",\"@id\":\"https:\/\/technopolis-group.com\/nl\/#website\",\"url\":\"https:\/\/technopolis-group.com\/nl\/\",\"name\":\"Technopolis Group\",\"description\":\"Technopolis-group\",\"potentialAction\":[{\"@type\":\"SearchAction\",\"target\":{\"@type\":\"EntryPoint\",\"urlTemplate\":\"https:\/\/technopolis-group.com\/nl\/?s={search_term_string}\"},\"query-input\":{\"@type\":\"PropertyValueSpecification\",\"valueRequired\":true,\"valueName\":\"search_term_string\"}}],\"inLanguage\":\"pt-PT\"}]}<\/script>\n<!-- \/ Yoast SEO plugin. -->","yoast_head_json":{"title":"Educa\u00e7\u00e3o &amp; Compet\u00eancias\u00a0 - Technopolis Group","robots":{"index":"index","follow":"follow","max-snippet":"max-snippet:-1","max-image-preview":"max-image-preview:large","max-video-preview":"max-video-preview:-1"},"canonical":"https:\/\/technopolis-group.com\/pt-pt\/sectors\/education-skills\/","og_locale":"pt_PT","og_type":"article","og_title":"Educa\u00e7\u00e3o &amp; Compet\u00eancias\u00a0 - Technopolis Group","og_description":"O ensino superior desempenha um papel crucial na investiga\u00e7\u00e3o, inova\u00e7\u00e3o, [&hellip;]","og_url":"https:\/\/technopolis-group.com\/pt-pt\/sectors\/education-skills\/","og_site_name":"Technopolis Group","article_modified_time":"2025-11-05T10:07:33+00:00","twitter_card":"summary_large_image","twitter_misc":{"Tempo estimado de leitura":"2 minutos"},"schema":{"@context":"https:\/\/schema.org","@graph":[{"@type":"WebPage","@id":"https:\/\/technopolis-group.com\/pt-pt\/sectors\/education-skills\/","url":"https:\/\/technopolis-group.com\/pt-pt\/sectors\/education-skills\/","name":"Educa\u00e7\u00e3o &amp; Compet\u00eancias\u00a0 - Technopolis Group","isPartOf":{"@id":"https:\/\/technopolis-group.com\/nl\/#website"},"datePublished":"2020-02-17T09:47:11+00:00","dateModified":"2025-11-05T10:07:33+00:00","breadcrumb":{"@id":"https:\/\/technopolis-group.com\/pt-pt\/sectors\/education-skills\/#breadcrumb"},"inLanguage":"pt-PT","potentialAction":[{"@type":"ReadAction","target":["https:\/\/technopolis-group.com\/pt-pt\/sectors\/education-skills\/"]}]},{"@type":"BreadcrumbList","@id":"https:\/\/technopolis-group.com\/pt-pt\/sectors\/education-skills\/#breadcrumb","itemListElement":[{"@type":"ListItem","position":1,"name":"Home","item":"https:\/\/technopolis-group.com\/pt-pt\/"},{"@type":"ListItem","position":2,"name":"Sectors","item":"https:\/\/technopolis-group.com\/pt-pt\/sectors\/"},{"@type":"ListItem","position":3,"name":"Educa\u00e7\u00e3o &amp; Compet\u00eancias\u00a0"}]},{"@type":"WebSite","@id":"https:\/\/technopolis-group.com\/nl\/#website","url":"https:\/\/technopolis-group.com\/nl\/","name":"Technopolis Group","description":"Technopolis-group","potentialAction":[{"@type":"SearchAction","target":{"@type":"EntryPoint","urlTemplate":"https:\/\/technopolis-group.com\/nl\/?s={search_term_string}"},"query-input":{"@type":"PropertyValueSpecification","valueRequired":true,"valueName":"search_term_string"}}],"inLanguage":"pt-PT"}]}},"publishpress_future_action":{"enabled":false,"date":"2026-04-14 00:29:25","action":"change-status","newStatus":"draft","terms":[],"taxonomy":"translation_priority","extraData":[]},"publishpress_future_workflow_manual_trigger":{"enabledWorkflows":[]},"_links":{"self":[{"href":"https:\/\/technopolis-group.com\/pt-pt\/wp-json\/wp\/v2\/pages\/55298","targetHints":{"allow":["GET"]}}],"collection":[{"href":"https:\/\/technopolis-group.com\/pt-pt\/wp-json\/wp\/v2\/pages"}],"about":[{"href":"https:\/\/technopolis-group.com\/pt-pt\/wp-json\/wp\/v2\/types\/page"}],"author":[{"embeddable":true,"href":"https:\/\/technopolis-group.com\/pt-pt\/wp-json\/wp\/v2\/users\/1"}],"replies":[{"embeddable":true,"href":"https:\/\/technopolis-group.com\/pt-pt\/wp-json\/wp\/v2\/comments?post=55298"}],"version-history":[{"count":10,"href":"https:\/\/technopolis-group.com\/pt-pt\/wp-json\/wp\/v2\/pages\/55298\/revisions"}],"predecessor-version":[{"id":62966,"href":"https:\/\/technopolis-group.com\/pt-pt\/wp-json\/wp\/v2\/pages\/55298\/revisions\/62966"}],"up":[{"embeddable":true,"href":"https:\/\/technopolis-group.com\/pt-pt\/wp-json\/wp\/v2\/pages\/55204"}],"wp:attachment":[{"href":"https:\/\/technopolis-group.com\/pt-pt\/wp-json\/wp\/v2\/media?parent=55298"}],"wp:term":[{"taxonomy":"solution","embeddable":true,"href":"https:\/\/technopolis-group.com\/pt-pt\/wp-json\/wp\/v2\/solution?post=55298"},{"taxonomy":"sector","embeddable":true,"href":"https:\/\/technopolis-group.com\/pt-pt\/wp-json\/wp\/v2\/sector?post=55298"}],"curies":[{"name":"wp","href":"https:\/\/api.w.org\/{rel}","templated":true}]}}