{"id":12136,"date":"2019-12-10T19:43:35","date_gmt":"2019-12-10T19:43:35","guid":{"rendered":"https:\/\/technopolis-group.com\/our-story\/"},"modified":"2025-07-09T14:18:27","modified_gmt":"2025-07-09T14:18:27","slug":"our-story","status":"publish","type":"page","link":"https:\/\/technopolis-group.com\/sv\/our-story\/","title":{"rendered":"V\u00e5rt uppdrag"},"content":{"rendered":"\n<p class=\"has-text-align-right has-red-color has-text-color\" style=\"font-size:25px\"><\/p>\n\n\n\n<p><strong>Globalt. <\/strong>Technopolis Group grundades 1989 som en akademisk avknoppning fr\u00e5n Sussex University (Storbritannien) och \u00e4r en internationell forsknings- och konsultorganisation som arbetar f\u00f6r den offentliga sektorn. Vi b\u00f6rjade som en f\u00f6reg\u00e5ngare inom vetenskaps-, teknik- och innovationspolitik och har sedan dess vuxit och breddat v\u00e5r expertis. V\u00e5ra kompetensomr\u00e5den omfattar klimatf\u00f6r\u00e4ndringar och milj\u00f6, digital omvandling, utbildning och kompetens, biovetenskap och h\u00e4lsa samt internationellt samarbete. Vi har ut\u00f6kat v\u00e5r verksamhet utanf\u00f6r Europa, till Afrika, Latinamerika och Karibien, Asien och Stillahavsomr\u00e5det.&nbsp;&nbsp;<\/p>\n\n\n\n<p><strong>Insikter som driver f\u00f6r\u00e4ndring.<\/strong> Vi \u00e4r \u00f6vertygade om att snabba, v\u00e4lgrundade insikter baserade p\u00e5 de senaste forskningsr\u00f6nen, erfarenheterna och id\u00e9erna \u00e4r avg\u00f6rande f\u00f6r att hantera dagens stora samh\u00e4llspolitiska utmaningar. V\u00e5rt uppdrag \u00e4r d\u00e4rf\u00f6r att st\u00f6dja beslutsfattare i att f\u00f6rst\u00e5 komplexa omst\u00e4llningar och systemf\u00f6r\u00e4ndringarna, s\u00e5 att de kan fatta strategiska beslut f\u00f6r ett h\u00e5llbart samh\u00e4lle, f\u00f6rb\u00e4ttra politiska \u00e5tg\u00e4rder och st\u00e4rka kommunikationen med samh\u00e4llet i stort.&nbsp;&nbsp;&nbsp;<\/p>\n\n\n\n<p><strong>L\u00f6sningar genom hela policycykeln.<\/strong> Vi erbjuder st\u00f6d i alla faser av policycykeln &#8211; fr\u00e5n utv\u00e4rderingsstudier, strategi och design, implementeringsst\u00f6d, \u00f6vervakning, analys och kommunikation. V\u00e5ra insatser riktar sig till lokala och regionala myndigheter, nationella regeringar och organ, EU-institutionerna, internationella organisationer s\u00e5som FN-organ, multilaterala finansinstitut, samt icke-statliga organisationer, forsknings- och innovationsorganisationer samt offentlig-privata partnerskap.&nbsp;&nbsp;<\/p>\n\n\n\n<p><strong>M\u00e5ngfald.<\/strong> Vi bygger ett team av policy- och kommunikationskonsulter som representerar ett brett spektrum av discipliner, yrkeserfarenheter, akademiska bakgrunder, nationaliteter och identiteter. Denna m\u00e5ngfald, i kombination med v\u00e5r innovativa anda, g\u00f6r det m\u00f6jligt f\u00f6r oss att erbjuda skr\u00e4ddarsydda l\u00f6sningar till v\u00e5ra kunder, en grundpelare i v\u00e5rt arbete.&nbsp;&nbsp;&nbsp;<\/p>\n\n\n\n<p><strong>Ansvarstagande.<\/strong> Vi \u00e4r stolta \u00f6ver att driva v\u00e5r f\u00f6retagstillv\u00e4xt utifr\u00e5n en upps\u00e4ttning gemensamma v\u00e4rderingar. Vi tar v\u00e5rt ansvariga p\u00e5 allvar och str\u00e4var efter att bidra till en h\u00e5llbar framtid.&nbsp;Ut\u00f6ver v\u00e5r sektorspecifika expertis baserar vi v\u00e5rt arbete p\u00e5 fakta och praktisk till\u00e4mpning, med ett st\u00e4ndigt fokus p\u00e5 att skapa verklig p\u00e5verkan.&nbsp;&nbsp;<\/p>\n\n\n\n<p><strong>Medarbetar\u00e4gt. <\/strong>Trots v\u00e5r tillv\u00e4xt har vi f\u00f6rblivit ett medarbetar\u00e4gt f\u00f6retag, d\u00e4r samtliga aktie\u00e4gare \u00e4r verksamma inom organisationen. Denna oberoende \u00e4garstruktur ger oss en stabil grund f\u00f6r att ut\u00f6ka v\u00e5ra tj\u00e4nster och effektivt st\u00f6dja beslutsfattare \u00f6ver hela v\u00e4rlden.&nbsp;&nbsp;<\/p>\n\n\n\n<h2 class=\"wp-block-heading\">V\u00e5ra v\u00e4rderingar<\/h2>\n\n\n\n<figure class=\"wp-block-embed is-type-video is-provider-vimeo wp-block-embed-vimeo wp-embed-aspect-16-9 wp-has-aspect-ratio\"><div class=\"wp-block-embed__wrapper\">\n<iframe loading=\"lazy\" title=\"Technopolis Group Mission\" src=\"https:\/\/player.vimeo.com\/video\/905933641?dnt=1&amp;app_id=122963\" width=\"500\" height=\"281\" frameborder=\"0\" allow=\"autoplay; fullscreen; picture-in-picture; clipboard-write; encrypted-media\"><\/iframe>\n<\/div><\/figure>\n\n\n\n<h3 class=\"wp-block-heading\">Vad inneb\u00e4r det att vara en \u201dTechnopolitan\u201d? \u202f\u202f<\/h3>\n\n\n\n<p><strong>Vi \u00e4r passionerade i det vi g\u00f6r och driver projekt som har en samh\u00e4llelig inverkan<\/strong>, skyddar v\u00e5r planet och fr\u00e4mjar h\u00e5llbar tillv\u00e4xt.&nbsp;&nbsp;<\/p>\n\n\n\n<p><strong>Vi \u00e4r oberoende och opartiska, fria fr\u00e5n politiska intressen eller egenintressen.<\/strong> V\u00e5r analys \u00e4r objektiv och evidensbaserad. Som pragmatiska optimister erk\u00e4nner vi politikens potential att forma en b\u00e4ttre v\u00e4rld, samtidigt som vi har en realistisk och erfarenhetsbaserad f\u00f6rst\u00e5else f\u00f6r dess processer och m\u00f6jligheter till f\u00f6rb\u00e4ttring.&nbsp;&nbsp;<\/p>\n\n\n\n<p><strong>Vi v\u00e4rdes\u00e4tter metodologisk stringens och djupg\u00e5ende analys.<\/strong> V\u00e5ra konsulter \u00e4r n\u00f6rdiga snarare \u00e4n flashiga, och vi l\u00e4gger stor vikt vid att v\u00e5ra rekommendationer \u00e4r v\u00e4l underbyggda och konsekventa eftersom de kan ha en betydande p\u00e5verkan.&nbsp;&nbsp;&nbsp;<\/p>\n\n\n\n<p><strong>Vi \u00e4r nyfikna <\/strong>och anv\u00e4nder oss av innovativa l\u00f6sningar och metoder d\u00e4r det \u00e4r m\u00f6jligt, samtidigt som vi \u00e4r pragmatiska n\u00e4r det beh\u00f6vs.&nbsp;&nbsp;<\/p>\n\n\n\n<p><strong>Vi \u00e4r lagspelare <\/strong>och agerar tillsammans som en enhet f\u00f6r att leverera de b\u00e4sta teamen och den b\u00e4sta kompetensen till v\u00e5ra kunder. N\u00e4stan all v\u00e5r verksamhet genomf\u00f6rs av v\u00e5r egen personal, som har djup f\u00f6rst\u00e5else f\u00f6r nationella och regionala sammanhang.&nbsp;&nbsp;<\/p>\n\n\n\n<p><strong>Vi engagerar oss i professionell utveckling<\/strong> och delar aktivt v\u00e5r kunskap mellan geografiska och tematiska omr\u00e5den. Vi vet att de mest framg\u00e5ngsrika teamen bygger p\u00e5 en m\u00e5ngfald av erfarenheter och expertis. D\u00e4rf\u00f6r fr\u00e4mjar vi en inkluderande och respektfull f\u00f6retagskultur som m\u00f6jligg\u00f6r olika karri\u00e4rv\u00e4gar, samtidigt som vi tar ansvar f\u00f6r varandra, v\u00e5ra kunder och samh\u00e4llet.&nbsp;<\/p>\n\n\n\n<figure class=\"wp-block-embed is-type-video is-provider-vimeo wp-block-embed-vimeo wp-embed-aspect-16-9 wp-has-aspect-ratio\"><div class=\"wp-block-embed__wrapper\">\n<iframe loading=\"lazy\" title=\"Technodays 2025 Strasbourg\" src=\"https:\/\/player.vimeo.com\/video\/1094747683?dnt=1&amp;app_id=122963\" width=\"500\" height=\"281\" frameborder=\"0\" allow=\"autoplay; fullscreen; picture-in-picture; clipboard-write; encrypted-media; web-share\"><\/iframe>\n<\/div><\/figure>\n","protected":false},"excerpt":{"rendered":"<p>Globalt. Technopolis Group grundades 1989 som en akademisk avknoppning fr\u00e5n [&hellip;]<\/p>\n","protected":false},"author":1,"featured_media":0,"parent":0,"menu_order":0,"comment_status":"closed","ping_status":"closed","template":"","meta":{"_acf_changed":false,"footnotes":""},"solution":[],"sector":[],"class_list":["post-12136","page","type-page","status-publish","hentry"],"acf":[],"yoast_head":"<!-- This site is optimized with the Yoast SEO plugin v27.1.1 - https:\/\/yoast.com\/product\/yoast-seo-wordpress\/ -->\n<title>V\u00e5rt uppdrag - Technopolis Group<\/title>\n<meta name=\"robots\" content=\"index, follow, max-snippet:-1, max-image-preview:large, max-video-preview:-1\" \/>\n<link rel=\"canonical\" href=\"https:\/\/technopolis-group.com\/sv\/our-story\/\" \/>\n<meta property=\"og:locale\" content=\"sv_SE\" \/>\n<meta property=\"og:type\" content=\"article\" \/>\n<meta property=\"og:title\" content=\"V\u00e5rt uppdrag - Technopolis Group\" \/>\n<meta property=\"og:description\" content=\"Globalt. Technopolis Group grundades 1989 som en akademisk avknoppning fr\u00e5n [&hellip;]\" \/>\n<meta property=\"og:url\" content=\"https:\/\/technopolis-group.com\/sv\/our-story\/\" \/>\n<meta property=\"og:site_name\" content=\"Technopolis Group\" \/>\n<meta property=\"article:modified_time\" content=\"2025-07-09T14:18:27+00:00\" \/>\n<meta name=\"twitter:card\" content=\"summary_large_image\" \/>\n<meta name=\"twitter:label1\" content=\"Ber\u00e4knad l\u00e4stid\" \/>\n\t<meta name=\"twitter:data1\" content=\"4 minuter\" \/>\n<script type=\"application\/ld+json\" class=\"yoast-schema-graph\">{\"@context\":\"https:\/\/schema.org\",\"@graph\":[{\"@type\":\"WebPage\",\"@id\":\"https:\/\/technopolis-group.com\/sv\/our-story\/\",\"url\":\"https:\/\/technopolis-group.com\/sv\/our-story\/\",\"name\":\"V\u00e5rt uppdrag - Technopolis Group\",\"isPartOf\":{\"@id\":\"https:\/\/technopolis-group.com\/nl\/#website\"},\"datePublished\":\"2019-12-10T19:43:35+00:00\",\"dateModified\":\"2025-07-09T14:18:27+00:00\",\"breadcrumb\":{\"@id\":\"https:\/\/technopolis-group.com\/sv\/our-story\/#breadcrumb\"},\"inLanguage\":\"sv-SE\",\"potentialAction\":[{\"@type\":\"ReadAction\",\"target\":[\"https:\/\/technopolis-group.com\/sv\/our-story\/\"]}]},{\"@type\":\"BreadcrumbList\",\"@id\":\"https:\/\/technopolis-group.com\/sv\/our-story\/#breadcrumb\",\"itemListElement\":[{\"@type\":\"ListItem\",\"position\":1,\"name\":\"Home\",\"item\":\"https:\/\/technopolis-group.com\/sv\/\"},{\"@type\":\"ListItem\",\"position\":2,\"name\":\"V\u00e5rt uppdrag\"}]},{\"@type\":\"WebSite\",\"@id\":\"https:\/\/technopolis-group.com\/nl\/#website\",\"url\":\"https:\/\/technopolis-group.com\/nl\/\",\"name\":\"Technopolis Group\",\"description\":\"Technopolis-group\",\"potentialAction\":[{\"@type\":\"SearchAction\",\"target\":{\"@type\":\"EntryPoint\",\"urlTemplate\":\"https:\/\/technopolis-group.com\/nl\/?s={search_term_string}\"},\"query-input\":{\"@type\":\"PropertyValueSpecification\",\"valueRequired\":true,\"valueName\":\"search_term_string\"}}],\"inLanguage\":\"sv-SE\"}]}<\/script>\n<!-- \/ Yoast SEO plugin. -->","yoast_head_json":{"title":"V\u00e5rt uppdrag - Technopolis Group","robots":{"index":"index","follow":"follow","max-snippet":"max-snippet:-1","max-image-preview":"max-image-preview:large","max-video-preview":"max-video-preview:-1"},"canonical":"https:\/\/technopolis-group.com\/sv\/our-story\/","og_locale":"sv_SE","og_type":"article","og_title":"V\u00e5rt uppdrag - Technopolis Group","og_description":"Globalt. Technopolis Group grundades 1989 som en akademisk avknoppning fr\u00e5n [&hellip;]","og_url":"https:\/\/technopolis-group.com\/sv\/our-story\/","og_site_name":"Technopolis Group","article_modified_time":"2025-07-09T14:18:27+00:00","twitter_card":"summary_large_image","twitter_misc":{"Ber\u00e4knad l\u00e4stid":"4 minuter"},"schema":{"@context":"https:\/\/schema.org","@graph":[{"@type":"WebPage","@id":"https:\/\/technopolis-group.com\/sv\/our-story\/","url":"https:\/\/technopolis-group.com\/sv\/our-story\/","name":"V\u00e5rt uppdrag - Technopolis Group","isPartOf":{"@id":"https:\/\/technopolis-group.com\/nl\/#website"},"datePublished":"2019-12-10T19:43:35+00:00","dateModified":"2025-07-09T14:18:27+00:00","breadcrumb":{"@id":"https:\/\/technopolis-group.com\/sv\/our-story\/#breadcrumb"},"inLanguage":"sv-SE","potentialAction":[{"@type":"ReadAction","target":["https:\/\/technopolis-group.com\/sv\/our-story\/"]}]},{"@type":"BreadcrumbList","@id":"https:\/\/technopolis-group.com\/sv\/our-story\/#breadcrumb","itemListElement":[{"@type":"ListItem","position":1,"name":"Home","item":"https:\/\/technopolis-group.com\/sv\/"},{"@type":"ListItem","position":2,"name":"V\u00e5rt uppdrag"}]},{"@type":"WebSite","@id":"https:\/\/technopolis-group.com\/nl\/#website","url":"https:\/\/technopolis-group.com\/nl\/","name":"Technopolis Group","description":"Technopolis-group","potentialAction":[{"@type":"SearchAction","target":{"@type":"EntryPoint","urlTemplate":"https:\/\/technopolis-group.com\/nl\/?s={search_term_string}"},"query-input":{"@type":"PropertyValueSpecification","valueRequired":true,"valueName":"search_term_string"}}],"inLanguage":"sv-SE"}]}},"publishpress_future_action":{"enabled":false,"date":"2026-04-24 08:28:31","action":"change-status","newStatus":"draft","terms":[],"taxonomy":"translation_priority","extraData":[]},"publishpress_future_workflow_manual_trigger":{"enabledWorkflows":[]},"_links":{"self":[{"href":"https:\/\/technopolis-group.com\/sv\/wp-json\/wp\/v2\/pages\/12136","targetHints":{"allow":["GET"]}}],"collection":[{"href":"https:\/\/technopolis-group.com\/sv\/wp-json\/wp\/v2\/pages"}],"about":[{"href":"https:\/\/technopolis-group.com\/sv\/wp-json\/wp\/v2\/types\/page"}],"author":[{"embeddable":true,"href":"https:\/\/technopolis-group.com\/sv\/wp-json\/wp\/v2\/users\/1"}],"replies":[{"embeddable":true,"href":"https:\/\/technopolis-group.com\/sv\/wp-json\/wp\/v2\/comments?post=12136"}],"version-history":[{"count":3,"href":"https:\/\/technopolis-group.com\/sv\/wp-json\/wp\/v2\/pages\/12136\/revisions"}],"predecessor-version":[{"id":61773,"href":"https:\/\/technopolis-group.com\/sv\/wp-json\/wp\/v2\/pages\/12136\/revisions\/61773"}],"wp:attachment":[{"href":"https:\/\/technopolis-group.com\/sv\/wp-json\/wp\/v2\/media?parent=12136"}],"wp:term":[{"taxonomy":"solution","embeddable":true,"href":"https:\/\/technopolis-group.com\/sv\/wp-json\/wp\/v2\/solution?post=12136"},{"taxonomy":"sector","embeddable":true,"href":"https:\/\/technopolis-group.com\/sv\/wp-json\/wp\/v2\/sector?post=12136"}],"curies":[{"name":"wp","href":"https:\/\/api.w.org\/{rel}","templated":true}]}}