{"id":12770,"date":"2019-12-16T20:27:14","date_gmt":"2019-12-16T20:27:14","guid":{"rendered":"https:\/\/technopolis-group.com\/partner-with-us\/"},"modified":"2020-02-20T10:08:04","modified_gmt":"2020-02-20T10:08:04","slug":"partner-with-us","status":"publish","type":"page","link":"https:\/\/technopolis-group.com\/sv\/partner-with-us\/","title":{"rendered":"Samarbeta med oss"},"content":{"rendered":"\n<p>M\u00e5nga av v\u00e5ra projekt kr\u00e4ver specifik kunskap. V\u00e5ra konsulter har en djup f\u00f6rst\u00e5else av m\u00e5nga omr\u00e5den och tekniker, men i en del projekt samarbetar vi med andra f\u00f6retag, partners och frilansande experter fr\u00e5n hela Europa och tillv\u00e4xtmarknader. Vi v\u00e4rderar dessa samarbeten och str\u00e4var alltid efter att bygga ett n\u00e4tverk av experter vilka vi kan samarbeta med. <\/p>\n\n\n\n<p>\u00c4r du passionerad av policy eller beslutsfattande? S\u00e4tter du evidens och transperens i f\u00f6rsta rummet? Har du relevant erfarenhet inom n\u00e5got av f\u00f6ljande omr\u00e5den?<\/p>\n\n\n\n<ul class=\"wp-block-list\"><li>Forskning och innovation<\/li><li>Immaterialr\u00e4ttigheter och standarder<\/li><li>Entrepren\u00f6rskap, SMEs och industri<\/li><li>Digital transformation&nbsp;&nbsp;&nbsp;&nbsp;&nbsp;&nbsp;&nbsp;&nbsp; <\/li><li>Regional utveckling<\/li><li>H\u00f6gre utbildning<\/li><li>Gr\u00f6n ekonomi<\/li><li>H\u00e4lsa och life science<\/li><li>Internationellt samarbete<\/li><\/ul>\n\n\n\n<p>I s\u00e5dana fall ska du skicka ditt CV och\/eller f\u00f6retagsprofil till <a href=\"mailto:collaboration@technopolis-group.com\">collaboration@technopolis-group.com<\/a> och tydligt beskriva vilket policyomr\u00e5de som \u00e4r av intresse f\u00f6r dig. <\/p>\n","protected":false},"excerpt":{"rendered":"<p>M\u00e5nga av v\u00e5ra projekt kr\u00e4ver specifik kunskap. V\u00e5ra konsulter har [&hellip;]<\/p>\n","protected":false},"author":1,"featured_media":0,"parent":0,"menu_order":0,"comment_status":"closed","ping_status":"closed","template":"","meta":{"_acf_changed":false,"footnotes":""},"solution":[],"sector":[],"class_list":["post-12770","page","type-page","status-publish","hentry"],"acf":[],"yoast_head":"<!-- This site is optimized with the Yoast SEO plugin v27.1.1 - https:\/\/yoast.com\/product\/yoast-seo-wordpress\/ -->\n<title>Samarbeta med oss - Technopolis Group<\/title>\n<meta name=\"robots\" content=\"index, follow, max-snippet:-1, max-image-preview:large, max-video-preview:-1\" \/>\n<link rel=\"canonical\" href=\"https:\/\/technopolis-group.com\/sv\/partner-with-us\/\" \/>\n<meta property=\"og:locale\" content=\"sv_SE\" \/>\n<meta property=\"og:type\" content=\"article\" \/>\n<meta property=\"og:title\" content=\"Samarbeta med oss - Technopolis Group\" \/>\n<meta property=\"og:description\" content=\"M\u00e5nga av v\u00e5ra projekt kr\u00e4ver specifik kunskap. V\u00e5ra konsulter har [&hellip;]\" \/>\n<meta property=\"og:url\" content=\"https:\/\/technopolis-group.com\/sv\/partner-with-us\/\" \/>\n<meta property=\"og:site_name\" content=\"Technopolis Group\" \/>\n<meta property=\"article:modified_time\" content=\"2020-02-20T10:08:04+00:00\" \/>\n<meta name=\"twitter:card\" content=\"summary_large_image\" \/>\n<meta name=\"twitter:label1\" content=\"Ber\u00e4knad l\u00e4stid\" \/>\n\t<meta name=\"twitter:data1\" content=\"1 minut\" \/>\n<script type=\"application\/ld+json\" class=\"yoast-schema-graph\">{\"@context\":\"https:\/\/schema.org\",\"@graph\":[{\"@type\":\"WebPage\",\"@id\":\"https:\/\/technopolis-group.com\/sv\/partner-with-us\/\",\"url\":\"https:\/\/technopolis-group.com\/sv\/partner-with-us\/\",\"name\":\"Samarbeta med oss - Technopolis Group\",\"isPartOf\":{\"@id\":\"https:\/\/technopolis-group.com\/nl\/#website\"},\"datePublished\":\"2019-12-16T20:27:14+00:00\",\"dateModified\":\"2020-02-20T10:08:04+00:00\",\"breadcrumb\":{\"@id\":\"https:\/\/technopolis-group.com\/sv\/partner-with-us\/#breadcrumb\"},\"inLanguage\":\"sv-SE\",\"potentialAction\":[{\"@type\":\"ReadAction\",\"target\":[\"https:\/\/technopolis-group.com\/sv\/partner-with-us\/\"]}]},{\"@type\":\"BreadcrumbList\",\"@id\":\"https:\/\/technopolis-group.com\/sv\/partner-with-us\/#breadcrumb\",\"itemListElement\":[{\"@type\":\"ListItem\",\"position\":1,\"name\":\"Home\",\"item\":\"https:\/\/technopolis-group.com\/sv\/\"},{\"@type\":\"ListItem\",\"position\":2,\"name\":\"Samarbeta med oss\"}]},{\"@type\":\"WebSite\",\"@id\":\"https:\/\/technopolis-group.com\/nl\/#website\",\"url\":\"https:\/\/technopolis-group.com\/nl\/\",\"name\":\"Technopolis Group\",\"description\":\"Technopolis-group\",\"potentialAction\":[{\"@type\":\"SearchAction\",\"target\":{\"@type\":\"EntryPoint\",\"urlTemplate\":\"https:\/\/technopolis-group.com\/nl\/?s={search_term_string}\"},\"query-input\":{\"@type\":\"PropertyValueSpecification\",\"valueRequired\":true,\"valueName\":\"search_term_string\"}}],\"inLanguage\":\"sv-SE\"}]}<\/script>\n<!-- \/ Yoast SEO plugin. -->","yoast_head_json":{"title":"Samarbeta med oss - Technopolis Group","robots":{"index":"index","follow":"follow","max-snippet":"max-snippet:-1","max-image-preview":"max-image-preview:large","max-video-preview":"max-video-preview:-1"},"canonical":"https:\/\/technopolis-group.com\/sv\/partner-with-us\/","og_locale":"sv_SE","og_type":"article","og_title":"Samarbeta med oss - Technopolis Group","og_description":"M\u00e5nga av v\u00e5ra projekt kr\u00e4ver specifik kunskap. V\u00e5ra konsulter har [&hellip;]","og_url":"https:\/\/technopolis-group.com\/sv\/partner-with-us\/","og_site_name":"Technopolis Group","article_modified_time":"2020-02-20T10:08:04+00:00","twitter_card":"summary_large_image","twitter_misc":{"Ber\u00e4knad l\u00e4stid":"1 minut"},"schema":{"@context":"https:\/\/schema.org","@graph":[{"@type":"WebPage","@id":"https:\/\/technopolis-group.com\/sv\/partner-with-us\/","url":"https:\/\/technopolis-group.com\/sv\/partner-with-us\/","name":"Samarbeta med oss - Technopolis Group","isPartOf":{"@id":"https:\/\/technopolis-group.com\/nl\/#website"},"datePublished":"2019-12-16T20:27:14+00:00","dateModified":"2020-02-20T10:08:04+00:00","breadcrumb":{"@id":"https:\/\/technopolis-group.com\/sv\/partner-with-us\/#breadcrumb"},"inLanguage":"sv-SE","potentialAction":[{"@type":"ReadAction","target":["https:\/\/technopolis-group.com\/sv\/partner-with-us\/"]}]},{"@type":"BreadcrumbList","@id":"https:\/\/technopolis-group.com\/sv\/partner-with-us\/#breadcrumb","itemListElement":[{"@type":"ListItem","position":1,"name":"Home","item":"https:\/\/technopolis-group.com\/sv\/"},{"@type":"ListItem","position":2,"name":"Samarbeta med oss"}]},{"@type":"WebSite","@id":"https:\/\/technopolis-group.com\/nl\/#website","url":"https:\/\/technopolis-group.com\/nl\/","name":"Technopolis Group","description":"Technopolis-group","potentialAction":[{"@type":"SearchAction","target":{"@type":"EntryPoint","urlTemplate":"https:\/\/technopolis-group.com\/nl\/?s={search_term_string}"},"query-input":{"@type":"PropertyValueSpecification","valueRequired":true,"valueName":"search_term_string"}}],"inLanguage":"sv-SE"}]}},"publishpress_future_action":{"enabled":false,"date":"2026-04-13 22:36:12","action":"change-status","newStatus":"draft","terms":[],"taxonomy":"translation_priority","extraData":[]},"publishpress_future_workflow_manual_trigger":{"enabledWorkflows":[]},"_links":{"self":[{"href":"https:\/\/technopolis-group.com\/sv\/wp-json\/wp\/v2\/pages\/12770","targetHints":{"allow":["GET"]}}],"collection":[{"href":"https:\/\/technopolis-group.com\/sv\/wp-json\/wp\/v2\/pages"}],"about":[{"href":"https:\/\/technopolis-group.com\/sv\/wp-json\/wp\/v2\/types\/page"}],"author":[{"embeddable":true,"href":"https:\/\/technopolis-group.com\/sv\/wp-json\/wp\/v2\/users\/1"}],"replies":[{"embeddable":true,"href":"https:\/\/technopolis-group.com\/sv\/wp-json\/wp\/v2\/comments?post=12770"}],"version-history":[{"count":0,"href":"https:\/\/technopolis-group.com\/sv\/wp-json\/wp\/v2\/pages\/12770\/revisions"}],"wp:attachment":[{"href":"https:\/\/technopolis-group.com\/sv\/wp-json\/wp\/v2\/media?parent=12770"}],"wp:term":[{"taxonomy":"solution","embeddable":true,"href":"https:\/\/technopolis-group.com\/sv\/wp-json\/wp\/v2\/solution?post=12770"},{"taxonomy":"sector","embeddable":true,"href":"https:\/\/technopolis-group.com\/sv\/wp-json\/wp\/v2\/sector?post=12770"}],"curies":[{"name":"wp","href":"https:\/\/api.w.org\/{rel}","templated":true}]}}