{"id":12802,"date":"2019-12-10T08:17:46","date_gmt":"2019-12-10T08:17:46","guid":{"rendered":"https:\/\/technopolis-group.com\/sectors\/digital-transformations\/"},"modified":"2025-03-05T14:46:05","modified_gmt":"2025-03-05T14:46:05","slug":"digital-transformations","status":"publish","type":"page","link":"https:\/\/technopolis-group.com\/sv\/sectors\/digital-transformations\/","title":{"rendered":"Digital transformation"},"content":{"rendered":"\n<figure class=\"wp-block-pullquote\"><blockquote><p>Digitaliseringen har en omv\u00e4lvande inverkan och formar medborgarnas liv, f\u00f6retagens verksamhet och hur offentliga tj\u00e4nster tillhandah\u00e5lls.&nbsp;&nbsp;&nbsp;<br><br>Digital teknik skapar nya m\u00f6jligheter f\u00f6r social v\u00e4lf\u00e4rd, ekonomisk tillv\u00e4xt och reformer inom den offentliga sektorn. Samtidigt medf\u00f6r den ocks\u00e5 en rad utmaningar, s\u00e5som digitala klyftor, AI-baserade f\u00f6rdomar, resurskr\u00e4vande datacenter, komplexa regelverk samt behovet att utveckla aff\u00e4rsmodeller och modernisera offentliga tj\u00e4nster. <br><br>Den snabba tekniska utvecklingen g\u00f6r det n\u00f6dv\u00e4ndigt att identifiera framtidens teknologier och f\u00f6rutse deras konsekvenser.&nbsp;&nbsp;<\/p><\/blockquote><\/figure>\n\n\n\n<p>Technopolis Group har som m\u00e5l att ge r\u00e5d och v\u00e4gledning i framkant av den digitala omst\u00e4llningen. V\u00e5ra konsulter st\u00f6der beslutsfattare genom hela policycykeln f\u00f6r att hantera de samh\u00e4lleliga, offentliga, ekonomiska och industriella utmaningar som digitaliseringen medf\u00f6r, samtidigt som vi hj\u00e4lper till att utnyttja teknikens m\u00f6jligheter. Dessa omfattar bland annat artificiell intelligens, moln- och edge computing, cybers\u00e4kerhet, IoT och kvantteknik. V\u00e5r r\u00e5dgivning bygger p\u00e5 ett m\u00e4nniskocentrerat, etiskt och inkluderande perspektiv p\u00e5 digitalisering.&nbsp;&nbsp;<\/p>\n\n\n\n<p>Vi utvecklar kontinuerligt v\u00e5ra metoder f\u00f6r att hj\u00e4lpa beslutsfattare att utforma effektiva policyer och program som st\u00f6der:&nbsp;&nbsp;<\/p>\n\n\n\n<ul class=\"wp-block-list\">\n<li>digitaliseringens samh\u00e4lleliga effekter<\/li>\n<\/ul>\n\n\n\n<ul class=\"wp-block-list\">\n<li>digital transformation inom industri, f\u00f6retag, sm\u00e5 och medelstora f\u00f6retag, inklusive kompetensutveckling och finansiering av nystartade teknikf\u00f6retag&nbsp;&nbsp;<\/li>\n<\/ul>\n\n\n\n<ul class=\"wp-block-list\">\n<li>digitaliseringen av offentliga tj\u00e4nster och myndigheter<\/li>\n<\/ul>\n\n\n\n<p>Som en p\u00e5litlig partner inom forskning och utv\u00e4rdering av digitala policyer och program tillhandah\u00e5ller vi avg\u00f6rande insikter, bevis och m\u00e4tv\u00e4rden samt strategisk r\u00e5dgivning f\u00f6r att st\u00f6dja beslutsfattare och branscher. Vi hj\u00e4lper till att s\u00e4tta upp nya digitala initiativ, engagera och r\u00e5dfr\u00e5ga intressenter, st\u00f6dja genomf\u00f6randet av initiativ och utv\u00e4rdera deras vetenskapliga, ekonomiska och samh\u00e4lleliga effekter.&nbsp;&nbsp;<\/p>\n\n\n\n<p>Vi hj\u00e4lper v\u00e5ra kunder att:&nbsp;&nbsp;&nbsp;<\/p>\n\n\n\n<ul class=\"wp-block-list\">\n<li>utforma strategier, marknads- och policyinsatser f\u00f6r den digitala omst\u00e4llningen&nbsp;&nbsp;<\/li>\n<\/ul>\n\n\n\n<ul class=\"wp-block-list\">\n<li>utv\u00e4rdera och bed\u00f6ma effekterna av digitala policyer och finansieringsprogram<\/li>\n<\/ul>\n\n\n\n<ul class=\"wp-block-list\">\n<li>identificera trender, m\u00f6jligheter och utmaningar inom digitalisering<\/li>\n<\/ul>\n\n\n\n<ul class=\"wp-block-list\">\n<li>\u00f6vervaka den digitala omst\u00e4llningen genom indikatorer och \u00f6vervakningsramverk&nbsp;<\/li>\n<\/ul>\n\n\n\n<ul class=\"wp-block-list\">\n<li>genomf\u00f6ra och f\u00f6rvalta program som st\u00f6der digitaliseringen&nbsp;&nbsp;<\/li>\n<\/ul>\n\n\n\n<ul class=\"wp-block-list\">\n<li>kommunicera om den digitala omst\u00e4llningen<\/li>\n<\/ul>\n\n\n\n<p>F\u00f6r att g\u00f6ra detta anv\u00e4nder vi oss av olika metoder, t.ex. framtids- och scenariostudier, tekniska f\u00e4rdplaner, kvantitativa och kvalitativa forskningsmetoder (bl.a. intervjuer, enk\u00e4ter och workshops), datavetenskap och AI-modeller samt utv\u00e4rderingar och konsekvensbed\u00f6mningar. V\u00e5rt arbete \u00e4r evidensbaserat och kombinerar nya och traditionella datak\u00e4llor.&nbsp;&nbsp;&nbsp;&nbsp;<\/p>\n\n\n\n<p>V\u00e5ra kunder \u00e4r Europeiska kommissionen (GD CNECT, GD REFORM, GD RTD, GD EAC, GD JRC och GD GROW), Europaparlamentet, ESPON, OECD, multilaterala utvecklingsbanker samt nationella och regionala regeringar och myndigheter, kluster, f\u00f6retagssammanslutningar och offentlig-privata partnerskap i och utanf\u00f6r Europa. N\u00e5gra av v\u00e5ra kunder \u00e4r bl.a:&nbsp;&nbsp;&nbsp;&nbsp;<\/p>\n\n\n\n<p><\/p>\n","protected":false},"excerpt":{"rendered":"<p>Digitaliseringen har en omv\u00e4lvande inverkan och formar medborgarnas liv, f\u00f6retagens [&hellip;]<\/p>\n","protected":false},"author":1,"featured_media":0,"parent":12795,"menu_order":0,"comment_status":"closed","ping_status":"closed","template":"templates\/tpl-sectors.php","meta":{"_acf_changed":false,"footnotes":""},"solution":[],"sector":[106],"class_list":["post-12802","page","type-page","status-publish","hentry","sector-digitalisation-sv"],"acf":[],"yoast_head":"<!-- This site is optimized with the Yoast SEO plugin v27.1.1 - https:\/\/yoast.com\/product\/yoast-seo-wordpress\/ -->\n<title>Digital transformation - Technopolis Group<\/title>\n<meta name=\"robots\" content=\"index, follow, max-snippet:-1, max-image-preview:large, max-video-preview:-1\" \/>\n<link rel=\"canonical\" href=\"https:\/\/technopolis-group.com\/sv\/sectors\/digital-transformations\/\" \/>\n<meta property=\"og:locale\" content=\"sv_SE\" \/>\n<meta property=\"og:type\" content=\"article\" \/>\n<meta property=\"og:title\" content=\"Digital transformation - Technopolis Group\" \/>\n<meta property=\"og:description\" content=\"Digitaliseringen har en omv\u00e4lvande inverkan och formar medborgarnas liv, f\u00f6retagens [&hellip;]\" \/>\n<meta property=\"og:url\" content=\"https:\/\/technopolis-group.com\/sv\/sectors\/digital-transformations\/\" \/>\n<meta property=\"og:site_name\" content=\"Technopolis Group\" \/>\n<meta property=\"article:modified_time\" content=\"2025-03-05T14:46:05+00:00\" \/>\n<meta name=\"twitter:card\" content=\"summary_large_image\" \/>\n<meta name=\"twitter:label1\" content=\"Ber\u00e4knad l\u00e4stid\" \/>\n\t<meta name=\"twitter:data1\" content=\"2 minuter\" \/>\n<script type=\"application\/ld+json\" class=\"yoast-schema-graph\">{\"@context\":\"https:\/\/schema.org\",\"@graph\":[{\"@type\":\"WebPage\",\"@id\":\"https:\/\/technopolis-group.com\/sv\/sectors\/digital-transformations\/\",\"url\":\"https:\/\/technopolis-group.com\/sv\/sectors\/digital-transformations\/\",\"name\":\"Digital transformation - Technopolis Group\",\"isPartOf\":{\"@id\":\"https:\/\/technopolis-group.com\/nl\/#website\"},\"datePublished\":\"2019-12-10T08:17:46+00:00\",\"dateModified\":\"2025-03-05T14:46:05+00:00\",\"breadcrumb\":{\"@id\":\"https:\/\/technopolis-group.com\/sv\/sectors\/digital-transformations\/#breadcrumb\"},\"inLanguage\":\"sv-SE\",\"potentialAction\":[{\"@type\":\"ReadAction\",\"target\":[\"https:\/\/technopolis-group.com\/sv\/sectors\/digital-transformations\/\"]}]},{\"@type\":\"BreadcrumbList\",\"@id\":\"https:\/\/technopolis-group.com\/sv\/sectors\/digital-transformations\/#breadcrumb\",\"itemListElement\":[{\"@type\":\"ListItem\",\"position\":1,\"name\":\"Home\",\"item\":\"https:\/\/technopolis-group.com\/sv\/\"},{\"@type\":\"ListItem\",\"position\":2,\"name\":\"Sektorer\",\"item\":\"https:\/\/technopolis-group.com\/sv\/sectors\/\"},{\"@type\":\"ListItem\",\"position\":3,\"name\":\"Digital transformation\"}]},{\"@type\":\"WebSite\",\"@id\":\"https:\/\/technopolis-group.com\/nl\/#website\",\"url\":\"https:\/\/technopolis-group.com\/nl\/\",\"name\":\"Technopolis Group\",\"description\":\"Technopolis-group\",\"potentialAction\":[{\"@type\":\"SearchAction\",\"target\":{\"@type\":\"EntryPoint\",\"urlTemplate\":\"https:\/\/technopolis-group.com\/nl\/?s={search_term_string}\"},\"query-input\":{\"@type\":\"PropertyValueSpecification\",\"valueRequired\":true,\"valueName\":\"search_term_string\"}}],\"inLanguage\":\"sv-SE\"}]}<\/script>\n<!-- \/ Yoast SEO plugin. -->","yoast_head_json":{"title":"Digital transformation - Technopolis Group","robots":{"index":"index","follow":"follow","max-snippet":"max-snippet:-1","max-image-preview":"max-image-preview:large","max-video-preview":"max-video-preview:-1"},"canonical":"https:\/\/technopolis-group.com\/sv\/sectors\/digital-transformations\/","og_locale":"sv_SE","og_type":"article","og_title":"Digital transformation - Technopolis Group","og_description":"Digitaliseringen har en omv\u00e4lvande inverkan och formar medborgarnas liv, f\u00f6retagens [&hellip;]","og_url":"https:\/\/technopolis-group.com\/sv\/sectors\/digital-transformations\/","og_site_name":"Technopolis Group","article_modified_time":"2025-03-05T14:46:05+00:00","twitter_card":"summary_large_image","twitter_misc":{"Ber\u00e4knad l\u00e4stid":"2 minuter"},"schema":{"@context":"https:\/\/schema.org","@graph":[{"@type":"WebPage","@id":"https:\/\/technopolis-group.com\/sv\/sectors\/digital-transformations\/","url":"https:\/\/technopolis-group.com\/sv\/sectors\/digital-transformations\/","name":"Digital transformation - Technopolis Group","isPartOf":{"@id":"https:\/\/technopolis-group.com\/nl\/#website"},"datePublished":"2019-12-10T08:17:46+00:00","dateModified":"2025-03-05T14:46:05+00:00","breadcrumb":{"@id":"https:\/\/technopolis-group.com\/sv\/sectors\/digital-transformations\/#breadcrumb"},"inLanguage":"sv-SE","potentialAction":[{"@type":"ReadAction","target":["https:\/\/technopolis-group.com\/sv\/sectors\/digital-transformations\/"]}]},{"@type":"BreadcrumbList","@id":"https:\/\/technopolis-group.com\/sv\/sectors\/digital-transformations\/#breadcrumb","itemListElement":[{"@type":"ListItem","position":1,"name":"Home","item":"https:\/\/technopolis-group.com\/sv\/"},{"@type":"ListItem","position":2,"name":"Sektorer","item":"https:\/\/technopolis-group.com\/sv\/sectors\/"},{"@type":"ListItem","position":3,"name":"Digital transformation"}]},{"@type":"WebSite","@id":"https:\/\/technopolis-group.com\/nl\/#website","url":"https:\/\/technopolis-group.com\/nl\/","name":"Technopolis Group","description":"Technopolis-group","potentialAction":[{"@type":"SearchAction","target":{"@type":"EntryPoint","urlTemplate":"https:\/\/technopolis-group.com\/nl\/?s={search_term_string}"},"query-input":{"@type":"PropertyValueSpecification","valueRequired":true,"valueName":"search_term_string"}}],"inLanguage":"sv-SE"}]}},"publishpress_future_action":{"enabled":false,"date":"2026-05-02 11:07:40","action":"change-status","newStatus":"draft","terms":[],"taxonomy":"translation_priority","extraData":[]},"publishpress_future_workflow_manual_trigger":{"enabledWorkflows":[]},"_links":{"self":[{"href":"https:\/\/technopolis-group.com\/sv\/wp-json\/wp\/v2\/pages\/12802","targetHints":{"allow":["GET"]}}],"collection":[{"href":"https:\/\/technopolis-group.com\/sv\/wp-json\/wp\/v2\/pages"}],"about":[{"href":"https:\/\/technopolis-group.com\/sv\/wp-json\/wp\/v2\/types\/page"}],"author":[{"embeddable":true,"href":"https:\/\/technopolis-group.com\/sv\/wp-json\/wp\/v2\/users\/1"}],"replies":[{"embeddable":true,"href":"https:\/\/technopolis-group.com\/sv\/wp-json\/wp\/v2\/comments?post=12802"}],"version-history":[{"count":10,"href":"https:\/\/technopolis-group.com\/sv\/wp-json\/wp\/v2\/pages\/12802\/revisions"}],"predecessor-version":[{"id":58962,"href":"https:\/\/technopolis-group.com\/sv\/wp-json\/wp\/v2\/pages\/12802\/revisions\/58962"}],"up":[{"embeddable":true,"href":"https:\/\/technopolis-group.com\/sv\/wp-json\/wp\/v2\/pages\/12795"}],"wp:attachment":[{"href":"https:\/\/technopolis-group.com\/sv\/wp-json\/wp\/v2\/media?parent=12802"}],"wp:term":[{"taxonomy":"solution","embeddable":true,"href":"https:\/\/technopolis-group.com\/sv\/wp-json\/wp\/v2\/solution?post=12802"},{"taxonomy":"sector","embeddable":true,"href":"https:\/\/technopolis-group.com\/sv\/wp-json\/wp\/v2\/sector?post=12802"}],"curies":[{"name":"wp","href":"https:\/\/api.w.org\/{rel}","templated":true}]}}