{"id":12809,"date":"2019-12-10T08:17:02","date_gmt":"2019-12-10T08:17:02","guid":{"rendered":"https:\/\/technopolis-group.com\/sectors\/entrepreneurship-smes-and-industry\/"},"modified":"2025-03-05T15:08:57","modified_gmt":"2025-03-05T15:08:57","slug":"entrepreneurship-smes-and-industry","status":"publish","type":"page","link":"https:\/\/technopolis-group.com\/sv\/sectors\/entrepreneurship-smes-and-industry\/","title":{"rendered":"Entrepren\u00f6rskap, SME och industri"},"content":{"rendered":"\n<figure class=\"wp-block-pullquote\"><blockquote><p><span style=\"background-color: initial;\"><strong>St\u00e4rka tillv\u00e4xt och konkurrenskraft: frig\u00f6r potentialen hos startups, sm\u00e5 och medelstora f\u00f6retag och industrin.&nbsp;<\/strong>&nbsp;<\/span><br><span style=\"background-color: initial;\"><br><strong>Vi vet att startups, sm\u00e5 och medelstora f\u00f6retag (SMF) och industrif\u00f6retag spelar en avg\u00f6rande roll i samh\u00e4llet. De driver ekonomisk tillv\u00e4xt och bidrar till att hantera sociala och milj\u00f6m\u00e4ssiga utmaningar \u00f6ver hela v\u00e4rlden. F\u00f6r att lyckas i detta m\u00e5ste de anpassa sig till en snabbt f\u00f6r\u00e4nderlig aff\u00e4rsmilj\u00f6.<\/strong>&nbsp;<\/span><\/p><\/blockquote><\/figure>\n\n\n\n<p>I \u00f6ver tre decennier har Technopolis Group hj\u00e4lpt beslutsfattare att utforma policyer som fr\u00e4mjar innovation och tillv\u00e4xt inom startups, SMF och industrin.&nbsp;&nbsp;<\/p>\n\n\n\n<p>V\u00e5r expertis \u00e4r s\u00e4rskilt inriktad p\u00e5 regleringar, policyer och program som st\u00f6der:&nbsp;&nbsp;<\/p>\n\n\n\n<ul class=\"wp-block-list\">\n<li><strong>Innovations- och SMF-finansiering:<\/strong> skapar f\u00f6ruts\u00e4ttningar f\u00f6r smidig tillg\u00e5ng till finansiering f\u00f6r f\u00f6retagens tillv\u00e4xt och expansion<\/li>\n<\/ul>\n\n\n\n<ul class=\"wp-block-list\">\n<li><strong>Kluster, ekosystem och innovationshubbar:<\/strong> fr\u00e4mjar samarbetsmilj\u00f6er d\u00e4r entrepren\u00f6rer kan utvecklas, samarbeta och v\u00e4xa<\/li>\n<\/ul>\n\n\n\n<ul class=\"wp-block-list\">\n<li><strong>Entrepren\u00f6rskap, startups och scaleups:<\/strong> direkt st\u00f6d till nystartade f\u00f6retag, uppskalningsf\u00f6retag och befintliga sm\u00e5 och medelstora f\u00f6retag, inklusive teknikupptagning, omorganisation av f\u00f6retag och nya aff\u00e4rsmodeller<\/li>\n<\/ul>\n\n\n\n<ul class=\"wp-block-list\">\n<li><strong>Inre marknaden och regleringar:<\/strong> reglera f\u00f6retagande, minska hinder f\u00f6r f\u00f6retagande och handel med m\u00e5let att uppn\u00e5 EU:s inre marknad<\/li>\n<\/ul>\n\n\n\n<ul class=\"wp-block-list\">\n<li><strong>Internationalisering och handel:<\/strong> skapa ramvillkor f\u00f6r f\u00f6retagens handel och internationalisering<\/li>\n<\/ul>\n\n\n\n<ul class=\"wp-block-list\">\n<li><strong>Industriell konkurrenskraft och suver\u00e4nitet:<\/strong> underl\u00e4tta \u00f6verg\u00e5ngen till den digitala och klimatm\u00e4ssiga omvandlingen av industrier och EU:s industriella sj\u00e4lvst\u00e4ndighet&nbsp;&nbsp;<\/li>\n<\/ul>\n\n\n\n<p>Inom dessa sektorer erbjuder vi ett brett utbud av tj\u00e4nster:&nbsp;&nbsp;<\/p>\n\n\n\n<ul class=\"wp-block-list\">\n<li>&nbsp;policyutformning och strategiska analyser&nbsp;<\/li>\n<\/ul>\n\n\n\n<ul class=\"wp-block-list\">\n<li>programf\u00f6rvaltning och policyst\u00f6d&nbsp;&nbsp;<\/li>\n<\/ul>\n\n\n\n<ul class=\"wp-block-list\">\n<li>marknads- och forskningsstudier om industrisektorer och teknik&nbsp;&nbsp;<\/li>\n<\/ul>\n\n\n\n<ul class=\"wp-block-list\">\n<li>analys av regelverk&nbsp;&nbsp;<\/li>\n<\/ul>\n\n\n\n<ul class=\"wp-block-list\">\n<li>genomf\u00f6rbarhetsstudier av program och f\u00f6retagsinkubationstj\u00e4nster&nbsp;<\/li>\n<\/ul>\n\n\n\n<ul class=\"wp-block-list\">\n<li>ekonomisk r\u00e5dgivning f\u00f6r utveckling av finansiella instrument&nbsp;&nbsp;<\/li>\n<\/ul>\n\n\n\n<ul class=\"wp-block-list\">\n<li>utv\u00e4rderingar&nbsp;&nbsp;<\/li>\n<\/ul>\n\n\n\n<p>Vi har ett internt team av policykonsulter och ekonomer som arbetar med kvalitativa, kvasiexperimentella metoder (t.ex. ekonometri) och datavetenskap (t.ex. generativ AI). Vi har tillg\u00e5ng till omfattande f\u00f6retagsdatabaser och ackreditering fr\u00e5n nationella statistikmyndigheter f\u00f6r att hantera konfidentiell statistik.&nbsp;<\/p>\n\n\n\n<h2 class=\"wp-block-heading\">Vem vi arbetar f\u00f6r och med\u00a0\u00a0<\/h2>\n\n\n\n<p>Vi arbetar med EU-institutioner, regeringar, f\u00f6retagsbyr\u00e5er och nationella utvecklingsbanker, utvecklingsfinansieringsinstitut och multilaterala utvecklingsbanker, lokala och regionala myndigheter, handelskammare, kluster och f\u00f6retagsinkubationsorganisationer.&nbsp;&nbsp;<\/p>\n\n\n\n<p>Vi leder eller \u00e4r partner i flera ramavtal f\u00f6r tillhandah\u00e5llande av utv\u00e4rderingstj\u00e4nster eller r\u00e5dgivningstj\u00e4nster &#8211; s\u00e4rskilt med GD GROW, GD RTD, EIB, EUROFOUND.&nbsp;<\/p>\n","protected":false},"excerpt":{"rendered":"<p>St\u00e4rka tillv\u00e4xt och konkurrenskraft: frig\u00f6r potentialen hos startups, sm\u00e5 och [&hellip;]<\/p>\n","protected":false},"author":1,"featured_media":0,"parent":12795,"menu_order":0,"comment_status":"closed","ping_status":"closed","template":"templates\/tpl-sectors.php","meta":{"_acf_changed":false,"footnotes":""},"solution":[],"sector":[107],"class_list":["post-12809","page","type-page","status-publish","hentry","sector-entrepreneurship-sv"],"acf":[],"yoast_head":"<!-- This site is optimized with the Yoast SEO plugin v27.1.1 - https:\/\/yoast.com\/product\/yoast-seo-wordpress\/ -->\n<title>Entrepren\u00f6rskap, SME och industri - Technopolis Group<\/title>\n<meta name=\"robots\" content=\"index, follow, max-snippet:-1, max-image-preview:large, max-video-preview:-1\" \/>\n<link rel=\"canonical\" href=\"https:\/\/technopolis-group.com\/sv\/sectors\/entrepreneurship-smes-and-industry\/\" \/>\n<meta property=\"og:locale\" content=\"sv_SE\" \/>\n<meta property=\"og:type\" content=\"article\" \/>\n<meta property=\"og:title\" content=\"Entrepren\u00f6rskap, SME och industri - Technopolis Group\" \/>\n<meta property=\"og:description\" content=\"St\u00e4rka tillv\u00e4xt och konkurrenskraft: frig\u00f6r potentialen hos startups, sm\u00e5 och [&hellip;]\" \/>\n<meta property=\"og:url\" content=\"https:\/\/technopolis-group.com\/sv\/sectors\/entrepreneurship-smes-and-industry\/\" \/>\n<meta property=\"og:site_name\" content=\"Technopolis Group\" \/>\n<meta property=\"article:modified_time\" content=\"2025-03-05T15:08:57+00:00\" \/>\n<meta name=\"twitter:card\" content=\"summary_large_image\" \/>\n<meta name=\"twitter:label1\" content=\"Ber\u00e4knad l\u00e4stid\" \/>\n\t<meta name=\"twitter:data1\" content=\"2 minuter\" \/>\n<script type=\"application\/ld+json\" class=\"yoast-schema-graph\">{\"@context\":\"https:\/\/schema.org\",\"@graph\":[{\"@type\":\"WebPage\",\"@id\":\"https:\/\/technopolis-group.com\/sv\/sectors\/entrepreneurship-smes-and-industry\/\",\"url\":\"https:\/\/technopolis-group.com\/sv\/sectors\/entrepreneurship-smes-and-industry\/\",\"name\":\"Entrepren\u00f6rskap, SME och industri - Technopolis Group\",\"isPartOf\":{\"@id\":\"https:\/\/technopolis-group.com\/nl\/#website\"},\"datePublished\":\"2019-12-10T08:17:02+00:00\",\"dateModified\":\"2025-03-05T15:08:57+00:00\",\"breadcrumb\":{\"@id\":\"https:\/\/technopolis-group.com\/sv\/sectors\/entrepreneurship-smes-and-industry\/#breadcrumb\"},\"inLanguage\":\"sv-SE\",\"potentialAction\":[{\"@type\":\"ReadAction\",\"target\":[\"https:\/\/technopolis-group.com\/sv\/sectors\/entrepreneurship-smes-and-industry\/\"]}]},{\"@type\":\"BreadcrumbList\",\"@id\":\"https:\/\/technopolis-group.com\/sv\/sectors\/entrepreneurship-smes-and-industry\/#breadcrumb\",\"itemListElement\":[{\"@type\":\"ListItem\",\"position\":1,\"name\":\"Home\",\"item\":\"https:\/\/technopolis-group.com\/sv\/\"},{\"@type\":\"ListItem\",\"position\":2,\"name\":\"Sektorer\",\"item\":\"https:\/\/technopolis-group.com\/sv\/sectors\/\"},{\"@type\":\"ListItem\",\"position\":3,\"name\":\"Entrepren\u00f6rskap, SME och industri\"}]},{\"@type\":\"WebSite\",\"@id\":\"https:\/\/technopolis-group.com\/nl\/#website\",\"url\":\"https:\/\/technopolis-group.com\/nl\/\",\"name\":\"Technopolis Group\",\"description\":\"Technopolis-group\",\"potentialAction\":[{\"@type\":\"SearchAction\",\"target\":{\"@type\":\"EntryPoint\",\"urlTemplate\":\"https:\/\/technopolis-group.com\/nl\/?s={search_term_string}\"},\"query-input\":{\"@type\":\"PropertyValueSpecification\",\"valueRequired\":true,\"valueName\":\"search_term_string\"}}],\"inLanguage\":\"sv-SE\"}]}<\/script>\n<!-- \/ Yoast SEO plugin. -->","yoast_head_json":{"title":"Entrepren\u00f6rskap, SME och industri - Technopolis Group","robots":{"index":"index","follow":"follow","max-snippet":"max-snippet:-1","max-image-preview":"max-image-preview:large","max-video-preview":"max-video-preview:-1"},"canonical":"https:\/\/technopolis-group.com\/sv\/sectors\/entrepreneurship-smes-and-industry\/","og_locale":"sv_SE","og_type":"article","og_title":"Entrepren\u00f6rskap, SME och industri - Technopolis Group","og_description":"St\u00e4rka tillv\u00e4xt och konkurrenskraft: frig\u00f6r potentialen hos startups, sm\u00e5 och [&hellip;]","og_url":"https:\/\/technopolis-group.com\/sv\/sectors\/entrepreneurship-smes-and-industry\/","og_site_name":"Technopolis Group","article_modified_time":"2025-03-05T15:08:57+00:00","twitter_card":"summary_large_image","twitter_misc":{"Ber\u00e4knad l\u00e4stid":"2 minuter"},"schema":{"@context":"https:\/\/schema.org","@graph":[{"@type":"WebPage","@id":"https:\/\/technopolis-group.com\/sv\/sectors\/entrepreneurship-smes-and-industry\/","url":"https:\/\/technopolis-group.com\/sv\/sectors\/entrepreneurship-smes-and-industry\/","name":"Entrepren\u00f6rskap, SME och industri - Technopolis Group","isPartOf":{"@id":"https:\/\/technopolis-group.com\/nl\/#website"},"datePublished":"2019-12-10T08:17:02+00:00","dateModified":"2025-03-05T15:08:57+00:00","breadcrumb":{"@id":"https:\/\/technopolis-group.com\/sv\/sectors\/entrepreneurship-smes-and-industry\/#breadcrumb"},"inLanguage":"sv-SE","potentialAction":[{"@type":"ReadAction","target":["https:\/\/technopolis-group.com\/sv\/sectors\/entrepreneurship-smes-and-industry\/"]}]},{"@type":"BreadcrumbList","@id":"https:\/\/technopolis-group.com\/sv\/sectors\/entrepreneurship-smes-and-industry\/#breadcrumb","itemListElement":[{"@type":"ListItem","position":1,"name":"Home","item":"https:\/\/technopolis-group.com\/sv\/"},{"@type":"ListItem","position":2,"name":"Sektorer","item":"https:\/\/technopolis-group.com\/sv\/sectors\/"},{"@type":"ListItem","position":3,"name":"Entrepren\u00f6rskap, SME och industri"}]},{"@type":"WebSite","@id":"https:\/\/technopolis-group.com\/nl\/#website","url":"https:\/\/technopolis-group.com\/nl\/","name":"Technopolis Group","description":"Technopolis-group","potentialAction":[{"@type":"SearchAction","target":{"@type":"EntryPoint","urlTemplate":"https:\/\/technopolis-group.com\/nl\/?s={search_term_string}"},"query-input":{"@type":"PropertyValueSpecification","valueRequired":true,"valueName":"search_term_string"}}],"inLanguage":"sv-SE"}]}},"publishpress_future_action":{"enabled":false,"date":"2026-04-11 09:00:38","action":"change-status","newStatus":"draft","terms":[],"taxonomy":"translation_priority","extraData":[]},"publishpress_future_workflow_manual_trigger":{"enabledWorkflows":[]},"_links":{"self":[{"href":"https:\/\/technopolis-group.com\/sv\/wp-json\/wp\/v2\/pages\/12809","targetHints":{"allow":["GET"]}}],"collection":[{"href":"https:\/\/technopolis-group.com\/sv\/wp-json\/wp\/v2\/pages"}],"about":[{"href":"https:\/\/technopolis-group.com\/sv\/wp-json\/wp\/v2\/types\/page"}],"author":[{"embeddable":true,"href":"https:\/\/technopolis-group.com\/sv\/wp-json\/wp\/v2\/users\/1"}],"replies":[{"embeddable":true,"href":"https:\/\/technopolis-group.com\/sv\/wp-json\/wp\/v2\/comments?post=12809"}],"version-history":[{"count":12,"href":"https:\/\/technopolis-group.com\/sv\/wp-json\/wp\/v2\/pages\/12809\/revisions"}],"predecessor-version":[{"id":59046,"href":"https:\/\/technopolis-group.com\/sv\/wp-json\/wp\/v2\/pages\/12809\/revisions\/59046"}],"up":[{"embeddable":true,"href":"https:\/\/technopolis-group.com\/sv\/wp-json\/wp\/v2\/pages\/12795"}],"wp:attachment":[{"href":"https:\/\/technopolis-group.com\/sv\/wp-json\/wp\/v2\/media?parent=12809"}],"wp:term":[{"taxonomy":"solution","embeddable":true,"href":"https:\/\/technopolis-group.com\/sv\/wp-json\/wp\/v2\/solution?post=12809"},{"taxonomy":"sector","embeddable":true,"href":"https:\/\/technopolis-group.com\/sv\/wp-json\/wp\/v2\/sector?post=12809"}],"curies":[{"name":"wp","href":"https:\/\/api.w.org\/{rel}","templated":true}]}}