{"id":12817,"date":"2019-12-10T08:19:33","date_gmt":"2019-12-10T08:19:33","guid":{"rendered":"https:\/\/technopolis-group.com\/sectors\/green-economy\/"},"modified":"2025-03-17T15:08:54","modified_gmt":"2025-03-17T15:08:54","slug":"climate-environment","status":"publish","type":"page","link":"https:\/\/technopolis-group.com\/sv\/sectors\/climate-environment\/","title":{"rendered":"Klimat &amp; milj\u00f6"},"content":{"rendered":"\n<figure class=\"wp-block-pullquote\"><blockquote><p><span style=\"background-color: initial;\"><strong><em>Driva p\u00e5 den gr\u00f6na omst\u00e4llningen: hantera samh\u00e4llsutmaningar med hj\u00e4lp av h\u00e5llbara l\u00f6sningar.<\/em><\/strong><\/span><br><span style=\"background-color: initial;\"><strong><em>&nbsp;<\/em><\/strong>&nbsp;<br><strong><em>En gr\u00f6n omst\u00e4llning av m\u00e4nsklig verksamhet \u00e4r avg\u00f6rande f\u00f6r att bek\u00e4mpa och anpassa sig till klimatf\u00f6r\u00e4ndringarna, hejda f\u00f6rlusten av biologisk m\u00e5ngfald, minska milj\u00f6belastningen och andra kritiska utmaningar. Att integrera gr\u00f6n politik \u00e4r en tydlig strategisk prioritering globalt f\u00f6r att \u00f6ka v\u00e4lbefinnandet, den sociala j\u00e4mlikheten och hantera resursbristen.&nbsp;<\/em><\/strong>&nbsp;<\/span><\/p><\/blockquote><\/figure>\n\n\n\n<p>Med \u00f6ver 20 \u00e5rs erfarenhet samarbetar vi med beslutsfattare f\u00f6r att fr\u00e4mja en inkluderande gr\u00f6n omst\u00e4llning. V\u00e5ra dynamiska metoder riktar sig till regeringar, nystartade f\u00f6retag, sm\u00e5 och medelstora f\u00f6retag och industrier, med fokus p\u00e5 viktiga fr\u00e5gor:&nbsp;&nbsp;&nbsp;<\/p>\n\n\n\n<ul class=\"wp-block-list\">\n<li><strong>Klimatf\u00f6r\u00e4ndringar:<\/strong> vi tar upp b\u00e5de begr\u00e4nsnings- och anpassningsperspektiv&nbsp;&nbsp;&nbsp;<\/li>\n<\/ul>\n\n\n\n<ul class=\"wp-block-list\">\n<li><strong>Ren och r\u00e4ttvis energiomst\u00e4llning: <\/strong>underl\u00e4tta \u00f6verg\u00e5ngen till h\u00e5llbar energi&nbsp;&nbsp;&nbsp;<\/li>\n<\/ul>\n\n\n\n<ul class=\"wp-block-list\">\n<li><strong>Milj\u00f6\u00e5tg\u00e4rder:<\/strong> inklusive bevarande av biologisk m\u00e5ngfald&nbsp;&nbsp;<\/li>\n<\/ul>\n\n\n\n<ul class=\"wp-block-list\">\n<li><strong>Cirkul\u00e4r ekonomi:<\/strong> fr\u00e4mja h\u00e5llbar resursanv\u00e4ndning&nbsp;&nbsp;&nbsp;<\/li>\n<\/ul>\n\n\n\n<ul class=\"wp-block-list\">\n<li><strong>Forskning och innovation:<\/strong> driva fram framsteg som st\u00f6der den gr\u00f6na omst\u00e4llningen&nbsp;&nbsp;<\/li>\n<\/ul>\n\n\n\n<ul class=\"wp-block-list\">\n<li><strong>Bl\u00e5 ekonomi:<\/strong> fr\u00e4mja h\u00e5llbara metoder i marina och akvatiska omr\u00e5den&nbsp;&nbsp;&nbsp;<\/li>\n<\/ul>\n\n\n\n<ul class=\"wp-block-list\">\n<li><strong>H\u00e5llbar mobilitet:<\/strong> omst\u00e4llning av transportsektorn f\u00f6r en gr\u00f6nare framtid&nbsp;&nbsp;&nbsp;<\/li>\n<\/ul>\n\n\n\n<ul class=\"wp-block-list\">\n<li><strong>Gr\u00f6n ekonomi:&nbsp;<\/strong>optimering av resurser f\u00f6r att uppn\u00e5 h\u00e5llbara tillv\u00e4xtm\u00e5l&nbsp;&nbsp;<\/li>\n<\/ul>\n\n\n\n<ul class=\"wp-block-list\">\n<li><strong>Motst\u00e5ndskraftiga territorier: <\/strong>utveckling av anpassningsbara och h\u00e5llbara samh\u00e4llen&nbsp;&nbsp;&nbsp;<\/li>\n<\/ul>\n\n\n\n<p>Viktiga tj\u00e4nster inkluderar:&nbsp;&nbsp;&nbsp;<\/p>\n\n\n\n<ul class=\"wp-block-list\">\n<li><strong>Utformning och genomf\u00f6rande av politik:<\/strong> utforma mekanismer f\u00f6r att st\u00f6dja \u00f6verg\u00e5ngen till ekonomisk aktivitet, fr\u00e4mja samarbete mellan offentlig och privat sektor och \u00f6vervaka framstegen.&nbsp;&nbsp;&nbsp;<\/li>\n<\/ul>\n\n\n\n<ul class=\"wp-block-list\">\n<li><strong>Utv\u00e4rdering av policyer: <\/strong>s\u00e4kerst\u00e4lla efterlevnad av principer f\u00f6r b\u00e4ttre lagstiftning, l\u00e4ra av internationella erfarenheter och f\u00f6rfina gemensamma metoder.&nbsp;&nbsp;<\/li>\n<\/ul>\n\n\n\n<ul class=\"wp-block-list\">\n<li><strong>Genomf\u00f6rbarhetsstudier och regelstudier: <\/strong>identifiera utvecklingsm\u00f6jligheter, s\u00e4rskilt i sk\u00e4rningspunkten mellan EU:s regionalpolitik och de globala insatserna f\u00f6r att driva p\u00e5 den gr\u00f6na omst\u00e4llningen.&nbsp;&nbsp;<\/li>\n<\/ul>\n\n\n\n<ul class=\"wp-block-list\">\n<li><strong>Strategiska studier:<\/strong> \u00f6ka kunskapen och st\u00f6dja genomf\u00f6randet av effektiv politik.&nbsp;&nbsp;<\/li>\n<\/ul>\n\n\n\n<ul class=\"wp-block-list\">\n<li><strong>St\u00f6d till projektledning: <\/strong>hj\u00e4lpa till med att inr\u00e4tta st\u00f6dstrukturer, definiera f\u00e4rdplaner, utforma smarta aff\u00e4rsmodeller och fr\u00e4mja internationellt samarbete.<\/li>\n<\/ul>\n\n\n\n<hr class=\"wp-block-separator has-alpha-channel-opacity\"\/>\n\n\n\n<p>F\u00f6r mer information kan du kontakta <a href=\"https:\/\/www.technopolis-group.com\/es\/expert\/gaetan-coatanroch\/\" target=\"_blank\" rel=\"noreferrer noopener\">Ga\u00ebtan Coatanroch<\/a>, Partner.<\/p>\n\n\n\n<h2 class=\"wp-block-heading\"><strong>Vem vi arbetar f\u00f6r och med&nbsp;<\/strong>&nbsp;<\/h2>\n\n\n\n<p>Vi erbjuder omfattande tj\u00e4nster till lokala, nationella och internationella kunder inom olika omr\u00e5den som forskning, innovation, EU-regler och st\u00f6dsystem.&nbsp;&nbsp;&nbsp;<\/p>\n\n\n\n<p>Vi \u00e4r betrodda partner till ansedda enheter som Europeiska kommissionen (GD Klimat, GD Milj\u00f6, GD Tillv\u00e4xt, GD Forskning och innovation, GD Energi, GD R\u00e4ttsliga fr\u00e5gor, GD Reform, EISMEA, CINEA), Europaparlamentet, ESPON, UNIDO, multilaterala utvecklingsbanker (AfDB, IDB) samt olika nationella och regionala regeringar, myndigheter, kluster och f\u00f6retagssammanslutningar i och utanf\u00f6r Europa.&nbsp;<\/p>\n","protected":false},"excerpt":{"rendered":"<p>Driva p\u00e5 den gr\u00f6na omst\u00e4llningen: hantera samh\u00e4llsutmaningar med hj\u00e4lp av [&hellip;]<\/p>\n","protected":false},"author":1,"featured_media":0,"parent":12795,"menu_order":0,"comment_status":"closed","ping_status":"closed","template":"templates\/tpl-sectors.php","meta":{"_acf_changed":false,"footnotes":""},"solution":[],"sector":[180],"class_list":["post-12817","page","type-page","status-publish","hentry","sector-green-economy-sv"],"acf":[],"yoast_head":"<!-- This site is optimized with the Yoast SEO plugin v27.1.1 - https:\/\/yoast.com\/product\/yoast-seo-wordpress\/ -->\n<title>Klimat &amp; milj\u00f6 - Technopolis Group<\/title>\n<meta name=\"robots\" content=\"index, follow, max-snippet:-1, max-image-preview:large, max-video-preview:-1\" \/>\n<link rel=\"canonical\" href=\"https:\/\/technopolis-group.com\/sv\/sectors\/climate-environment\/\" \/>\n<meta property=\"og:locale\" content=\"sv_SE\" \/>\n<meta property=\"og:type\" content=\"article\" \/>\n<meta property=\"og:title\" content=\"Klimat &amp; milj\u00f6 - Technopolis Group\" \/>\n<meta property=\"og:description\" content=\"Driva p\u00e5 den gr\u00f6na omst\u00e4llningen: hantera samh\u00e4llsutmaningar med hj\u00e4lp av [&hellip;]\" \/>\n<meta property=\"og:url\" content=\"https:\/\/technopolis-group.com\/sv\/sectors\/climate-environment\/\" \/>\n<meta property=\"og:site_name\" content=\"Technopolis Group\" \/>\n<meta property=\"article:modified_time\" content=\"2025-03-17T15:08:54+00:00\" \/>\n<meta name=\"twitter:card\" content=\"summary_large_image\" \/>\n<meta name=\"twitter:label1\" content=\"Ber\u00e4knad l\u00e4stid\" \/>\n\t<meta name=\"twitter:data1\" content=\"3 minuter\" \/>\n<script type=\"application\/ld+json\" class=\"yoast-schema-graph\">{\"@context\":\"https:\/\/schema.org\",\"@graph\":[{\"@type\":\"WebPage\",\"@id\":\"https:\/\/technopolis-group.com\/sv\/sectors\/climate-environment\/\",\"url\":\"https:\/\/technopolis-group.com\/sv\/sectors\/climate-environment\/\",\"name\":\"Klimat &amp; milj\u00f6 - Technopolis Group\",\"isPartOf\":{\"@id\":\"https:\/\/technopolis-group.com\/nl\/#website\"},\"datePublished\":\"2019-12-10T08:19:33+00:00\",\"dateModified\":\"2025-03-17T15:08:54+00:00\",\"breadcrumb\":{\"@id\":\"https:\/\/technopolis-group.com\/sv\/sectors\/climate-environment\/#breadcrumb\"},\"inLanguage\":\"sv-SE\",\"potentialAction\":[{\"@type\":\"ReadAction\",\"target\":[\"https:\/\/technopolis-group.com\/sv\/sectors\/climate-environment\/\"]}]},{\"@type\":\"BreadcrumbList\",\"@id\":\"https:\/\/technopolis-group.com\/sv\/sectors\/climate-environment\/#breadcrumb\",\"itemListElement\":[{\"@type\":\"ListItem\",\"position\":1,\"name\":\"Home\",\"item\":\"https:\/\/technopolis-group.com\/sv\/\"},{\"@type\":\"ListItem\",\"position\":2,\"name\":\"Sektorer\",\"item\":\"https:\/\/technopolis-group.com\/sv\/sectors\/\"},{\"@type\":\"ListItem\",\"position\":3,\"name\":\"Klimat &amp; milj\u00f6\"}]},{\"@type\":\"WebSite\",\"@id\":\"https:\/\/technopolis-group.com\/nl\/#website\",\"url\":\"https:\/\/technopolis-group.com\/nl\/\",\"name\":\"Technopolis Group\",\"description\":\"Technopolis-group\",\"potentialAction\":[{\"@type\":\"SearchAction\",\"target\":{\"@type\":\"EntryPoint\",\"urlTemplate\":\"https:\/\/technopolis-group.com\/nl\/?s={search_term_string}\"},\"query-input\":{\"@type\":\"PropertyValueSpecification\",\"valueRequired\":true,\"valueName\":\"search_term_string\"}}],\"inLanguage\":\"sv-SE\"}]}<\/script>\n<!-- \/ Yoast SEO plugin. -->","yoast_head_json":{"title":"Klimat &amp; milj\u00f6 - Technopolis Group","robots":{"index":"index","follow":"follow","max-snippet":"max-snippet:-1","max-image-preview":"max-image-preview:large","max-video-preview":"max-video-preview:-1"},"canonical":"https:\/\/technopolis-group.com\/sv\/sectors\/climate-environment\/","og_locale":"sv_SE","og_type":"article","og_title":"Klimat &amp; milj\u00f6 - Technopolis Group","og_description":"Driva p\u00e5 den gr\u00f6na omst\u00e4llningen: hantera samh\u00e4llsutmaningar med hj\u00e4lp av [&hellip;]","og_url":"https:\/\/technopolis-group.com\/sv\/sectors\/climate-environment\/","og_site_name":"Technopolis Group","article_modified_time":"2025-03-17T15:08:54+00:00","twitter_card":"summary_large_image","twitter_misc":{"Ber\u00e4knad l\u00e4stid":"3 minuter"},"schema":{"@context":"https:\/\/schema.org","@graph":[{"@type":"WebPage","@id":"https:\/\/technopolis-group.com\/sv\/sectors\/climate-environment\/","url":"https:\/\/technopolis-group.com\/sv\/sectors\/climate-environment\/","name":"Klimat &amp; milj\u00f6 - Technopolis Group","isPartOf":{"@id":"https:\/\/technopolis-group.com\/nl\/#website"},"datePublished":"2019-12-10T08:19:33+00:00","dateModified":"2025-03-17T15:08:54+00:00","breadcrumb":{"@id":"https:\/\/technopolis-group.com\/sv\/sectors\/climate-environment\/#breadcrumb"},"inLanguage":"sv-SE","potentialAction":[{"@type":"ReadAction","target":["https:\/\/technopolis-group.com\/sv\/sectors\/climate-environment\/"]}]},{"@type":"BreadcrumbList","@id":"https:\/\/technopolis-group.com\/sv\/sectors\/climate-environment\/#breadcrumb","itemListElement":[{"@type":"ListItem","position":1,"name":"Home","item":"https:\/\/technopolis-group.com\/sv\/"},{"@type":"ListItem","position":2,"name":"Sektorer","item":"https:\/\/technopolis-group.com\/sv\/sectors\/"},{"@type":"ListItem","position":3,"name":"Klimat &amp; milj\u00f6"}]},{"@type":"WebSite","@id":"https:\/\/technopolis-group.com\/nl\/#website","url":"https:\/\/technopolis-group.com\/nl\/","name":"Technopolis Group","description":"Technopolis-group","potentialAction":[{"@type":"SearchAction","target":{"@type":"EntryPoint","urlTemplate":"https:\/\/technopolis-group.com\/nl\/?s={search_term_string}"},"query-input":{"@type":"PropertyValueSpecification","valueRequired":true,"valueName":"search_term_string"}}],"inLanguage":"sv-SE"}]}},"publishpress_future_action":{"enabled":false,"date":"2026-04-22 05:42:43","action":"change-status","newStatus":"draft","terms":[],"taxonomy":"translation_priority","extraData":[]},"publishpress_future_workflow_manual_trigger":{"enabledWorkflows":[]},"_links":{"self":[{"href":"https:\/\/technopolis-group.com\/sv\/wp-json\/wp\/v2\/pages\/12817","targetHints":{"allow":["GET"]}}],"collection":[{"href":"https:\/\/technopolis-group.com\/sv\/wp-json\/wp\/v2\/pages"}],"about":[{"href":"https:\/\/technopolis-group.com\/sv\/wp-json\/wp\/v2\/types\/page"}],"author":[{"embeddable":true,"href":"https:\/\/technopolis-group.com\/sv\/wp-json\/wp\/v2\/users\/1"}],"replies":[{"embeddable":true,"href":"https:\/\/technopolis-group.com\/sv\/wp-json\/wp\/v2\/comments?post=12817"}],"version-history":[{"count":8,"href":"https:\/\/technopolis-group.com\/sv\/wp-json\/wp\/v2\/pages\/12817\/revisions"}],"predecessor-version":[{"id":59829,"href":"https:\/\/technopolis-group.com\/sv\/wp-json\/wp\/v2\/pages\/12817\/revisions\/59829"}],"up":[{"embeddable":true,"href":"https:\/\/technopolis-group.com\/sv\/wp-json\/wp\/v2\/pages\/12795"}],"wp:attachment":[{"href":"https:\/\/technopolis-group.com\/sv\/wp-json\/wp\/v2\/media?parent=12817"}],"wp:term":[{"taxonomy":"solution","embeddable":true,"href":"https:\/\/technopolis-group.com\/sv\/wp-json\/wp\/v2\/solution?post=12817"},{"taxonomy":"sector","embeddable":true,"href":"https:\/\/technopolis-group.com\/sv\/wp-json\/wp\/v2\/sector?post=12817"}],"curies":[{"name":"wp","href":"https:\/\/api.w.org\/{rel}","templated":true}]}}