{"id":12833,"date":"2020-02-17T09:47:11","date_gmt":"2020-02-17T09:47:11","guid":{"rendered":"https:\/\/technopolis-group.com\/sectors\/higher-education-skills\/"},"modified":"2025-11-05T09:51:24","modified_gmt":"2025-11-05T09:51:24","slug":"higher-education-skills","status":"publish","type":"page","link":"https:\/\/technopolis-group.com\/sv\/sectors\/higher-education-skills\/","title":{"rendered":"H\u00f6gre utbildning och kompetenser"},"content":{"rendered":"\n<figure class=\"wp-block-pullquote\"><blockquote><p><span style=\"background-color: initial;\">H\u00f6gre utbildning spelar en avg\u00f6rande roll inom forskning, innovation, anst\u00e4llbarhet och entrepren\u00f6rskap. F\u00f6r att forts\u00e4tta vara relevant och effektiv m\u00e5ste sektorn anpassa sig till den snabba f\u00f6r\u00e4ndringstakten i den globala ekonomin, samh\u00e4llsutmaningar och teknologiska trender. Aldrig tidigare har trycket varit s\u00e5 stort p\u00e5 h\u00f6gre utbildningsinstitutioner att t\u00e4nka nytt och f\u00f6r\u00e4ndra sig sj\u00e4lva.&nbsp;&nbsp;<\/span><\/p><\/blockquote><\/figure>\n\n\n\n<p>Som en respons p\u00e5 dessa utmaningar genomg\u00e5r den h\u00f6gre utbildningen omfattande f\u00f6r\u00e4ndringar. Sektorn expanderar snabbt, med ett \u00f6kande antal offentliga och privata institutioner som v\u00e4lkomnar ett v\u00e4xande antal studenter. B\u00e5de tillg\u00e5ngen till h\u00f6gre utbildning och m\u00e5ngfalden av kurser \u00f6kar. Samtidigt har h\u00f6gskolemarknaden blivit globaliserad och genomg\u00e5r en digital omvandling. Dessutom l\u00e4ggs ett starkare fokus p\u00e5 anst\u00e4llbarhet och utveckling av entrepren\u00f6riella f\u00e4rdigheter genom innovativa former f\u00f6r undervisning och l\u00e4rande.&nbsp;&nbsp;<\/p>\n\n\n\n<p>Technopolis har varit verksam inom h\u00f6gre utbildning i \u00f6ver femton \u00e5r och har en specialiserad grupp som samlar nationell och internationell expertis fr\u00e5n alla v\u00e5ra kontor v\u00e4rlden \u00f6ver.&nbsp; Vi har analyserat systemf\u00f6r\u00e4ndringar, unders\u00f6kt hur f\u00f6retag kan arbeta mer effektivt med h\u00f6gre utbildningsinstitutioner och utv\u00e4rderat program och projekt som st\u00e4rker individens f\u00e4rdigheter och kompetenser.&nbsp;&nbsp;<\/p>\n\n\n\n<p>Vi erbjuder experttj\u00e4nster inom f\u00f6ljande omr\u00e5den:&nbsp;&nbsp;<\/p>\n\n\n\n<ul class=\"wp-block-list\">\n<li>policygranskning, program- och institutionsutv\u00e4rdering inom h\u00f6gre utbildning<\/li>\n<\/ul>\n\n\n\n<ul class=\"wp-block-list\">\n<li>entrepren\u00f6riella universitet och organisatoriska f\u00f6r\u00e4ndringsprocesser<\/li>\n<\/ul>\n\n\n\n<ul class=\"wp-block-list\">\n<li>samarbete mellan universitet och n\u00e4ringsliv och kunskaps\u00f6verf\u00f6ring&nbsp;&nbsp;<\/li>\n<\/ul>\n\n\n\n<ul class=\"wp-block-list\">\n<li>internationalisering av h\u00f6gre utbildningsinstitutioner<\/li>\n<\/ul>\n\n\n\n<ul class=\"wp-block-list\">\n<li>effektivitet inom utbildning<\/li>\n<\/ul>\n\n\n\n<ul class=\"wp-block-list\">\n<li>kompetensutveckling, livsl\u00e5ngt l\u00e4rande och anst\u00e4llbarhet&nbsp;&nbsp;&nbsp;&nbsp;&nbsp;&nbsp;<\/li>\n<\/ul>\n\n\n\n<p>&nbsp;Vi har erfarenhet med fr\u00e5gor som r\u00f6r h\u00f6gre utbildning. V\u00e5ra konsulter \u00e4r experter p\u00e5 forsknings- och innovationspolitik, forskningsledarskap, forskarutbildning, finansieringssystem och akademiska karri\u00e4rfr\u00e5gor. Vi har en helhetssyn p\u00e5 innovation, som omfattar b\u00e5de universitetens och forskningens perspektiv samt n\u00e4ringslivets och samh\u00e4llets behov.&nbsp;&nbsp;<\/p>\n\n\n\n<p>Technopolis samarbetar med kunder \u00f6ver hela v\u00e4rlden och genomf\u00f6r omfattande studier och utv\u00e4rderingar f\u00f6r att st\u00f6dja f\u00f6r\u00e4ndringsprocessen inom h\u00f6gre utbildning. Bland v\u00e5ra kunder finns nationella och internationella organisationer som Europeiska kommissionen, internationella bist\u00e5ndsorgan, OECD, nationella regeringar, enskilda universitet och andra organisationer.&nbsp;<\/p>\n\n\n\n<hr class=\"wp-block-separator has-alpha-channel-opacity\"\/>\n\n\n\n<p>F\u00f6r mer information kan du kontakta <a href=\"https:\/\/www.technopolis-group.com\/es\/expert\/zsuzsa-javorka\/\" target=\"_blank\" rel=\"noreferrer noopener\">Zsuzsa J\u00e1vorka<\/a>, Partner, och <a href=\"https:\/\/www.technopolis-group.com\/es\/expert\/lisa-nieth\/\" target=\"_blank\" rel=\"noreferrer noopener\">Lisa Nieth<\/a>, Partner.<\/p>\n\n\n\n<h2 class=\"wp-block-heading\">Vem vi arbetar f\u00f6r och med<\/h2>\n","protected":false},"excerpt":{"rendered":"<p>H\u00f6gre utbildning spelar en avg\u00f6rande roll inom forskning, innovation, anst\u00e4llbarhet [&hellip;]<\/p>\n","protected":false},"author":1,"featured_media":0,"parent":12795,"menu_order":0,"comment_status":"closed","ping_status":"closed","template":"templates\/tpl-sectors.php","meta":{"_acf_changed":false,"footnotes":""},"solution":[],"sector":[84],"class_list":["post-12833","page","type-page","status-publish","hentry","sector-higher-education-sv"],"acf":[],"yoast_head":"<!-- This site is optimized with the Yoast SEO plugin v27.1.1 - https:\/\/yoast.com\/product\/yoast-seo-wordpress\/ -->\n<title>H\u00f6gre utbildning och kompetenser - Technopolis Group<\/title>\n<meta name=\"robots\" content=\"index, follow, max-snippet:-1, max-image-preview:large, max-video-preview:-1\" \/>\n<link rel=\"canonical\" href=\"https:\/\/technopolis-group.com\/sv\/sectors\/higher-education-skills\/\" \/>\n<meta property=\"og:locale\" content=\"sv_SE\" \/>\n<meta property=\"og:type\" content=\"article\" \/>\n<meta property=\"og:title\" content=\"H\u00f6gre utbildning och kompetenser - Technopolis Group\" \/>\n<meta property=\"og:description\" content=\"H\u00f6gre utbildning spelar en avg\u00f6rande roll inom forskning, innovation, anst\u00e4llbarhet [&hellip;]\" \/>\n<meta property=\"og:url\" content=\"https:\/\/technopolis-group.com\/sv\/sectors\/higher-education-skills\/\" \/>\n<meta property=\"og:site_name\" content=\"Technopolis Group\" \/>\n<meta property=\"article:modified_time\" content=\"2025-11-05T09:51:24+00:00\" \/>\n<meta name=\"twitter:card\" content=\"summary_large_image\" \/>\n<meta name=\"twitter:label1\" content=\"Ber\u00e4knad l\u00e4stid\" \/>\n\t<meta name=\"twitter:data1\" content=\"2 minuter\" \/>\n<script type=\"application\/ld+json\" class=\"yoast-schema-graph\">{\"@context\":\"https:\/\/schema.org\",\"@graph\":[{\"@type\":\"WebPage\",\"@id\":\"https:\/\/technopolis-group.com\/sv\/sectors\/higher-education-skills\/\",\"url\":\"https:\/\/technopolis-group.com\/sv\/sectors\/higher-education-skills\/\",\"name\":\"H\u00f6gre utbildning och kompetenser - Technopolis Group\",\"isPartOf\":{\"@id\":\"https:\/\/technopolis-group.com\/nl\/#website\"},\"datePublished\":\"2020-02-17T09:47:11+00:00\",\"dateModified\":\"2025-11-05T09:51:24+00:00\",\"breadcrumb\":{\"@id\":\"https:\/\/technopolis-group.com\/sv\/sectors\/higher-education-skills\/#breadcrumb\"},\"inLanguage\":\"sv-SE\",\"potentialAction\":[{\"@type\":\"ReadAction\",\"target\":[\"https:\/\/technopolis-group.com\/sv\/sectors\/higher-education-skills\/\"]}]},{\"@type\":\"BreadcrumbList\",\"@id\":\"https:\/\/technopolis-group.com\/sv\/sectors\/higher-education-skills\/#breadcrumb\",\"itemListElement\":[{\"@type\":\"ListItem\",\"position\":1,\"name\":\"Home\",\"item\":\"https:\/\/technopolis-group.com\/sv\/\"},{\"@type\":\"ListItem\",\"position\":2,\"name\":\"Sektorer\",\"item\":\"https:\/\/technopolis-group.com\/sv\/sectors\/\"},{\"@type\":\"ListItem\",\"position\":3,\"name\":\"H\u00f6gre utbildning och kompetenser\"}]},{\"@type\":\"WebSite\",\"@id\":\"https:\/\/technopolis-group.com\/nl\/#website\",\"url\":\"https:\/\/technopolis-group.com\/nl\/\",\"name\":\"Technopolis Group\",\"description\":\"Technopolis-group\",\"potentialAction\":[{\"@type\":\"SearchAction\",\"target\":{\"@type\":\"EntryPoint\",\"urlTemplate\":\"https:\/\/technopolis-group.com\/nl\/?s={search_term_string}\"},\"query-input\":{\"@type\":\"PropertyValueSpecification\",\"valueRequired\":true,\"valueName\":\"search_term_string\"}}],\"inLanguage\":\"sv-SE\"}]}<\/script>\n<!-- \/ Yoast SEO plugin. -->","yoast_head_json":{"title":"H\u00f6gre utbildning och kompetenser - Technopolis Group","robots":{"index":"index","follow":"follow","max-snippet":"max-snippet:-1","max-image-preview":"max-image-preview:large","max-video-preview":"max-video-preview:-1"},"canonical":"https:\/\/technopolis-group.com\/sv\/sectors\/higher-education-skills\/","og_locale":"sv_SE","og_type":"article","og_title":"H\u00f6gre utbildning och kompetenser - Technopolis Group","og_description":"H\u00f6gre utbildning spelar en avg\u00f6rande roll inom forskning, innovation, anst\u00e4llbarhet [&hellip;]","og_url":"https:\/\/technopolis-group.com\/sv\/sectors\/higher-education-skills\/","og_site_name":"Technopolis Group","article_modified_time":"2025-11-05T09:51:24+00:00","twitter_card":"summary_large_image","twitter_misc":{"Ber\u00e4knad l\u00e4stid":"2 minuter"},"schema":{"@context":"https:\/\/schema.org","@graph":[{"@type":"WebPage","@id":"https:\/\/technopolis-group.com\/sv\/sectors\/higher-education-skills\/","url":"https:\/\/technopolis-group.com\/sv\/sectors\/higher-education-skills\/","name":"H\u00f6gre utbildning och kompetenser - Technopolis Group","isPartOf":{"@id":"https:\/\/technopolis-group.com\/nl\/#website"},"datePublished":"2020-02-17T09:47:11+00:00","dateModified":"2025-11-05T09:51:24+00:00","breadcrumb":{"@id":"https:\/\/technopolis-group.com\/sv\/sectors\/higher-education-skills\/#breadcrumb"},"inLanguage":"sv-SE","potentialAction":[{"@type":"ReadAction","target":["https:\/\/technopolis-group.com\/sv\/sectors\/higher-education-skills\/"]}]},{"@type":"BreadcrumbList","@id":"https:\/\/technopolis-group.com\/sv\/sectors\/higher-education-skills\/#breadcrumb","itemListElement":[{"@type":"ListItem","position":1,"name":"Home","item":"https:\/\/technopolis-group.com\/sv\/"},{"@type":"ListItem","position":2,"name":"Sektorer","item":"https:\/\/technopolis-group.com\/sv\/sectors\/"},{"@type":"ListItem","position":3,"name":"H\u00f6gre utbildning och kompetenser"}]},{"@type":"WebSite","@id":"https:\/\/technopolis-group.com\/nl\/#website","url":"https:\/\/technopolis-group.com\/nl\/","name":"Technopolis Group","description":"Technopolis-group","potentialAction":[{"@type":"SearchAction","target":{"@type":"EntryPoint","urlTemplate":"https:\/\/technopolis-group.com\/nl\/?s={search_term_string}"},"query-input":{"@type":"PropertyValueSpecification","valueRequired":true,"valueName":"search_term_string"}}],"inLanguage":"sv-SE"}]}},"publishpress_future_action":{"enabled":false,"date":"2026-04-17 16:28:58","action":"change-status","newStatus":"draft","terms":[],"taxonomy":"translation_priority","extraData":[]},"publishpress_future_workflow_manual_trigger":{"enabledWorkflows":[]},"_links":{"self":[{"href":"https:\/\/technopolis-group.com\/sv\/wp-json\/wp\/v2\/pages\/12833","targetHints":{"allow":["GET"]}}],"collection":[{"href":"https:\/\/technopolis-group.com\/sv\/wp-json\/wp\/v2\/pages"}],"about":[{"href":"https:\/\/technopolis-group.com\/sv\/wp-json\/wp\/v2\/types\/page"}],"author":[{"embeddable":true,"href":"https:\/\/technopolis-group.com\/sv\/wp-json\/wp\/v2\/users\/1"}],"replies":[{"embeddable":true,"href":"https:\/\/technopolis-group.com\/sv\/wp-json\/wp\/v2\/comments?post=12833"}],"version-history":[{"count":8,"href":"https:\/\/technopolis-group.com\/sv\/wp-json\/wp\/v2\/pages\/12833\/revisions"}],"predecessor-version":[{"id":62965,"href":"https:\/\/technopolis-group.com\/sv\/wp-json\/wp\/v2\/pages\/12833\/revisions\/62965"}],"up":[{"embeddable":true,"href":"https:\/\/technopolis-group.com\/sv\/wp-json\/wp\/v2\/pages\/12795"}],"wp:attachment":[{"href":"https:\/\/technopolis-group.com\/sv\/wp-json\/wp\/v2\/media?parent=12833"}],"wp:term":[{"taxonomy":"solution","embeddable":true,"href":"https:\/\/technopolis-group.com\/sv\/wp-json\/wp\/v2\/solution?post=12833"},{"taxonomy":"sector","embeddable":true,"href":"https:\/\/technopolis-group.com\/sv\/wp-json\/wp\/v2\/sector?post=12833"}],"curies":[{"name":"wp","href":"https:\/\/api.w.org\/{rel}","templated":true}]}}