{"id":12842,"date":"2020-02-17T09:44:32","date_gmt":"2020-02-17T09:44:32","guid":{"rendered":"https:\/\/technopolis-group.com\/sectors\/intellectual-property-standards\/"},"modified":"2023-04-17T13:06:46","modified_gmt":"2023-04-17T13:06:46","slug":"intellectual-property-standards","status":"publish","type":"page","link":"https:\/\/technopolis-group.com\/sv\/sectors\/intellectual-property-standards\/","title":{"rendered":"Immaterialr\u00e4tt &#038; Standarder"},"content":{"rendered":"\n<figure class=\"wp-block-pullquote\"><blockquote><p><\/p><p>Immaterialr\u00e4tt<span style=\"background-color: initial;\"> &amp; standarder har i m\u00e5nga industrier blivit en viktig byggsten f\u00f6r innovationer. Europeiska Patentbyr\u00e5n (EPO) och United States Patent and Trademark Office (USPTO) ser att allt fler patent registreras som IM och standarder blir vanligare i fler industrier.<\/span><\/p><\/blockquote><\/figure>\n\n\n\n<p>Det \u00e4r anledningen till att Technopolis har etablerat ett team med \u00f6ver 20 \u00e5rs expertis inom omr\u00e5det. Vi kan erbjuda expertis p\u00e5 formella patentskydd som patent, copyrights, designs och varum\u00e4rken s\u00e5v\u00e4l som informella skyddsmekaniskmer, som handelshemligheter och defensiv publicering.<\/p>\n\n\n\n<p>V\u00e5rt IPS team verkar i gr\u00e4nslandet mellan innovationspolicy, IPR och policystandarder. Vi tillhandah\u00e5ller sj\u00e4lvst\u00e4ndiga, evidensbaserade insikter och r\u00e5dgivning f\u00f6r att st\u00f6dja beslutsfattare genom att:<\/p>\n\n\n\n<ul class=\"wp-block-list\"><li>Utforma och utv\u00e4rdera IPS supporttj\u00e4nster f\u00f6r SMEs och forskningsorganisationer<\/li><li>Utv\u00e4rdera effekten av lagar och regelverk f\u00f6r IPs och standarder<\/li><li>Analysera anv\u00e4ndandet av IP och standarder och deras socio-ekonomiska effekter<\/li><li>Utforma och granska nationella strategier f\u00f6r IP och standarder.<\/li><\/ul>\n\n\n\n<p>Vi kan \u00e4ven leverera insikter p\u00e5 industrispecifika IP-fr\u00e5gor inom bland annat life science, gr\u00f6n teknik eller ICT. Vi anv\u00e4nder oss av v\u00e5rt n\u00e4tverk av kontakter p\u00e5 juristbyr\u00e5er f\u00f6r att komplettera v\u00e5ra aktiviter n\u00e4r n\u00f6dv\u00e4ndigt.<\/p>\n\n\n\n<p>Vi st\u00f6djer kunder i h\u00f6ginkomstl\u00e4nder s\u00e5v\u00e4l som utvecklingsl\u00e4nder genom att analysera IP-fr\u00e5gor, ta fram IP-strategier och st\u00f6dja kapacitetsuppbyggnad. Vi arbetar f\u00f6r internationella organisationer som World Intellectual Property Organization (WIPO), Europeiska kommissionen, Europaparlamentet, EPO eller multilaterala utvecklingsbanker, s\u00e5v\u00e4l som en rad nationella IP-kontor, v\u00e4lg\u00f6renhetsorganisationer eller myndigheter, organisationer som utvecklar standarder (till exempel CEN eller DIN), samt individuella forskningsorganisationer.<\/p>\n","protected":false},"excerpt":{"rendered":"<p>Immaterialr\u00e4tt &amp; standarder har i m\u00e5nga industrier blivit en viktig [&hellip;]<\/p>\n","protected":false},"author":1,"featured_media":0,"parent":12795,"menu_order":0,"comment_status":"closed","ping_status":"closed","template":"templates\/tpl-sectors.php","meta":{"_acf_changed":false,"footnotes":""},"solution":[],"sector":[196],"class_list":["post-12842","page","type-page","status-publish","hentry","sector-intellectual-property-sv"],"acf":[],"yoast_head":"<!-- This site is optimized with the Yoast SEO plugin v27.1.1 - https:\/\/yoast.com\/product\/yoast-seo-wordpress\/ -->\n<title>Immaterialr\u00e4tt &amp; Standarder - Technopolis Group<\/title>\n<meta name=\"robots\" content=\"index, follow, max-snippet:-1, max-image-preview:large, max-video-preview:-1\" \/>\n<link rel=\"canonical\" href=\"https:\/\/technopolis-group.com\/sv\/sectors\/intellectual-property-standards\/\" \/>\n<meta property=\"og:locale\" content=\"sv_SE\" \/>\n<meta property=\"og:type\" content=\"article\" \/>\n<meta property=\"og:title\" content=\"Immaterialr\u00e4tt &amp; Standarder - Technopolis Group\" \/>\n<meta property=\"og:description\" content=\"Immaterialr\u00e4tt &amp; standarder har i m\u00e5nga industrier blivit en viktig [&hellip;]\" \/>\n<meta property=\"og:url\" content=\"https:\/\/technopolis-group.com\/sv\/sectors\/intellectual-property-standards\/\" \/>\n<meta property=\"og:site_name\" content=\"Technopolis Group\" \/>\n<meta property=\"article:modified_time\" content=\"2023-04-17T13:06:46+00:00\" \/>\n<meta name=\"twitter:card\" content=\"summary_large_image\" \/>\n<meta name=\"twitter:label1\" content=\"Ber\u00e4knad l\u00e4stid\" \/>\n\t<meta name=\"twitter:data1\" content=\"1 minut\" \/>\n<script type=\"application\/ld+json\" class=\"yoast-schema-graph\">{\"@context\":\"https:\/\/schema.org\",\"@graph\":[{\"@type\":\"WebPage\",\"@id\":\"https:\/\/technopolis-group.com\/sv\/sectors\/intellectual-property-standards\/\",\"url\":\"https:\/\/technopolis-group.com\/sv\/sectors\/intellectual-property-standards\/\",\"name\":\"Immaterialr\u00e4tt & Standarder - Technopolis Group\",\"isPartOf\":{\"@id\":\"https:\/\/technopolis-group.com\/nl\/#website\"},\"datePublished\":\"2020-02-17T09:44:32+00:00\",\"dateModified\":\"2023-04-17T13:06:46+00:00\",\"breadcrumb\":{\"@id\":\"https:\/\/technopolis-group.com\/sv\/sectors\/intellectual-property-standards\/#breadcrumb\"},\"inLanguage\":\"sv-SE\",\"potentialAction\":[{\"@type\":\"ReadAction\",\"target\":[\"https:\/\/technopolis-group.com\/sv\/sectors\/intellectual-property-standards\/\"]}]},{\"@type\":\"BreadcrumbList\",\"@id\":\"https:\/\/technopolis-group.com\/sv\/sectors\/intellectual-property-standards\/#breadcrumb\",\"itemListElement\":[{\"@type\":\"ListItem\",\"position\":1,\"name\":\"Home\",\"item\":\"https:\/\/technopolis-group.com\/sv\/\"},{\"@type\":\"ListItem\",\"position\":2,\"name\":\"Sektorer\",\"item\":\"https:\/\/technopolis-group.com\/sv\/sectors\/\"},{\"@type\":\"ListItem\",\"position\":3,\"name\":\"Immaterialr\u00e4tt &#038; Standarder\"}]},{\"@type\":\"WebSite\",\"@id\":\"https:\/\/technopolis-group.com\/nl\/#website\",\"url\":\"https:\/\/technopolis-group.com\/nl\/\",\"name\":\"Technopolis Group\",\"description\":\"Technopolis-group\",\"potentialAction\":[{\"@type\":\"SearchAction\",\"target\":{\"@type\":\"EntryPoint\",\"urlTemplate\":\"https:\/\/technopolis-group.com\/nl\/?s={search_term_string}\"},\"query-input\":{\"@type\":\"PropertyValueSpecification\",\"valueRequired\":true,\"valueName\":\"search_term_string\"}}],\"inLanguage\":\"sv-SE\"}]}<\/script>\n<!-- \/ Yoast SEO plugin. -->","yoast_head_json":{"title":"Immaterialr\u00e4tt & Standarder - Technopolis Group","robots":{"index":"index","follow":"follow","max-snippet":"max-snippet:-1","max-image-preview":"max-image-preview:large","max-video-preview":"max-video-preview:-1"},"canonical":"https:\/\/technopolis-group.com\/sv\/sectors\/intellectual-property-standards\/","og_locale":"sv_SE","og_type":"article","og_title":"Immaterialr\u00e4tt & Standarder - Technopolis Group","og_description":"Immaterialr\u00e4tt &amp; standarder har i m\u00e5nga industrier blivit en viktig [&hellip;]","og_url":"https:\/\/technopolis-group.com\/sv\/sectors\/intellectual-property-standards\/","og_site_name":"Technopolis Group","article_modified_time":"2023-04-17T13:06:46+00:00","twitter_card":"summary_large_image","twitter_misc":{"Ber\u00e4knad l\u00e4stid":"1 minut"},"schema":{"@context":"https:\/\/schema.org","@graph":[{"@type":"WebPage","@id":"https:\/\/technopolis-group.com\/sv\/sectors\/intellectual-property-standards\/","url":"https:\/\/technopolis-group.com\/sv\/sectors\/intellectual-property-standards\/","name":"Immaterialr\u00e4tt & Standarder - Technopolis Group","isPartOf":{"@id":"https:\/\/technopolis-group.com\/nl\/#website"},"datePublished":"2020-02-17T09:44:32+00:00","dateModified":"2023-04-17T13:06:46+00:00","breadcrumb":{"@id":"https:\/\/technopolis-group.com\/sv\/sectors\/intellectual-property-standards\/#breadcrumb"},"inLanguage":"sv-SE","potentialAction":[{"@type":"ReadAction","target":["https:\/\/technopolis-group.com\/sv\/sectors\/intellectual-property-standards\/"]}]},{"@type":"BreadcrumbList","@id":"https:\/\/technopolis-group.com\/sv\/sectors\/intellectual-property-standards\/#breadcrumb","itemListElement":[{"@type":"ListItem","position":1,"name":"Home","item":"https:\/\/technopolis-group.com\/sv\/"},{"@type":"ListItem","position":2,"name":"Sektorer","item":"https:\/\/technopolis-group.com\/sv\/sectors\/"},{"@type":"ListItem","position":3,"name":"Immaterialr\u00e4tt &#038; Standarder"}]},{"@type":"WebSite","@id":"https:\/\/technopolis-group.com\/nl\/#website","url":"https:\/\/technopolis-group.com\/nl\/","name":"Technopolis Group","description":"Technopolis-group","potentialAction":[{"@type":"SearchAction","target":{"@type":"EntryPoint","urlTemplate":"https:\/\/technopolis-group.com\/nl\/?s={search_term_string}"},"query-input":{"@type":"PropertyValueSpecification","valueRequired":true,"valueName":"search_term_string"}}],"inLanguage":"sv-SE"}]}},"publishpress_future_action":{"enabled":false,"date":"2026-04-14 15:51:36","action":"change-status","newStatus":"draft","terms":[],"taxonomy":"translation_priority","extraData":[]},"publishpress_future_workflow_manual_trigger":{"enabledWorkflows":[]},"_links":{"self":[{"href":"https:\/\/technopolis-group.com\/sv\/wp-json\/wp\/v2\/pages\/12842","targetHints":{"allow":["GET"]}}],"collection":[{"href":"https:\/\/technopolis-group.com\/sv\/wp-json\/wp\/v2\/pages"}],"about":[{"href":"https:\/\/technopolis-group.com\/sv\/wp-json\/wp\/v2\/types\/page"}],"author":[{"embeddable":true,"href":"https:\/\/technopolis-group.com\/sv\/wp-json\/wp\/v2\/users\/1"}],"replies":[{"embeddable":true,"href":"https:\/\/technopolis-group.com\/sv\/wp-json\/wp\/v2\/comments?post=12842"}],"version-history":[{"count":1,"href":"https:\/\/technopolis-group.com\/sv\/wp-json\/wp\/v2\/pages\/12842\/revisions"}],"predecessor-version":[{"id":46414,"href":"https:\/\/technopolis-group.com\/sv\/wp-json\/wp\/v2\/pages\/12842\/revisions\/46414"}],"up":[{"embeddable":true,"href":"https:\/\/technopolis-group.com\/sv\/wp-json\/wp\/v2\/pages\/12795"}],"wp:attachment":[{"href":"https:\/\/technopolis-group.com\/sv\/wp-json\/wp\/v2\/media?parent=12842"}],"wp:term":[{"taxonomy":"solution","embeddable":true,"href":"https:\/\/technopolis-group.com\/sv\/wp-json\/wp\/v2\/solution?post=12842"},{"taxonomy":"sector","embeddable":true,"href":"https:\/\/technopolis-group.com\/sv\/wp-json\/wp\/v2\/sector?post=12842"}],"curies":[{"name":"wp","href":"https:\/\/api.w.org\/{rel}","templated":true}]}}