{"id":12851,"date":"2019-12-10T08:21:35","date_gmt":"2019-12-10T08:21:35","guid":{"rendered":"https:\/\/technopolis-group.com\/sectors\/international-cooperation\/"},"modified":"2025-03-17T15:11:27","modified_gmt":"2025-03-17T15:11:27","slug":"international-cooperation","status":"publish","type":"page","link":"https:\/\/technopolis-group.com\/sv\/sectors\/international-cooperation\/","title":{"rendered":"Internationellt samarbete"},"content":{"rendered":"<figure class=\"wp-block-pullquote\"><blockquote><p><em><strong><span style=\"background-color: initial;\">Globala utmaningar kr\u00e4ver samarbetsl\u00f6sningar.&nbsp;&nbsp;<\/span><br><span style=\"background-color: initial;\"><br>I v\u00e5r sammanl\u00e4nkade v\u00e4rld f\u00e5r h\u00e4ndelser i ett land globala \u00e5terverkningar, vilket illustrerar den centrala roll som internationellt samarbete spelar f\u00f6r forskning och innovation, utbildning och socioekonomisk utveckling. F\u00f6r att hantera trender som klimatf\u00f6r\u00e4ndringar eller framv\u00e4xten av artificiell intelligens f\u00f6respr\u00e5kar vi noggrant utformade strategier, policyer och finansieringssystem som bygger broar och v\u00e5rdar samarbetsrelationer \u00f6ver hela v\u00e4rlden.&nbsp;<\/span><\/strong><\/em><\/p><\/blockquote><\/figure> <p>Vi har arbetat med internationellt samarbete i mer \u00e4n tjugo \u00e5r. Vi tror att en tydlig vision i kombination med ett evidensbaserat tillv\u00e4gag\u00e5ngss\u00e4tt \u00e4r den b\u00e4sta v\u00e4gen fram\u00e5t.&nbsp;&nbsp;<\/p> <p>Det \u00e4r d\u00e4rf\u00f6r vi st\u00e4ndigt finjusterar v\u00e5ra metoder f\u00f6r att hj\u00e4lpa till att forma en agenda som st\u00f6der h\u00e5llbar utveckling genom att erbjuda unik expertis inom f\u00f6ljande politikomr\u00e5den:&nbsp;<\/p> <ul class=\"wp-block-list\"> <li>vetenskap, teknik och innovation&nbsp;&nbsp;<\/li> <\/ul> <ul class=\"wp-block-list\"> <li>utveckling av den privata sektorn&nbsp;&nbsp;<\/li> <\/ul> <ul class=\"wp-block-list\"> <li>digital omvandling&nbsp;&nbsp;<\/li> <\/ul> <ul class=\"wp-block-list\"> <li>klimat och milj\u00f6&nbsp;&nbsp;<\/li> <\/ul> <ul class=\"wp-block-list\"> <li>utbildning och kompetens&nbsp;&nbsp;<\/li> <\/ul> <ul class=\"wp-block-list\"> <li>kriser och humanit\u00e4ra insatser&nbsp;&nbsp;<\/li> <\/ul> <ul class=\"wp-block-list\"> <li>global h\u00e4lsa&nbsp;&nbsp;<\/li> <\/ul> <ul class=\"wp-block-list\"> <li>migration&nbsp;&nbsp;<\/li> <\/ul> <p>Inom dessa sektorer erbjuder vi ett brett utbud av tj\u00e4nster:&nbsp;&nbsp;<\/p> <ul class=\"wp-block-list\"> <li>uppf\u00f6ljning, utv\u00e4rdering och l\u00e4rande (MEL)&nbsp;&nbsp;<\/li> <\/ul> <ul class=\"wp-block-list\"> <li>strategiska studier och genomf\u00f6rbarhetsstudier&nbsp;&nbsp;<\/li> <\/ul> <ul class=\"wp-block-list\"> <li>projektledningsst\u00f6d och teknisk assistans&nbsp;&nbsp;<\/li> <\/ul> <ul class=\"wp-block-list\"> <li>sekretariat och n\u00e4tverkshantering&nbsp;&nbsp;<\/li> <\/ul> <p>Tack vare v\u00e5ra tv\u00e5 utomeuropeiska kontor i Bogota (Colombia) och i Abidjan (Elfenbenskusten) samt ett omfattande n\u00e4tverk av konsulter, partners och associerade experter \u00f6ver kontinenterna arbetar vi i Afrika, Latinamerika och Karibien, Mellan\u00f6stern, Syd- och Sydostasien.&nbsp;<\/p> <div class=\"wp-block-image\"> <figure class=\"aligncenter size-large is-resized\"><img loading=\"lazy\" decoding=\"async\" width=\"477\" height=\"369\" src=\"https:\/\/technopolis-group.com\/wp-content\/uploads\/2025\/02\/International-Cooperation-infographic-1-477x369.png\" alt=\"\" class=\"wp-image-57407\" style=\"width:840px;height:auto\" srcset=\"https:\/\/technopolis-group.com\/wp-content\/uploads\/2025\/02\/International-Cooperation-infographic-1-477x369.png 477w, https:\/\/technopolis-group.com\/wp-content\/uploads\/2025\/02\/International-Cooperation-infographic-1-300x232.png 300w, https:\/\/technopolis-group.com\/wp-content\/uploads\/2025\/02\/International-Cooperation-infographic-1.png 750w\" sizes=\"auto, (max-width: 477px) 100vw, 477px\" \/><\/figure> <\/div> <h3 class=\"wp-block-heading\"><\/h3> <br> <h2 class=\"wp-block-heading\">Mera information<\/h2> <div class=\"wp-block-image\"> <figure class=\"aligncenter size-full\"><img loading=\"lazy\" decoding=\"async\" width=\"852\" height=\"1206\" src=\"https:\/\/technopolis-group.com\/wp-content\/uploads\/2025\/01\/International-Cooperation-cover.png\" alt=\"\" class=\"wp-image-56453\" srcset=\"https:\/\/technopolis-group.com\/wp-content\/uploads\/2025\/01\/International-Cooperation-cover.png 852w, https:\/\/technopolis-group.com\/wp-content\/uploads\/2025\/01\/International-Cooperation-cover-212x300.png 212w, https:\/\/technopolis-group.com\/wp-content\/uploads\/2025\/01\/International-Cooperation-cover-261x369.png 261w, https:\/\/technopolis-group.com\/wp-content\/uploads\/2025\/01\/International-Cooperation-cover-768x1087.png 768w\" sizes=\"auto, (max-width: 852px) 100vw, 852px\" \/><figcaption class=\"wp-element-caption\">Klicka <a href=\"https:\/\/technopolis-group.com\/wp-content\/uploads\/2024\/04\/International_Cooperation.pdf\" data-type=\"link\" data-id=\"https:\/\/technopolis-group.com\/wp-content\/uploads\/2024\/04\/International_Cooperation.pdf\">h\u00e4r<\/a> f\u00f6r mer information om v\u00e5rt arbete och n\u00e5gra h\u00f6jdpunkter fr\u00e5n v\u00e5ra projekt!<\/figcaption><\/figure> <\/div> <h2 class=\"wp-block-heading\">Bli partner med oss<\/h2> <p>Technopolis Group har tecknat ett ramavtal med Europeiska kommissionens GD INTPA. Om du vill samarbeta med oss som extern expert i detta sammanhang, v\u00e4nligen klicka <a href=\"https:\/\/technopolis-group.jobs.personio.com\/job\/1440398?language=en&amp;display=en\">h\u00e4r<\/a>.<\/p> <hr class=\"wp-block-separator has-alpha-channel-opacity\"\/> <p><a href=\"https:\/\/technopolis-group.com\/expert\/stephan-kreutzer\/\">Stephan Kreuzer<\/a>, Partner &#8211; International Cooperation, with <a href=\"https:\/\/technopolis-group.com\/es\/expert\/francie-sadeski\/\">Francie Sadeski<\/a>, Managing Partner &#8211; Technopolis Africa; <a href=\"https:\/\/technopolis-group.com\/es\/expert\/monica-salazar\/\">Monica Salazar<\/a> &#8211; Technopolis Colombia and <a href=\"https:\/\/technopolis-group.com\/es\/expert\/camille-hennion\/\">Camille Hennion<\/a>, Partner &#8211; Crisis and Humanitarian Responses.<\/p> <p>F\u00f6r mer information kan du kontakta <a href=\"https:\/\/www.technopolis-group.com\/expert\/stephan-kreutzer\/\" target=\"_blank\" rel=\"noreferrer noopener\">Stephan Kreutzer<\/a>, Partner.<\/p> <h2 class=\"wp-block-heading\">Vem vi arbetar f\u00f6r och med<\/h2> <p>Vi arbetar f\u00f6r multilaterala utvecklingsbanker, internationella finansinstitut, FN-organ, europeiska institutioner, bilaterala givarorganisationer och regeringar, filantropiska organisationer och organisationer i det civila samh\u00e4llet.&nbsp;&nbsp;&nbsp;<\/p> <p>Vi har flera ramavtal f\u00f6r leverans av utv\u00e4rderingstj\u00e4nster eller r\u00e5dgivningstj\u00e4nster &#8211; s\u00e4rskilt med DG INTPA (utv\u00e4rdering p\u00e5 interventions- och strategisk niv\u00e5) och DG RTD (Service Facility till st\u00f6d f\u00f6r Global Approach to Research and Innovation) inom Europeiska kommissionen, UNESCO, French Development Agency och det nederl\u00e4ndska utrikesministeriet.&nbsp;<\/p>","protected":false},"excerpt":{"rendered":"<p>Globala utmaningar kr\u00e4ver samarbetsl\u00f6sningar.&nbsp;&nbsp;I v\u00e5r sammanl\u00e4nkade v\u00e4rld f\u00e5r h\u00e4ndelser i [&hellip;]<\/p>\n","protected":false},"author":1,"featured_media":0,"parent":12795,"menu_order":0,"comment_status":"closed","ping_status":"closed","template":"templates\/tpl-sectors.php","meta":{"_acf_changed":false,"footnotes":""},"solution":[],"sector":[108],"class_list":["post-12851","page","type-page","status-publish","hentry","sector-international-coop-sv"],"acf":[],"yoast_head":"<!-- This site is optimized with the Yoast SEO plugin v27.1.1 - https:\/\/yoast.com\/product\/yoast-seo-wordpress\/ -->\n<title>Internationellt samarbete - Technopolis Group<\/title>\n<meta name=\"robots\" content=\"index, follow, max-snippet:-1, max-image-preview:large, max-video-preview:-1\" \/>\n<link rel=\"canonical\" href=\"https:\/\/technopolis-group.com\/sv\/sectors\/international-cooperation\/\" \/>\n<meta property=\"og:locale\" content=\"sv_SE\" \/>\n<meta property=\"og:type\" content=\"article\" \/>\n<meta property=\"og:title\" content=\"Internationellt samarbete - Technopolis Group\" \/>\n<meta property=\"og:description\" content=\"Globala utmaningar kr\u00e4ver samarbetsl\u00f6sningar.&nbsp;&nbsp;I v\u00e5r sammanl\u00e4nkade v\u00e4rld f\u00e5r h\u00e4ndelser i [&hellip;]\" \/>\n<meta property=\"og:url\" content=\"https:\/\/technopolis-group.com\/sv\/sectors\/international-cooperation\/\" \/>\n<meta property=\"og:site_name\" content=\"Technopolis Group\" \/>\n<meta property=\"article:modified_time\" content=\"2025-03-17T15:11:27+00:00\" \/>\n<meta property=\"og:image\" content=\"https:\/\/technopolis-group.com\/wp-content\/uploads\/2025\/02\/International-Cooperation-infographic-1.png\" \/>\n\t<meta property=\"og:image:width\" content=\"750\" \/>\n\t<meta property=\"og:image:height\" content=\"580\" \/>\n\t<meta property=\"og:image:type\" content=\"image\/png\" \/>\n<meta name=\"twitter:card\" content=\"summary_large_image\" \/>\n<meta name=\"twitter:label1\" content=\"Ber\u00e4knad l\u00e4stid\" \/>\n\t<meta name=\"twitter:data1\" content=\"2 minuter\" \/>\n<script type=\"application\/ld+json\" class=\"yoast-schema-graph\">{\"@context\":\"https:\/\/schema.org\",\"@graph\":[{\"@type\":\"WebPage\",\"@id\":\"https:\/\/technopolis-group.com\/sv\/sectors\/international-cooperation\/\",\"url\":\"https:\/\/technopolis-group.com\/sv\/sectors\/international-cooperation\/\",\"name\":\"Internationellt samarbete - Technopolis Group\",\"isPartOf\":{\"@id\":\"https:\/\/technopolis-group.com\/nl\/#website\"},\"primaryImageOfPage\":{\"@id\":\"https:\/\/technopolis-group.com\/sv\/sectors\/international-cooperation\/#primaryimage\"},\"image\":{\"@id\":\"https:\/\/technopolis-group.com\/sv\/sectors\/international-cooperation\/#primaryimage\"},\"thumbnailUrl\":\"https:\/\/technopolis-group.com\/wp-content\/uploads\/2025\/02\/International-Cooperation-infographic-1-477x369.png\",\"datePublished\":\"2019-12-10T08:21:35+00:00\",\"dateModified\":\"2025-03-17T15:11:27+00:00\",\"breadcrumb\":{\"@id\":\"https:\/\/technopolis-group.com\/sv\/sectors\/international-cooperation\/#breadcrumb\"},\"inLanguage\":\"sv-SE\",\"potentialAction\":[{\"@type\":\"ReadAction\",\"target\":[\"https:\/\/technopolis-group.com\/sv\/sectors\/international-cooperation\/\"]}]},{\"@type\":\"ImageObject\",\"inLanguage\":\"sv-SE\",\"@id\":\"https:\/\/technopolis-group.com\/sv\/sectors\/international-cooperation\/#primaryimage\",\"url\":\"https:\/\/technopolis-group.com\/wp-content\/uploads\/2025\/02\/International-Cooperation-infographic-1-477x369.png\",\"contentUrl\":\"https:\/\/technopolis-group.com\/wp-content\/uploads\/2025\/02\/International-Cooperation-infographic-1-477x369.png\"},{\"@type\":\"BreadcrumbList\",\"@id\":\"https:\/\/technopolis-group.com\/sv\/sectors\/international-cooperation\/#breadcrumb\",\"itemListElement\":[{\"@type\":\"ListItem\",\"position\":1,\"name\":\"Home\",\"item\":\"https:\/\/technopolis-group.com\/sv\/\"},{\"@type\":\"ListItem\",\"position\":2,\"name\":\"Sektorer\",\"item\":\"https:\/\/technopolis-group.com\/sv\/sectors\/\"},{\"@type\":\"ListItem\",\"position\":3,\"name\":\"Internationellt samarbete\"}]},{\"@type\":\"WebSite\",\"@id\":\"https:\/\/technopolis-group.com\/nl\/#website\",\"url\":\"https:\/\/technopolis-group.com\/nl\/\",\"name\":\"Technopolis Group\",\"description\":\"Technopolis-group\",\"potentialAction\":[{\"@type\":\"SearchAction\",\"target\":{\"@type\":\"EntryPoint\",\"urlTemplate\":\"https:\/\/technopolis-group.com\/nl\/?s={search_term_string}\"},\"query-input\":{\"@type\":\"PropertyValueSpecification\",\"valueRequired\":true,\"valueName\":\"search_term_string\"}}],\"inLanguage\":\"sv-SE\"}]}<\/script>\n<!-- \/ Yoast SEO plugin. -->","yoast_head_json":{"title":"Internationellt samarbete - Technopolis Group","robots":{"index":"index","follow":"follow","max-snippet":"max-snippet:-1","max-image-preview":"max-image-preview:large","max-video-preview":"max-video-preview:-1"},"canonical":"https:\/\/technopolis-group.com\/sv\/sectors\/international-cooperation\/","og_locale":"sv_SE","og_type":"article","og_title":"Internationellt samarbete - Technopolis Group","og_description":"Globala utmaningar kr\u00e4ver samarbetsl\u00f6sningar.&nbsp;&nbsp;I v\u00e5r sammanl\u00e4nkade v\u00e4rld f\u00e5r h\u00e4ndelser i [&hellip;]","og_url":"https:\/\/technopolis-group.com\/sv\/sectors\/international-cooperation\/","og_site_name":"Technopolis Group","article_modified_time":"2025-03-17T15:11:27+00:00","og_image":[{"width":750,"height":580,"url":"https:\/\/technopolis-group.com\/wp-content\/uploads\/2025\/02\/International-Cooperation-infographic-1.png","type":"image\/png"}],"twitter_card":"summary_large_image","twitter_misc":{"Ber\u00e4knad l\u00e4stid":"2 minuter"},"schema":{"@context":"https:\/\/schema.org","@graph":[{"@type":"WebPage","@id":"https:\/\/technopolis-group.com\/sv\/sectors\/international-cooperation\/","url":"https:\/\/technopolis-group.com\/sv\/sectors\/international-cooperation\/","name":"Internationellt samarbete - Technopolis Group","isPartOf":{"@id":"https:\/\/technopolis-group.com\/nl\/#website"},"primaryImageOfPage":{"@id":"https:\/\/technopolis-group.com\/sv\/sectors\/international-cooperation\/#primaryimage"},"image":{"@id":"https:\/\/technopolis-group.com\/sv\/sectors\/international-cooperation\/#primaryimage"},"thumbnailUrl":"https:\/\/technopolis-group.com\/wp-content\/uploads\/2025\/02\/International-Cooperation-infographic-1-477x369.png","datePublished":"2019-12-10T08:21:35+00:00","dateModified":"2025-03-17T15:11:27+00:00","breadcrumb":{"@id":"https:\/\/technopolis-group.com\/sv\/sectors\/international-cooperation\/#breadcrumb"},"inLanguage":"sv-SE","potentialAction":[{"@type":"ReadAction","target":["https:\/\/technopolis-group.com\/sv\/sectors\/international-cooperation\/"]}]},{"@type":"ImageObject","inLanguage":"sv-SE","@id":"https:\/\/technopolis-group.com\/sv\/sectors\/international-cooperation\/#primaryimage","url":"https:\/\/technopolis-group.com\/wp-content\/uploads\/2025\/02\/International-Cooperation-infographic-1-477x369.png","contentUrl":"https:\/\/technopolis-group.com\/wp-content\/uploads\/2025\/02\/International-Cooperation-infographic-1-477x369.png"},{"@type":"BreadcrumbList","@id":"https:\/\/technopolis-group.com\/sv\/sectors\/international-cooperation\/#breadcrumb","itemListElement":[{"@type":"ListItem","position":1,"name":"Home","item":"https:\/\/technopolis-group.com\/sv\/"},{"@type":"ListItem","position":2,"name":"Sektorer","item":"https:\/\/technopolis-group.com\/sv\/sectors\/"},{"@type":"ListItem","position":3,"name":"Internationellt samarbete"}]},{"@type":"WebSite","@id":"https:\/\/technopolis-group.com\/nl\/#website","url":"https:\/\/technopolis-group.com\/nl\/","name":"Technopolis Group","description":"Technopolis-group","potentialAction":[{"@type":"SearchAction","target":{"@type":"EntryPoint","urlTemplate":"https:\/\/technopolis-group.com\/nl\/?s={search_term_string}"},"query-input":{"@type":"PropertyValueSpecification","valueRequired":true,"valueName":"search_term_string"}}],"inLanguage":"sv-SE"}]}},"publishpress_future_action":{"enabled":false,"date":"2026-04-24 23:25:03","action":"change-status","newStatus":"draft","terms":[],"taxonomy":"translation_priority","extraData":[]},"publishpress_future_workflow_manual_trigger":{"enabledWorkflows":[]},"_links":{"self":[{"href":"https:\/\/technopolis-group.com\/sv\/wp-json\/wp\/v2\/pages\/12851","targetHints":{"allow":["GET"]}}],"collection":[{"href":"https:\/\/technopolis-group.com\/sv\/wp-json\/wp\/v2\/pages"}],"about":[{"href":"https:\/\/technopolis-group.com\/sv\/wp-json\/wp\/v2\/types\/page"}],"author":[{"embeddable":true,"href":"https:\/\/technopolis-group.com\/sv\/wp-json\/wp\/v2\/users\/1"}],"replies":[{"embeddable":true,"href":"https:\/\/technopolis-group.com\/sv\/wp-json\/wp\/v2\/comments?post=12851"}],"version-history":[{"count":15,"href":"https:\/\/technopolis-group.com\/sv\/wp-json\/wp\/v2\/pages\/12851\/revisions"}],"predecessor-version":[{"id":59832,"href":"https:\/\/technopolis-group.com\/sv\/wp-json\/wp\/v2\/pages\/12851\/revisions\/59832"}],"up":[{"embeddable":true,"href":"https:\/\/technopolis-group.com\/sv\/wp-json\/wp\/v2\/pages\/12795"}],"wp:attachment":[{"href":"https:\/\/technopolis-group.com\/sv\/wp-json\/wp\/v2\/media?parent=12851"}],"wp:term":[{"taxonomy":"solution","embeddable":true,"href":"https:\/\/technopolis-group.com\/sv\/wp-json\/wp\/v2\/solution?post=12851"},{"taxonomy":"sector","embeddable":true,"href":"https:\/\/technopolis-group.com\/sv\/wp-json\/wp\/v2\/sector?post=12851"}],"curies":[{"name":"wp","href":"https:\/\/api.w.org\/{rel}","templated":true}]}}