{"id":12858,"date":"2019-12-10T08:18:26","date_gmt":"2019-12-10T08:18:26","guid":{"rendered":"https:\/\/technopolis-group.com\/sectors\/regional-development-cohesion\/"},"modified":"2025-03-17T14:45:30","modified_gmt":"2025-03-17T14:45:30","slug":"regional-development-cohesion","status":"publish","type":"page","link":"https:\/\/technopolis-group.com\/sv\/sectors\/regional-development-cohesion\/","title":{"rendered":"Regional utveckling och sammanh\u00e5llning"},"content":{"rendered":"\n<figure class=\"wp-block-pullquote\"><blockquote><p><span style=\"background-color: initial;\">Katalysera regional utveckling: att bygga en smartare, gr\u00f6nare och ansvarsfullare lokal ekonomi.&nbsp;&nbsp;<\/span><br><span style=\"background-color: initial;\"><br>Lokala och regionala myndigheter har inflytande \u00f6ver utformningen av en smartare, gr\u00f6nare och mer ansvarsfull ekonomi. Regioner och st\u00e4der \u00e4r b\u00e4st l\u00e4mpade f\u00f6r att fr\u00e4mja innovationsekosystem och fungera som idealiska testb\u00e4ddar f\u00f6r innovativa metoder. De kopplar samman h\u00e5llbar och smart tillv\u00e4xt f\u00f6r att fr\u00e4mja socioekonomisk utveckling och skapa arbetstillf\u00e4llen.&nbsp;<\/span><\/p><\/blockquote><\/figure>\n\n\n\n<p>Technopolis Group har arbetat med regioner och st\u00e4der i mer \u00e4n 30 \u00e5r. V\u00e5rt arbete hj\u00e4lper dem att ta itu med komplexa innovationsutmaningar, vilket kr\u00e4ver ett holistiskt tillv\u00e4gag\u00e5ngss\u00e4tt och ett l\u00e5ngsiktigt perspektiv \u00f6ver hela policycykeln.&nbsp;&nbsp;<\/p>\n\n\n\n<ul class=\"wp-block-list\">\n<li><strong>Regional innovationspolitik:<\/strong> vi arbetar med lokala och regionala myndigheter och lokala innovationsintressenter f\u00f6r att forma den ekonomiska strukturen och bygga dynamiska innovationsekosystem.&nbsp;&nbsp;&nbsp;<\/li>\n<\/ul>\n\n\n\n<ul class=\"wp-block-list\">\n<li><strong>Klimatneutrala, motst\u00e5ndskraftiga och digitala st\u00e4der och regioner:<\/strong> vi hj\u00e4lper lokala ekosystem att bygga upp policyer och instrument som fr\u00e4mjar en koldioxidneutral omst\u00e4llning, klimatanpassningsl\u00f6sningar och inf\u00f6randet av digital teknik i den regionala ekonomiska strukturen och den lokala f\u00f6rvaltningen.&nbsp;&nbsp;<\/li>\n<\/ul>\n\n\n\n<ul class=\"wp-block-list\">\n<li><strong>EU:s sammanh\u00e5llningspolitik: <\/strong>vi ger r\u00e5d till nationella och regionala f\u00f6rvaltningsmyndigheter och EU-institutioner f\u00f6r att utveckla, genomf\u00f6ra, \u00f6vervaka och utv\u00e4rdera sammanh\u00e5llningspolitiken i europeiska regioner och i de yttersta randomr\u00e5dena.&nbsp;<\/li>\n<\/ul>\n\n\n\n<p>Inom dessa sektorer erbjuder vi ett brett utbud av tj\u00e4nster:&nbsp;&nbsp;<\/p>\n\n\n\n<ul class=\"wp-block-list\">\n<li>policyutformning och strategiska studier&nbsp;&nbsp;&nbsp;<\/li>\n<\/ul>\n\n\n\n<ul class=\"wp-block-list\">\n<li>marknads- och forskningsstudier om industrisektorer och teknik&nbsp;&nbsp;<\/li>\n<\/ul>\n\n\n\n<ul class=\"wp-block-list\">\n<li>tekniskt st\u00f6d till lokala och regionala myndigheter och intressenter (handelskammare, klusterorganisationer etc.)&nbsp;&nbsp;<\/li>\n<\/ul>\n\n\n\n<ul class=\"wp-block-list\">\n<li>hantering av n\u00e4tverk och praktikgemenskap&nbsp;<\/li>\n<\/ul>\n\n\n\n<ul class=\"wp-block-list\">\n<li>programledning och policyst\u00f6d&nbsp;&nbsp;&nbsp;<\/li>\n<\/ul>\n\n\n\n<ul class=\"wp-block-list\">\n<li>utv\u00e4rdering&nbsp;&nbsp;&nbsp;<\/li>\n<\/ul>\n\n\n\n<ul class=\"wp-block-list\">\n<li>socioekonomisk konsekvensbed\u00f6mning&nbsp;&nbsp;&nbsp;<\/li>\n<\/ul>\n\n\n\n<h2 class=\"wp-block-heading\">Vem vi arbetar f\u00f6r och med<\/h2>\n\n\n\n<p>Vi arbetar med Europeiska kommissionen (GD REGIO), ESPON, EIB, regeringar, statliga organ, nationella utvecklingsbanker, lokala och regionala myndigheter, handelskammare, kluster och f\u00f6retagsinkubationsorganisationer.&nbsp;&nbsp;<\/p>\n\n\n\n<p>Technopolis Group f\u00f6rvaltar praxisgemenskapen f\u00f6r smart specialisering (GD Regionalpolitik), den interregionala plattformen f\u00f6r innovationsinvesteringar (EISMEA) och sekretariatet f\u00f6r Intelligent Cities Challenges (EISMEA) samt PVD+ Green Infrastructure Finance for Small Cities in France (Banque des Territoires).&nbsp;<\/p>\n","protected":false},"excerpt":{"rendered":"<p>Katalysera regional utveckling: att bygga en smartare, gr\u00f6nare och ansvarsfullare [&hellip;]<\/p>\n","protected":false},"author":1,"featured_media":0,"parent":12795,"menu_order":0,"comment_status":"closed","ping_status":"closed","template":"templates\/tpl-sectors.php","meta":{"_acf_changed":false,"footnotes":""},"solution":[],"sector":[148],"class_list":["post-12858","page","type-page","status-publish","hentry","sector-regional-dev-sv"],"acf":[],"yoast_head":"<!-- This site is optimized with the Yoast SEO plugin v27.1.1 - https:\/\/yoast.com\/product\/yoast-seo-wordpress\/ -->\n<title>Regional utveckling och sammanh\u00e5llning - Technopolis Group<\/title>\n<meta name=\"robots\" content=\"index, follow, max-snippet:-1, max-image-preview:large, max-video-preview:-1\" \/>\n<link rel=\"canonical\" href=\"https:\/\/technopolis-group.com\/sv\/sectors\/regional-development-cohesion\/\" \/>\n<meta property=\"og:locale\" content=\"sv_SE\" \/>\n<meta property=\"og:type\" content=\"article\" \/>\n<meta property=\"og:title\" content=\"Regional utveckling och sammanh\u00e5llning - Technopolis Group\" \/>\n<meta property=\"og:description\" content=\"Katalysera regional utveckling: att bygga en smartare, gr\u00f6nare och ansvarsfullare [&hellip;]\" \/>\n<meta property=\"og:url\" content=\"https:\/\/technopolis-group.com\/sv\/sectors\/regional-development-cohesion\/\" \/>\n<meta property=\"og:site_name\" content=\"Technopolis Group\" \/>\n<meta property=\"article:modified_time\" content=\"2025-03-17T14:45:30+00:00\" \/>\n<meta name=\"twitter:card\" content=\"summary_large_image\" \/>\n<meta name=\"twitter:label1\" content=\"Ber\u00e4knad l\u00e4stid\" \/>\n\t<meta name=\"twitter:data1\" content=\"2 minuter\" \/>\n<script type=\"application\/ld+json\" class=\"yoast-schema-graph\">{\"@context\":\"https:\/\/schema.org\",\"@graph\":[{\"@type\":\"WebPage\",\"@id\":\"https:\/\/technopolis-group.com\/sv\/sectors\/regional-development-cohesion\/\",\"url\":\"https:\/\/technopolis-group.com\/sv\/sectors\/regional-development-cohesion\/\",\"name\":\"Regional utveckling och sammanh\u00e5llning - Technopolis Group\",\"isPartOf\":{\"@id\":\"https:\/\/technopolis-group.com\/nl\/#website\"},\"datePublished\":\"2019-12-10T08:18:26+00:00\",\"dateModified\":\"2025-03-17T14:45:30+00:00\",\"breadcrumb\":{\"@id\":\"https:\/\/technopolis-group.com\/sv\/sectors\/regional-development-cohesion\/#breadcrumb\"},\"inLanguage\":\"sv-SE\",\"potentialAction\":[{\"@type\":\"ReadAction\",\"target\":[\"https:\/\/technopolis-group.com\/sv\/sectors\/regional-development-cohesion\/\"]}]},{\"@type\":\"BreadcrumbList\",\"@id\":\"https:\/\/technopolis-group.com\/sv\/sectors\/regional-development-cohesion\/#breadcrumb\",\"itemListElement\":[{\"@type\":\"ListItem\",\"position\":1,\"name\":\"Home\",\"item\":\"https:\/\/technopolis-group.com\/sv\/\"},{\"@type\":\"ListItem\",\"position\":2,\"name\":\"Sektorer\",\"item\":\"https:\/\/technopolis-group.com\/sv\/sectors\/\"},{\"@type\":\"ListItem\",\"position\":3,\"name\":\"Regional utveckling och sammanh\u00e5llning\"}]},{\"@type\":\"WebSite\",\"@id\":\"https:\/\/technopolis-group.com\/nl\/#website\",\"url\":\"https:\/\/technopolis-group.com\/nl\/\",\"name\":\"Technopolis Group\",\"description\":\"Technopolis-group\",\"potentialAction\":[{\"@type\":\"SearchAction\",\"target\":{\"@type\":\"EntryPoint\",\"urlTemplate\":\"https:\/\/technopolis-group.com\/nl\/?s={search_term_string}\"},\"query-input\":{\"@type\":\"PropertyValueSpecification\",\"valueRequired\":true,\"valueName\":\"search_term_string\"}}],\"inLanguage\":\"sv-SE\"}]}<\/script>\n<!-- \/ Yoast SEO plugin. -->","yoast_head_json":{"title":"Regional utveckling och sammanh\u00e5llning - Technopolis Group","robots":{"index":"index","follow":"follow","max-snippet":"max-snippet:-1","max-image-preview":"max-image-preview:large","max-video-preview":"max-video-preview:-1"},"canonical":"https:\/\/technopolis-group.com\/sv\/sectors\/regional-development-cohesion\/","og_locale":"sv_SE","og_type":"article","og_title":"Regional utveckling och sammanh\u00e5llning - Technopolis Group","og_description":"Katalysera regional utveckling: att bygga en smartare, gr\u00f6nare och ansvarsfullare [&hellip;]","og_url":"https:\/\/technopolis-group.com\/sv\/sectors\/regional-development-cohesion\/","og_site_name":"Technopolis Group","article_modified_time":"2025-03-17T14:45:30+00:00","twitter_card":"summary_large_image","twitter_misc":{"Ber\u00e4knad l\u00e4stid":"2 minuter"},"schema":{"@context":"https:\/\/schema.org","@graph":[{"@type":"WebPage","@id":"https:\/\/technopolis-group.com\/sv\/sectors\/regional-development-cohesion\/","url":"https:\/\/technopolis-group.com\/sv\/sectors\/regional-development-cohesion\/","name":"Regional utveckling och sammanh\u00e5llning - Technopolis Group","isPartOf":{"@id":"https:\/\/technopolis-group.com\/nl\/#website"},"datePublished":"2019-12-10T08:18:26+00:00","dateModified":"2025-03-17T14:45:30+00:00","breadcrumb":{"@id":"https:\/\/technopolis-group.com\/sv\/sectors\/regional-development-cohesion\/#breadcrumb"},"inLanguage":"sv-SE","potentialAction":[{"@type":"ReadAction","target":["https:\/\/technopolis-group.com\/sv\/sectors\/regional-development-cohesion\/"]}]},{"@type":"BreadcrumbList","@id":"https:\/\/technopolis-group.com\/sv\/sectors\/regional-development-cohesion\/#breadcrumb","itemListElement":[{"@type":"ListItem","position":1,"name":"Home","item":"https:\/\/technopolis-group.com\/sv\/"},{"@type":"ListItem","position":2,"name":"Sektorer","item":"https:\/\/technopolis-group.com\/sv\/sectors\/"},{"@type":"ListItem","position":3,"name":"Regional utveckling och sammanh\u00e5llning"}]},{"@type":"WebSite","@id":"https:\/\/technopolis-group.com\/nl\/#website","url":"https:\/\/technopolis-group.com\/nl\/","name":"Technopolis Group","description":"Technopolis-group","potentialAction":[{"@type":"SearchAction","target":{"@type":"EntryPoint","urlTemplate":"https:\/\/technopolis-group.com\/nl\/?s={search_term_string}"},"query-input":{"@type":"PropertyValueSpecification","valueRequired":true,"valueName":"search_term_string"}}],"inLanguage":"sv-SE"}]}},"publishpress_future_action":{"enabled":false,"date":"2026-05-13 00:34:37","action":"change-status","newStatus":"draft","terms":[],"taxonomy":"translation_priority","extraData":[]},"publishpress_future_workflow_manual_trigger":{"enabledWorkflows":[]},"_links":{"self":[{"href":"https:\/\/technopolis-group.com\/sv\/wp-json\/wp\/v2\/pages\/12858","targetHints":{"allow":["GET"]}}],"collection":[{"href":"https:\/\/technopolis-group.com\/sv\/wp-json\/wp\/v2\/pages"}],"about":[{"href":"https:\/\/technopolis-group.com\/sv\/wp-json\/wp\/v2\/types\/page"}],"author":[{"embeddable":true,"href":"https:\/\/technopolis-group.com\/sv\/wp-json\/wp\/v2\/users\/1"}],"replies":[{"embeddable":true,"href":"https:\/\/technopolis-group.com\/sv\/wp-json\/wp\/v2\/comments?post=12858"}],"version-history":[{"count":10,"href":"https:\/\/technopolis-group.com\/sv\/wp-json\/wp\/v2\/pages\/12858\/revisions"}],"predecessor-version":[{"id":59800,"href":"https:\/\/technopolis-group.com\/sv\/wp-json\/wp\/v2\/pages\/12858\/revisions\/59800"}],"up":[{"embeddable":true,"href":"https:\/\/technopolis-group.com\/sv\/wp-json\/wp\/v2\/pages\/12795"}],"wp:attachment":[{"href":"https:\/\/technopolis-group.com\/sv\/wp-json\/wp\/v2\/media?parent=12858"}],"wp:term":[{"taxonomy":"solution","embeddable":true,"href":"https:\/\/technopolis-group.com\/sv\/wp-json\/wp\/v2\/solution?post=12858"},{"taxonomy":"sector","embeddable":true,"href":"https:\/\/technopolis-group.com\/sv\/wp-json\/wp\/v2\/sector?post=12858"}],"curies":[{"name":"wp","href":"https:\/\/api.w.org\/{rel}","templated":true}]}}