{"id":12866,"date":"2020-02-17T09:33:43","date_gmt":"2020-02-17T09:33:43","guid":{"rendered":"https:\/\/technopolis-group.com\/sectors\/research-and-innovation\/"},"modified":"2025-09-30T11:38:56","modified_gmt":"2025-09-30T11:38:56","slug":"research-and-innovation","status":"publish","type":"page","link":"https:\/\/technopolis-group.com\/sv\/sectors\/research-and-innovation\/","title":{"rendered":"Forskning och innovation"},"content":{"rendered":"\n<figure class=\"wp-block-pullquote\"><blockquote><p><span style=\"background-color: initial;\"><strong>Navigera mot en h\u00e5llbar framtid: nyt\u00e4nkande kring tillv\u00e4xt genom forskning och innovation<\/strong><\/span>.<br><span style=\"background-color: initial;\"><br><strong>Sedan mitten av 1900-talet har den stadiga ekonomiska tillv\u00e4xten som drivs av forskning och innovation varit hotad, eftersom avtagande optimism och misstro mot institutioner leder till en kritisk ompr\u00f6vning av innovation och tillv\u00e4xt som en l\u00f6sning p\u00e5 samh\u00e4llsproblem. En viktig politisk \u00e5tg\u00e4rd \u00e4r att omf\u00f6rdela finansieringen av forskning och innovation f\u00f6r att ta itu med \u201dsamh\u00e4llsutmaningar\u201d och FN:s m\u00e5l f\u00f6r h\u00e5llbar utveckling. Technopolis st\u00f6der denna transformativa insats f\u00f6r att omforma invecklade \u201dsociotekniska system\u201d och fr\u00e4mja en h\u00e5llbar framtid genom strategiska innovationsinitiativ.<\/strong>&nbsp;<\/span><\/p><\/blockquote><\/figure>\n\n\n\n<p>Som ett resultat av detta g\u00e5r forskning och innovation in i en ny era, med komplexa innovations- och \u00f6verg\u00e5ngsprogram. Dessa program \u00e4r ofta komplexa och l\u00e5ngvariga och kr\u00e4ver engagemang fr\u00e5n m\u00e5nga delar av f\u00f6rvaltningen och fr\u00e5n olika intressenter, varav m\u00e5nga traditionellt inte har varit en del av forsknings- och innovationspolitiken.&nbsp;&nbsp;<\/p>\n\n\n\n<p>De nya programmen driver fram nya behov och krav, t.ex:&nbsp;&nbsp;<\/p>\n\n\n\n<ul class=\"wp-block-list\">\n<li>ett utbrett engagemang fr\u00e5n medborgare och intressegrupper i utformning och utv\u00e4rdering av politiken<\/li>\n<\/ul>\n\n\n\n<ul class=\"wp-block-list\">\n<li>framsynthet och v\u00e4gkartl\u00e4ggning som hj\u00e4lper till att kartl\u00e4gga de optimala tekniska v\u00e4garna och riktningarna f\u00f6r insatserna<\/li>\n<\/ul>\n\n\n\n<ul class=\"wp-block-list\">\n<li>inf\u00f6rlivande av experiment och testb\u00e4ddar i innovationspolitiken<\/li>\n<\/ul>\n\n\n\n<ul class=\"wp-block-list\">\n<li>verktygsl\u00e5da f\u00f6r ansvarsfull forskning och innovation (RRI)&nbsp;&nbsp;<\/li>\n<\/ul>\n\n\n\n<ul class=\"wp-block-list\">\n<li>analys av system \u00f6ver l\u00e5nga tidsperioder, d\u00e4r kopplingarna mellan insatser och effekter \u00e4r komplexa och sv\u00e5ra att h\u00e4rleda<\/li>\n<\/ul>\n\n\n\n<p>Technopolis Group har varit del av utvecklingar inom innovation i mer \u00e4n 30 \u00e5r.\u202f Vi hj\u00e4lper beslutsfattare och forsknings- och innovationsorganisationer att ta itu med de utmaningar de st\u00e5r inf\u00f6r genom att leverera strategisk r\u00e5dgivning, strategiska studier, framsynthet och utv\u00e4rderingar, s\u00e4rskilt om:&nbsp;&nbsp;<\/p>\n\n\n\n<ul class=\"wp-block-list\">\n<li>forsknings- och innovationssystem&nbsp;&nbsp;<\/li>\n<\/ul>\n\n\n\n<ul class=\"wp-block-list\">\n<li>styrning av vetenskaps- och teknikpolitik&nbsp;&nbsp;<\/li>\n<\/ul>\n\n\n\n<ul class=\"wp-block-list\">\n<li>finansiering av forskning och innovation&nbsp;&nbsp;<\/li>\n<\/ul>\n\n\n\n<ul class=\"wp-block-list\">\n<li>utv\u00e4rderingar och granskningar av program och organ&nbsp;&nbsp;<\/li>\n<\/ul>\n\n\n\n<ul class=\"wp-block-list\">\n<li>internationellt samarbete inom vetenskap och innovation&nbsp;&nbsp;<\/li>\n<\/ul>\n\n\n\n<ul class=\"wp-block-list\">\n<li>\u00f6ppen vetenskap&nbsp;&nbsp;<\/li>\n<\/ul>\n\n\n\n<ul class=\"wp-block-list\">\n<li>ansvarsfull forskning och innovation&nbsp;&nbsp;<\/li>\n<\/ul>\n\n\n\n<ul class=\"wp-block-list\">\n<li>teknik\u00f6verf\u00f6ring och kunskapsutbyte&nbsp;&nbsp;<\/li>\n<\/ul>\n\n\n\n<p>Vi har s\u00e4rskilt djupg\u00e5ende kunskaper om teknik och marknader inom:&nbsp;&nbsp;&nbsp;<\/p>\n\n\n\n<ul class=\"wp-block-list\">\n<li>agrolivsmedel&nbsp;&nbsp;&nbsp;<\/li>\n<\/ul>\n\n\n\n<ul class=\"wp-block-list\">\n<li>digitalt&nbsp;&nbsp;&nbsp;<\/li>\n<\/ul>\n\n\n\n<ul class=\"wp-block-list\">\n<li>viktiga m\u00f6jligg\u00f6rande teknologier&nbsp;&nbsp;&nbsp;<\/li>\n<\/ul>\n\n\n\n<ul class=\"wp-block-list\">\n<li>biovetenskap&nbsp;&nbsp;&nbsp;<\/li>\n<\/ul>\n\n\n\n<ul class=\"wp-block-list\">\n<li>resurseffektivitet&nbsp;&nbsp;&nbsp;<\/li>\n<\/ul>\n\n\n\n<ul class=\"wp-block-list\">\n<li>h\u00e5llbar energi&nbsp;&nbsp;&nbsp;<\/li>\n<\/ul>\n\n\n\n<ul class=\"wp-block-list\">\n<li>rymd&nbsp;&nbsp;&nbsp;<\/li>\n<\/ul>\n\n\n\n<ul class=\"wp-block-list\">\n<li>transport och r\u00f6rlighet&nbsp;&nbsp;&nbsp;<\/li>\n<\/ul>\n\n\n\n<p>Vi \u00e4r verksamma i Europa och i andra delar av v\u00e4rlden, s\u00e4rskilt i l\u00e5g- och medelinkomstl\u00e4nder.&nbsp;<\/p>\n\n\n\n<hr class=\"wp-block-separator has-alpha-channel-opacity\"\/>\n\n\n\n<p>F\u00f6r mer information, kontakta oss p\u00e5 <a href=\"mailto:eu.researchinnovation@technopolis-group.com\">eu.researchinnovation@technopolis-group.com<\/a> eller ta direkt kontakt med v\u00e5rt ledningsteam: Orestas Strauka, Jeanne Prades, Kleitia Zeqo och Agis Evrigenis.<\/p>\n\n\n\n<h3 class=\"wp-block-heading\">Vem vi arbetar f\u00f6r och med&nbsp;&nbsp;<\/h3>\n\n\n\n<p>Vi arbetar f\u00f6r ministerierna f\u00f6r forskning och\/eller innovation, nationella forsknings- och\/eller innovationsbyr\u00e5er \u00f6ver hela v\u00e4rlden, EU-institutionerna (Europeiska kommissionen, GD RTD, genomf\u00f6randeorganen) och internationella organisationer (OECD, multilaterala utvecklingsbanker, multilaterala och bilaterala givare, FN-organ). Vi \u00e4r verksamma i hela Europa och utanf\u00f6r, \u00e4ven i l\u00e5g- och medelinkomstl\u00e4nder.&nbsp;&nbsp;<\/p>\n\n\n\n<p>Technopolis Group \u00e4r ledande och partner i en serie ramavtal f\u00f6r Europeiska kommissionen, DG RTD, f\u00f6r att tillhandah\u00e5lla framsynstj\u00e4nster (Lot 1), strategiska studier (Lot 3).&nbsp;<\/p>\n","protected":false},"excerpt":{"rendered":"<p>Navigera mot en h\u00e5llbar framtid: nyt\u00e4nkande kring tillv\u00e4xt genom forskning [&hellip;]<\/p>\n","protected":false},"author":1,"featured_media":0,"parent":12795,"menu_order":0,"comment_status":"closed","ping_status":"closed","template":"templates\/tpl-sectors.php","meta":{"_acf_changed":false,"footnotes":""},"solution":[],"sector":[132],"class_list":["post-12866","page","type-page","status-publish","hentry","sector-research-innovation-sv"],"acf":[],"yoast_head":"<!-- This site is optimized with the Yoast SEO plugin v27.1.1 - https:\/\/yoast.com\/product\/yoast-seo-wordpress\/ -->\n<title>Forskning och innovation - Technopolis Group<\/title>\n<meta name=\"robots\" content=\"index, follow, max-snippet:-1, max-image-preview:large, max-video-preview:-1\" \/>\n<link rel=\"canonical\" href=\"https:\/\/technopolis-group.com\/sv\/sectors\/research-and-innovation\/\" \/>\n<meta property=\"og:locale\" content=\"sv_SE\" \/>\n<meta property=\"og:type\" content=\"article\" \/>\n<meta property=\"og:title\" content=\"Forskning och innovation - Technopolis Group\" \/>\n<meta property=\"og:description\" content=\"Navigera mot en h\u00e5llbar framtid: nyt\u00e4nkande kring tillv\u00e4xt genom forskning [&hellip;]\" \/>\n<meta property=\"og:url\" content=\"https:\/\/technopolis-group.com\/sv\/sectors\/research-and-innovation\/\" \/>\n<meta property=\"og:site_name\" content=\"Technopolis Group\" \/>\n<meta property=\"article:modified_time\" content=\"2025-09-30T11:38:56+00:00\" \/>\n<meta name=\"twitter:card\" content=\"summary_large_image\" \/>\n<meta name=\"twitter:label1\" content=\"Ber\u00e4knad l\u00e4stid\" \/>\n\t<meta name=\"twitter:data1\" content=\"3 minuter\" \/>\n<script type=\"application\/ld+json\" class=\"yoast-schema-graph\">{\"@context\":\"https:\/\/schema.org\",\"@graph\":[{\"@type\":\"WebPage\",\"@id\":\"https:\/\/technopolis-group.com\/sv\/sectors\/research-and-innovation\/\",\"url\":\"https:\/\/technopolis-group.com\/sv\/sectors\/research-and-innovation\/\",\"name\":\"Forskning och innovation - Technopolis Group\",\"isPartOf\":{\"@id\":\"https:\/\/technopolis-group.com\/nl\/#website\"},\"datePublished\":\"2020-02-17T09:33:43+00:00\",\"dateModified\":\"2025-09-30T11:38:56+00:00\",\"breadcrumb\":{\"@id\":\"https:\/\/technopolis-group.com\/sv\/sectors\/research-and-innovation\/#breadcrumb\"},\"inLanguage\":\"sv-SE\",\"potentialAction\":[{\"@type\":\"ReadAction\",\"target\":[\"https:\/\/technopolis-group.com\/sv\/sectors\/research-and-innovation\/\"]}]},{\"@type\":\"BreadcrumbList\",\"@id\":\"https:\/\/technopolis-group.com\/sv\/sectors\/research-and-innovation\/#breadcrumb\",\"itemListElement\":[{\"@type\":\"ListItem\",\"position\":1,\"name\":\"Home\",\"item\":\"https:\/\/technopolis-group.com\/sv\/\"},{\"@type\":\"ListItem\",\"position\":2,\"name\":\"Sektorer\",\"item\":\"https:\/\/technopolis-group.com\/sv\/sectors\/\"},{\"@type\":\"ListItem\",\"position\":3,\"name\":\"Forskning och innovation\"}]},{\"@type\":\"WebSite\",\"@id\":\"https:\/\/technopolis-group.com\/nl\/#website\",\"url\":\"https:\/\/technopolis-group.com\/nl\/\",\"name\":\"Technopolis Group\",\"description\":\"Technopolis-group\",\"potentialAction\":[{\"@type\":\"SearchAction\",\"target\":{\"@type\":\"EntryPoint\",\"urlTemplate\":\"https:\/\/technopolis-group.com\/nl\/?s={search_term_string}\"},\"query-input\":{\"@type\":\"PropertyValueSpecification\",\"valueRequired\":true,\"valueName\":\"search_term_string\"}}],\"inLanguage\":\"sv-SE\"}]}<\/script>\n<!-- \/ Yoast SEO plugin. -->","yoast_head_json":{"title":"Forskning och innovation - Technopolis Group","robots":{"index":"index","follow":"follow","max-snippet":"max-snippet:-1","max-image-preview":"max-image-preview:large","max-video-preview":"max-video-preview:-1"},"canonical":"https:\/\/technopolis-group.com\/sv\/sectors\/research-and-innovation\/","og_locale":"sv_SE","og_type":"article","og_title":"Forskning och innovation - Technopolis Group","og_description":"Navigera mot en h\u00e5llbar framtid: nyt\u00e4nkande kring tillv\u00e4xt genom forskning [&hellip;]","og_url":"https:\/\/technopolis-group.com\/sv\/sectors\/research-and-innovation\/","og_site_name":"Technopolis Group","article_modified_time":"2025-09-30T11:38:56+00:00","twitter_card":"summary_large_image","twitter_misc":{"Ber\u00e4knad l\u00e4stid":"3 minuter"},"schema":{"@context":"https:\/\/schema.org","@graph":[{"@type":"WebPage","@id":"https:\/\/technopolis-group.com\/sv\/sectors\/research-and-innovation\/","url":"https:\/\/technopolis-group.com\/sv\/sectors\/research-and-innovation\/","name":"Forskning och innovation - Technopolis Group","isPartOf":{"@id":"https:\/\/technopolis-group.com\/nl\/#website"},"datePublished":"2020-02-17T09:33:43+00:00","dateModified":"2025-09-30T11:38:56+00:00","breadcrumb":{"@id":"https:\/\/technopolis-group.com\/sv\/sectors\/research-and-innovation\/#breadcrumb"},"inLanguage":"sv-SE","potentialAction":[{"@type":"ReadAction","target":["https:\/\/technopolis-group.com\/sv\/sectors\/research-and-innovation\/"]}]},{"@type":"BreadcrumbList","@id":"https:\/\/technopolis-group.com\/sv\/sectors\/research-and-innovation\/#breadcrumb","itemListElement":[{"@type":"ListItem","position":1,"name":"Home","item":"https:\/\/technopolis-group.com\/sv\/"},{"@type":"ListItem","position":2,"name":"Sektorer","item":"https:\/\/technopolis-group.com\/sv\/sectors\/"},{"@type":"ListItem","position":3,"name":"Forskning och innovation"}]},{"@type":"WebSite","@id":"https:\/\/technopolis-group.com\/nl\/#website","url":"https:\/\/technopolis-group.com\/nl\/","name":"Technopolis Group","description":"Technopolis-group","potentialAction":[{"@type":"SearchAction","target":{"@type":"EntryPoint","urlTemplate":"https:\/\/technopolis-group.com\/nl\/?s={search_term_string}"},"query-input":{"@type":"PropertyValueSpecification","valueRequired":true,"valueName":"search_term_string"}}],"inLanguage":"sv-SE"}]}},"publishpress_future_action":{"enabled":false,"date":"2026-04-20 16:45:47","action":"change-status","newStatus":"draft","terms":[],"taxonomy":"translation_priority","extraData":[]},"publishpress_future_workflow_manual_trigger":{"enabledWorkflows":[]},"_links":{"self":[{"href":"https:\/\/technopolis-group.com\/sv\/wp-json\/wp\/v2\/pages\/12866","targetHints":{"allow":["GET"]}}],"collection":[{"href":"https:\/\/technopolis-group.com\/sv\/wp-json\/wp\/v2\/pages"}],"about":[{"href":"https:\/\/technopolis-group.com\/sv\/wp-json\/wp\/v2\/types\/page"}],"author":[{"embeddable":true,"href":"https:\/\/technopolis-group.com\/sv\/wp-json\/wp\/v2\/users\/1"}],"replies":[{"embeddable":true,"href":"https:\/\/technopolis-group.com\/sv\/wp-json\/wp\/v2\/comments?post=12866"}],"version-history":[{"count":14,"href":"https:\/\/technopolis-group.com\/sv\/wp-json\/wp\/v2\/pages\/12866\/revisions"}],"predecessor-version":[{"id":62506,"href":"https:\/\/technopolis-group.com\/sv\/wp-json\/wp\/v2\/pages\/12866\/revisions\/62506"}],"up":[{"embeddable":true,"href":"https:\/\/technopolis-group.com\/sv\/wp-json\/wp\/v2\/pages\/12795"}],"wp:attachment":[{"href":"https:\/\/technopolis-group.com\/sv\/wp-json\/wp\/v2\/media?parent=12866"}],"wp:term":[{"taxonomy":"solution","embeddable":true,"href":"https:\/\/technopolis-group.com\/sv\/wp-json\/wp\/v2\/solution?post=12866"},{"taxonomy":"sector","embeddable":true,"href":"https:\/\/technopolis-group.com\/sv\/wp-json\/wp\/v2\/sector?post=12866"}],"curies":[{"name":"wp","href":"https:\/\/api.w.org\/{rel}","templated":true}]}}