{"id":12882,"date":"2019-11-27T15:11:40","date_gmt":"2019-11-27T15:11:40","guid":{"rendered":"https:\/\/technopolis-group.com\/solutions\/communication\/"},"modified":"2020-03-03T16:06:30","modified_gmt":"2020-03-03T16:06:30","slug":"communication","status":"publish","type":"page","link":"https:\/\/technopolis-group.com\/sv\/solutions\/communication\/","title":{"rendered":"Kommunikation"},"content":{"rendered":"\n<figure class=\"wp-block-pullquote\"><blockquote><p><span style=\"background-color: initial;\">Expertid\u00e9er f\u00f6rtj\u00e4nar expertkommunikation. Technopolis Group \u00e4r mycket aktiv inom specialiserade omr\u00e5den som forsknings- och innovationspolitik, h\u00f6gre utbildning och h\u00e5llbarhet. V\u00e5ra kunder \u00e4r olika, men de har minst en sak gemensamt: de tenderar att arbeta med komplexa, detaljerade data och information. V\u00e5rt kommunikationskontor, <\/span><a href=\"http:\/\/www.arctik.eu\/\">Arctik<\/a><span style=\"background-color: initial;\">, kan bidra till att \u00f6vers\u00e4tta din kunskap till specifika m\u00e5lgrupper, b\u00e5de riktat till experter eller nyb\u00f6rjare inom ditt omr\u00e5de.<\/span><\/p><\/blockquote><\/figure>\n\n\n\n<p>F\u00f6r att kommunicera effektivt m\u00e5ste du vara d\u00e4r m\u00e5lgruppen \u00e4r. D\u00e4rf\u00f6r hj\u00e4lper vi dig att analysera din publik och de plattformar d\u00e4r de \u00e4r aktiva. Vi har utvecklat omfattande expertis som arbetar \u00f6ver flera medier. Vi hj\u00e4lper dig att hitta r\u00e4tt kombination mellan en webbplats, sociala medier, en app eller en onlineplattform samt traditionella tryckmaterial och medier. Vi skapar meningsfulla dialoger och underl\u00e4ttar skapandet av n\u00e4tverk som fr\u00e4mjar projekt och cirkulerande inneh\u00e5ll. Vi anordnar ocks\u00e5 ofta evenemang som erbjuder en perfekt milj\u00f6 f\u00f6r att kommunicera och dela kunskap.<\/p>\n\n\n\n<p>Vi skapar inneh\u00e5ll som f\u00e5ngar uppm\u00e4rksamhet. V\u00e5rt team av kommunikationsexperter och copywriters har erfarenhet av att skapa olika typer av textmedel: fr\u00e5n broschyrer, webbkopior och rapporter till slagord och inl\u00e4gg p\u00e5 sociala medier som sticker ut. V\u00e5ra creatives erbjuder ocks\u00e5 ett brett utbud av tj\u00e4nster inom grafisk design, r\u00f6relsedesign, fotografi, infografik och kommersiell och dokument\u00e4r videografi. <\/p>\n\n\n\n<p>Att m\u00e4ta \u00e4r att veta. Att ha en tydlig bild av kommunikationens effekter \u00e4r avg\u00f6rande f\u00f6r att f\u00f6rb\u00e4ttra dina strategier. Vi har d\u00e4rf\u00f6r alltid m\u00f6jlighet att utv\u00e4rdera v\u00e5r kommunikation. Vi vet hur webbplatsanalys och analys av sociala medier ska g\u00f6ras och vi arbetar st\u00e4ndigt med att f\u00f6rb\u00e4ttra v\u00e5ra metoder f\u00f6r att utv\u00e4rdera kommunikationen.  <\/p>\n\n\n\n<p><a rel=\"noreferrer noopener\" href=\"http:\/\/www.arctik.eu\/\" target=\"_blank\">www.arctik.eu<\/a><\/p>\n","protected":false},"excerpt":{"rendered":"<p>Expertid\u00e9er f\u00f6rtj\u00e4nar expertkommunikation. Technopolis Group \u00e4r mycket aktiv inom specialiserade [&hellip;]<\/p>\n","protected":false},"author":1,"featured_media":0,"parent":12874,"menu_order":0,"comment_status":"closed","ping_status":"closed","template":"templates\/tpl-solutions.php","meta":{"_acf_changed":false,"footnotes":""},"solution":[188],"sector":[],"class_list":["post-12882","page","type-page","status-publish","hentry","solution-communication-sv"],"acf":[],"yoast_head":"<!-- This site is optimized with the Yoast SEO plugin v27.1.1 - https:\/\/yoast.com\/product\/yoast-seo-wordpress\/ -->\n<title>Kommunikation - Technopolis Group<\/title>\n<meta name=\"robots\" content=\"index, follow, max-snippet:-1, max-image-preview:large, max-video-preview:-1\" \/>\n<link rel=\"canonical\" href=\"https:\/\/technopolis-group.com\/sv\/solutions\/communication\/\" \/>\n<meta property=\"og:locale\" content=\"sv_SE\" \/>\n<meta property=\"og:type\" content=\"article\" \/>\n<meta property=\"og:title\" content=\"Kommunikation - Technopolis Group\" \/>\n<meta property=\"og:description\" content=\"Expertid\u00e9er f\u00f6rtj\u00e4nar expertkommunikation. Technopolis Group \u00e4r mycket aktiv inom specialiserade [&hellip;]\" \/>\n<meta property=\"og:url\" content=\"https:\/\/technopolis-group.com\/sv\/solutions\/communication\/\" \/>\n<meta property=\"og:site_name\" content=\"Technopolis Group\" \/>\n<meta property=\"article:modified_time\" content=\"2020-03-03T16:06:30+00:00\" \/>\n<meta name=\"twitter:card\" content=\"summary_large_image\" \/>\n<meta name=\"twitter:label1\" content=\"Ber\u00e4knad l\u00e4stid\" \/>\n\t<meta name=\"twitter:data1\" content=\"2 minuter\" \/>\n<script type=\"application\/ld+json\" class=\"yoast-schema-graph\">{\"@context\":\"https:\/\/schema.org\",\"@graph\":[{\"@type\":\"WebPage\",\"@id\":\"https:\/\/technopolis-group.com\/sv\/solutions\/communication\/\",\"url\":\"https:\/\/technopolis-group.com\/sv\/solutions\/communication\/\",\"name\":\"Kommunikation - Technopolis Group\",\"isPartOf\":{\"@id\":\"https:\/\/technopolis-group.com\/nl\/#website\"},\"datePublished\":\"2019-11-27T15:11:40+00:00\",\"dateModified\":\"2020-03-03T16:06:30+00:00\",\"breadcrumb\":{\"@id\":\"https:\/\/technopolis-group.com\/sv\/solutions\/communication\/#breadcrumb\"},\"inLanguage\":\"sv-SE\",\"potentialAction\":[{\"@type\":\"ReadAction\",\"target\":[\"https:\/\/technopolis-group.com\/sv\/solutions\/communication\/\"]}]},{\"@type\":\"BreadcrumbList\",\"@id\":\"https:\/\/technopolis-group.com\/sv\/solutions\/communication\/#breadcrumb\",\"itemListElement\":[{\"@type\":\"ListItem\",\"position\":1,\"name\":\"Home\",\"item\":\"https:\/\/technopolis-group.com\/sv\/\"},{\"@type\":\"ListItem\",\"position\":2,\"name\":\"L\u00f6sningar\",\"item\":\"https:\/\/technopolis-group.com\/sv\/solutions\/\"},{\"@type\":\"ListItem\",\"position\":3,\"name\":\"Kommunikation\"}]},{\"@type\":\"WebSite\",\"@id\":\"https:\/\/technopolis-group.com\/nl\/#website\",\"url\":\"https:\/\/technopolis-group.com\/nl\/\",\"name\":\"Technopolis Group\",\"description\":\"Technopolis-group\",\"potentialAction\":[{\"@type\":\"SearchAction\",\"target\":{\"@type\":\"EntryPoint\",\"urlTemplate\":\"https:\/\/technopolis-group.com\/nl\/?s={search_term_string}\"},\"query-input\":{\"@type\":\"PropertyValueSpecification\",\"valueRequired\":true,\"valueName\":\"search_term_string\"}}],\"inLanguage\":\"sv-SE\"}]}<\/script>\n<!-- \/ Yoast SEO plugin. -->","yoast_head_json":{"title":"Kommunikation - Technopolis Group","robots":{"index":"index","follow":"follow","max-snippet":"max-snippet:-1","max-image-preview":"max-image-preview:large","max-video-preview":"max-video-preview:-1"},"canonical":"https:\/\/technopolis-group.com\/sv\/solutions\/communication\/","og_locale":"sv_SE","og_type":"article","og_title":"Kommunikation - Technopolis Group","og_description":"Expertid\u00e9er f\u00f6rtj\u00e4nar expertkommunikation. Technopolis Group \u00e4r mycket aktiv inom specialiserade [&hellip;]","og_url":"https:\/\/technopolis-group.com\/sv\/solutions\/communication\/","og_site_name":"Technopolis Group","article_modified_time":"2020-03-03T16:06:30+00:00","twitter_card":"summary_large_image","twitter_misc":{"Ber\u00e4knad l\u00e4stid":"2 minuter"},"schema":{"@context":"https:\/\/schema.org","@graph":[{"@type":"WebPage","@id":"https:\/\/technopolis-group.com\/sv\/solutions\/communication\/","url":"https:\/\/technopolis-group.com\/sv\/solutions\/communication\/","name":"Kommunikation - Technopolis Group","isPartOf":{"@id":"https:\/\/technopolis-group.com\/nl\/#website"},"datePublished":"2019-11-27T15:11:40+00:00","dateModified":"2020-03-03T16:06:30+00:00","breadcrumb":{"@id":"https:\/\/technopolis-group.com\/sv\/solutions\/communication\/#breadcrumb"},"inLanguage":"sv-SE","potentialAction":[{"@type":"ReadAction","target":["https:\/\/technopolis-group.com\/sv\/solutions\/communication\/"]}]},{"@type":"BreadcrumbList","@id":"https:\/\/technopolis-group.com\/sv\/solutions\/communication\/#breadcrumb","itemListElement":[{"@type":"ListItem","position":1,"name":"Home","item":"https:\/\/technopolis-group.com\/sv\/"},{"@type":"ListItem","position":2,"name":"L\u00f6sningar","item":"https:\/\/technopolis-group.com\/sv\/solutions\/"},{"@type":"ListItem","position":3,"name":"Kommunikation"}]},{"@type":"WebSite","@id":"https:\/\/technopolis-group.com\/nl\/#website","url":"https:\/\/technopolis-group.com\/nl\/","name":"Technopolis Group","description":"Technopolis-group","potentialAction":[{"@type":"SearchAction","target":{"@type":"EntryPoint","urlTemplate":"https:\/\/technopolis-group.com\/nl\/?s={search_term_string}"},"query-input":{"@type":"PropertyValueSpecification","valueRequired":true,"valueName":"search_term_string"}}],"inLanguage":"sv-SE"}]}},"publishpress_future_action":{"enabled":false,"date":"2026-05-22 00:55:18","action":"change-status","newStatus":"draft","terms":[],"taxonomy":"translation_priority","extraData":[]},"publishpress_future_workflow_manual_trigger":{"enabledWorkflows":[]},"_links":{"self":[{"href":"https:\/\/technopolis-group.com\/sv\/wp-json\/wp\/v2\/pages\/12882","targetHints":{"allow":["GET"]}}],"collection":[{"href":"https:\/\/technopolis-group.com\/sv\/wp-json\/wp\/v2\/pages"}],"about":[{"href":"https:\/\/technopolis-group.com\/sv\/wp-json\/wp\/v2\/types\/page"}],"author":[{"embeddable":true,"href":"https:\/\/technopolis-group.com\/sv\/wp-json\/wp\/v2\/users\/1"}],"replies":[{"embeddable":true,"href":"https:\/\/technopolis-group.com\/sv\/wp-json\/wp\/v2\/comments?post=12882"}],"version-history":[{"count":0,"href":"https:\/\/technopolis-group.com\/sv\/wp-json\/wp\/v2\/pages\/12882\/revisions"}],"up":[{"embeddable":true,"href":"https:\/\/technopolis-group.com\/sv\/wp-json\/wp\/v2\/pages\/12874"}],"wp:attachment":[{"href":"https:\/\/technopolis-group.com\/sv\/wp-json\/wp\/v2\/media?parent=12882"}],"wp:term":[{"taxonomy":"solution","embeddable":true,"href":"https:\/\/technopolis-group.com\/sv\/wp-json\/wp\/v2\/solution?post=12882"},{"taxonomy":"sector","embeddable":true,"href":"https:\/\/technopolis-group.com\/sv\/wp-json\/wp\/v2\/sector?post=12882"}],"curies":[{"name":"wp","href":"https:\/\/api.w.org\/{rel}","templated":true}]}}