{"id":12890,"date":"2019-11-27T15:09:46","date_gmt":"2019-11-27T15:09:46","guid":{"rendered":"https:\/\/technopolis-group.com\/solutions\/complex-multi-stakeholder-project-management-support\/"},"modified":"2020-06-24T11:52:09","modified_gmt":"2020-06-24T11:52:09","slug":"complex-multi-stakeholder-project-management-support","status":"publish","type":"page","link":"https:\/\/technopolis-group.com\/sv\/solutions\/complex-multi-stakeholder-project-management-support\/","title":{"rendered":"St\u00f6d f\u00f6r komplex projektledning"},"content":{"rendered":"\n<figure class=\"wp-block-pullquote\"><blockquote><p><span style=\"background-color: initial;\">F\u00f6r att utveckla och implementera nya och effektiva strategier, m\u00e5ste man anv\u00e4nda tidigare strategiska erfarenheter samt vara mottaglig f\u00f6r feedback. Ofta kr\u00e4ver det aktivt samarbete med olika intressenter i olika skeden och under komplexa samordningsstrukturer. Det \u00e4r d\u00e4r vi kommer in. Vi st\u00f6djer beslutsfattare och organisationer inom forskning och innovation i genomf\u00f6randet och \u00f6vervakningen av policy och strategier, underl\u00e4ttar policyl\u00e4rande samt hanterar komplexa projekt.<\/span><\/p><\/blockquote><\/figure>\n\n\n\n<p>Vi erbjuder ett brett utbud av tj\u00e4nster f\u00f6r stora eller komplexa nationella och europeiska projekt:<\/p>\n\n\n\n<ul class=\"wp-block-list\"><li>Systematisk kartl\u00e4ggning och \u00f6vervakning av strategier p\u00e5 europeisk och nationell niv\u00e5<\/li><li>Policyinl\u00e4rning<\/li><li>F\u00f6rb\u00e4ttrad utformning av politiska projekt baserat p\u00e5 praxis fr\u00e5n hela Europa<\/li><li>Samordning i genomf\u00f6randet av EU-policy<\/li><li>St\u00f6d f\u00f6r intressentengagemang <\/li><\/ul>\n\n\n\n<p>F\u00f6r att utforma och genomf\u00f6ra stora och komplexa projekt bygger v\u00e5ra metoder p\u00e5 \u00e5rtionden av erfarenhet. Vi kan utnyttja befintlig expertis i alla EU:s medlemsstater f\u00f6r att ge en grundl\u00e4ggande f\u00f6rst\u00e5else f\u00f6r EU:s politik. Vi \u00e4r ocks\u00e5 experter p\u00e5 projektledning och intressentengagemang. Vi anv\u00e4nder precisa metoder f\u00f6r att \u00f6ka engagemanget och underl\u00e4tta policykartl\u00e4ggning och \u00f6vervakning. Vi har ocks\u00e5 stor erfarenhet av att inr\u00e4tta digitala plattformar f\u00f6r kunskapsutbyte.<\/p>\n","protected":false},"excerpt":{"rendered":"<p>F\u00f6r att utveckla och implementera nya och effektiva strategier, m\u00e5ste [&hellip;]<\/p>\n","protected":false},"author":1,"featured_media":0,"parent":12874,"menu_order":0,"comment_status":"closed","ping_status":"closed","template":"templates\/tpl-solutions.php","meta":{"_acf_changed":false,"footnotes":""},"solution":[172],"sector":[],"class_list":["post-12890","page","type-page","status-publish","hentry","solution-complex-sv"],"acf":[],"yoast_head":"<!-- This site is optimized with the Yoast SEO plugin v27.1.1 - https:\/\/yoast.com\/product\/yoast-seo-wordpress\/ -->\n<title>St\u00f6d f\u00f6r komplex projektledning - Technopolis Group<\/title>\n<meta name=\"robots\" content=\"index, follow, max-snippet:-1, max-image-preview:large, max-video-preview:-1\" \/>\n<link rel=\"canonical\" href=\"https:\/\/technopolis-group.com\/sv\/solutions\/complex-multi-stakeholder-project-management-support\/\" \/>\n<meta property=\"og:locale\" content=\"sv_SE\" \/>\n<meta property=\"og:type\" content=\"article\" \/>\n<meta property=\"og:title\" content=\"St\u00f6d f\u00f6r komplex projektledning - Technopolis Group\" \/>\n<meta property=\"og:description\" content=\"F\u00f6r att utveckla och implementera nya och effektiva strategier, m\u00e5ste [&hellip;]\" \/>\n<meta property=\"og:url\" content=\"https:\/\/technopolis-group.com\/sv\/solutions\/complex-multi-stakeholder-project-management-support\/\" \/>\n<meta property=\"og:site_name\" content=\"Technopolis Group\" \/>\n<meta property=\"article:modified_time\" content=\"2020-06-24T11:52:09+00:00\" \/>\n<meta name=\"twitter:card\" content=\"summary_large_image\" \/>\n<meta name=\"twitter:label1\" content=\"Ber\u00e4knad l\u00e4stid\" \/>\n\t<meta name=\"twitter:data1\" content=\"1 minut\" \/>\n<script type=\"application\/ld+json\" class=\"yoast-schema-graph\">{\"@context\":\"https:\/\/schema.org\",\"@graph\":[{\"@type\":\"WebPage\",\"@id\":\"https:\/\/technopolis-group.com\/sv\/solutions\/complex-multi-stakeholder-project-management-support\/\",\"url\":\"https:\/\/technopolis-group.com\/sv\/solutions\/complex-multi-stakeholder-project-management-support\/\",\"name\":\"St\u00f6d f\u00f6r komplex projektledning - Technopolis Group\",\"isPartOf\":{\"@id\":\"https:\/\/technopolis-group.com\/nl\/#website\"},\"datePublished\":\"2019-11-27T15:09:46+00:00\",\"dateModified\":\"2020-06-24T11:52:09+00:00\",\"breadcrumb\":{\"@id\":\"https:\/\/technopolis-group.com\/sv\/solutions\/complex-multi-stakeholder-project-management-support\/#breadcrumb\"},\"inLanguage\":\"sv-SE\",\"potentialAction\":[{\"@type\":\"ReadAction\",\"target\":[\"https:\/\/technopolis-group.com\/sv\/solutions\/complex-multi-stakeholder-project-management-support\/\"]}]},{\"@type\":\"BreadcrumbList\",\"@id\":\"https:\/\/technopolis-group.com\/sv\/solutions\/complex-multi-stakeholder-project-management-support\/#breadcrumb\",\"itemListElement\":[{\"@type\":\"ListItem\",\"position\":1,\"name\":\"Home\",\"item\":\"https:\/\/technopolis-group.com\/sv\/\"},{\"@type\":\"ListItem\",\"position\":2,\"name\":\"L\u00f6sningar\",\"item\":\"https:\/\/technopolis-group.com\/sv\/solutions\/\"},{\"@type\":\"ListItem\",\"position\":3,\"name\":\"St\u00f6d f\u00f6r komplex projektledning\"}]},{\"@type\":\"WebSite\",\"@id\":\"https:\/\/technopolis-group.com\/nl\/#website\",\"url\":\"https:\/\/technopolis-group.com\/nl\/\",\"name\":\"Technopolis Group\",\"description\":\"Technopolis-group\",\"potentialAction\":[{\"@type\":\"SearchAction\",\"target\":{\"@type\":\"EntryPoint\",\"urlTemplate\":\"https:\/\/technopolis-group.com\/nl\/?s={search_term_string}\"},\"query-input\":{\"@type\":\"PropertyValueSpecification\",\"valueRequired\":true,\"valueName\":\"search_term_string\"}}],\"inLanguage\":\"sv-SE\"}]}<\/script>\n<!-- \/ Yoast SEO plugin. -->","yoast_head_json":{"title":"St\u00f6d f\u00f6r komplex projektledning - Technopolis Group","robots":{"index":"index","follow":"follow","max-snippet":"max-snippet:-1","max-image-preview":"max-image-preview:large","max-video-preview":"max-video-preview:-1"},"canonical":"https:\/\/technopolis-group.com\/sv\/solutions\/complex-multi-stakeholder-project-management-support\/","og_locale":"sv_SE","og_type":"article","og_title":"St\u00f6d f\u00f6r komplex projektledning - Technopolis Group","og_description":"F\u00f6r att utveckla och implementera nya och effektiva strategier, m\u00e5ste [&hellip;]","og_url":"https:\/\/technopolis-group.com\/sv\/solutions\/complex-multi-stakeholder-project-management-support\/","og_site_name":"Technopolis Group","article_modified_time":"2020-06-24T11:52:09+00:00","twitter_card":"summary_large_image","twitter_misc":{"Ber\u00e4knad l\u00e4stid":"1 minut"},"schema":{"@context":"https:\/\/schema.org","@graph":[{"@type":"WebPage","@id":"https:\/\/technopolis-group.com\/sv\/solutions\/complex-multi-stakeholder-project-management-support\/","url":"https:\/\/technopolis-group.com\/sv\/solutions\/complex-multi-stakeholder-project-management-support\/","name":"St\u00f6d f\u00f6r komplex projektledning - Technopolis Group","isPartOf":{"@id":"https:\/\/technopolis-group.com\/nl\/#website"},"datePublished":"2019-11-27T15:09:46+00:00","dateModified":"2020-06-24T11:52:09+00:00","breadcrumb":{"@id":"https:\/\/technopolis-group.com\/sv\/solutions\/complex-multi-stakeholder-project-management-support\/#breadcrumb"},"inLanguage":"sv-SE","potentialAction":[{"@type":"ReadAction","target":["https:\/\/technopolis-group.com\/sv\/solutions\/complex-multi-stakeholder-project-management-support\/"]}]},{"@type":"BreadcrumbList","@id":"https:\/\/technopolis-group.com\/sv\/solutions\/complex-multi-stakeholder-project-management-support\/#breadcrumb","itemListElement":[{"@type":"ListItem","position":1,"name":"Home","item":"https:\/\/technopolis-group.com\/sv\/"},{"@type":"ListItem","position":2,"name":"L\u00f6sningar","item":"https:\/\/technopolis-group.com\/sv\/solutions\/"},{"@type":"ListItem","position":3,"name":"St\u00f6d f\u00f6r komplex projektledning"}]},{"@type":"WebSite","@id":"https:\/\/technopolis-group.com\/nl\/#website","url":"https:\/\/technopolis-group.com\/nl\/","name":"Technopolis Group","description":"Technopolis-group","potentialAction":[{"@type":"SearchAction","target":{"@type":"EntryPoint","urlTemplate":"https:\/\/technopolis-group.com\/nl\/?s={search_term_string}"},"query-input":{"@type":"PropertyValueSpecification","valueRequired":true,"valueName":"search_term_string"}}],"inLanguage":"sv-SE"}]}},"publishpress_future_action":{"enabled":false,"date":"2026-05-02 11:09:03","action":"change-status","newStatus":"draft","terms":[],"taxonomy":"translation_priority","extraData":[]},"publishpress_future_workflow_manual_trigger":{"enabledWorkflows":[]},"_links":{"self":[{"href":"https:\/\/technopolis-group.com\/sv\/wp-json\/wp\/v2\/pages\/12890","targetHints":{"allow":["GET"]}}],"collection":[{"href":"https:\/\/technopolis-group.com\/sv\/wp-json\/wp\/v2\/pages"}],"about":[{"href":"https:\/\/technopolis-group.com\/sv\/wp-json\/wp\/v2\/types\/page"}],"author":[{"embeddable":true,"href":"https:\/\/technopolis-group.com\/sv\/wp-json\/wp\/v2\/users\/1"}],"replies":[{"embeddable":true,"href":"https:\/\/technopolis-group.com\/sv\/wp-json\/wp\/v2\/comments?post=12890"}],"version-history":[{"count":0,"href":"https:\/\/technopolis-group.com\/sv\/wp-json\/wp\/v2\/pages\/12890\/revisions"}],"up":[{"embeddable":true,"href":"https:\/\/technopolis-group.com\/sv\/wp-json\/wp\/v2\/pages\/12874"}],"wp:attachment":[{"href":"https:\/\/technopolis-group.com\/sv\/wp-json\/wp\/v2\/media?parent=12890"}],"wp:term":[{"taxonomy":"solution","embeddable":true,"href":"https:\/\/technopolis-group.com\/sv\/wp-json\/wp\/v2\/solution?post=12890"},{"taxonomy":"sector","embeddable":true,"href":"https:\/\/technopolis-group.com\/sv\/wp-json\/wp\/v2\/sector?post=12890"}],"curies":[{"name":"wp","href":"https:\/\/api.w.org\/{rel}","templated":true}]}}