{"id":12898,"date":"2019-11-27T15:11:13","date_gmt":"2019-11-27T15:11:13","guid":{"rendered":"https:\/\/technopolis-group.com\/solutions\/data-analytics\/"},"modified":"2025-03-17T16:06:06","modified_gmt":"2025-03-17T16:06:06","slug":"data-science","status":"publish","type":"page","link":"https:\/\/technopolis-group.com\/sv\/solutions\/data-science\/","title":{"rendered":"Datavetenskap"},"content":{"rendered":"\n<figure class=\"wp-block-pullquote\"><blockquote><p><span style=\"background-color: initial;\"><strong><em>Skapa datadrivna insikter och f\u00f6rtroende f\u00f6r den offentliga politiken.<\/em><\/strong><\/span><br><span style=\"background-color: initial;\"><strong><em><br>Datavetenskapliga till\u00e4mpningar h\u00e5ller p\u00e5 att f\u00f6r\u00e4ndra v\u00e5r v\u00e4rld och drastiskt omdefiniera v\u00e5rt s\u00e4tt att leva. Potentialen i dessa verktyg \u00e4r enorm, men det \u00e4r ocks\u00e5 riskerna &#8211; s\u00e4rskilt n\u00e4r de till\u00e4mpas slarvigt i offentliga sammanhang.\u202fAtt integrera dem i den offentliga politiken \u00e4r beroende av en k\u00e4nslig balans mellan st\u00f6rningar och etiska \u00f6verv\u00e4ganden, vilket kr\u00e4ver en unik kombination av teknisk, juridisk och politisk kunskap. P\u00e5 Technopolis Group har vi \u00e5tagit oss att leda denna resa.<\/em><\/strong><\/span><\/p><\/blockquote><\/figure>\n\n\n\n<p>Framstegen inom datavetenskap omformar varje aspekt av v\u00e5ra liv. Fr\u00e5n att revolutionera sjukv\u00e5rdsdiagnostik och individanpassa utbildning till att omvandla finansiella kreditbed\u00f6mningssystem och bredda omfattningen av s\u00e4kerhets- och \u00f6vervakningsteknik, omformar dessa innovationer sj\u00e4lva samh\u00e4llsstrukturen och f\u00f6r\u00e4ndrar hur vi kommunicerar, lever och bygger f\u00f6rtroende i en alltmer datadriven v\u00e4rld. \u00c4ven om deras inverkan \u00e4r djupg\u00e5ende och obestridlig, beror deras sociala resultat &#8211; gynnsamma eller skadliga &#8211; p\u00e5 hur vi implementerar dem. Den offentliga politiken f\u00e5r inte hamna p\u00e5 efterk\u00e4lken n\u00e4r det g\u00e4ller att utnyttja dessa framsteg och samtidigt ta ledningen n\u00e4r det g\u00e4ller att s\u00e4kerst\u00e4lla en ansvarsfull och etisk anv\u00e4ndning av dem.<\/p>\n\n\n\n<p>P\u00e5 Technopolis \u00e4r v\u00e5r Data Science Unit dedikerad till att utnyttja datavetenskapens kraft f\u00f6r att informera evidensbaserat beslutsfattande. V\u00e5rt team best\u00e5r av olika profiler med bakgrunder som str\u00e4cker sig fr\u00e5n ekonomi, psykologi och f\u00f6rvaltningsvetenskap till astrofysik, teknik och datavetenskap &#8211; sammanf\u00f6rda f\u00f6r att utveckla datavetenskapliga applikationer f\u00f6r offentlig politik. F\u00f6r v\u00e5r enhet \u00e4r det mindre viktigt att utveckla (\u00f6ver)sofistikerade verktyg f\u00f6r beslutsfattande \u00e4n ett f\u00f6rklarligt, robust och m\u00e4nniskocentrerat tillv\u00e4gag\u00e5ngss\u00e4tt. V\u00e5ra tematiska prioriteringar och forskningsprioriteringar inkluderar att t\u00e4mja anv\u00e4ndningen av generativ AI i offentlig politik, kausal artificiell intelligens och policyindikatorer i realtid genom att utveckla verktyg f\u00f6r horisontskanning och storskalig datal\u00e4nkning. Vi arbetar dock inom alla traditionella omr\u00e5den av datavetenskap, inklusive maskininl\u00e4rning, webbskrapning, instrumentpaneler, webbappar och databashantering.<\/p>\n\n\n\n<h2 class=\"wp-block-heading\">Tv\u00e5 interna verktyg<\/h2>\n\n\n\n<p>Teamet utvecklade tv\u00e5 interna produkter f\u00f6r allm\u00e4nna \u00e4ndam\u00e5l: Technopolis AI Policy Concierge (AIPC) och Science &amp; Technology (S&amp;T) Data Ocean.<\/p>\n\n\n\n<p>AIPC \u00e4r v\u00e5r interna plattform f\u00f6r att distribuera ansvarsfull generativ AI i stor skala och avst\u00e4md f\u00f6r politiska insikter. Det g\u00f6r det m\u00f6jligt f\u00f6r v\u00e5ra kollegor och kunder att tala med projektdata och driva politiska insikter i en aldrig tidigare sk\u00e5dad skala och hastighet. Plattformen tar h\u00e4nsyn till krav p\u00e5 datas\u00e4kerhet, integritet och territoriell datajurisdiktion, fr\u00e4mjar generering av f\u00f6rklarliga resultat och m\u00f6jligg\u00f6r korsvalideringsprocesser med m\u00e4nniskor i loop.<\/p>\n\n\n\n<p>S&amp;T Data Ocean \u00e4r en intern arkitektur av l\u00e4nkade data som g\u00f6r det m\u00f6jligt f\u00f6r v\u00e5ra konsulter att bed\u00f6ma den vetenskapliga, ekonomiska och sociala effekten av vetenskap och teknik. Systemet l\u00e4nkar 10+ stora datak\u00e4llor som berikas av flera webbskrapade data och en blandning av konventionella och okonventionella kvantitativa indikatorer baserade p\u00e5 text och generativ AI.<\/p>\n\n\n\n<hr class=\"wp-block-separator has-alpha-channel-opacity\"\/>\n\n\n\n<p>F\u00f6r mer information, v\u00e4nligen kontakta\u00a0<a href=\"https:\/\/www.technopolis-group.com\/es\/expert\/diogo-machado\/\" target=\"_blank\" rel=\"noreferrer noopener\">Diogo Machado<\/a>, chef f\u00f6r Data Science Unit.<\/p>\n\n\n\n<h2 class=\"wp-block-heading\">Vem vi arbetar f\u00f6r och med<\/h2>\n\n\n\n<p>DSU:s huvudkunder \u00e4r Europeiska kommissionen (t.ex. GD RTD, GD Grow, GD Regio, GD Sante och GD CNECT), European Cooperation in Science and Technology (COST), UK Research and Innovation (UKRI), Nederl\u00e4ndernas forskningsr\u00e5d (NWO) och medicinska r\u00e5d (Zonmw), \u00d6sterrikes vetenskapsfond (FWF), Norges forskningsr\u00e5d (RCN), Portugals stiftelse f\u00f6r vetenskap och teknik (FCT), Tysklands federala utbildnings- och forskningsministerium (BMBF) och Frankrikes kulturministerium (Minist\u00e8re de la culture).<\/p>\n","protected":false},"excerpt":{"rendered":"<p>Skapa datadrivna insikter och f\u00f6rtroende f\u00f6r den offentliga politiken.Datavetenskapliga till\u00e4mpningar [&hellip;]<\/p>\n","protected":false},"author":1,"featured_media":0,"parent":12874,"menu_order":0,"comment_status":"closed","ping_status":"closed","template":"templates\/tpl-sectors.php","meta":{"_acf_changed":false,"footnotes":""},"solution":[156],"sector":[],"class_list":["post-12898","page","type-page","status-publish","hentry","solution-data-analytics-sv"],"acf":[],"yoast_head":"<!-- This site is optimized with the Yoast SEO plugin v27.1.1 - https:\/\/yoast.com\/product\/yoast-seo-wordpress\/ -->\n<title>Datavetenskap - Technopolis Group<\/title>\n<meta name=\"robots\" content=\"index, follow, max-snippet:-1, max-image-preview:large, max-video-preview:-1\" \/>\n<link rel=\"canonical\" href=\"https:\/\/technopolis-group.com\/sv\/solutions\/data-science\/\" \/>\n<meta property=\"og:locale\" content=\"sv_SE\" \/>\n<meta property=\"og:type\" content=\"article\" \/>\n<meta property=\"og:title\" content=\"Datavetenskap - Technopolis Group\" \/>\n<meta property=\"og:description\" content=\"Skapa datadrivna insikter och f\u00f6rtroende f\u00f6r den offentliga politiken.Datavetenskapliga till\u00e4mpningar [&hellip;]\" \/>\n<meta property=\"og:url\" content=\"https:\/\/technopolis-group.com\/sv\/solutions\/data-science\/\" \/>\n<meta property=\"og:site_name\" content=\"Technopolis Group\" \/>\n<meta property=\"article:modified_time\" content=\"2025-03-17T16:06:06+00:00\" \/>\n<meta name=\"twitter:card\" content=\"summary_large_image\" \/>\n<meta name=\"twitter:label1\" content=\"Ber\u00e4knad l\u00e4stid\" \/>\n\t<meta name=\"twitter:data1\" content=\"3 minuter\" \/>\n<script type=\"application\/ld+json\" class=\"yoast-schema-graph\">{\"@context\":\"https:\/\/schema.org\",\"@graph\":[{\"@type\":\"WebPage\",\"@id\":\"https:\/\/technopolis-group.com\/sv\/solutions\/data-science\/\",\"url\":\"https:\/\/technopolis-group.com\/sv\/solutions\/data-science\/\",\"name\":\"Datavetenskap - Technopolis Group\",\"isPartOf\":{\"@id\":\"https:\/\/technopolis-group.com\/nl\/#website\"},\"datePublished\":\"2019-11-27T15:11:13+00:00\",\"dateModified\":\"2025-03-17T16:06:06+00:00\",\"breadcrumb\":{\"@id\":\"https:\/\/technopolis-group.com\/sv\/solutions\/data-science\/#breadcrumb\"},\"inLanguage\":\"sv-SE\",\"potentialAction\":[{\"@type\":\"ReadAction\",\"target\":[\"https:\/\/technopolis-group.com\/sv\/solutions\/data-science\/\"]}]},{\"@type\":\"BreadcrumbList\",\"@id\":\"https:\/\/technopolis-group.com\/sv\/solutions\/data-science\/#breadcrumb\",\"itemListElement\":[{\"@type\":\"ListItem\",\"position\":1,\"name\":\"Home\",\"item\":\"https:\/\/technopolis-group.com\/sv\/\"},{\"@type\":\"ListItem\",\"position\":2,\"name\":\"L\u00f6sningar\",\"item\":\"https:\/\/technopolis-group.com\/sv\/solutions\/\"},{\"@type\":\"ListItem\",\"position\":3,\"name\":\"Datavetenskap\"}]},{\"@type\":\"WebSite\",\"@id\":\"https:\/\/technopolis-group.com\/nl\/#website\",\"url\":\"https:\/\/technopolis-group.com\/nl\/\",\"name\":\"Technopolis Group\",\"description\":\"Technopolis-group\",\"potentialAction\":[{\"@type\":\"SearchAction\",\"target\":{\"@type\":\"EntryPoint\",\"urlTemplate\":\"https:\/\/technopolis-group.com\/nl\/?s={search_term_string}\"},\"query-input\":{\"@type\":\"PropertyValueSpecification\",\"valueRequired\":true,\"valueName\":\"search_term_string\"}}],\"inLanguage\":\"sv-SE\"}]}<\/script>\n<!-- \/ Yoast SEO plugin. -->","yoast_head_json":{"title":"Datavetenskap - Technopolis Group","robots":{"index":"index","follow":"follow","max-snippet":"max-snippet:-1","max-image-preview":"max-image-preview:large","max-video-preview":"max-video-preview:-1"},"canonical":"https:\/\/technopolis-group.com\/sv\/solutions\/data-science\/","og_locale":"sv_SE","og_type":"article","og_title":"Datavetenskap - Technopolis Group","og_description":"Skapa datadrivna insikter och f\u00f6rtroende f\u00f6r den offentliga politiken.Datavetenskapliga till\u00e4mpningar [&hellip;]","og_url":"https:\/\/technopolis-group.com\/sv\/solutions\/data-science\/","og_site_name":"Technopolis Group","article_modified_time":"2025-03-17T16:06:06+00:00","twitter_card":"summary_large_image","twitter_misc":{"Ber\u00e4knad l\u00e4stid":"3 minuter"},"schema":{"@context":"https:\/\/schema.org","@graph":[{"@type":"WebPage","@id":"https:\/\/technopolis-group.com\/sv\/solutions\/data-science\/","url":"https:\/\/technopolis-group.com\/sv\/solutions\/data-science\/","name":"Datavetenskap - Technopolis Group","isPartOf":{"@id":"https:\/\/technopolis-group.com\/nl\/#website"},"datePublished":"2019-11-27T15:11:13+00:00","dateModified":"2025-03-17T16:06:06+00:00","breadcrumb":{"@id":"https:\/\/technopolis-group.com\/sv\/solutions\/data-science\/#breadcrumb"},"inLanguage":"sv-SE","potentialAction":[{"@type":"ReadAction","target":["https:\/\/technopolis-group.com\/sv\/solutions\/data-science\/"]}]},{"@type":"BreadcrumbList","@id":"https:\/\/technopolis-group.com\/sv\/solutions\/data-science\/#breadcrumb","itemListElement":[{"@type":"ListItem","position":1,"name":"Home","item":"https:\/\/technopolis-group.com\/sv\/"},{"@type":"ListItem","position":2,"name":"L\u00f6sningar","item":"https:\/\/technopolis-group.com\/sv\/solutions\/"},{"@type":"ListItem","position":3,"name":"Datavetenskap"}]},{"@type":"WebSite","@id":"https:\/\/technopolis-group.com\/nl\/#website","url":"https:\/\/technopolis-group.com\/nl\/","name":"Technopolis Group","description":"Technopolis-group","potentialAction":[{"@type":"SearchAction","target":{"@type":"EntryPoint","urlTemplate":"https:\/\/technopolis-group.com\/nl\/?s={search_term_string}"},"query-input":{"@type":"PropertyValueSpecification","valueRequired":true,"valueName":"search_term_string"}}],"inLanguage":"sv-SE"}]}},"publishpress_future_action":{"enabled":false,"date":"2026-04-13 00:58:15","action":"change-status","newStatus":"draft","terms":[],"taxonomy":"translation_priority","extraData":[]},"publishpress_future_workflow_manual_trigger":{"enabledWorkflows":[]},"_links":{"self":[{"href":"https:\/\/technopolis-group.com\/sv\/wp-json\/wp\/v2\/pages\/12898","targetHints":{"allow":["GET"]}}],"collection":[{"href":"https:\/\/technopolis-group.com\/sv\/wp-json\/wp\/v2\/pages"}],"about":[{"href":"https:\/\/technopolis-group.com\/sv\/wp-json\/wp\/v2\/types\/page"}],"author":[{"embeddable":true,"href":"https:\/\/technopolis-group.com\/sv\/wp-json\/wp\/v2\/users\/1"}],"replies":[{"embeddable":true,"href":"https:\/\/technopolis-group.com\/sv\/wp-json\/wp\/v2\/comments?post=12898"}],"version-history":[{"count":4,"href":"https:\/\/technopolis-group.com\/sv\/wp-json\/wp\/v2\/pages\/12898\/revisions"}],"predecessor-version":[{"id":59835,"href":"https:\/\/technopolis-group.com\/sv\/wp-json\/wp\/v2\/pages\/12898\/revisions\/59835"}],"up":[{"embeddable":true,"href":"https:\/\/technopolis-group.com\/sv\/wp-json\/wp\/v2\/pages\/12874"}],"wp:attachment":[{"href":"https:\/\/technopolis-group.com\/sv\/wp-json\/wp\/v2\/media?parent=12898"}],"wp:term":[{"taxonomy":"solution","embeddable":true,"href":"https:\/\/technopolis-group.com\/sv\/wp-json\/wp\/v2\/solution?post=12898"},{"taxonomy":"sector","embeddable":true,"href":"https:\/\/technopolis-group.com\/sv\/wp-json\/wp\/v2\/sector?post=12898"}],"curies":[{"name":"wp","href":"https:\/\/api.w.org\/{rel}","templated":true}]}}