{"id":12906,"date":"2019-11-27T15:08:27","date_gmt":"2019-11-27T15:08:27","guid":{"rendered":"https:\/\/technopolis-group.com\/solutions\/evaluation-impact-assessment\/"},"modified":"2025-03-05T10:56:45","modified_gmt":"2025-03-05T10:56:45","slug":"evaluation-impact-assessment","status":"publish","type":"page","link":"https:\/\/technopolis-group.com\/sv\/solutions\/evaluation-impact-assessment\/","title":{"rendered":"Utv\u00e4rdering och konsekvensanalys"},"content":{"rendered":"\n<figure class=\"wp-block-pullquote\"><blockquote><p><span style=\"background-color: initial;\">Technopolis Group har en imponerande meritlista av utv\u00e4rdering- och konsekvensbed\u00f6mningar. V\u00e5ra kunder, varav EU-institutioner, regionala och nationella beslutsfattare, internationella institutioner och donatorer \u00e4r n\u00e5gra av dem, har under de senaste 30 \u00e5ren f\u00f6rlitat sig p\u00e5 v\u00e5ra h\u00f6gkvalitativa utv\u00e4rderingar och konsekvensanalyser, s\u00e4rskilt inom vetenskapsomr\u00e5det och innovationspolitik.&nbsp; <\/span><\/p><\/blockquote><\/figure>\n\n\n\n<p>Vi har d\u00e4rf\u00f6r kompetens inom ett brett spektrum av utv\u00e4rderingsaktiviteter genom hela policycyklen.<\/p>\n\n\n\n<ul class=\"wp-block-list\">\n<li>Traditionella och storskaliga komplexa program<\/li>\n\n\n\n<li>Policy och styrning<\/li>\n\n\n\n<li>Finansieringsinstrument och andra typer av politiska insatser<\/li>\n\n\n\n<li>Utv\u00e4rdering av forsknings- och innovationsfinansieringsorganisationer samt forskningsut\u00f6vare s\u00e5som universitet och forskningsinstitut<\/li>\n\n\n\n<li>Granskning av nationella och regionala forsknings- och innovationssystem<\/li>\n<\/ul>\n\n\n\n<p>P\u00e5 basis av utv\u00e4rderingsresultaten f\u00f6rels\u00e5r vi f\u00f6r\u00e4ndringar av program, policy och organisationer. Vi hj\u00e4lper till att bygga och inr\u00e4tta bredare uppf\u00f6ljnings- och utv\u00e4rderingsramar och definierar de l\u00e4mpligaste indikatorerna. Vi delar ocks\u00e5 v\u00e5r erfarenhet genom att tillhandah\u00e5lla uppl\u00e4rning av utv\u00e4rdering till beslutsfattare och praktiker. <\/p>\n\n\n\n<p>Alla insatser har unika egenskaper. D\u00e4rf\u00f6r tror vi inte p\u00e5 f\u00e4rdigf\u00f6rpackade l\u00f6sningar, utan ist\u00e4llet utvecklar vi skr\u00e4ddarsydda metoder f\u00f6r att matcha de specifika behov som v\u00e5ra best\u00e4llare har. Vi tillhandah\u00e5ller evidensbaserade resultat och rekommendationer f\u00f6r att hj\u00e4lpa beslutsfattare att fatta v\u00e4lgrundade beslut i fr\u00e5gor som \u00e4r viktiga. De metoder vi anv\u00e4nder \u00e4r:<\/p>\n\n\n\n<ul class=\"wp-block-list\">\n<li>Utv\u00e4rderingsmetoder\n<ul class=\"wp-block-list\">\n<li>Konsekvensbed\u00f6mning och scenariouppbyggnad <\/li>\n\n\n\n<li>Teoribaserade utv\u00e4rderingsmetoder och bidragsanalys<\/li>\n\n\n\n<li>Kartl\u00e4ggning av regelverk <\/li>\n\n\n\n<li>Urvalsstrategier <\/li>\n\n\n\n<li>Utformning och genomf\u00f6rande av unders\u00f6kningarbehov<\/li>\n\n\n\n<li>R\u00e5dgivning f\u00f6r behovs\u00e4gare  <\/li>\n\n\n\n<li>Expertpaneler, workshops och referensgrupper <\/li>\n\n\n\n<li>Komparativa analyser och benchmarking   <\/li>\n\n\n\n<li>Bibliometri   <\/li>\n\n\n\n<li>Patentanalys<\/li>\n<\/ul>\n<\/li>\n\n\n\n<li>Ekonomiska analysmetoder\n<ul class=\"wp-block-list\">\n<li>Ekonometrisk analys <\/li>\n\n\n\n<li>Kontrafaktiska metoder f\u00f6r konsekvensbed\u00f6mning (experimentella och kvasiexperimentella)<\/li>\n\n\n\n<li>Kostnads-nyttoanalys<\/li>\n<\/ul>\n<\/li>\n\n\n\n<li><a href=\"https:\/\/technopolis-group.com\/sv\/solutions\/data-science\/\">Datavetenskapliga metoder<\/a>\n<ul class=\"wp-block-list\">\n<li>Big data-metoder, inklusive data- och text mining<\/li>\n\n\n\n<li>Semantisk analys och tekniker f\u00f6r kvalitativ dataanalys och tolkning<\/li>\n\n\n\n<li>Altmetri och analys av sociala medier <\/li>\n<\/ul>\n<\/li>\n<\/ul>\n","protected":false},"excerpt":{"rendered":"<p>Technopolis Group har en imponerande meritlista av utv\u00e4rdering- och konsekvensbed\u00f6mningar. [&hellip;]<\/p>\n","protected":false},"author":1,"featured_media":0,"parent":12874,"menu_order":0,"comment_status":"closed","ping_status":"closed","template":"templates\/tpl-solutions.php","meta":{"_acf_changed":false,"footnotes":""},"solution":[147],"sector":[],"class_list":["post-12906","page","type-page","status-publish","hentry","solution-evaluation-sv"],"acf":[],"yoast_head":"<!-- This site is optimized with the Yoast SEO plugin v27.1.1 - https:\/\/yoast.com\/product\/yoast-seo-wordpress\/ -->\n<title>Utv\u00e4rdering och konsekvensanalys - Technopolis Group<\/title>\n<meta name=\"robots\" content=\"index, follow, max-snippet:-1, max-image-preview:large, max-video-preview:-1\" \/>\n<link rel=\"canonical\" href=\"https:\/\/technopolis-group.com\/sv\/solutions\/evaluation-impact-assessment\/\" \/>\n<meta property=\"og:locale\" content=\"sv_SE\" \/>\n<meta property=\"og:type\" content=\"article\" \/>\n<meta property=\"og:title\" content=\"Utv\u00e4rdering och konsekvensanalys - Technopolis Group\" \/>\n<meta property=\"og:description\" content=\"Technopolis Group har en imponerande meritlista av utv\u00e4rdering- och konsekvensbed\u00f6mningar. [&hellip;]\" \/>\n<meta property=\"og:url\" content=\"https:\/\/technopolis-group.com\/sv\/solutions\/evaluation-impact-assessment\/\" \/>\n<meta property=\"og:site_name\" content=\"Technopolis Group\" \/>\n<meta property=\"article:modified_time\" content=\"2025-03-05T10:56:45+00:00\" \/>\n<meta name=\"twitter:card\" content=\"summary_large_image\" \/>\n<meta name=\"twitter:label1\" content=\"Ber\u00e4knad l\u00e4stid\" \/>\n\t<meta name=\"twitter:data1\" content=\"2 minuter\" \/>\n<script type=\"application\/ld+json\" class=\"yoast-schema-graph\">{\"@context\":\"https:\/\/schema.org\",\"@graph\":[{\"@type\":\"WebPage\",\"@id\":\"https:\/\/technopolis-group.com\/sv\/solutions\/evaluation-impact-assessment\/\",\"url\":\"https:\/\/technopolis-group.com\/sv\/solutions\/evaluation-impact-assessment\/\",\"name\":\"Utv\u00e4rdering och konsekvensanalys - Technopolis Group\",\"isPartOf\":{\"@id\":\"https:\/\/technopolis-group.com\/nl\/#website\"},\"datePublished\":\"2019-11-27T15:08:27+00:00\",\"dateModified\":\"2025-03-05T10:56:45+00:00\",\"breadcrumb\":{\"@id\":\"https:\/\/technopolis-group.com\/sv\/solutions\/evaluation-impact-assessment\/#breadcrumb\"},\"inLanguage\":\"sv-SE\",\"potentialAction\":[{\"@type\":\"ReadAction\",\"target\":[\"https:\/\/technopolis-group.com\/sv\/solutions\/evaluation-impact-assessment\/\"]}]},{\"@type\":\"BreadcrumbList\",\"@id\":\"https:\/\/technopolis-group.com\/sv\/solutions\/evaluation-impact-assessment\/#breadcrumb\",\"itemListElement\":[{\"@type\":\"ListItem\",\"position\":1,\"name\":\"Home\",\"item\":\"https:\/\/technopolis-group.com\/sv\/\"},{\"@type\":\"ListItem\",\"position\":2,\"name\":\"L\u00f6sningar\",\"item\":\"https:\/\/technopolis-group.com\/sv\/solutions\/\"},{\"@type\":\"ListItem\",\"position\":3,\"name\":\"Utv\u00e4rdering och konsekvensanalys\"}]},{\"@type\":\"WebSite\",\"@id\":\"https:\/\/technopolis-group.com\/nl\/#website\",\"url\":\"https:\/\/technopolis-group.com\/nl\/\",\"name\":\"Technopolis Group\",\"description\":\"Technopolis-group\",\"potentialAction\":[{\"@type\":\"SearchAction\",\"target\":{\"@type\":\"EntryPoint\",\"urlTemplate\":\"https:\/\/technopolis-group.com\/nl\/?s={search_term_string}\"},\"query-input\":{\"@type\":\"PropertyValueSpecification\",\"valueRequired\":true,\"valueName\":\"search_term_string\"}}],\"inLanguage\":\"sv-SE\"}]}<\/script>\n<!-- \/ Yoast SEO plugin. -->","yoast_head_json":{"title":"Utv\u00e4rdering och konsekvensanalys - Technopolis Group","robots":{"index":"index","follow":"follow","max-snippet":"max-snippet:-1","max-image-preview":"max-image-preview:large","max-video-preview":"max-video-preview:-1"},"canonical":"https:\/\/technopolis-group.com\/sv\/solutions\/evaluation-impact-assessment\/","og_locale":"sv_SE","og_type":"article","og_title":"Utv\u00e4rdering och konsekvensanalys - Technopolis Group","og_description":"Technopolis Group har en imponerande meritlista av utv\u00e4rdering- och konsekvensbed\u00f6mningar. [&hellip;]","og_url":"https:\/\/technopolis-group.com\/sv\/solutions\/evaluation-impact-assessment\/","og_site_name":"Technopolis Group","article_modified_time":"2025-03-05T10:56:45+00:00","twitter_card":"summary_large_image","twitter_misc":{"Ber\u00e4knad l\u00e4stid":"2 minuter"},"schema":{"@context":"https:\/\/schema.org","@graph":[{"@type":"WebPage","@id":"https:\/\/technopolis-group.com\/sv\/solutions\/evaluation-impact-assessment\/","url":"https:\/\/technopolis-group.com\/sv\/solutions\/evaluation-impact-assessment\/","name":"Utv\u00e4rdering och konsekvensanalys - Technopolis Group","isPartOf":{"@id":"https:\/\/technopolis-group.com\/nl\/#website"},"datePublished":"2019-11-27T15:08:27+00:00","dateModified":"2025-03-05T10:56:45+00:00","breadcrumb":{"@id":"https:\/\/technopolis-group.com\/sv\/solutions\/evaluation-impact-assessment\/#breadcrumb"},"inLanguage":"sv-SE","potentialAction":[{"@type":"ReadAction","target":["https:\/\/technopolis-group.com\/sv\/solutions\/evaluation-impact-assessment\/"]}]},{"@type":"BreadcrumbList","@id":"https:\/\/technopolis-group.com\/sv\/solutions\/evaluation-impact-assessment\/#breadcrumb","itemListElement":[{"@type":"ListItem","position":1,"name":"Home","item":"https:\/\/technopolis-group.com\/sv\/"},{"@type":"ListItem","position":2,"name":"L\u00f6sningar","item":"https:\/\/technopolis-group.com\/sv\/solutions\/"},{"@type":"ListItem","position":3,"name":"Utv\u00e4rdering och konsekvensanalys"}]},{"@type":"WebSite","@id":"https:\/\/technopolis-group.com\/nl\/#website","url":"https:\/\/technopolis-group.com\/nl\/","name":"Technopolis Group","description":"Technopolis-group","potentialAction":[{"@type":"SearchAction","target":{"@type":"EntryPoint","urlTemplate":"https:\/\/technopolis-group.com\/nl\/?s={search_term_string}"},"query-input":{"@type":"PropertyValueSpecification","valueRequired":true,"valueName":"search_term_string"}}],"inLanguage":"sv-SE"}]}},"publishpress_future_action":{"enabled":false,"date":"2026-04-21 14:09:09","action":"change-status","newStatus":"draft","terms":[],"taxonomy":"translation_priority","extraData":[]},"publishpress_future_workflow_manual_trigger":{"enabledWorkflows":[]},"_links":{"self":[{"href":"https:\/\/technopolis-group.com\/sv\/wp-json\/wp\/v2\/pages\/12906","targetHints":{"allow":["GET"]}}],"collection":[{"href":"https:\/\/technopolis-group.com\/sv\/wp-json\/wp\/v2\/pages"}],"about":[{"href":"https:\/\/technopolis-group.com\/sv\/wp-json\/wp\/v2\/types\/page"}],"author":[{"embeddable":true,"href":"https:\/\/technopolis-group.com\/sv\/wp-json\/wp\/v2\/users\/1"}],"replies":[{"embeddable":true,"href":"https:\/\/technopolis-group.com\/sv\/wp-json\/wp\/v2\/comments?post=12906"}],"version-history":[{"count":2,"href":"https:\/\/technopolis-group.com\/sv\/wp-json\/wp\/v2\/pages\/12906\/revisions"}],"predecessor-version":[{"id":58828,"href":"https:\/\/technopolis-group.com\/sv\/wp-json\/wp\/v2\/pages\/12906\/revisions\/58828"}],"up":[{"embeddable":true,"href":"https:\/\/technopolis-group.com\/sv\/wp-json\/wp\/v2\/pages\/12874"}],"wp:attachment":[{"href":"https:\/\/technopolis-group.com\/sv\/wp-json\/wp\/v2\/media?parent=12906"}],"wp:term":[{"taxonomy":"solution","embeddable":true,"href":"https:\/\/technopolis-group.com\/sv\/wp-json\/wp\/v2\/solution?post=12906"},{"taxonomy":"sector","embeddable":true,"href":"https:\/\/technopolis-group.com\/sv\/wp-json\/wp\/v2\/sector?post=12906"}],"curies":[{"name":"wp","href":"https:\/\/api.w.org\/{rel}","templated":true}]}}