{"id":12914,"date":"2019-11-27T15:10:38","date_gmt":"2019-11-27T15:10:38","guid":{"rendered":"https:\/\/technopolis-group.com\/solutions\/network-management\/"},"modified":"2020-03-03T16:00:42","modified_gmt":"2020-03-03T16:00:42","slug":"network-management","status":"publish","type":"page","link":"https:\/\/technopolis-group.com\/sv\/solutions\/network-management\/","title":{"rendered":"Network Management"},"content":{"rendered":"\n<figure class=\"wp-block-pullquote\"><blockquote><p><span style=\"background-color: initial;\">Att aktivera m\u00e5lgruppen f\u00f6r vetenskaps-, teknik- och innovationspolitik genom formella eller informella n\u00e4tverk och samh\u00e4llen har blivit allt viktigare f\u00f6r beslutsfattare. D\u00e4rf\u00f6r ger Technopolis Group st\u00f6d f\u00f6r att bygga upp och f\u00f6rvalta n\u00e4tverk f\u00f6r intresseorganisationer och samh\u00e4llen inom v\u00e5ra tematiska omr\u00e5den. Vi st\u00f6djer v\u00e5ra kunder i att bygga och hantera n\u00e4tverk och samh\u00e4llen samt \u00f6vervaka och bed\u00f6ma deras effekter.    <\/span><\/p><\/blockquote><\/figure>\n\n\n\n<p>Vi skiljer oss fr\u00e5n andra f\u00f6retag genom att ha en djup f\u00f6rst\u00e5else f\u00f6r underliggande politiska fr\u00e5gor och antar alltid en effektcentrerad strategi f\u00f6r att bygga och f\u00f6rvalta n\u00e4tverk. Vi anser att det \u00e4r viktigt att utforma strategier som riktar sig till r\u00e4tt intressenter. V\u00e5r europeiska och internationella r\u00e4ckvidd g\u00f6r det ocks\u00e5 m\u00f6jligt f\u00f6r oss att engagera intressenter fr\u00e5n olika tematiska och geografiska sammanhang. Vi vill skapa en arena f\u00f6r m\u00e5lgrupper att uppn\u00e5 politiska m\u00e5l genom samverkan och samarbete. I slut\u00e4ndan bidrar detta till att fr\u00e4mja god praxis, normer och standarder. <\/p>\n\n\n\n<p>Vi erbjuder ett brett utbud av tj\u00e4nster f\u00f6r att st\u00f6dja v\u00e5ra kunder i:<\/p>\n\n\n\n<ul class=\"wp-block-list\"><li>Sondering och identifiering av potentiella n\u00e4tverksdeltagare<\/li><li>Utforma en n\u00e4tverksstrategi, inklusive definitionen av m\u00e5l och struktur<\/li><li>Bygga och f\u00f6rvalta n\u00e4tverk<\/li><li>Uppr\u00e4tth\u00e5lla stadig och konsekvent kommunikation med n\u00e4tverksmedlemmar via e-post, onlineplattformar eller telefon<\/li><li>Organisera h\u00f6gkvalitativa effektdrivna workshops och evenemang, st\u00f6dja eventf\u00f6rvaltningspartner i det tekniska genomf\u00f6randet<\/li><li>Visa n\u00e4rvaro vid relevanta evenemang &amp; konferenser<\/li><li>Bed\u00f6mning av n\u00e4tverkens p\u00e5verkan<\/li><li>Ge kontinuerliga uppdateringar till v\u00e5ra kunder<\/li><li>Analysera relevanta politiska trender och utvecklingar<\/li><\/ul>\n","protected":false},"excerpt":{"rendered":"<p>Att aktivera m\u00e5lgruppen f\u00f6r vetenskaps-, teknik- och innovationspolitik genom formella [&hellip;]<\/p>\n","protected":false},"author":1,"featured_media":0,"parent":12874,"menu_order":0,"comment_status":"closed","ping_status":"closed","template":"templates\/tpl-solutions.php","meta":{"_acf_changed":false,"footnotes":""},"solution":[164],"sector":[],"class_list":["post-12914","page","type-page","status-publish","hentry","solution-network-management-sv"],"acf":[],"yoast_head":"<!-- This site is optimized with the Yoast SEO plugin v27.1.1 - https:\/\/yoast.com\/product\/yoast-seo-wordpress\/ -->\n<title>Network Management - Technopolis Group<\/title>\n<meta name=\"robots\" content=\"index, follow, max-snippet:-1, max-image-preview:large, max-video-preview:-1\" \/>\n<link rel=\"canonical\" href=\"https:\/\/technopolis-group.com\/sv\/solutions\/network-management\/\" \/>\n<meta property=\"og:locale\" content=\"sv_SE\" \/>\n<meta property=\"og:type\" content=\"article\" \/>\n<meta property=\"og:title\" content=\"Network Management - Technopolis Group\" \/>\n<meta property=\"og:description\" content=\"Att aktivera m\u00e5lgruppen f\u00f6r vetenskaps-, teknik- och innovationspolitik genom formella [&hellip;]\" \/>\n<meta property=\"og:url\" content=\"https:\/\/technopolis-group.com\/sv\/solutions\/network-management\/\" \/>\n<meta property=\"og:site_name\" content=\"Technopolis Group\" \/>\n<meta property=\"article:modified_time\" content=\"2020-03-03T16:00:42+00:00\" \/>\n<meta name=\"twitter:card\" content=\"summary_large_image\" \/>\n<meta name=\"twitter:label1\" content=\"Ber\u00e4knad l\u00e4stid\" \/>\n\t<meta name=\"twitter:data1\" content=\"1 minut\" \/>\n<script type=\"application\/ld+json\" class=\"yoast-schema-graph\">{\"@context\":\"https:\/\/schema.org\",\"@graph\":[{\"@type\":\"WebPage\",\"@id\":\"https:\/\/technopolis-group.com\/sv\/solutions\/network-management\/\",\"url\":\"https:\/\/technopolis-group.com\/sv\/solutions\/network-management\/\",\"name\":\"Network Management - Technopolis Group\",\"isPartOf\":{\"@id\":\"https:\/\/technopolis-group.com\/nl\/#website\"},\"datePublished\":\"2019-11-27T15:10:38+00:00\",\"dateModified\":\"2020-03-03T16:00:42+00:00\",\"breadcrumb\":{\"@id\":\"https:\/\/technopolis-group.com\/sv\/solutions\/network-management\/#breadcrumb\"},\"inLanguage\":\"sv-SE\",\"potentialAction\":[{\"@type\":\"ReadAction\",\"target\":[\"https:\/\/technopolis-group.com\/sv\/solutions\/network-management\/\"]}]},{\"@type\":\"BreadcrumbList\",\"@id\":\"https:\/\/technopolis-group.com\/sv\/solutions\/network-management\/#breadcrumb\",\"itemListElement\":[{\"@type\":\"ListItem\",\"position\":1,\"name\":\"Home\",\"item\":\"https:\/\/technopolis-group.com\/sv\/\"},{\"@type\":\"ListItem\",\"position\":2,\"name\":\"L\u00f6sningar\",\"item\":\"https:\/\/technopolis-group.com\/sv\/solutions\/\"},{\"@type\":\"ListItem\",\"position\":3,\"name\":\"Network Management\"}]},{\"@type\":\"WebSite\",\"@id\":\"https:\/\/technopolis-group.com\/nl\/#website\",\"url\":\"https:\/\/technopolis-group.com\/nl\/\",\"name\":\"Technopolis Group\",\"description\":\"Technopolis-group\",\"potentialAction\":[{\"@type\":\"SearchAction\",\"target\":{\"@type\":\"EntryPoint\",\"urlTemplate\":\"https:\/\/technopolis-group.com\/nl\/?s={search_term_string}\"},\"query-input\":{\"@type\":\"PropertyValueSpecification\",\"valueRequired\":true,\"valueName\":\"search_term_string\"}}],\"inLanguage\":\"sv-SE\"}]}<\/script>\n<!-- \/ Yoast SEO plugin. -->","yoast_head_json":{"title":"Network Management - Technopolis Group","robots":{"index":"index","follow":"follow","max-snippet":"max-snippet:-1","max-image-preview":"max-image-preview:large","max-video-preview":"max-video-preview:-1"},"canonical":"https:\/\/technopolis-group.com\/sv\/solutions\/network-management\/","og_locale":"sv_SE","og_type":"article","og_title":"Network Management - Technopolis Group","og_description":"Att aktivera m\u00e5lgruppen f\u00f6r vetenskaps-, teknik- och innovationspolitik genom formella [&hellip;]","og_url":"https:\/\/technopolis-group.com\/sv\/solutions\/network-management\/","og_site_name":"Technopolis Group","article_modified_time":"2020-03-03T16:00:42+00:00","twitter_card":"summary_large_image","twitter_misc":{"Ber\u00e4knad l\u00e4stid":"1 minut"},"schema":{"@context":"https:\/\/schema.org","@graph":[{"@type":"WebPage","@id":"https:\/\/technopolis-group.com\/sv\/solutions\/network-management\/","url":"https:\/\/technopolis-group.com\/sv\/solutions\/network-management\/","name":"Network Management - Technopolis Group","isPartOf":{"@id":"https:\/\/technopolis-group.com\/nl\/#website"},"datePublished":"2019-11-27T15:10:38+00:00","dateModified":"2020-03-03T16:00:42+00:00","breadcrumb":{"@id":"https:\/\/technopolis-group.com\/sv\/solutions\/network-management\/#breadcrumb"},"inLanguage":"sv-SE","potentialAction":[{"@type":"ReadAction","target":["https:\/\/technopolis-group.com\/sv\/solutions\/network-management\/"]}]},{"@type":"BreadcrumbList","@id":"https:\/\/technopolis-group.com\/sv\/solutions\/network-management\/#breadcrumb","itemListElement":[{"@type":"ListItem","position":1,"name":"Home","item":"https:\/\/technopolis-group.com\/sv\/"},{"@type":"ListItem","position":2,"name":"L\u00f6sningar","item":"https:\/\/technopolis-group.com\/sv\/solutions\/"},{"@type":"ListItem","position":3,"name":"Network Management"}]},{"@type":"WebSite","@id":"https:\/\/technopolis-group.com\/nl\/#website","url":"https:\/\/technopolis-group.com\/nl\/","name":"Technopolis Group","description":"Technopolis-group","potentialAction":[{"@type":"SearchAction","target":{"@type":"EntryPoint","urlTemplate":"https:\/\/technopolis-group.com\/nl\/?s={search_term_string}"},"query-input":{"@type":"PropertyValueSpecification","valueRequired":true,"valueName":"search_term_string"}}],"inLanguage":"sv-SE"}]}},"publishpress_future_action":{"enabled":false,"date":"2026-05-05 16:22:55","action":"change-status","newStatus":"draft","terms":[],"taxonomy":"translation_priority","extraData":[]},"publishpress_future_workflow_manual_trigger":{"enabledWorkflows":[]},"_links":{"self":[{"href":"https:\/\/technopolis-group.com\/sv\/wp-json\/wp\/v2\/pages\/12914","targetHints":{"allow":["GET"]}}],"collection":[{"href":"https:\/\/technopolis-group.com\/sv\/wp-json\/wp\/v2\/pages"}],"about":[{"href":"https:\/\/technopolis-group.com\/sv\/wp-json\/wp\/v2\/types\/page"}],"author":[{"embeddable":true,"href":"https:\/\/technopolis-group.com\/sv\/wp-json\/wp\/v2\/users\/1"}],"replies":[{"embeddable":true,"href":"https:\/\/technopolis-group.com\/sv\/wp-json\/wp\/v2\/comments?post=12914"}],"version-history":[{"count":0,"href":"https:\/\/technopolis-group.com\/sv\/wp-json\/wp\/v2\/pages\/12914\/revisions"}],"up":[{"embeddable":true,"href":"https:\/\/technopolis-group.com\/sv\/wp-json\/wp\/v2\/pages\/12874"}],"wp:attachment":[{"href":"https:\/\/technopolis-group.com\/sv\/wp-json\/wp\/v2\/media?parent=12914"}],"wp:term":[{"taxonomy":"solution","embeddable":true,"href":"https:\/\/technopolis-group.com\/sv\/wp-json\/wp\/v2\/solution?post=12914"},{"taxonomy":"sector","embeddable":true,"href":"https:\/\/technopolis-group.com\/sv\/wp-json\/wp\/v2\/sector?post=12914"}],"curies":[{"name":"wp","href":"https:\/\/api.w.org\/{rel}","templated":true}]}}