{"id":12922,"date":"2019-11-27T15:09:19","date_gmt":"2019-11-27T15:09:19","guid":{"rendered":"https:\/\/technopolis-group.com\/solutions\/strategic-studies-foresight\/"},"modified":"2020-03-03T15:43:50","modified_gmt":"2020-03-03T15:43:50","slug":"strategic-studies-foresight","status":"publish","type":"page","link":"https:\/\/technopolis-group.com\/sv\/solutions\/strategic-studies-foresight\/","title":{"rendered":"Strategiska studier och prognoser"},"content":{"rendered":"\n<figure class=\"wp-block-pullquote\"><blockquote><p><span style=\"background-color: initial;\">V\u00e5ra kunder st\u00e5r inf\u00f6r komplexa utmaningar. De vill skapa l\u00e5ngvariga effekter n\u00e4r det g\u00e4ller att f\u00f6r\u00e4ndra institutionella, samh\u00e4lleliga, ekonomiska och tekniska sammanhang som ofta involverar m\u00e5nga delar av offentlig sektor och andra intressenter. F\u00f6r att fatta v\u00e4lgrundade beslut beh\u00f6ver de den allra senaste kunskapen och en bra f\u00f6rst\u00e5else av samtida och framtida utmaningar. <\/span><\/p><\/blockquote><\/figure>\n\n\n\n<p>Technopolis Group kombinerar toppmoderna samh\u00e4llsvetenskapliga metoder med internationell expertis inom flera k\u00e4rnomr\u00e5den. Vi genomf\u00f6r strategiska studier och prognoser inom ett flertal omr\u00e5den som r\u00f6r forskning och innovation; entrepren\u00f6rskap, SMEs och industri; digital transformation; regional utveckling och sammanh\u00e5llning, h\u00f6gre utbildning och kompetens; gr\u00f6n ekonomi; samt h\u00e4lsa och life science. <\/p>\n\n\n\n<p>Vi erbjuder objektiv r\u00e5dgivning som st\u00f6ds av olika metoder: <\/p>\n\n\n\n<ul class=\"wp-block-list\"><li>Prognos<\/li><li>Marknadsanalys<\/li><li>Teknisk f\u00e4rdplan<\/li><li>Benchmarking<\/li><li>Referensgrupper<\/li><li>Workshops och seminarier<\/li><li>Kartl\u00e4ggning av intressenter och n\u00e4tverksanalys<\/li><li>R\u00e5dgivning f\u00f6r behovs\u00e4gare<\/li><li><a href=\"https:\/\/technopolis-group.com\/sv\/solutions\/data-science\/\">Dataanalys<\/a><\/li><\/ul>\n\n\n\n<p><\/p>\n","protected":false},"excerpt":{"rendered":"<p>V\u00e5ra kunder st\u00e5r inf\u00f6r komplexa utmaningar. De vill skapa l\u00e5ngvariga [&hellip;]<\/p>\n","protected":false},"author":1,"featured_media":0,"parent":12874,"menu_order":0,"comment_status":"closed","ping_status":"closed","template":"templates\/tpl-solutions.php","meta":{"_acf_changed":false,"footnotes":""},"solution":[116],"sector":[],"class_list":["post-12922","page","type-page","status-publish","hentry","solution-strategic-studies-sv"],"acf":[],"yoast_head":"<!-- This site is optimized with the Yoast SEO plugin v27.1.1 - https:\/\/yoast.com\/product\/yoast-seo-wordpress\/ -->\n<title>Strategiska studier och prognoser - Technopolis Group<\/title>\n<meta name=\"robots\" content=\"index, follow, max-snippet:-1, max-image-preview:large, max-video-preview:-1\" \/>\n<link rel=\"canonical\" href=\"https:\/\/technopolis-group.com\/sv\/solutions\/strategic-studies-foresight\/\" \/>\n<meta property=\"og:locale\" content=\"sv_SE\" \/>\n<meta property=\"og:type\" content=\"article\" \/>\n<meta property=\"og:title\" content=\"Strategiska studier och prognoser - Technopolis Group\" \/>\n<meta property=\"og:description\" content=\"V\u00e5ra kunder st\u00e5r inf\u00f6r komplexa utmaningar. De vill skapa l\u00e5ngvariga [&hellip;]\" \/>\n<meta property=\"og:url\" content=\"https:\/\/technopolis-group.com\/sv\/solutions\/strategic-studies-foresight\/\" \/>\n<meta property=\"og:site_name\" content=\"Technopolis Group\" \/>\n<meta property=\"article:modified_time\" content=\"2020-03-03T15:43:50+00:00\" \/>\n<meta name=\"twitter:card\" content=\"summary_large_image\" \/>\n<meta name=\"twitter:label1\" content=\"Ber\u00e4knad l\u00e4stid\" \/>\n\t<meta name=\"twitter:data1\" content=\"1 minut\" \/>\n<script type=\"application\/ld+json\" class=\"yoast-schema-graph\">{\"@context\":\"https:\/\/schema.org\",\"@graph\":[{\"@type\":\"WebPage\",\"@id\":\"https:\/\/technopolis-group.com\/sv\/solutions\/strategic-studies-foresight\/\",\"url\":\"https:\/\/technopolis-group.com\/sv\/solutions\/strategic-studies-foresight\/\",\"name\":\"Strategiska studier och prognoser - Technopolis Group\",\"isPartOf\":{\"@id\":\"https:\/\/technopolis-group.com\/nl\/#website\"},\"datePublished\":\"2019-11-27T15:09:19+00:00\",\"dateModified\":\"2020-03-03T15:43:50+00:00\",\"breadcrumb\":{\"@id\":\"https:\/\/technopolis-group.com\/sv\/solutions\/strategic-studies-foresight\/#breadcrumb\"},\"inLanguage\":\"sv-SE\",\"potentialAction\":[{\"@type\":\"ReadAction\",\"target\":[\"https:\/\/technopolis-group.com\/sv\/solutions\/strategic-studies-foresight\/\"]}]},{\"@type\":\"BreadcrumbList\",\"@id\":\"https:\/\/technopolis-group.com\/sv\/solutions\/strategic-studies-foresight\/#breadcrumb\",\"itemListElement\":[{\"@type\":\"ListItem\",\"position\":1,\"name\":\"Home\",\"item\":\"https:\/\/technopolis-group.com\/sv\/\"},{\"@type\":\"ListItem\",\"position\":2,\"name\":\"L\u00f6sningar\",\"item\":\"https:\/\/technopolis-group.com\/sv\/solutions\/\"},{\"@type\":\"ListItem\",\"position\":3,\"name\":\"Strategiska studier och prognoser\"}]},{\"@type\":\"WebSite\",\"@id\":\"https:\/\/technopolis-group.com\/nl\/#website\",\"url\":\"https:\/\/technopolis-group.com\/nl\/\",\"name\":\"Technopolis Group\",\"description\":\"Technopolis-group\",\"potentialAction\":[{\"@type\":\"SearchAction\",\"target\":{\"@type\":\"EntryPoint\",\"urlTemplate\":\"https:\/\/technopolis-group.com\/nl\/?s={search_term_string}\"},\"query-input\":{\"@type\":\"PropertyValueSpecification\",\"valueRequired\":true,\"valueName\":\"search_term_string\"}}],\"inLanguage\":\"sv-SE\"}]}<\/script>\n<!-- \/ Yoast SEO plugin. -->","yoast_head_json":{"title":"Strategiska studier och prognoser - Technopolis Group","robots":{"index":"index","follow":"follow","max-snippet":"max-snippet:-1","max-image-preview":"max-image-preview:large","max-video-preview":"max-video-preview:-1"},"canonical":"https:\/\/technopolis-group.com\/sv\/solutions\/strategic-studies-foresight\/","og_locale":"sv_SE","og_type":"article","og_title":"Strategiska studier och prognoser - Technopolis Group","og_description":"V\u00e5ra kunder st\u00e5r inf\u00f6r komplexa utmaningar. De vill skapa l\u00e5ngvariga [&hellip;]","og_url":"https:\/\/technopolis-group.com\/sv\/solutions\/strategic-studies-foresight\/","og_site_name":"Technopolis Group","article_modified_time":"2020-03-03T15:43:50+00:00","twitter_card":"summary_large_image","twitter_misc":{"Ber\u00e4knad l\u00e4stid":"1 minut"},"schema":{"@context":"https:\/\/schema.org","@graph":[{"@type":"WebPage","@id":"https:\/\/technopolis-group.com\/sv\/solutions\/strategic-studies-foresight\/","url":"https:\/\/technopolis-group.com\/sv\/solutions\/strategic-studies-foresight\/","name":"Strategiska studier och prognoser - Technopolis Group","isPartOf":{"@id":"https:\/\/technopolis-group.com\/nl\/#website"},"datePublished":"2019-11-27T15:09:19+00:00","dateModified":"2020-03-03T15:43:50+00:00","breadcrumb":{"@id":"https:\/\/technopolis-group.com\/sv\/solutions\/strategic-studies-foresight\/#breadcrumb"},"inLanguage":"sv-SE","potentialAction":[{"@type":"ReadAction","target":["https:\/\/technopolis-group.com\/sv\/solutions\/strategic-studies-foresight\/"]}]},{"@type":"BreadcrumbList","@id":"https:\/\/technopolis-group.com\/sv\/solutions\/strategic-studies-foresight\/#breadcrumb","itemListElement":[{"@type":"ListItem","position":1,"name":"Home","item":"https:\/\/technopolis-group.com\/sv\/"},{"@type":"ListItem","position":2,"name":"L\u00f6sningar","item":"https:\/\/technopolis-group.com\/sv\/solutions\/"},{"@type":"ListItem","position":3,"name":"Strategiska studier och prognoser"}]},{"@type":"WebSite","@id":"https:\/\/technopolis-group.com\/nl\/#website","url":"https:\/\/technopolis-group.com\/nl\/","name":"Technopolis Group","description":"Technopolis-group","potentialAction":[{"@type":"SearchAction","target":{"@type":"EntryPoint","urlTemplate":"https:\/\/technopolis-group.com\/nl\/?s={search_term_string}"},"query-input":{"@type":"PropertyValueSpecification","valueRequired":true,"valueName":"search_term_string"}}],"inLanguage":"sv-SE"}]}},"publishpress_future_action":{"enabled":false,"date":"2026-04-30 23:21:39","action":"change-status","newStatus":"draft","terms":[],"taxonomy":"translation_priority","extraData":[]},"publishpress_future_workflow_manual_trigger":{"enabledWorkflows":[]},"_links":{"self":[{"href":"https:\/\/technopolis-group.com\/sv\/wp-json\/wp\/v2\/pages\/12922","targetHints":{"allow":["GET"]}}],"collection":[{"href":"https:\/\/technopolis-group.com\/sv\/wp-json\/wp\/v2\/pages"}],"about":[{"href":"https:\/\/technopolis-group.com\/sv\/wp-json\/wp\/v2\/types\/page"}],"author":[{"embeddable":true,"href":"https:\/\/technopolis-group.com\/sv\/wp-json\/wp\/v2\/users\/1"}],"replies":[{"embeddable":true,"href":"https:\/\/technopolis-group.com\/sv\/wp-json\/wp\/v2\/comments?post=12922"}],"version-history":[{"count":0,"href":"https:\/\/technopolis-group.com\/sv\/wp-json\/wp\/v2\/pages\/12922\/revisions"}],"up":[{"embeddable":true,"href":"https:\/\/technopolis-group.com\/sv\/wp-json\/wp\/v2\/pages\/12874"}],"wp:attachment":[{"href":"https:\/\/technopolis-group.com\/sv\/wp-json\/wp\/v2\/media?parent=12922"}],"wp:term":[{"taxonomy":"solution","embeddable":true,"href":"https:\/\/technopolis-group.com\/sv\/wp-json\/wp\/v2\/solution?post=12922"},{"taxonomy":"sector","embeddable":true,"href":"https:\/\/technopolis-group.com\/sv\/wp-json\/wp\/v2\/sector?post=12922"}],"curies":[{"name":"wp","href":"https:\/\/api.w.org\/{rel}","templated":true}]}}