{"id":12930,"date":"2019-11-27T15:06:59","date_gmt":"2019-11-27T15:06:59","guid":{"rendered":"https:\/\/technopolis-group.com\/solutions\/strategy-design\/"},"modified":"2020-06-24T11:53:15","modified_gmt":"2020-06-24T11:53:15","slug":"strategy-design","status":"publish","type":"page","link":"https:\/\/technopolis-group.com\/sv\/solutions\/strategy-design\/","title":{"rendered":"Strategisk design"},"content":{"rendered":"\n<figure class=\"wp-block-pullquote\"><blockquote><p><span style=\"background-color: initial;\">Beslutsfattare och organisationer verkar i f\u00f6r\u00e4nderliga institutionella, samh\u00e4lleliga, ekonomiska och tekniska sammanhang. De k\u00e4nner alltmer press p\u00e5 att utnyttja sin budget p\u00e5 b\u00e4sta m\u00f6jliga s\u00e4tt. Att g\u00f6ra detta kr\u00e4ver att de konstant definierar och anpassar sina prioriteringar och sin dagordning.<\/span><\/p><\/blockquote><\/figure>\n\n\n\n<p>I tre decennier har vi st\u00f6ttat beslutsfattare och organisationer p\u00e5 olika niv\u00e5er n\u00e4r det g\u00e4ller att utarbeta smarta strategier och agendor. V\u00e5r expertis hj\u00e4lper dem att prioritera sina insatser och investeringar och g\u00f6r det m\u00f6jligt f\u00f6r dem att utarbeta politiska agendor, strategidokument, handlingsplaner och program som tillgodoser behoven hos m\u00e5lgrupper och medborgare. Som en del av v\u00e5rt strategiska st\u00f6d ger vi ocks\u00e5 r\u00e5d om ledning och organisatoriska f\u00f6r\u00e4ndringar, samt utf\u00f6r genomf\u00f6rbarhetsstudier av politiska instrument och organisationer.<\/p>\n\n\n\n<p>Vi \u00e4r s\u00e4rskilt aktiva inom forskning och innovation, entrepren\u00f6rskap, SMEs och industri, gr\u00f6n ekonomi, samt regional utveckling och sammanh\u00e5llning. Vi erbjuder objektiv r\u00e5dgivning som st\u00f6ds av bland annat f\u00f6ljande metoder:<\/p>\n\n\n\n<ul class=\"wp-block-list\"><li>SWOT-analys<\/li><li>Utveckling av logiska ramverk<\/li><li>Scenariouppbyggnad<\/li><li>Kostnads- och nyttoanalys<\/li><li>F\u00e4rdplan<\/li><li>Aff\u00e4rsmodell och aff\u00e4rsplan<\/li><li>Prognos och benchmarking<\/li><li>Referensgrupper<\/li><li>R\u00e5dgivning f\u00f6r behovs\u00e4gare<\/li><li>Organisatorisk granskning<\/li><li>Dataanalys<\/li><\/ul>\n\n\n\n<p>Vi ger strategisk r\u00e5dgivning till regeringar, EU-institutioner, regioner och st\u00e4der, forsknings- och innovationsinstitutioner, universitet och n\u00e4ringslivsorganisationer samt klusterorganisationer i Europa och hela v\u00e4rlden.<\/p>\n","protected":false},"excerpt":{"rendered":"<p>Beslutsfattare och organisationer verkar i f\u00f6r\u00e4nderliga institutionella, samh\u00e4lleliga, ekonomiska och [&hellip;]<\/p>\n","protected":false},"author":1,"featured_media":0,"parent":12874,"menu_order":0,"comment_status":"closed","ping_status":"closed","template":"templates\/tpl-solutions.php","meta":{"_acf_changed":false,"footnotes":""},"solution":[131],"sector":[],"class_list":["post-12930","page","type-page","status-publish","hentry","solution-strategy-sv"],"acf":[],"yoast_head":"<!-- This site is optimized with the Yoast SEO plugin v27.1.1 - https:\/\/yoast.com\/product\/yoast-seo-wordpress\/ -->\n<title>Strategisk design - Technopolis Group<\/title>\n<meta name=\"robots\" content=\"index, follow, max-snippet:-1, max-image-preview:large, max-video-preview:-1\" \/>\n<link rel=\"canonical\" href=\"https:\/\/technopolis-group.com\/sv\/solutions\/strategy-design\/\" \/>\n<meta property=\"og:locale\" content=\"sv_SE\" \/>\n<meta property=\"og:type\" content=\"article\" \/>\n<meta property=\"og:title\" content=\"Strategisk design - Technopolis Group\" \/>\n<meta property=\"og:description\" content=\"Beslutsfattare och organisationer verkar i f\u00f6r\u00e4nderliga institutionella, samh\u00e4lleliga, ekonomiska och [&hellip;]\" \/>\n<meta property=\"og:url\" content=\"https:\/\/technopolis-group.com\/sv\/solutions\/strategy-design\/\" \/>\n<meta property=\"og:site_name\" content=\"Technopolis Group\" \/>\n<meta property=\"article:modified_time\" content=\"2020-06-24T11:53:15+00:00\" \/>\n<meta name=\"twitter:card\" content=\"summary_large_image\" \/>\n<meta name=\"twitter:label1\" content=\"Ber\u00e4knad l\u00e4stid\" \/>\n\t<meta name=\"twitter:data1\" content=\"1 minut\" \/>\n<script type=\"application\/ld+json\" class=\"yoast-schema-graph\">{\"@context\":\"https:\/\/schema.org\",\"@graph\":[{\"@type\":\"WebPage\",\"@id\":\"https:\/\/technopolis-group.com\/sv\/solutions\/strategy-design\/\",\"url\":\"https:\/\/technopolis-group.com\/sv\/solutions\/strategy-design\/\",\"name\":\"Strategisk design - Technopolis Group\",\"isPartOf\":{\"@id\":\"https:\/\/technopolis-group.com\/nl\/#website\"},\"datePublished\":\"2019-11-27T15:06:59+00:00\",\"dateModified\":\"2020-06-24T11:53:15+00:00\",\"breadcrumb\":{\"@id\":\"https:\/\/technopolis-group.com\/sv\/solutions\/strategy-design\/#breadcrumb\"},\"inLanguage\":\"sv-SE\",\"potentialAction\":[{\"@type\":\"ReadAction\",\"target\":[\"https:\/\/technopolis-group.com\/sv\/solutions\/strategy-design\/\"]}]},{\"@type\":\"BreadcrumbList\",\"@id\":\"https:\/\/technopolis-group.com\/sv\/solutions\/strategy-design\/#breadcrumb\",\"itemListElement\":[{\"@type\":\"ListItem\",\"position\":1,\"name\":\"Home\",\"item\":\"https:\/\/technopolis-group.com\/sv\/\"},{\"@type\":\"ListItem\",\"position\":2,\"name\":\"L\u00f6sningar\",\"item\":\"https:\/\/technopolis-group.com\/sv\/solutions\/\"},{\"@type\":\"ListItem\",\"position\":3,\"name\":\"Strategisk design\"}]},{\"@type\":\"WebSite\",\"@id\":\"https:\/\/technopolis-group.com\/nl\/#website\",\"url\":\"https:\/\/technopolis-group.com\/nl\/\",\"name\":\"Technopolis Group\",\"description\":\"Technopolis-group\",\"potentialAction\":[{\"@type\":\"SearchAction\",\"target\":{\"@type\":\"EntryPoint\",\"urlTemplate\":\"https:\/\/technopolis-group.com\/nl\/?s={search_term_string}\"},\"query-input\":{\"@type\":\"PropertyValueSpecification\",\"valueRequired\":true,\"valueName\":\"search_term_string\"}}],\"inLanguage\":\"sv-SE\"}]}<\/script>\n<!-- \/ Yoast SEO plugin. -->","yoast_head_json":{"title":"Strategisk design - Technopolis Group","robots":{"index":"index","follow":"follow","max-snippet":"max-snippet:-1","max-image-preview":"max-image-preview:large","max-video-preview":"max-video-preview:-1"},"canonical":"https:\/\/technopolis-group.com\/sv\/solutions\/strategy-design\/","og_locale":"sv_SE","og_type":"article","og_title":"Strategisk design - Technopolis Group","og_description":"Beslutsfattare och organisationer verkar i f\u00f6r\u00e4nderliga institutionella, samh\u00e4lleliga, ekonomiska och [&hellip;]","og_url":"https:\/\/technopolis-group.com\/sv\/solutions\/strategy-design\/","og_site_name":"Technopolis Group","article_modified_time":"2020-06-24T11:53:15+00:00","twitter_card":"summary_large_image","twitter_misc":{"Ber\u00e4knad l\u00e4stid":"1 minut"},"schema":{"@context":"https:\/\/schema.org","@graph":[{"@type":"WebPage","@id":"https:\/\/technopolis-group.com\/sv\/solutions\/strategy-design\/","url":"https:\/\/technopolis-group.com\/sv\/solutions\/strategy-design\/","name":"Strategisk design - Technopolis Group","isPartOf":{"@id":"https:\/\/technopolis-group.com\/nl\/#website"},"datePublished":"2019-11-27T15:06:59+00:00","dateModified":"2020-06-24T11:53:15+00:00","breadcrumb":{"@id":"https:\/\/technopolis-group.com\/sv\/solutions\/strategy-design\/#breadcrumb"},"inLanguage":"sv-SE","potentialAction":[{"@type":"ReadAction","target":["https:\/\/technopolis-group.com\/sv\/solutions\/strategy-design\/"]}]},{"@type":"BreadcrumbList","@id":"https:\/\/technopolis-group.com\/sv\/solutions\/strategy-design\/#breadcrumb","itemListElement":[{"@type":"ListItem","position":1,"name":"Home","item":"https:\/\/technopolis-group.com\/sv\/"},{"@type":"ListItem","position":2,"name":"L\u00f6sningar","item":"https:\/\/technopolis-group.com\/sv\/solutions\/"},{"@type":"ListItem","position":3,"name":"Strategisk design"}]},{"@type":"WebSite","@id":"https:\/\/technopolis-group.com\/nl\/#website","url":"https:\/\/technopolis-group.com\/nl\/","name":"Technopolis Group","description":"Technopolis-group","potentialAction":[{"@type":"SearchAction","target":{"@type":"EntryPoint","urlTemplate":"https:\/\/technopolis-group.com\/nl\/?s={search_term_string}"},"query-input":{"@type":"PropertyValueSpecification","valueRequired":true,"valueName":"search_term_string"}}],"inLanguage":"sv-SE"}]}},"publishpress_future_action":{"enabled":false,"date":"2026-04-14 08:45:38","action":"change-status","newStatus":"draft","terms":[],"taxonomy":"translation_priority","extraData":[]},"publishpress_future_workflow_manual_trigger":{"enabledWorkflows":[]},"_links":{"self":[{"href":"https:\/\/technopolis-group.com\/sv\/wp-json\/wp\/v2\/pages\/12930","targetHints":{"allow":["GET"]}}],"collection":[{"href":"https:\/\/technopolis-group.com\/sv\/wp-json\/wp\/v2\/pages"}],"about":[{"href":"https:\/\/technopolis-group.com\/sv\/wp-json\/wp\/v2\/types\/page"}],"author":[{"embeddable":true,"href":"https:\/\/technopolis-group.com\/sv\/wp-json\/wp\/v2\/users\/1"}],"replies":[{"embeddable":true,"href":"https:\/\/technopolis-group.com\/sv\/wp-json\/wp\/v2\/comments?post=12930"}],"version-history":[{"count":0,"href":"https:\/\/technopolis-group.com\/sv\/wp-json\/wp\/v2\/pages\/12930\/revisions"}],"up":[{"embeddable":true,"href":"https:\/\/technopolis-group.com\/sv\/wp-json\/wp\/v2\/pages\/12874"}],"wp:attachment":[{"href":"https:\/\/technopolis-group.com\/sv\/wp-json\/wp\/v2\/media?parent=12930"}],"wp:term":[{"taxonomy":"solution","embeddable":true,"href":"https:\/\/technopolis-group.com\/sv\/wp-json\/wp\/v2\/solution?post=12930"},{"taxonomy":"sector","embeddable":true,"href":"https:\/\/technopolis-group.com\/sv\/wp-json\/wp\/v2\/sector?post=12930"}],"curies":[{"name":"wp","href":"https:\/\/api.w.org\/{rel}","templated":true}]}}