{"id":12955,"date":"2019-12-10T19:37:16","date_gmt":"2019-12-10T19:37:16","guid":{"rendered":"https:\/\/technopolis-group.com\/job-application\/"},"modified":"2025-09-25T08:09:35","modified_gmt":"2025-09-25T08:09:35","slug":"job-application","status":"publish","type":"page","link":"https:\/\/technopolis-group.com\/sv\/job-application\/","title":{"rendered":"Att arbeta p\u00e5 Technopolis Group"},"content":{"rendered":"\n<figure class=\"wp-block-pullquote\"><blockquote><p> <em>Technopolitans are exceptional people with a passion for policy<\/em><\/p><\/blockquote><\/figure>\n\n\n\n<p><strong>Vi bryr oss<br><\/strong>V\u00e5ra projekt g\u00f6r skillnad. Vi fokuserar p\u00e5 projekt som m\u00f6ter sociala och milj\u00f6m\u00e4ssiga utmaningar. Vi \u00e4r inte lobbyister och utg\u00e5r alltid fr\u00e5n sj\u00e4lvst\u00e4ndig evidensbaserad forskning. Vi vill inte enbart ge de r\u00e4tta svaren utan \u00e4ven st\u00e4lla b\u00e4ttre fr\u00e5gor. <\/p>\n\n\n\n<p>Vi s\u00e4tter v\u00e5ra kunder i f\u00f6rsta rummet och v\u00e4rdes\u00e4tter kvalitet f\u00f6r att klarl\u00e4gga fr\u00e5gor som de anser viktiga.  <\/p>\n\n\n\n<p><strong>Drivna entrepren\u00f6rer<\/strong><br>Vi vill att v\u00e5ra medarbetare ska v\u00e4xa inom Technopolis. D\u00e4rf\u00f6r erbjuder vi m\u00f6jligheter f\u00f6r v\u00e5ra medarbetare att utvecklas genom v\u00e5r \u00e5rliga konferens, Technodays, d\u00e4r inspirerande f\u00f6rel\u00e4sningar och workshops om det senaste inom policyutveckling h\u00e5lls.<\/p>\n\n\n\n<p>Technopolitans \u00e4r vision\u00e4rer som ges m\u00f6jlighet att experimentera och vara innovativa. Deras passion f\u00f6r att l\u00e4ra sig och anta utmaningar fr\u00e4mjas aktivt av Technopolis. Vi ser till att ta till vara p\u00e5 deras nyt\u00e4nkande f\u00f6r att utveckla v\u00e5rt f\u00f6retag.<\/p>\n\n\n\n<p><strong>Det \u00e4r personligt<br><\/strong>Det \u00e4r v\u00e5ra medarbetare som g\u00f6r skillnad. Vi \u00e4r ett f\u00f6retag som v\u00e4rnar om v\u00e5ra medarbetares individualitet och v\u00e4lkomnar debatt och skiftande perspektiv. Trots att v\u00e5rt arbete kr\u00e4ver en h\u00f6g grad av autonomi och sj\u00e4lvst\u00e4ndighet \u00e4r vi lagspelare som v\u00e4rnar om andras \u00e5sikter.<\/p>\n\n\n\n<blockquote class=\"wp-block-quote is-layout-flow wp-block-quote-is-layout-flow\"><\/blockquote>\n\n\n\n<figure class=\"wp-block-embed is-type-video is-provider-vimeo wp-block-embed-vimeo wp-embed-aspect-16-9 wp-has-aspect-ratio\"><div class=\"wp-block-embed__wrapper\">\n<iframe loading=\"lazy\" title=\"Technopolis Group in 5 words\" src=\"https:\/\/player.vimeo.com\/video\/1121564537?dnt=1&amp;app_id=122963\" width=\"500\" height=\"281\" frameborder=\"0\" allow=\"autoplay; fullscreen; picture-in-picture; clipboard-write; encrypted-media; web-share\" referrerpolicy=\"strict-origin-when-cross-origin\"><\/iframe>\n<\/div><\/figure>\n\n\n\n<h2 class=\"wp-block-heading\">Mer information<\/h2>\n\n\n\n<ul class=\"wp-block-list\">\n<li><a href=\"https:\/\/technopolis-group.jobs.personio.com\/\" target=\"_blank\" rel=\"noreferrer noopener\">Lediga tj\u00e4nster<\/a><\/li>\n\n\n\n<li><a href=\"https:\/\/technopolis-group.com\/sv\/spontaneous-application\/\">Skicka CV<\/a><\/li>\n\n\n\n<li><a href=\"https:\/\/technopolis-group.com\/sv\/internships\/\">Praktik p\u00e5 Technopolis Group<\/a><\/li>\n\n\n\n<li><a href=\"https:\/\/technopolis-group.com\/sv\/partner-with-us\/\">Samarbeta med oss<\/a><\/li>\n\n\n\n<li><a href=\"https:\/\/technopolis-group.com\/sv\/our-story\/\">Mer om Technopolis Group<\/a><\/li>\n<\/ul>\n\n\n\n<ul class=\"wp-block-list\">\n<li><\/li>\n<\/ul>\n","protected":false},"excerpt":{"rendered":"<p>Technopolitans are exceptional people with a passion for policy Vi [&hellip;]<\/p>\n","protected":false},"author":1,"featured_media":0,"parent":0,"menu_order":0,"comment_status":"closed","ping_status":"closed","template":"","meta":{"_acf_changed":false,"footnotes":""},"solution":[],"sector":[],"class_list":["post-12955","page","type-page","status-publish","hentry"],"acf":[],"yoast_head":"<!-- This site is optimized with the Yoast SEO plugin v27.1.1 - https:\/\/yoast.com\/product\/yoast-seo-wordpress\/ -->\n<title>Att arbeta p\u00e5 Technopolis Group - Technopolis Group<\/title>\n<meta name=\"robots\" content=\"index, follow, max-snippet:-1, max-image-preview:large, max-video-preview:-1\" \/>\n<link rel=\"canonical\" href=\"https:\/\/technopolis-group.com\/sv\/job-application\/\" \/>\n<meta property=\"og:locale\" content=\"sv_SE\" \/>\n<meta property=\"og:type\" content=\"article\" \/>\n<meta property=\"og:title\" content=\"Att arbeta p\u00e5 Technopolis Group - Technopolis Group\" \/>\n<meta property=\"og:description\" content=\"Technopolitans are exceptional people with a passion for policy Vi [&hellip;]\" \/>\n<meta property=\"og:url\" content=\"https:\/\/technopolis-group.com\/sv\/job-application\/\" \/>\n<meta property=\"og:site_name\" content=\"Technopolis Group\" \/>\n<meta property=\"article:modified_time\" content=\"2025-09-25T08:09:35+00:00\" \/>\n<meta name=\"twitter:card\" content=\"summary_large_image\" \/>\n<meta name=\"twitter:label1\" content=\"Ber\u00e4knad l\u00e4stid\" \/>\n\t<meta name=\"twitter:data1\" content=\"1 minut\" \/>\n<script type=\"application\/ld+json\" class=\"yoast-schema-graph\">{\"@context\":\"https:\/\/schema.org\",\"@graph\":[{\"@type\":\"WebPage\",\"@id\":\"https:\/\/technopolis-group.com\/sv\/job-application\/\",\"url\":\"https:\/\/technopolis-group.com\/sv\/job-application\/\",\"name\":\"Att arbeta p\u00e5 Technopolis Group - Technopolis Group\",\"isPartOf\":{\"@id\":\"https:\/\/technopolis-group.com\/nl\/#website\"},\"datePublished\":\"2019-12-10T19:37:16+00:00\",\"dateModified\":\"2025-09-25T08:09:35+00:00\",\"breadcrumb\":{\"@id\":\"https:\/\/technopolis-group.com\/sv\/job-application\/#breadcrumb\"},\"inLanguage\":\"sv-SE\",\"potentialAction\":[{\"@type\":\"ReadAction\",\"target\":[\"https:\/\/technopolis-group.com\/sv\/job-application\/\"]}]},{\"@type\":\"BreadcrumbList\",\"@id\":\"https:\/\/technopolis-group.com\/sv\/job-application\/#breadcrumb\",\"itemListElement\":[{\"@type\":\"ListItem\",\"position\":1,\"name\":\"Home\",\"item\":\"https:\/\/technopolis-group.com\/sv\/\"},{\"@type\":\"ListItem\",\"position\":2,\"name\":\"Att arbeta p\u00e5 Technopolis Group\"}]},{\"@type\":\"WebSite\",\"@id\":\"https:\/\/technopolis-group.com\/nl\/#website\",\"url\":\"https:\/\/technopolis-group.com\/nl\/\",\"name\":\"Technopolis Group\",\"description\":\"Technopolis-group\",\"potentialAction\":[{\"@type\":\"SearchAction\",\"target\":{\"@type\":\"EntryPoint\",\"urlTemplate\":\"https:\/\/technopolis-group.com\/nl\/?s={search_term_string}\"},\"query-input\":{\"@type\":\"PropertyValueSpecification\",\"valueRequired\":true,\"valueName\":\"search_term_string\"}}],\"inLanguage\":\"sv-SE\"}]}<\/script>\n<!-- \/ Yoast SEO plugin. -->","yoast_head_json":{"title":"Att arbeta p\u00e5 Technopolis Group - Technopolis Group","robots":{"index":"index","follow":"follow","max-snippet":"max-snippet:-1","max-image-preview":"max-image-preview:large","max-video-preview":"max-video-preview:-1"},"canonical":"https:\/\/technopolis-group.com\/sv\/job-application\/","og_locale":"sv_SE","og_type":"article","og_title":"Att arbeta p\u00e5 Technopolis Group - Technopolis Group","og_description":"Technopolitans are exceptional people with a passion for policy Vi [&hellip;]","og_url":"https:\/\/technopolis-group.com\/sv\/job-application\/","og_site_name":"Technopolis Group","article_modified_time":"2025-09-25T08:09:35+00:00","twitter_card":"summary_large_image","twitter_misc":{"Ber\u00e4knad l\u00e4stid":"1 minut"},"schema":{"@context":"https:\/\/schema.org","@graph":[{"@type":"WebPage","@id":"https:\/\/technopolis-group.com\/sv\/job-application\/","url":"https:\/\/technopolis-group.com\/sv\/job-application\/","name":"Att arbeta p\u00e5 Technopolis Group - Technopolis Group","isPartOf":{"@id":"https:\/\/technopolis-group.com\/nl\/#website"},"datePublished":"2019-12-10T19:37:16+00:00","dateModified":"2025-09-25T08:09:35+00:00","breadcrumb":{"@id":"https:\/\/technopolis-group.com\/sv\/job-application\/#breadcrumb"},"inLanguage":"sv-SE","potentialAction":[{"@type":"ReadAction","target":["https:\/\/technopolis-group.com\/sv\/job-application\/"]}]},{"@type":"BreadcrumbList","@id":"https:\/\/technopolis-group.com\/sv\/job-application\/#breadcrumb","itemListElement":[{"@type":"ListItem","position":1,"name":"Home","item":"https:\/\/technopolis-group.com\/sv\/"},{"@type":"ListItem","position":2,"name":"Att arbeta p\u00e5 Technopolis Group"}]},{"@type":"WebSite","@id":"https:\/\/technopolis-group.com\/nl\/#website","url":"https:\/\/technopolis-group.com\/nl\/","name":"Technopolis Group","description":"Technopolis-group","potentialAction":[{"@type":"SearchAction","target":{"@type":"EntryPoint","urlTemplate":"https:\/\/technopolis-group.com\/nl\/?s={search_term_string}"},"query-input":{"@type":"PropertyValueSpecification","valueRequired":true,"valueName":"search_term_string"}}],"inLanguage":"sv-SE"}]}},"publishpress_future_action":{"enabled":false,"date":"2026-04-23 04:03:20","action":"change-status","newStatus":"draft","terms":[],"taxonomy":"translation_priority","extraData":[]},"publishpress_future_workflow_manual_trigger":{"enabledWorkflows":[]},"_links":{"self":[{"href":"https:\/\/technopolis-group.com\/sv\/wp-json\/wp\/v2\/pages\/12955","targetHints":{"allow":["GET"]}}],"collection":[{"href":"https:\/\/technopolis-group.com\/sv\/wp-json\/wp\/v2\/pages"}],"about":[{"href":"https:\/\/technopolis-group.com\/sv\/wp-json\/wp\/v2\/types\/page"}],"author":[{"embeddable":true,"href":"https:\/\/technopolis-group.com\/sv\/wp-json\/wp\/v2\/users\/1"}],"replies":[{"embeddable":true,"href":"https:\/\/technopolis-group.com\/sv\/wp-json\/wp\/v2\/comments?post=12955"}],"version-history":[{"count":3,"href":"https:\/\/technopolis-group.com\/sv\/wp-json\/wp\/v2\/pages\/12955\/revisions"}],"predecessor-version":[{"id":62441,"href":"https:\/\/technopolis-group.com\/sv\/wp-json\/wp\/v2\/pages\/12955\/revisions\/62441"}],"wp:attachment":[{"href":"https:\/\/technopolis-group.com\/sv\/wp-json\/wp\/v2\/media?parent=12955"}],"wp:term":[{"taxonomy":"solution","embeddable":true,"href":"https:\/\/technopolis-group.com\/sv\/wp-json\/wp\/v2\/solution?post=12955"},{"taxonomy":"sector","embeddable":true,"href":"https:\/\/technopolis-group.com\/sv\/wp-json\/wp\/v2\/sector?post=12955"}],"curies":[{"name":"wp","href":"https:\/\/api.w.org\/{rel}","templated":true}]}}