{"id":36937,"date":"2022-03-03T12:13:15","date_gmt":"2022-03-03T12:13:15","guid":{"rendered":"https:\/\/technopolis-group.com\/internships-2\/"},"modified":"2022-12-12T13:31:45","modified_gmt":"2022-12-12T13:31:45","slug":"praktik","status":"publish","type":"page","link":"https:\/\/technopolis-group.com\/sv\/praktik\/","title":{"rendered":"Praktik"},"content":{"rendered":"\n<h2 class=\"wp-block-heading\">Kickstarta din karri\u00e4r!<\/h2>\n\n\n\n<p>Vi letar alltid efter motiverade praktikanter som har kunskap om v\u00e5ra expertisomr\u00e5den eller har goda kvantitativa och kvalitativa metodkunskaper.&nbsp;<\/p>\n\n\n\n<p>Som praktikant p\u00e5 Technopolis Group kommer du f\u00e5 delta i projekt fr\u00e5n dag ett. Du kommer f\u00e5 l\u00e4ra dig av v\u00e5ra experter och f\u00e5 m\u00f6jlighet att utveckla dina professionella kunskaper i en milj\u00f6 med h\u00f6gt tempo.&nbsp;<\/p>\n\n\n\n<blockquote class=\"wp-block-quote is-layout-flow wp-block-quote-is-layout-flow\"><p>As an intern, I had a coach that guided and supervised me. She supported me fully during my first months, involving me in interesting projects that made my internship a meaningful learning experience. I gradually got more responsibilities and started working more autonomously. From organising workshops and conferences to carrying out interviews and supporting policy reports, every day was different!<\/p><cite>Maialen Perez, consultant at Technopolis Group Brussels<\/cite><\/blockquote>\n","protected":false},"excerpt":{"rendered":"<p>Kickstarta din karri\u00e4r! Vi letar alltid efter motiverade praktikanter som [&hellip;]<\/p>\n","protected":false},"author":1,"featured_media":0,"parent":0,"menu_order":0,"comment_status":"closed","ping_status":"closed","template":"","meta":{"_acf_changed":false,"footnotes":""},"solution":[],"sector":[],"class_list":["post-36937","page","type-page","status-publish","hentry"],"acf":[],"yoast_head":"<!-- This site is optimized with the Yoast SEO plugin v27.1.1 - https:\/\/yoast.com\/product\/yoast-seo-wordpress\/ -->\n<title>Praktik - Technopolis Group<\/title>\n<meta name=\"robots\" content=\"index, follow, max-snippet:-1, max-image-preview:large, max-video-preview:-1\" \/>\n<link rel=\"canonical\" href=\"https:\/\/technopolis-group.com\/sv\/praktik\/\" \/>\n<meta property=\"og:locale\" content=\"sv_SE\" \/>\n<meta property=\"og:type\" content=\"article\" \/>\n<meta property=\"og:title\" content=\"Praktik - Technopolis Group\" \/>\n<meta property=\"og:description\" content=\"Kickstarta din karri\u00e4r! Vi letar alltid efter motiverade praktikanter som [&hellip;]\" \/>\n<meta property=\"og:url\" content=\"https:\/\/technopolis-group.com\/sv\/praktik\/\" \/>\n<meta property=\"og:site_name\" content=\"Technopolis Group\" \/>\n<meta property=\"article:modified_time\" content=\"2022-12-12T13:31:45+00:00\" \/>\n<meta name=\"twitter:card\" content=\"summary_large_image\" \/>\n<meta name=\"twitter:label1\" content=\"Ber\u00e4knad l\u00e4stid\" \/>\n\t<meta name=\"twitter:data1\" content=\"1 minut\" \/>\n<script type=\"application\/ld+json\" class=\"yoast-schema-graph\">{\"@context\":\"https:\/\/schema.org\",\"@graph\":[{\"@type\":\"WebPage\",\"@id\":\"https:\/\/technopolis-group.com\/sv\/praktik\/\",\"url\":\"https:\/\/technopolis-group.com\/sv\/praktik\/\",\"name\":\"Praktik - Technopolis Group\",\"isPartOf\":{\"@id\":\"https:\/\/technopolis-group.com\/nl\/#website\"},\"datePublished\":\"2022-03-03T12:13:15+00:00\",\"dateModified\":\"2022-12-12T13:31:45+00:00\",\"breadcrumb\":{\"@id\":\"https:\/\/technopolis-group.com\/sv\/praktik\/#breadcrumb\"},\"inLanguage\":\"sv-SE\",\"potentialAction\":[{\"@type\":\"ReadAction\",\"target\":[\"https:\/\/technopolis-group.com\/sv\/praktik\/\"]}]},{\"@type\":\"BreadcrumbList\",\"@id\":\"https:\/\/technopolis-group.com\/sv\/praktik\/#breadcrumb\",\"itemListElement\":[{\"@type\":\"ListItem\",\"position\":1,\"name\":\"Home\",\"item\":\"https:\/\/technopolis-group.com\/sv\/\"},{\"@type\":\"ListItem\",\"position\":2,\"name\":\"Praktik\"}]},{\"@type\":\"WebSite\",\"@id\":\"https:\/\/technopolis-group.com\/nl\/#website\",\"url\":\"https:\/\/technopolis-group.com\/nl\/\",\"name\":\"Technopolis Group\",\"description\":\"Technopolis-group\",\"potentialAction\":[{\"@type\":\"SearchAction\",\"target\":{\"@type\":\"EntryPoint\",\"urlTemplate\":\"https:\/\/technopolis-group.com\/nl\/?s={search_term_string}\"},\"query-input\":{\"@type\":\"PropertyValueSpecification\",\"valueRequired\":true,\"valueName\":\"search_term_string\"}}],\"inLanguage\":\"sv-SE\"}]}<\/script>\n<!-- \/ Yoast SEO plugin. -->","yoast_head_json":{"title":"Praktik - Technopolis Group","robots":{"index":"index","follow":"follow","max-snippet":"max-snippet:-1","max-image-preview":"max-image-preview:large","max-video-preview":"max-video-preview:-1"},"canonical":"https:\/\/technopolis-group.com\/sv\/praktik\/","og_locale":"sv_SE","og_type":"article","og_title":"Praktik - Technopolis Group","og_description":"Kickstarta din karri\u00e4r! Vi letar alltid efter motiverade praktikanter som [&hellip;]","og_url":"https:\/\/technopolis-group.com\/sv\/praktik\/","og_site_name":"Technopolis Group","article_modified_time":"2022-12-12T13:31:45+00:00","twitter_card":"summary_large_image","twitter_misc":{"Ber\u00e4knad l\u00e4stid":"1 minut"},"schema":{"@context":"https:\/\/schema.org","@graph":[{"@type":"WebPage","@id":"https:\/\/technopolis-group.com\/sv\/praktik\/","url":"https:\/\/technopolis-group.com\/sv\/praktik\/","name":"Praktik - Technopolis Group","isPartOf":{"@id":"https:\/\/technopolis-group.com\/nl\/#website"},"datePublished":"2022-03-03T12:13:15+00:00","dateModified":"2022-12-12T13:31:45+00:00","breadcrumb":{"@id":"https:\/\/technopolis-group.com\/sv\/praktik\/#breadcrumb"},"inLanguage":"sv-SE","potentialAction":[{"@type":"ReadAction","target":["https:\/\/technopolis-group.com\/sv\/praktik\/"]}]},{"@type":"BreadcrumbList","@id":"https:\/\/technopolis-group.com\/sv\/praktik\/#breadcrumb","itemListElement":[{"@type":"ListItem","position":1,"name":"Home","item":"https:\/\/technopolis-group.com\/sv\/"},{"@type":"ListItem","position":2,"name":"Praktik"}]},{"@type":"WebSite","@id":"https:\/\/technopolis-group.com\/nl\/#website","url":"https:\/\/technopolis-group.com\/nl\/","name":"Technopolis Group","description":"Technopolis-group","potentialAction":[{"@type":"SearchAction","target":{"@type":"EntryPoint","urlTemplate":"https:\/\/technopolis-group.com\/nl\/?s={search_term_string}"},"query-input":{"@type":"PropertyValueSpecification","valueRequired":true,"valueName":"search_term_string"}}],"inLanguage":"sv-SE"}]}},"publishpress_future_action":{"enabled":false,"date":"2026-04-13 23:56:16","action":"change-status","newStatus":"draft","terms":[],"taxonomy":"translation_priority","extraData":[]},"publishpress_future_workflow_manual_trigger":{"enabledWorkflows":[]},"_links":{"self":[{"href":"https:\/\/technopolis-group.com\/sv\/wp-json\/wp\/v2\/pages\/36937","targetHints":{"allow":["GET"]}}],"collection":[{"href":"https:\/\/technopolis-group.com\/sv\/wp-json\/wp\/v2\/pages"}],"about":[{"href":"https:\/\/technopolis-group.com\/sv\/wp-json\/wp\/v2\/types\/page"}],"author":[{"embeddable":true,"href":"https:\/\/technopolis-group.com\/sv\/wp-json\/wp\/v2\/users\/1"}],"replies":[{"embeddable":true,"href":"https:\/\/technopolis-group.com\/sv\/wp-json\/wp\/v2\/comments?post=36937"}],"version-history":[{"count":8,"href":"https:\/\/technopolis-group.com\/sv\/wp-json\/wp\/v2\/pages\/36937\/revisions"}],"predecessor-version":[{"id":43556,"href":"https:\/\/technopolis-group.com\/sv\/wp-json\/wp\/v2\/pages\/36937\/revisions\/43556"}],"wp:attachment":[{"href":"https:\/\/technopolis-group.com\/sv\/wp-json\/wp\/v2\/media?parent=36937"}],"wp:term":[{"taxonomy":"solution","embeddable":true,"href":"https:\/\/technopolis-group.com\/sv\/wp-json\/wp\/v2\/solution?post=36937"},{"taxonomy":"sector","embeddable":true,"href":"https:\/\/technopolis-group.com\/sv\/wp-json\/wp\/v2\/sector?post=36937"}],"curies":[{"name":"wp","href":"https:\/\/api.w.org\/{rel}","templated":true}]}}